{"id":16265,"date":"2024-07-02T14:58:00","date_gmt":"2024-07-02T18:58:00","guid":{"rendered":"https:\/\/oui-iohe.org\/caei-usa-2023\/"},"modified":"2024-07-24T10:15:30","modified_gmt":"2024-07-24T14:15:30","slug":"caei-usa-2023","status":"publish","type":"page","link":"https:\/\/oui-iohe.org\/en\/caei-usa-2023\/","title":{"rendered":"CAEI UNITED STATES 2023"},"content":{"rendered":"<div class=\"wpb-content-wrapper\"><p>[vc_row][vc_column][vc_custom_heading text=&#8221;CAEI UNITED STATES &#8211; 2023&#8243; font_container=&#8221;tag:h2|text_align:left|color:%23b12028&#8243; use_theme_fonts=&#8221;yes&#8221; css=&#8221;&#8221;][\/vc_column][\/vc_row][vc_row][vc_column width=&#8221;1\/3&#8243;][vc_single_image image=&#8221;13312&#8243; img_size=&#8221;large&#8221; css=&#8221;&#8221;][\/vc_column][vc_column width=&#8221;2\/3&#8243;][vc_custom_heading text=&#8221;Introduction&#8221; font_container=&#8221;tag:h2|text_align:left|color:%23b12028&#8243; use_theme_fonts=&#8221;yes&#8221; css=&#8221;&#8221;][vc_column_text css=&#8221;&#8221;]The eighth edition of the Conference of the Americas on International Education (CAIE) took place from November 6 to 8, 2023. Its main theme was: &#8216;The future is now&#8217;.[\/vc_column_text][vc_video link=&#8221;https:\/\/www.youtube.com\/watch?v=xkntF2jSj2s&#8221; el_width=&#8221;80&#8243; css=&#8221;&#8221;][vc_column_text css=&#8221;&#8221;]<span style=\"font-weight: 400;\">The dynamic inter-American community that has built the foundations of this innovative initiative is comprised of Government leaders, university presidents and other senior administrative faculty, academics and researchers, directors of international relations and university organizations at national, regional, inter-American and international levels, totaling:<\/span><\/p>\n<ul>\n<li style=\"font-weight: 400;\" aria-level=\"1\"><span style=\"font-weight: 400;\">7281 Participants<\/span><\/li>\n<li style=\"font-weight: 400;\" aria-level=\"1\"><span style=\"font-weight: 400;\">39 Member Associations of CAIE<\/span><\/li>\n<li style=\"font-weight: 400;\" aria-level=\"1\"><span style=\"font-weight: 400;\">1.100+ Speakers<\/span><\/li>\n<li style=\"font-weight: 400;\" aria-level=\"1\"><span style=\"font-weight: 400;\">286 Academic Activities<\/span><\/li>\n<li style=\"font-weight: 400;\" aria-level=\"1\"><span style=\"font-weight: 400;\">1.700+ Institutions and organizations per edition<\/span><\/li>\n<li style=\"font-weight: 400;\" aria-level=\"1\"><span style=\"font-weight: 400;\">60 + Countries<\/span><\/li>\n<li style=\"font-weight: 400;\" aria-level=\"1\"><span style=\"font-weight: 400;\">5 Continents<\/span><\/li>\n<\/ul>\n<p>[\/vc_column_text][vc_toggle title=&#8221;Speakers&#8221; style=&#8221;round_outline&#8221; color=&#8221;green&#8221; size=&#8221;lg&#8221; css=&#8221;&#8221;]With its main theme, The Future is Now, CAIE-2023 invited higher education institutions (HEIs) and international education professionals to take a closer look at the challenges of our post-pandemic reality, the urgent need to address climate change, the social and economic problems of migratory flows taking place in our continent and other regions of the world, and see the opportunity to apply the creativity and ingenuity of our sector to promote regional, national and international research and academic collaborations, develop global talent and educate professional experts as we advance innovative solutions to the international sustainable development agenda.<\/p>\n<p><a href=\"https:\/\/caie-caei.org\/en\/speakers-2023\/\">See here the speakers of CAEI 2023<\/a>[\/vc_toggle][vc_toggle title=&#8221;Academic Program&#8221; style=&#8221;round_outline&#8221; color=&#8221;green&#8221; size=&#8221;lg&#8221; css=&#8221;&#8221;]<a href=\"https:\/\/caie-caei.org\/en\/info-call-for-proposals-2023en\/\">See here the program with the plenary sessions and expert panels.<\/a>[\/vc_toggle][vc_toggle title=&#8221;Exhibitors&#8221; style=&#8221;round_outline&#8221; color=&#8221;green&#8221; size=&#8221;lg&#8221; css=&#8221;&#8221;]In the eighth edition of CAEI, 34 educational, governmental, private and international institutions actively participated in the CAEI-2023 Expo, 26 of which were part of the event. Among them were EduCanada, Quebec, The Forum, Altissia, SofiaU, TIEC, iCENT APP, Turnitin, CSN, UNLV, Education USA and China Education Association for International (CEAIE), among many others.<\/p>\n<p>All these institutions were able to interact with 700 participants who attended the three-day event and represented 31 countries.<\/p>\n<p><a href=\"https:\/\/caie-caei.org\/en\/sponsorships-and-exhibitors\/\">Learn more about our exhibitors and sponsors here.<\/a>[\/vc_toggle][\/vc_column][\/vc_row][vc_row][vc_column][vc_empty_space][\/vc_column][\/vc_row][vc_row][vc_column][vc_custom_heading text=&#8221;Webinars 2023&#8243; use_theme_fonts=&#8221;yes&#8221; css=&#8221;&#8221;][vc_column_text css=&#8221;&#8221;]The Conference of the Americas on International Education (CAIE) offers a series of webinars in each edition and invites the entire higher education community, as well as representatives from the public, private, and civil society sectors to participate in various conversations on innovation and internationalization of higher education.[\/vc_column_text][vc_text_separator title=&#8221;CAEI\/CIGL Launch Webinar&#8221; css=&#8221;&#8221;][vc_video link=&#8221;https:\/\/www.youtube.com\/watch?v=UnfEV2elmdM&amp;t=673s&#8221; el_width=&#8221;70&#8243; align=&#8221;center&#8221; css=&#8221;&#8221;][vc_column_text css=&#8221;&#8221;]<span style=\"font-weight: 400;\">DATE: <\/span><span style=\"font-weight: 400;\">May 25, Thursday, 1pm EST (1hr)<\/span><\/p>\n<p><span style=\"font-weight: 400;\">Translation: English \/ Spanish<\/span><\/p>\n<p>&nbsp;<\/p>\n<table>\n<tbody>\n<tr>\n<td><span style=\"font-weight: 400;\">TITLE:\u00a0<\/span><\/p>\n<p><span style=\"font-weight: 400;\">Futures of Internationalization: Perspectives and Practice.<\/span><\/p>\n<p><span style=\"font-weight: 400;\">DESCRIPTION:\u00a0<\/span><\/p>\n<p><span style=\"font-weight: 400;\">With this session we open a conversation about the future of international education, new perspectives and best practices to prepare our students and future professionals for the demands of a changing world.\u00a0<\/span><\/p>\n<p><span style=\"font-weight: 400;\">Speakers: <\/span><\/p>\n<p><span style=\"font-weight: 400;\">David Julien, Executive Director, OUI-IOHE and CAEI-2023, Canada<\/span><\/p>\n<p><span style=\"font-weight: 400;\">Melissa Torres, President &amp; CEO, The Forum on Education Abroad, USA<\/span><\/p>\n<p><span style=\"font-weight: 400;\">Sheyla Salazar, Director, International Programs, Universidad de Piura and RediPer\u00fa, Peru<\/span><\/p>\n<p><span style=\"font-weight: 400;\">Rebecca L. Bellinger, Executive Director, Center for Global Business, University of Maryland, Robert H. Smith School of Business, USA<\/span><\/p>\n<p><span style=\"font-weight: 400;\">Luis Kauachi, Senior Manager, CAEI-2023<\/span><\/td>\n<\/tr>\n<tr>\n<td><span style=\"font-weight: 400;\">TITULO:<\/span><\/p>\n<p><span style=\"font-weight: 400;\">Futuros de la Internacionalizaci\u00f3n: Perspectivas y Pr\u00e1ctica.<\/span><\/p>\n<p><span style=\"font-weight: 400;\">DESCRIPCI\u00d3N:\u00a0<\/span><\/p>\n<p><span style=\"font-weight: 400;\">Con esta sesi\u00f3n abrimos una conversaci\u00f3n sobre el futuro de la educaci\u00f3n internacional, nuevas perspectivas y mejores pr\u00e1cticas para la preparaci\u00f3n de nuestros estudiantes y futuros profesionales para los retos de un mundo en transformaci\u00f3n.<\/span><\/p>\n<p><span style=\"font-weight: 400;\">Conferencistas:\u00a0<\/span><\/p>\n<p><span style=\"font-weight: 400;\">David Julien, Secretario General Ejecutivo, OUI-IOHE y CAEI-2023<\/span><\/p>\n<p><span style=\"font-weight: 400;\">Melissa Torres, Presidente y CEO, The Forum on Education Abroad<\/span><\/p>\n<p><span style=\"font-weight: 400;\">Sheyla Salazar, Directora, Programas Internacionales, Universidad de Piura y RediPer\u00fa, Per\u00fa<\/span><\/p>\n<p><span style=\"font-weight: 400;\">Rebecca L. Bellinger, Directora Ejecutiva, <\/span><i><span style=\"font-weight: 400;\">Center for Global Business, University of Maryland, Robert H. Smith School of Business<\/span><\/i><span style=\"font-weight: 400;\">, EUA<\/span><\/p>\n<p><span style=\"font-weight: 400;\">Luis Kauachi, Responsable Principal, CAEI-2023<\/span><\/td>\n<\/tr>\n<\/tbody>\n<\/table>\n<p>[\/vc_column_text][\/vc_column][\/vc_row]<\/p>\n<\/div>","protected":false},"excerpt":{"rendered":"<p>[vc_row][vc_column][vc_custom_heading text=&#8221;CAEI UNITED STATES &#8211; 2023&#8243; font_container=&#8221;tag:h2|text_align:left|color:%23b12028&#8243; use_theme_fonts=&#8221;yes&#8221; css=&#8221;&#8221;][\/vc_column][\/vc_row][vc_row][vc_column width=&#8221;1\/3&#8243;][vc_single_image image=&#8221;13312&#8243; img_size=&#8221;large&#8221; css=&#8221;&#8221;][\/vc_column][vc_column width=&#8221;2\/3&#8243;][vc_custom_heading text=&#8221;Introduction&#8221; font_container=&#8221;tag:h2|text_align:left|color:%23b12028&#8243; use_theme_fonts=&#8221;yes&#8221; css=&#8221;&#8221;][vc_column_text css=&#8221;&#8221;]The eighth [&hellip;]<\/p>\n","protected":false},"author":4,"featured_media":0,"parent":0,"menu_order":0,"comment_status":"closed","ping_status":"closed","template":"","meta":{"_acf_changed":false,"_monsterinsights_skip_tracking":false,"_monsterinsights_sitenote_active":false,"_monsterinsights_sitenote_note":"","_monsterinsights_sitenote_category":0,"footnotes":""},"class_list":["post-16265","page","type-page","status-publish","hentry"],"acf":[],"aioseo_notices":[],"_links":{"self":[{"href":"https:\/\/oui-iohe.org\/en\/wp-json\/wp\/v2\/pages\/16265","targetHints":{"allow":["GET"]}}],"collection":[{"href":"https:\/\/oui-iohe.org\/en\/wp-json\/wp\/v2\/pages"}],"about":[{"href":"https:\/\/oui-iohe.org\/en\/wp-json\/wp\/v2\/types\/page"}],"author":[{"embeddable":true,"href":"https:\/\/oui-iohe.org\/en\/wp-json\/wp\/v2\/users\/4"}],"replies":[{"embeddable":true,"href":"https:\/\/oui-iohe.org\/en\/wp-json\/wp\/v2\/comments?post=16265"}],"version-history":[{"count":9,"href":"https:\/\/oui-iohe.org\/en\/wp-json\/wp\/v2\/pages\/16265\/revisions"}],"predecessor-version":[{"id":16413,"href":"https:\/\/oui-iohe.org\/en\/wp-json\/wp\/v2\/pages\/16265\/revisions\/16413"}],"wp:attachment":[{"href":"https:\/\/oui-iohe.org\/en\/wp-json\/wp\/v2\/media?parent=16265"}],"curies":[{"name":"wp","href":"https:\/\/api.w.org\/{rel}","templated":true}]}}