{"id":20092,"date":"2026-01-28T03:36:50","date_gmt":"2026-01-28T08:36:50","guid":{"rendered":"https:\/\/oui-iohe.org\/?page_id=20092"},"modified":"2026-04-09T20:25:37","modified_gmt":"2026-04-10T00:25:37","slug":"iohe-collaborative-classroom-offer","status":"publish","type":"page","link":"https:\/\/oui-iohe.org\/en\/iohe-collaborative-classroom-offer\/","title":{"rendered":"IOHE Collaborative Classroom Offer"},"content":{"rendered":"<div class=\"wpb-content-wrapper\"><p>[vc_row][vc_column][vc_custom_heading source=&#8221;post_title&#8221; font_container=&#8221;tag:h1|text_align:left&#8221; use_theme_fonts=&#8221;yes&#8221;][\/vc_column][\/vc_row][vc_row][vc_column][vc_tta_accordion style=&#8221;flat&#8221; shape=&#8221;square&#8221; color=&#8221;iohe-orange&#8221; gap=&#8221;35&#8243; c_icon=&#8221;chevron&#8221; c_position=&#8221;right&#8221; active_section=&#8221;9999&#8243; no_fill=&#8221;true&#8221; collapsible_all=&#8221;true&#8221;][vc_tta_section title=&#8221;Discover French with the University of Ottawa&#8221; tab_id=&#8221;1734133844588-98a79b3f-f4f7&#8243;][vc_column_text css=&#8221;&#8221;]<\/p>\n<h3><\/h3>\n<h3><img loading=\"lazy\" decoding=\"async\" class=\"alignnone wp-image-20957\" src=\"https:\/\/oui-iohe.org\/wp-content\/uploads\/2026\/04\/ILOB-OLBI.png\" alt=\"\" width=\"298\" height=\"117\" \/><\/h3>\n<h3><strong>Official Languages and Bilingualism Institute, University of Ottawa<\/strong><\/h3>\n<h3>Objective:<\/h3>\n<ul>\n<li>Explore French language and culture with a free online beginner course you can complete at your own pace, wherever you are.<\/li>\n<\/ul>\n<h3>Intended for:<\/h3>\n<p><span style=\"font-weight: 400;\">Adults interested in learning French &#8211; A1 to A2 level of language proficiency\u00a0<\/span><\/p>\n<h3>Course load:<\/h3>\n<p><span style=\"font-weight: 400;\">15-20 hours<\/span><\/p>\n<h3>Format:<\/h3>\n<p>Online, free<\/p>\n<h3>Date:<\/h3>\n<p>Ongoing<\/p>\n<h3>Cost:<\/h3>\n<p>Free of charge.[\/vc_column_text][vc_btn title=&#8221;Registration link&#8221; style=&#8221;flat&#8221; shape=&#8221;square&#8221; color=&#8221;iohe-orange&#8221; size=&#8221;lg&#8221; align=&#8221;right&#8221; css=&#8221;&#8221; link=&#8221;url:https%3A%2F%2Fwww.uottawa.ca%2Fabout-us%2Fofficial-languages-bilingualism-institute%2Fcentre-language-learning%2Fdiscover-french|target:_blank&#8221;][\/vc_tta_section][\/vc_tta_accordion][\/vc_column][\/vc_row][vc_row][vc_column][vc_tta_accordion style=&#8221;flat&#8221; shape=&#8221;square&#8221; color=&#8221;iohe-orange&#8221; gap=&#8221;35&#8243; c_icon=&#8221;chevron&#8221; c_position=&#8221;right&#8221; active_section=&#8221;9999&#8243; no_fill=&#8221;true&#8221; collapsible_all=&#8221;true&#8221;][vc_tta_section title=&#8221;Portuguese Course for Foreigners&#8221; tab_id=&#8221;1734135929924-ebb37249-6f71&#8243;][vc_column_text css=&#8221;&#8221;]<\/p>\n<h3><\/h3>\n<h3><img loading=\"lazy\" decoding=\"async\" class=\"alignnone size-medium wp-image-17191\" src=\"https:\/\/oui-iohe.org\/wp-content\/uploads\/2024\/10\/LOGO_UNO_CHAPECO_HORIZONTAL_AZUL-300x117.png\" alt=\"\" width=\"300\" height=\"117\" srcset=\"https:\/\/oui-iohe.org\/wp-content\/uploads\/2024\/10\/LOGO_UNO_CHAPECO_HORIZONTAL_AZUL-300x117.png 300w, https:\/\/oui-iohe.org\/wp-content\/uploads\/2024\/10\/LOGO_UNO_CHAPECO_HORIZONTAL_AZUL.png 386w\" sizes=\"auto, (max-width: 300px) 100vw, 300px\" \/><\/h3>\n<h3>Universidade Comunit\u00e1ria da Regi\u00e3o de Chapec\u00f3 (Unochapec\u00f3)<\/h3>\n<h3>Objectives:<\/h3>\n<ul>\n<li>To present grammatical structures, vocabulary, and the most common uses of the Portuguese language for speakers of other languages.<\/li>\n<\/ul>\n<h3>Target Audience:<\/h3>\n<p>Anyone interested in learning Portuguese.<\/p>\n<h3>Course Load:<\/h3>\n<p>20 hours<\/p>\n<h3>Modality:<\/h3>\n<p>E-learning \/ asynchronous<\/p>\n<h3>Available Until:<\/h3>\n<p>December 31, 2026.<\/p>\n<h3>Investment:<\/h3>\n<p>No cost.[\/vc_column_text][vc_btn title=&#8221;More information and registration&#8221; style=&#8221;flat&#8221; shape=&#8221;square&#8221; color=&#8221;iohe-orange&#8221; size=&#8221;lg&#8221; align=&#8221;right&#8221; css=&#8221;&#8221; link=&#8221;url:https%3A%2F%2Feventos.unochapeco.edu.br%2Fportuguesparaestrangeiros-633453%2F|target:_blank&#8221;][\/vc_tta_section][\/vc_tta_accordion][\/vc_column][\/vc_row][vc_row][vc_column][vc_separator color=&#8221;iohe-orange&#8221; border_width=&#8221;6&#8243; css=&#8221;&#8221;][\/vc_column][\/vc_row][vc_row][vc_column][vc_empty_space][vc_column_text css=&#8221;&#8221;]The Inter-American Organization for Higher Education (IOHE) informs that the courses offered through our IOHE Collaborative Classroom service correspond to continuous education actions of the IOHE member institutions, which assume responsibility for all processes involved in the development of the activity. Any questions or clarifications should be directed solely and exclusively to the higher education institution offering the service. Similarly, the procedures for registrations, development, platform use, academic inquiries, and certificate issuance must be coordinated directly with the offering institution.[\/vc_column_text][\/vc_column][\/vc_row][vc_row full_width=&#8221;stretch_row&#8221; css=&#8221;.vc_custom_1724883647799{background-color: #f1f1f1 !important;}&#8221;][vc_column width=&#8221;1\/2&#8243;][vc_single_image image=&#8221;1246&#8243; img_size=&#8221;large&#8221; css=&#8221;&#8221;][\/vc_column][vc_column width=&#8221;1\/2&#8243;][vc_custom_heading text=&#8221;Questions or additional information&#8221; use_theme_fonts=&#8221;yes&#8221; css=&#8221;&#8221;][vc_column_text css=&#8221;&#8221;]<a href=\"mailto:cursos@oui-iohe.org\">cursos@oui-iohe.org<\/a><\/p>\n<p>Subject: &#8220;Information IOHE Collaborative Classroom.&#8221;[\/vc_column_text][\/vc_column][\/vc_row]<\/p>\n<\/div>","protected":false},"excerpt":{"rendered":"<p>[vc_row][vc_column][vc_custom_heading source=&#8221;post_title&#8221; font_container=&#8221;tag:h1|text_align:left&#8221; use_theme_fonts=&#8221;yes&#8221;][\/vc_column][\/vc_row][vc_row][vc_column][vc_tta_accordion style=&#8221;flat&#8221; shape=&#8221;square&#8221; color=&#8221;iohe-orange&#8221; gap=&#8221;35&#8243; c_icon=&#8221;chevron&#8221; c_position=&#8221;right&#8221; active_section=&#8221;9999&#8243; no_fill=&#8221;true&#8221; collapsible_all=&#8221;true&#8221;][vc_tta_section title=&#8221;Discover French with the University of Ottawa&#8221; [&hellip;]<\/p>\n","protected":false},"author":4,"featured_media":0,"parent":0,"menu_order":0,"comment_status":"closed","ping_status":"closed","template":"","meta":{"_acf_changed":false,"_monsterinsights_skip_tracking":false,"_monsterinsights_sitenote_active":false,"_monsterinsights_sitenote_note":"","_monsterinsights_sitenote_category":0,"footnotes":""},"class_list":["post-20092","page","type-page","status-publish","hentry"],"acf":[],"aioseo_notices":[],"_links":{"self":[{"href":"https:\/\/oui-iohe.org\/en\/wp-json\/wp\/v2\/pages\/20092","targetHints":{"allow":["GET"]}}],"collection":[{"href":"https:\/\/oui-iohe.org\/en\/wp-json\/wp\/v2\/pages"}],"about":[{"href":"https:\/\/oui-iohe.org\/en\/wp-json\/wp\/v2\/types\/page"}],"author":[{"embeddable":true,"href":"https:\/\/oui-iohe.org\/en\/wp-json\/wp\/v2\/users\/4"}],"replies":[{"embeddable":true,"href":"https:\/\/oui-iohe.org\/en\/wp-json\/wp\/v2\/comments?post=20092"}],"version-history":[{"count":6,"href":"https:\/\/oui-iohe.org\/en\/wp-json\/wp\/v2\/pages\/20092\/revisions"}],"predecessor-version":[{"id":20963,"href":"https:\/\/oui-iohe.org\/en\/wp-json\/wp\/v2\/pages\/20092\/revisions\/20963"}],"wp:attachment":[{"href":"https:\/\/oui-iohe.org\/en\/wp-json\/wp\/v2\/media?parent=20092"}],"curies":[{"name":"wp","href":"https:\/\/api.w.org\/{rel}","templated":true}]}}