{"id":3111,"date":"2019-02-19T16:40:44","date_gmt":"2019-02-19T21:40:44","guid":{"rendered":"https:\/\/oui-iohe.org\/?page_id=3111"},"modified":"2020-11-11T16:45:20","modified_gmt":"2020-11-11T21:45:20","slug":"caie-mexico-2013","status":"publish","type":"page","link":"https:\/\/oui-iohe.org\/en\/caie-mexico-2013\/","title":{"rendered":"CAIE MEXICO \u2013 2013"},"content":{"rendered":"<div class=\"wpb-content-wrapper\"><p>[vc_row][vc_column][vc_custom_heading source=&#8221;post_title&#8221; font_container=&#8221;tag:h2|text_align:left|color:%23b12028&#8243; use_theme_fonts=&#8221;yes&#8221;][\/vc_column][\/vc_row][vc_row][vc_column width=&#8221;1\/4&#8243;][vc_single_image image=&#8221;6204&#8243; img_size=&#8221;large&#8221; alignment=&#8221;center&#8221; onclick=&#8221;custom_link&#8221; img_link_target=&#8221;_blank&#8221; link=&#8221;https:\/\/caie-caei.org\/fr\/&#8221;][\/vc_column][vc_column width=&#8221;3\/4&#8243;][vc_custom_heading text=&#8221;Presentation&#8221; use_theme_fonts=&#8221;yes&#8221;][vc_column_text]The III edition of the Conference of the Americas on International Education, which took place October 16 to 18 in Monterrey Mexico, saw\u00a0<strong>824 participants in attendance from 31 countries across the five continents<\/strong>. Under the theme \u201c<em>Knowledge Mobility: Responsibility and Resources<\/em>\u201d, a dynamic, thought-provoking and academically stimulating programme was presented, resulting in over\u00a0<strong>215 international experts from higher education presenting 55 academic activities, including the plenary debate, plenary interview, workshops and concurrent sessions<\/strong>; all of which covered the latest trends and immerging key topics of interest in the internationalization of higher education. Moreover, with two thematic networking sessions and interactive exhibition booth area, attendees were able to engage in inter-institutional exchanges regarding shared HE interests.<\/p>\n<p>Over the course of three days, speakers, experts, government officials, philanthropic and public associations, conference organizers, and participants alike worked together to achieve a collective goal: use this common space to not only identify and discuss important trends in HE, but to\u00a0<strong>collaborate as members of the tertiary education community\u00a0<\/strong>to exchange experiences, learn from peers from different cultural, social, and academic contexts, and build inter-institutional partnerships from across the Americas.\u00a0An overwhelming response indicates that\u00a0<strong>CAIE Mexico 2013 brought about concrete results<\/strong>\u00a0in the form of signed memorandums of cooperation, identification of current challenges and strategies regarding the implementation of internationalization in higher education, consensuses on future pathways to explore specifically in the Americas, and pledges made towards taking action to implement these dimensions in everyday practises.<\/p>\n<p>On behalf of the 21 signatory member associations, all our participants, and the CAIE Executive Secretariat, let us express our most sincere gratitude to\u00a0<strong>Jes\u00fas Ancer Rodr\u00edguez<\/strong>, President of the l\u2019<em>Universidad Aut\u00f3noma de Nuevo Le\u00f3n<\/em>\u00a0and his entire team at the UANL for their outstanding contribution to this conference and gracious hospitality, as well as the\u00a0<em>Asociaci\u00f3n Mexicana para la Educaci\u00f3n Internacional\u00a0<\/em>(AMPEI) and our organizational committee for their support and involvement.[\/vc_column_text][\/vc_column][\/vc_row][vc_row][vc_column width=&#8221;1\/2&#8243;][vc_empty_space height=&#8221;20px&#8221;][vc_custom_heading text=&#8221;2013 Program&#8221; use_theme_fonts=&#8221;yes&#8221;][vc_column_text]The event gathered:<\/p>\n<ul>\n<li>824 participants hailing from 31 countries across 5 continents;<\/li>\n<li>Over 340 Higher Education Institutions participating in the event;<\/li>\n<li>53 international academic associations and inter-American governmental representatives;<\/li>\n<li>158 high level women leaders in academia in the Americas, coming from 77 HEIs from 20 countries, participated in the III Meeting for the Space for Women Leaders in Higher Education\u00a0<em>(EMULIES)<\/em>;<\/li>\n<li>Plenary sessions led by important political and academic authorities at the inter-American and international level;<\/li>\n<li>11 workshops offered by organizations and academic experts at the inter-American and international level;<\/li>\n<li>43 concurrent sessions given by international academic associations and higher education institutions;<\/li>\n<li>Over 215 international speakers and presenters from higher education;<\/li>\n<li>Two thematic networking sessions, organized by the\u00a0<em>Asociaci\u00f3n Mexicana para la Educaci\u00f3n Internacional\u00a0<\/em>(AMPEI);<\/li>\n<li>Exhibition area for higher education associations and institutions, government representatives, and private sector entities, in attendance as official CAIE Mexico sponsors;<\/li>\n<li>Activities and events reflective of Mexican culture and traditions.<\/li>\n<\/ul>\n<p>[\/vc_column_text][vc_empty_space height=&#8221;50px&#8221;][\/vc_column][vc_column width=&#8221;1\/2&#8243;][vc_empty_space height=&#8221;20px&#8221;][vc_single_image image=&#8221;3329&#8243; img_size=&#8221;large&#8221; alignment=&#8221;center&#8221; onclick=&#8221;img_link_large&#8221; img_link_target=&#8221;_blank&#8221; title=&#8221;R\u00e9sults 2013&#8243;][vc_empty_space height=&#8221;70px&#8221;][vc_btn title=&#8221;2013 Program&#8221; style=&#8221;flat&#8221; shape=&#8221;square&#8221; color=&#8221;iohe-orange&#8221; size=&#8221;lg&#8221; align=&#8221;center&#8221; button_block=&#8221;true&#8221; link=&#8221;url:https%3A%2F%2Foui-iohe.org%2Fwp-content%2Fuploads%2F2019%2F02%2FCAEI-2013-Programme-2013_4-idiomas.pdf||target:%20_blank|&#8221;][\/vc_column][\/vc_row][vc_row][vc_column][vc_custom_heading text=&#8221;2013 Sponsors&#8221; use_theme_fonts=&#8221;yes&#8221;][vc_column_text]The Conference of the Americas on International Education (CAIE) recognizes the generous support of the following organizations:<\/p>\n<ul>\n<li><a href=\"http:\/\/www.wes.org\/ca\/\">World Education Services<\/a><\/li>\n<li><a href=\"http:\/\/international.gc.ca\/\">Canada<\/a><\/li>\n<li><a href=\"http:\/\/www.uanl.mx\/\">Universidad Aut\u00f3noma de Nuevo Le\u00f3n<\/a><\/li>\n<li><a href=\"http:\/\/www.ampei.org.mx\/\">Asociaci\u00f3n Mexicana para la Educaci\u00f3n Internacional<\/a><\/li>\n<li><a href=\"http:\/\/colam.oui-iohe.org\/\">Colegio de las Am\u00e9ricas<\/a><\/li>\n<li><a href=\"http:\/\/www.caldo.ca\/\">CALDO<\/a><\/li>\n<li><a href=\"http:\/\/iglu.oui-iohe.org\/\">IGLU : Instituto de Gesti\u00f3n y Liderazgo Universitario<\/a><\/li>\n<li><a href=\"http:\/\/www.maplaceauquebec.ca\/\">\u00c9tudier au Qu\u00e9bec<\/a><\/li>\n<li><a href=\"http:\/\/www.pucp.edu.pe\/\">Pontificia Universidad Cat\u00f3lica del Per\u00fa<\/a><\/li>\n<li><a href=\"http:\/\/www.upch.edu.pe\/portal\/\">Universidad Peruana Cayetano Heredia<\/a><\/li>\n<li><a href=\"http:\/\/www.up.edu.pe\/default.aspx\">Universidad del Pac\u00edfico<\/a><\/li>\n<li><a href=\"http:\/\/www.britishcouncil.org\/\">British Council<\/a><\/li>\n<li><a href=\"http:\/\/www.conacyt.gob.mx\/\">CONACYT<\/a><\/li>\n<li><a href=\"http:\/\/www.ipn.mx\/\">Instituto Polit\u00e9cnico Nacional<\/a><\/li>\n<li><a href=\"http:\/\/www.nl.gob.mx\/?P=turismo\">Turismo Nuevo Le\u00f3n<\/a><\/li>\n<li><a href=\"http:\/\/thepienews.com\/\">The Pie News<\/a><\/li>\n<\/ul>\n<p>[\/vc_column_text][\/vc_column][\/vc_row][vc_row][vc_column][vc_empty_space height=&#8221;20px&#8221;][vc_custom_heading text=&#8221;2013 Expert Interviews&#8221; use_theme_fonts=&#8221;yes&#8221;][\/vc_column][\/vc_row][vc_row][vc_column width=&#8221;1\/3&#8243;][vc_text_separator title=&#8221;INTERVIEW #1 &#8221; border_width=&#8221;2&#8243;][vc_column_text]<strong>SPEAKER :\u00a0<\/strong>Jes\u00fas Ancer Rodr\u00edguez, President, Universidad Aut\u00f3noma de Nuevo Le\u00f3n, President CAIE Mexico 2013, Mexico[\/vc_column_text][vc_video link=&#8221;https:\/\/vimeo.com\/85860169&#8243; el_width=&#8221;80&#8243; align=&#8221;center&#8221;][\/vc_column][vc_column width=&#8221;1\/3&#8243;][vc_text_separator title=&#8221;INTERVIEW #2 &#8221; border_width=&#8221;2&#8243;][vc_column_text]<strong>SPEAKER :\u00a0<\/strong>Yolox\u00f3chitl Bustamante Diez,\u00a0General Director of the Instituto Polit\u00e9cnico Nacional (IPN), Mexico[\/vc_column_text][vc_video link=&#8221;https:\/\/vimeo.com\/86139082&#8243; el_width=&#8221;80&#8243; align=&#8221;center&#8221;][\/vc_column][vc_column width=&#8221;1\/3&#8243;][vc_text_separator title=&#8221;INTERVIEW #3&#8243; border_width=&#8221;2&#8243;][vc_column_text]<strong>SPEAKER :\u00a0<\/strong>Alicia Cabrero Lobato, President of AMPEI, Director of Academic Cooperation, Universidad Aut\u00f3noma de San Luis Potos\u00ed, Mexico[\/vc_column_text][vc_video link=&#8221;https:\/\/vimeo.com\/86122231&#8243; el_width=&#8221;80&#8243; align=&#8221;center&#8221;][\/vc_column][\/vc_row][vc_row][vc_column width=&#8221;1\/3&#8243;][vc_text_separator title=&#8221;INTERVIEW #4&#8243; border_width=&#8221;2&#8243;][vc_column_text]<strong>SPEAKER<\/strong> : Allan Cahoon, President and Vice Chancellor, Royal Roads University, Canada[\/vc_column_text][vc_video link=&#8221;https:\/\/vimeo.com\/86369410&#8243; el_width=&#8221;80&#8243; align=&#8221;center&#8221;][\/vc_column][vc_column width=&#8221;1\/3&#8243;][vc_text_separator title=&#8221;INTERVIEW #5&#8243; border_width=&#8221;2&#8243;][vc_column_text]<strong>SPEAKER<\/strong>\u00a0: Antonio Carvalho Suarez, Recteur, President, Universidad Tecnol\u00f3gica Privada de Santa Cruz, Bolivia[\/vc_column_text][vc_video link=&#8221;https:\/\/vimeo.com\/86710616&#8243; el_width=&#8221;80&#8243; align=&#8221;center&#8221;][\/vc_column][vc_column width=&#8221;1\/3&#8243;][vc_text_separator title=&#8221;INTERVIEW #6&#8243; border_width=&#8221;2&#8243;][vc_column_text]<strong>SPEAKER <\/strong>:\u00a0Jos\u00e9 Celso Freire, Director, FAUBAI, General Coordinator, RELARIES, Brazil[\/vc_column_text][vc_video link=&#8221;https:\/\/vimeo.com\/86359540&#8243; el_width=&#8221;80&#8243; align=&#8221;center&#8221;][\/vc_column][\/vc_row][vc_row][vc_column width=&#8221;1\/3&#8243;][vc_text_separator title=&#8221;INTERVIEW #7&#8243; border_width=&#8221;2&#8243;][vc_column_text]<strong>SPEAKER<\/strong>\u00a0: Victoria Cruz, Director of International Relations,\u00a0Universidad de la Sabana, Colombia[\/vc_column_text][vc_video link=&#8221;https:\/\/vimeo.com\/86120192&#8243; el_width=&#8221;80&#8243; align=&#8221;center&#8221;][\/vc_column][vc_column width=&#8221;1\/3&#8243;][vc_text_separator title=&#8221;INTERVIEW #8&#8243; border_width=&#8221;2&#8243;][vc_column_text]<strong>SPEAKER<\/strong>\u00a0:\u00a0Augustin Echeverria Santiago, Vice President of Academic Affairs, Universidad Interamericana de Puerto Rico, Puerto Rico[\/vc_column_text][vc_video link=&#8221;https:\/\/vimeo.com\/86362642&#8243; el_width=&#8221;80&#8243; align=&#8221;center&#8221;][\/vc_column][vc_column width=&#8221;1\/3&#8243;][vc_text_separator title=&#8221;INTERVIEW #9&#8243; border_width=&#8221;2&#8243;][vc_column_text]<strong>SPEAKER\u00a0<\/strong>:\u00a0Guiselle Maria Garbanzo Vargas, Universidad de Costa Rica, Costa Rica[\/vc_column_text][vc_video link=&#8221;https:\/\/vimeo.com\/86707189&#8243; el_width=&#8221;80&#8243; align=&#8221;center&#8221;][\/vc_column][\/vc_row][vc_row][vc_column width=&#8221;1\/3&#8243;][vc_text_separator title=&#8221;INTERVIEW #10&#8243; border_width=&#8221;2&#8243;][vc_column_text]<strong>SPEAKER<\/strong>\u00a0:\u00a0Oscar Garrido, President, Universidad\u00a0de Los Lagos, Chile[\/vc_column_text][vc_video link=&#8221;https:\/\/vimeo.com\/86707190&#8243; el_width=&#8221;80&#8243; align=&#8221;center&#8221;][\/vc_column][vc_column width=&#8221;1\/3&#8243;][vc_text_separator title=&#8221;INTERVIEW #11&#8243; border_width=&#8221;2&#8243;][vc_column_text]<strong>SPEAKER<\/strong>\u00a0: Pedro Henr\u00edquez<a href=\"https:\/\/vimeo.com\/86707190\">\u00a0<\/a>Guajardo, Director,\u00a0IESALC-UNESCO, Venezuela[\/vc_column_text][vc_video link=&#8221;https:\/\/vimeo.com\/86710618&#8243; el_width=&#8221;80&#8243; align=&#8221;center&#8221;][\/vc_column][vc_column width=&#8221;1\/3&#8243;][vc_text_separator title=&#8221;INTERVIEW #12&#8243; border_width=&#8221;2&#8243;][vc_column_text]<strong>SPEAKER\u00a0<\/strong>: Alta Hooker,\u00a0President, URACCAN and RUIICAY\u00a0Coordinador, Nicaragua[\/vc_column_text][vc_video link=&#8221;https:\/\/vimeo.com\/86710617&#8243; el_width=&#8221;80&#8243; align=&#8221;center&#8221;][\/vc_column][\/vc_row][vc_row][vc_column width=&#8221;1\/3&#8243;][vc_text_separator title=&#8221;INTERVIEW #13&#8243; border_width=&#8221;2&#8243;][vc_column_text]<strong>SPEAKER<\/strong>\u00a0: John Hudzik, Professor and Former Vice-President of Global Engagement,\u00a0Michigan State University,\u00a0United States[\/vc_column_text][vc_video link=&#8221;https:\/\/vimeo.com\/86708400&#8243; el_width=&#8221;80&#8243; align=&#8221;center&#8221;][\/vc_column][vc_column width=&#8221;1\/3&#8243;][vc_text_separator title=&#8221;INTERVIEW #14&#8243; border_width=&#8221;2&#8243;][vc_column_text]<strong>SPEAKER<\/strong>\u00a0:\u00a0Jennifer Humphries,\u00a0Vice-President, Membership,\u00a0Public Policy and Communications,\u00a0CBIE-BCEI, Canada[\/vc_column_text][vc_video link=&#8221;https:\/\/vimeo.com\/85861783&#8243; el_width=&#8221;80&#8243; align=&#8221;center&#8221;][\/vc_column][vc_column width=&#8221;1\/3&#8243;][vc_text_separator title=&#8221;INTERVIEW #15&#8243; border_width=&#8221;2&#8243;][vc_column_text]<strong>SPEAKER\u00a0<\/strong>: Natalia Jamarillo Majarres, Head of Student Affairs and Cooperation, Ministry of Education, Colombia[\/vc_column_text][vc_video link=&#8221;https:\/\/vimeo.com\/86708402&#8243; el_width=&#8221;80&#8243; align=&#8221;center&#8221;][\/vc_column][\/vc_row][vc_row][vc_column width=&#8221;1\/3&#8243;][vc_text_separator title=&#8221;INTERVIEW #16&#8243; border_width=&#8221;2&#8243;][vc_column_text]<strong>SPEAKER<\/strong>\u00a0:\u00a0Norma Ang\u00e9lica Ju\u00e1rez Salomo, Director of International Development\u00a0and Cooperation, Universidad Aut\u00f3noma\u00a0del Estado de Morelos (UAEM), Mexico[\/vc_column_text][vc_video link=&#8221;https:\/\/vimeo.com\/85852224&#8243; el_width=&#8221;80&#8243; align=&#8221;center&#8221;][\/vc_column][vc_column width=&#8221;1\/3&#8243;][vc_text_separator title=&#8221;INTERVIEW #17&#8243; border_width=&#8221;2&#8243;][vc_column_text]<strong>SPEAKER<\/strong>\u00a0:\u00a0Nicole Lacasse,\u00a0Assistant Vice President\u00a0of International Studies\u00a0and Activities,\u00a0Universit\u00e9 Laval, Canada[\/vc_column_text][vc_video link=&#8221;https:\/\/vimeo.com\/85873597&#8243; el_width=&#8221;80&#8243; align=&#8221;center&#8221;][\/vc_column][vc_column width=&#8221;1\/3&#8243;][vc_text_separator title=&#8221;INTERVIEW #18&#8243; border_width=&#8221;2&#8243;][vc_column_text]<strong>SPEAKER\u00a0<\/strong>:\u00a0Guy Lefevbre, Dean, Faculty of Law, University of Montreal, Canada[\/vc_column_text][vc_video link=&#8221;https:\/\/vimeo.com\/86706728&#8243; el_width=&#8221;80&#8243; align=&#8221;center&#8221;][\/vc_column][\/vc_row][vc_row][vc_column width=&#8221;1\/3&#8243;][vc_text_separator title=&#8221;INTERVIEW #19&#8243; border_width=&#8221;2&#8243;][vc_column_text]<strong>SPEAKER<\/strong>\u00a0:\u00a0Francisco Marmolejo,\u00a0Coordinator of Higher Education,\u00a0World Bank, USA[\/vc_column_text][vc_video link=&#8221;https:\/\/vimeo.com\/86708404&#8243; el_width=&#8221;80&#8243; align=&#8221;center&#8221;][\/vc_column][vc_column width=&#8221;1\/3&#8243;][vc_text_separator title=&#8221;INTERVIEW #20&#8243; border_width=&#8221;2&#8243;][vc_column_text]<strong>SPEAKER<\/strong>\u00a0: Mar\u00eda Teresa\u00a0Marshall, Executive Director,\u00a0Consejo de Rectores de\u00a0Universidades Chilenas, Chile[\/vc_column_text][vc_video link=&#8221;https:\/\/vimeo.com\/86346044&#8243; el_width=&#8221;80&#8243; align=&#8221;center&#8221;][\/vc_column][vc_column width=&#8221;1\/3&#8243;][vc_text_separator title=&#8221;INTERVIEW #21&#8243; border_width=&#8221;2&#8243;][vc_column_text]<strong>SPEAKER\u00a0<\/strong>:\u00a0Sonia Marta Mora, President, SINAES,\u00a0Member of INQAAHE,\u00a0EMULIES Coordinator, Costa Rica[\/vc_column_text][vc_video link=&#8221;https:\/\/vimeo.com\/86350608&#8243; el_width=&#8221;80&#8243; align=&#8221;center&#8221;][\/vc_column][\/vc_row][vc_row][vc_column width=&#8221;1\/3&#8243;][vc_text_separator title=&#8221;INTERVIEW #22&#8243; border_width=&#8221;2&#8243;][vc_column_text]<strong>SPEAKER<\/strong>\u00a0: Sidney Luiz\u00a0de Matos Mello, Vice President,\u00a0Universidade Federal\u00a0Fluminense, Brazil[\/vc_column_text][vc_video link=&#8221;https:\/\/vimeo.com\/86357605&#8243; el_width=&#8221;80&#8243; align=&#8221;center&#8221;][\/vc_column][vc_column width=&#8221;1\/3&#8243;][vc_text_separator title=&#8221;INTERVIEW #23&#8243; border_width=&#8221;2&#8243;][vc_column_text]<strong>SPEAKER<\/strong>\u00a0:\u00a0Pierre Noreau, Vice President of Programming &amp;\u00a0Development,\u00a0<em>Agence Universitaire<\/em>\u00a0de la Francophonie (AUF), Canada[\/vc_column_text][vc_video link=&#8221;https:\/\/vimeo.com\/86353872&#8243; el_width=&#8221;80&#8243; align=&#8221;center&#8221;][\/vc_column][vc_column width=&#8221;1\/3&#8243;][vc_text_separator title=&#8221;INTERVIEW #24&#8243; border_width=&#8221;2&#8243;][vc_column_text]<strong>SPEAKER\u00a0<\/strong>: Ireneo Rojas Hern\u00e1ndez, President, Universidad Intercultural\u00a0Ind\u00edgena de Michoac\u00e1n, Mexico[\/vc_column_text][vc_video link=&#8221;https:\/\/vimeo.com\/86116615&#8243; el_width=&#8221;80&#8243; align=&#8221;center&#8221;][\/vc_column][\/vc_row][vc_row][vc_column width=&#8221;1\/3&#8243;][vc_text_separator title=&#8221;INTERVIEW #25&#8243; border_width=&#8221;2&#8243;][vc_column_text]<strong>SPEAKER<\/strong>\u00a0:\u00a0Roberto Salles, President,\u00a0Universidade Federal\u00a0Fluminense, Brazil[\/vc_column_text][vc_video link=&#8221;https:\/\/vimeo.com\/86708401&#8243; el_width=&#8221;80&#8243; align=&#8221;center&#8221;][\/vc_column][vc_column width=&#8221;1\/3&#8243;][vc_text_separator title=&#8221;INTERVIEW #26&#8243; border_width=&#8221;2&#8243;][vc_column_text]<strong>SPEAKER<\/strong>\u00a0:\u00a0Jamil Salmi, Specialist in\u00a0international higher\u00a0education, Morocco[\/vc_column_text][vc_video link=&#8221;https:\/\/vimeo.com\/86707185&#8243; el_width=&#8221;80&#8243; align=&#8221;center&#8221;][\/vc_column][vc_column width=&#8221;1\/3&#8243;][vc_text_separator title=&#8221;INTERVIEW #27&#8243; border_width=&#8221;2&#8243;][vc_column_text]<strong>SPEAKER\u00a0<\/strong>:\u00a0Mar\u00eda Dolores S\u00e1nchez Soler,\u00a0Deputy Director of Postgraduate Studies and Scholarships, CONACYT, Mexico[\/vc_column_text][vc_video link=&#8221;https:\/\/vimeo.com\/86112565&#8243; el_width=&#8221;80&#8243; align=&#8221;center&#8221;][\/vc_column][\/vc_row][vc_row][vc_column width=&#8221;1\/3&#8243;][vc_text_separator title=&#8221;INTERVIEW #28&#8243; border_width=&#8221;2&#8243;][vc_column_text]<strong>SPEAKER<\/strong>\u00a0:\u00a0Donna Scarboro, Associate Provost, International Programs, George Washington University, United States[\/vc_column_text][vc_video link=&#8221;https:\/\/vimeo.com\/86710615&#8243; el_width=&#8221;80&#8243; align=&#8221;center&#8221;][\/vc_column][vc_column width=&#8221;1\/3&#8243;][vc_text_separator title=&#8221;INTERVIEW #29&#8243; border_width=&#8221;2&#8243;][vc_column_text]<strong>SPEAKER<\/strong>\u00a0: Paulo Speller, Secretary of Higher\u00a0Education, Brazil[\/vc_column_text][vc_video link=&#8221;https:\/\/vimeo.com\/86708405&#8243; el_width=&#8221;80&#8243; align=&#8221;center&#8221;][\/vc_column][vc_column width=&#8221;1\/3&#8243;][vc_text_separator title=&#8221;INTERVIEW #30&#8243; border_width=&#8221;2&#8243;][vc_column_text]<strong>SPEAKER\u00a0<\/strong>:\u00a0Julio C\u00e9sar Theiler, Secretary of International\u00a0Relations, Universidad<em>\u00a0<\/em>Nacional del Litoral,\u00a0Ex-General Coordinator,\u00a0RELARIES, Argentina[\/vc_column_text][vc_video link=&#8221;https:\/\/vimeo.com\/85867924&#8243; el_width=&#8221;80&#8243; align=&#8221;center&#8221;][\/vc_column][\/vc_row][vc_row][vc_column width=&#8221;1\/3&#8243;][vc_text_separator title=&#8221;INTERVIEW #31&#8243; border_width=&#8221;2&#8243;][vc_column_text]<strong>SPEAKER<\/strong>\u00a0:\u00a0Vianne Timmons, President,\u00a0University of Regina, Canada[\/vc_column_text][vc_video link=&#8221;https:\/\/vimeo.com\/85864844&#8243; el_width=&#8221;80&#8243; align=&#8221;center&#8221;][\/vc_column][vc_column width=&#8221;1\/3&#8243;][vc_text_separator title=&#8221;INTERVIEW #32&#8243; border_width=&#8221;2&#8243;][vc_column_text]<strong>SPEAKER<\/strong>\u00a0: Hans de Wit,\u00a0Professor of International Higher Education at the\u00a0Centre for Applied Research in Economics and Management,\u00a0Amsterdam University of Applied Sciences, Holland<\/p>\n<p>[\/vc_column_text][vc_video link=&#8221;https:\/\/vimeo.com\/85871586&#8243; el_width=&#8221;80&#8243; align=&#8221;center&#8221;][\/vc_column][vc_column width=&#8221;1\/3&#8243;][vc_text_separator title=&#8221;INTERVIEW #33&#8243; border_width=&#8221;2&#8243;][vc_column_text]<strong>SPEAKER\u00a0<\/strong>:\u00a0Adel el Zaim,\u00a0General Director of International Relations, Universit\u00e9 de Sherbrooke, Canada[\/vc_column_text][vc_video link=&#8221;https:\/\/vimeo.com\/86707186&#8243; el_width=&#8221;80&#8243; align=&#8221;center&#8221;][\/vc_column][\/vc_row]<\/p>\n<\/div>","protected":false},"excerpt":{"rendered":"<p>[vc_row][vc_column][vc_custom_heading source=&#8221;post_title&#8221; font_container=&#8221;tag:h2|text_align:left|color:%23b12028&#8243; use_theme_fonts=&#8221;yes&#8221;][\/vc_column][\/vc_row][vc_row][vc_column width=&#8221;1\/4&#8243;][vc_single_image image=&#8221;6204&#8243; img_size=&#8221;large&#8221; alignment=&#8221;center&#8221; onclick=&#8221;custom_link&#8221; img_link_target=&#8221;_blank&#8221; link=&#8221;https:\/\/caie-caei.org\/fr\/&#8221;][\/vc_column][vc_column width=&#8221;3\/4&#8243;][vc_custom_heading text=&#8221;Presentation&#8221; use_theme_fonts=&#8221;yes&#8221;][vc_column_text]The III edition of the Conference of [&hellip;]<\/p>\n","protected":false},"author":4,"featured_media":0,"parent":0,"menu_order":0,"comment_status":"closed","ping_status":"closed","template":"","meta":{"_acf_changed":false,"_monsterinsights_skip_tracking":false,"_monsterinsights_sitenote_active":false,"_monsterinsights_sitenote_note":"","_monsterinsights_sitenote_category":0,"footnotes":""},"class_list":["post-3111","page","type-page","status-publish","hentry"],"acf":[],"aioseo_notices":[],"_links":{"self":[{"href":"https:\/\/oui-iohe.org\/en\/wp-json\/wp\/v2\/pages\/3111","targetHints":{"allow":["GET"]}}],"collection":[{"href":"https:\/\/oui-iohe.org\/en\/wp-json\/wp\/v2\/pages"}],"about":[{"href":"https:\/\/oui-iohe.org\/en\/wp-json\/wp\/v2\/types\/page"}],"author":[{"embeddable":true,"href":"https:\/\/oui-iohe.org\/en\/wp-json\/wp\/v2\/users\/4"}],"replies":[{"embeddable":true,"href":"https:\/\/oui-iohe.org\/en\/wp-json\/wp\/v2\/comments?post=3111"}],"version-history":[{"count":15,"href":"https:\/\/oui-iohe.org\/en\/wp-json\/wp\/v2\/pages\/3111\/revisions"}],"predecessor-version":[{"id":6208,"href":"https:\/\/oui-iohe.org\/en\/wp-json\/wp\/v2\/pages\/3111\/revisions\/6208"}],"wp:attachment":[{"href":"https:\/\/oui-iohe.org\/en\/wp-json\/wp\/v2\/media?parent=3111"}],"curies":[{"name":"wp","href":"https:\/\/api.w.org\/{rel}","templated":true}]}}