{"id":3286,"date":"2019-02-21T15:22:13","date_gmt":"2019-02-21T20:22:13","guid":{"rendered":"https:\/\/oui-iohe.org\/?page_id=3286"},"modified":"2020-11-12T18:52:27","modified_gmt":"2020-11-12T23:52:27","slug":"caei-canada-2017","status":"publish","type":"page","link":"https:\/\/oui-iohe.org\/en\/caei-canada-2017\/","title":{"rendered":"CAIE CANADA \u2013 2017"},"content":{"rendered":"<div class=\"wpb-content-wrapper\"><p>[vc_row][vc_column][vc_custom_heading source=&#8221;post_title&#8221; font_container=&#8221;tag:h2|text_align:left|color:%23b12028&#8243; use_theme_fonts=&#8221;yes&#8221;][\/vc_column][\/vc_row][vc_row][vc_column width=&#8221;1\/4&#8243;][vc_single_image image=&#8221;6256&#8243; img_size=&#8221;large&#8221; alignment=&#8221;center&#8221; onclick=&#8221;custom_link&#8221; img_link_target=&#8221;_blank&#8221; link=&#8221;https:\/\/caie-caei.org\/fr\/&#8221;][\/vc_column][vc_column width=&#8221;3\/4&#8243;][vc_custom_heading text=&#8221;Presentation&#8221; use_theme_fonts=&#8221;yes&#8221;][vc_column_text]<\/p>\n<h4>Presidency<\/h4>\n<ul>\n<li>Canada 2017\u00a0: \u00a0 H\u00e9l\u00e8ne David, Minister of Higher Education for Quebec, Canada<\/li>\n<li>Ecuador 2015 : Ren\u00e9 Ram\u00edrez, Secretary of Higher Education, Science and Technology, Ecuador<\/li>\n<li>Mexico 2013 : Jes\u00fas Ancer, President,\u00a0<em>Universidad Aut\u00f3noma de Nuevo Le\u00f3n,<\/em>(UANL), Mexico<\/li>\n<li>Brazil 2012 : Marcial Rubio, President,\u00a0<em>Pontificia Cat\u00f3lica Universidad de Per\u00fa<\/em>, (PUCP), Peru<\/li>\n<li>Canada 2010\u00a0: Vianne Timmons, President, University of Regina, Canada<\/li>\n<\/ul>\n<p>[\/vc_column_text][vc_column_text]<\/p>\n<h4>Steering Committee<\/h4>\n<p>The Steering Committee is designated by the associated members of the CAIE and is the entity defining its strategic orientations. Its members are:<\/p>\n<ul>\n<li><a href=\"http:\/\/www.cbie-bcei.ca\/\" target=\"_blank\" rel=\"noopener noreferrer\">Canadian Bureau for International Education (CBIE &#8211; BCEI)<\/a><\/li>\n<li><a href=\"http:\/\/www.conahec.org\/conahec\/index.jsp\" target=\"_blank\" rel=\"noopener noreferrer\">Consortium for North American Higher Education Collaboration (CONAHEC)<\/a><\/li>\n<li><a href=\"http:\/\/www.oui-iohe.org\/\" target=\"_blank\" rel=\"noopener noreferrer\">Inter-American Organization for Higher Education (OUI &#8211; IOHE)<\/a><\/li>\n<li><a href=\"http:\/\/www.ampei.org.mx\/\" target=\"_blank\" rel=\"noopener noreferrer\">Asociaci\u00f3n Mexicana para la Educaci\u00f3n Internacional (AMPEI)<\/a><\/li>\n<li>Consortium of the five main universities in Montreal:\u00a0<a href=\"https:\/\/www.concordia.ca\/\" target=\"_blank\" rel=\"noopener noreferrer\">Concordia University<\/a>,\u00a0<a href=\"https:\/\/www.etsmtl.ca\/\" target=\"_blank\" rel=\"noopener noreferrer\">\u00c9cole de technologie sup\u00e9rieure<\/a>,\u00a0<a href=\"https:\/\/www.mcgill.ca\/\" target=\"_blank\" rel=\"noopener noreferrer\">McGill University<\/a>,\u00a0<a href=\"http:\/\/www.umontreal.ca\/\" target=\"_blank\" rel=\"noopener noreferrer\">Universit\u00e9 de Montr\u00e9al<\/a>,\u00a0<a href=\"http:\/\/www.uqam.ca\/\" target=\"_blank\" rel=\"noopener noreferrer\">Universit\u00e9 du Qu\u00e9bec \u00e0 Montr\u00e9al<\/a><\/li>\n<li><a href=\"http:\/\/www.yachay.gob.ec\/\" target=\"_blank\" rel=\"noopener noreferrer\">Empresa P\u00fablica YACHAY E.P<\/a><\/li>\n<li><a href=\"http:\/\/www.uanl.mx\/\" target=\"_blank\" rel=\"noopener noreferrer\">Universidad Aut\u00f3noma de Nuevo Le\u00f3n (UANL)<\/a><\/li>\n<li><a href=\"http:\/\/www.international.gc.ca\/international\/index.aspx?lang=fra\" target=\"_blank\" rel=\"noopener noreferrer\">Global Affairs Canada<\/a><\/li>\n<\/ul>\n<p>[\/vc_column_text][vc_column_text]<\/p>\n<h4>Advisory Committee<\/h4>\n<ul>\n<li><a href=\"http:\/\/adru.org\/\" target=\"_blank\" rel=\"noopener noreferrer\">Asociaci\u00f3n Dominicana de Rectores de Universidades (ADRU)<\/a><\/li>\n<li><a href=\"http:\/\/www.cin.edu.ar\/\" target=\"_blank\" rel=\"noopener noreferrer\">Consejo Interuniversitario Nacional (CIN)<\/a><\/li>\n<li><a href=\"http:\/\/www.consejoderectores.cl\/\" target=\"_blank\" rel=\"noopener noreferrer\">Consejo de Rectores de las Universidades Chilenas (CRUCH)<\/a><\/li>\n<li><a href=\"http:\/\/www.faubai.org.br\/\" target=\"_blank\" rel=\"noopener noreferrer\">Associa\u00e7\u00e3o Brasileira de Educa\u00e7\u00e3o Internacional (FAUBAI)<\/a><\/li>\n<li><a href=\"http:\/\/www.fedecegeps.qc.ca\/\" target=\"_blank\" rel=\"noopener noreferrer\">F\u00e9deration des C\u00e9geps<\/a><\/li>\n<li><a href=\"http:\/\/www.laspau.harvard.edu\/\" target=\"_blank\" rel=\"noopener noreferrer\">Academic and Professional Programs for the Americas (LASPAU)<\/a><\/li>\n<li><a href=\"http:\/\/www.uwi.edu\/es\/unica\/\" target=\"_blank\" rel=\"noopener noreferrer\">Association of Caribbean Universities and Research Institutes (UNICA)<\/a><\/li>\n<\/ul>\n<p>[\/vc_column_text][vc_column_text]<\/p>\n<h4>Academic Committee<\/h4>\n<ul>\n<li><a href=\"http:\/\/www.aieaworld.org\/\" target=\"_blank\" rel=\"noopener noreferrer\">Association of International Education Administrators (AIEA)<\/a><\/li>\n<li><a href=\"http:\/\/www.anuies.mx\/\" target=\"_blank\" rel=\"noopener noreferrer\">Asociaci\u00f3n Nacional de Universidades e Instituciones de Educaci\u00f3n Superior (ANUIES)<\/a><\/li>\n<li><a href=\"http:\/\/ascun.org.co\/\" target=\"_blank\" rel=\"noopener noreferrer\">Asociaci\u00f3n Colombiana de Universidades (ASCUN)<\/a><\/li>\n<li><a href=\"http:\/\/www.bccie.bc.ca\/\" target=\"_blank\" rel=\"noopener noreferrer\">British Columbia Council for International Education (BCCIE)<\/a><\/li>\n<li><a href=\"http:\/\/www.cladea.org\/\" target=\"_blank\" rel=\"noopener noreferrer\">Consejo Latinoamericano de Escuelas de Administraci\u00f3n (CLADEA)<\/a><\/li>\n<li><a href=\"https:\/\/www.conare.ac.cr\/\" target=\"_blank\" rel=\"noopener noreferrer\">Consejo Nacional de Rectores (CONARE)<\/a><\/li>\n<li><a href=\"http:\/\/www.iie.org\/\" target=\"_blank\" rel=\"noopener noreferrer\">Institute of International Education (IIE)<\/a><\/li>\n<\/ul>\n<p>[\/vc_column_text][vc_column_text]<\/p>\n<h4>National Committee<\/h4>\n<p>Reporting to the Steering Committee, the National Committee is comprised of representatives from institutions and organizations of the Conference host country. Its members are:<\/p>\n<ul>\n<li><a href=\"https:\/\/www.concordia.ca\/\" target=\"_blank\" rel=\"noopener noreferrer\">Concordia University<\/a><\/li>\n<li><a href=\"http:\/\/etsmtl.ca\/\" target=\"_blank\" rel=\"noopener noreferrer\">\u00c9cole de technologie sup\u00e9rieure<\/a><\/li>\n<li><a href=\"https:\/\/www.mcgill.ca\/\" target=\"_blank\" rel=\"noopener noreferrer\">McGill University<\/a><\/li>\n<li><a href=\"http:\/\/www.umontreal.ca\/\" target=\"_blank\" rel=\"noopener noreferrer\">Universit\u00e9 de Montr\u00e9al<\/a><\/li>\n<li><a href=\"http:\/\/www.uqam.ca\/\" target=\"_blank\" rel=\"noopener noreferrer\">Universit\u00e9 du Qu\u00e9bec \u00e0 Montr\u00e9al<\/a><\/li>\n<\/ul>\n<p>[\/vc_column_text][vc_column_text]<\/p>\n<h4>Executive Secretariat<\/h4>\n<p>For the 2011-2014 and 2014-2017 periods, the\u00a0 <a href=\"http:\/\/www.oui-iohe.org\/\" target=\"_blank\" rel=\"noopener noreferrer\">Inter-American Organization for Higher Education (OUI &#8211; IOHE)<\/a> acts as the CAIE Executive Secretariat.<\/p>\n<p>The Executive Secretariat, established in the\u00a0<a href=\"http:\/\/www.umontreal.ca\/\" target=\"_blank\" rel=\"noopener noreferrer\">Universit\u00e9 de Montr\u00e9al<\/a>, assumes all aspects of the organization of the CAIE, implementing decisions of the Steering Committee and working in close collaboration with the National Committee, Advisory Committee, and Academic Committee.[\/vc_column_text][\/vc_column][\/vc_row][vc_row][vc_column width=&#8221;1\/2&#8243;][vc_empty_space height=&#8221;20px&#8221;][vc_custom_heading text=&#8221;2017 Program&#8221; use_theme_fonts=&#8221;yes&#8221;][vc_column_text]<\/p>\n<h4 style=\"text-align: center;\">Preparing the Leaders and Innovators of Tomorrow: Research and Higher Education, Bridges to Prosperity across the Americas<\/h4>\n<p>The Conference of the Americas on International Education (CAIE), created in 2009, has quickly consolidated its reputation as the leading forum for the internationalization of higher education across the Americas. True to its mandate, the CAIE provides a common space for the stimulation of an open dialogue while fostering networks and strategic alliances at the bilateral, regional and multilateral level.<br \/>\nDuring its past four editions (Canada 2010, Brazil 2012, Mexico 2013 and Ecuador 2015), the CAIE initiative has brought about outstanding results ratifying its relevance as a valuable tool for the advancement of sustainable collaboration across the continent. The development of the fifth edition, to be held in Montreal in 2017, will once again offer a participative and inclusive academic space in which to discuss the challenges of our times and project the roadmaps to the future. In preparation for the challenge ahead, the Results of CAIE 2010 \u2013 2015 and future orientations, it was concluded that the main conference theme for CAIE 2017 should focus on the following elements:<\/p>\n<ul>\n<li>Comprehensive Internationalization<\/li>\n<li>Internationalization of higher education: Linkages and research<\/li>\n<li>The internationalization of research<\/li>\n<li>Research, innovation and doctoral training in the process of internationalization<\/li>\n<li>University management and internationalization<\/li>\n<li>Government, Academia and Private Sector: allies for the internationalization of higher education<\/li>\n<li>Governments and their national agendas for the internationalization of higher education<\/li>\n<li>Common agendas for the internationalization of the curriculum.<\/li>\n<\/ul>\n<p>[\/vc_column_text][vc_empty_space height=&#8221;50px&#8221;][vc_btn title=&#8221;2017 Program&#8221; style=&#8221;flat&#8221; shape=&#8221;square&#8221; color=&#8221;iohe-orange&#8221; size=&#8221;lg&#8221; align=&#8221;center&#8221; button_block=&#8221;true&#8221; link=&#8221;url:https%3A%2F%2Foui-iohe.org%2Fwp-content%2Fuploads%2F2019%2F02%2FCAEI-2017-Programme-2017_4-idiomas.pdf||target:%20_blank|&#8221;][\/vc_column][vc_column width=&#8221;1\/2&#8243;][vc_empty_space height=&#8221;20px&#8221;][vc_custom_heading text=&#8221;2017 Sponsors&#8221; use_theme_fonts=&#8221;yes&#8221;][vc_column_text]<\/p>\n<h4 style=\"text-align: center;\">List of sponsors that supported the CAIE Canada-2017:<\/h4>\n<ul>\n<li><a href=\"https:\/\/altissia.org\/fr\/\" target=\"_blank\" rel=\"noopener noreferrer\">ALTISSIA<\/a><\/li>\n<li><a href=\"http:\/\/www.uquebec.ca\/reseau\/fr\" target=\"_blank\" rel=\"noopener noreferrer\">Universit\u00e9 du Qu\u00e9bec<\/a><\/li>\n<li><a href=\"https:\/\/www.mtl.org\/fr\" target=\"_blank\" rel=\"noopener noreferrer\">Tourisme Montr\u00e9al<\/a><\/li>\n<li><a href=\"https:\/\/ilumno.com\/en\" target=\"_blank\" rel=\"noopener noreferrer\">ILUMNO<\/a><\/li>\n<li><a href=\"http:\/\/www.scientifique-en-chef.gouv.qc.ca\/le-scientifique-en-chef\/les-fonds-de-recherche-du-quebec\/\" target=\"_blank\" rel=\"noopener noreferrer\">Fonds de recherche du Qu\u00e9bec<\/a><\/li>\n<li><a href=\"https:\/\/www.guard.me\/\" target=\"_blank\" rel=\"noopener noreferrer\">Guard.me<\/a><\/li>\n<li><a href=\"http:\/\/www.bci-qc.ca\/\" target=\"_blank\" rel=\"noopener noreferrer\">Bureau de cooperation interuniversitaire<\/a> (BCI)<\/li>\n<li><a href=\"https:\/\/www.corim.qc.ca\/fr\/\" target=\"_blank\" rel=\"noopener noreferrer\">Conseil des relations internationales de Montr\u00e9al<\/a> (CORIM)<\/li>\n<li><a href=\"https:\/\/ca.usembassy.gov\/fr\/embassy-consulates-fr\/montreal\/\" target=\"_blank\" rel=\"noopener noreferrer\">Consulat g\u00e9n\u00e9ral des \u00c9tats-Unis \u00e0 Montr\u00e9al<\/a><\/li>\n<li><a href=\"https:\/\/www.heacademy.ac.uk\/\" target=\"_blank\" rel=\"noopener noreferrer\">Higher Education Academy<\/a> (HEA)<\/li>\n<li><a href=\"https:\/\/www.mitacs.ca\/fr\" target=\"_blank\" rel=\"noopener noreferrer\">MITACS<\/a><\/li>\n<li><a href=\"http:\/\/www.iu.qs.com\/\" target=\"_blank\" rel=\"noopener noreferrer\">QS Intelligence Unit<\/a><\/li>\n<li><a href=\"http:\/\/www.montrealinternational.com\/\" target=\"_blank\" rel=\"noopener noreferrer\">Montreal International<\/a><\/li>\n<li><a href=\"https:\/\/www.ucsg.edu.ec\/\" target=\"_blank\" rel=\"noopener noreferrer\">Universidad Cat\u00f3lica de Santiago de Guayaquil<\/a> (UCSG)<\/li>\n<li><a href=\"http:\/\/www.nserc-crsng.gc.ca\/\" target=\"_blank\" rel=\"noopener noreferrer\">Natural Sciences and Engineering Research Council of Canada<\/a> (CRSNG \/ NSERC)<\/li>\n<li><a href=\"https:\/\/www.wes.org\/\" target=\"_blank\" rel=\"noopener noreferrer\">World Education Services<\/a> (WES)<\/li>\n<li><a href=\"https:\/\/www.chronicle.com\/\" target=\"_blank\" rel=\"noopener noreferrer\">The Chronicle of Higher Education<\/a><\/li>\n<li><a href=\"https:\/\/educanada.edufindme.com\/\" target=\"_blank\" rel=\"noopener noreferrer\">EDUCANADA<\/a><\/li>\n<li><a href=\"https:\/\/www.quebec.ca\/\" target=\"_blank\" rel=\"noopener noreferrer\">Province de Qu\u00e9bec<\/a><\/li>\n<li><a href=\"https:\/\/uqam.ca\/\" target=\"_blank\" rel=\"noopener noreferrer\">Universit\u00e9 du Qu\u00e9bec \u00e0 Montr\u00e9al<\/a> (UQ\u00c0M)<\/li>\n<li><a href=\"https:\/\/www.concordia.ca\/\" target=\"_blank\" rel=\"noopener noreferrer\">Concordia University<\/a><\/li>\n<li><a href=\"https:\/\/www.etsmtl.ca\/\" target=\"_blank\" rel=\"noopener noreferrer\">\u00c9cole des Technologies Sup\u00e9rieures<\/a> (\u00c9TS)<\/li>\n<li><a href=\"https:\/\/www.tec.ac.cr\/\" target=\"_blank\" rel=\"noopener noreferrer\">Instituto Tecnol\u00f3gico de Costa Rica<\/a>\u00a0(TEC)<\/li>\n<li><a href=\"https:\/\/smith.queensu.ca\/index.php\" target=\"_blank\" rel=\"noopener noreferrer\">SMITH School of Business<\/a><\/li>\n<li><a href=\"http:\/\/www.ibero.mx\/\" target=\"_blank\" rel=\"noopener noreferrer\">Universidad Iberoamericana<\/a>\u00a0(IBERO)<\/li>\n<li><a href=\"https:\/\/www.anahuac.mx\/mexico\/\" target=\"_blank\" rel=\"noopener noreferrer\">Universidad Anahuac Mexico<\/a><\/li>\n<li><a href=\"http:\/\/www.udg.mx\/\" target=\"_blank\" rel=\"noopener noreferrer\">Universidad de Guadalajara<\/a><\/li>\n<li><a href=\"https:\/\/www.bc.edu\/\" target=\"_blank\" rel=\"noopener noreferrer\">Boston College<\/a><\/li>\n<li><a href=\"https:\/\/www.ucol.mx\/\" target=\"_blank\" rel=\"noopener noreferrer\">Universidad de Colima<\/a><\/li>\n<li><a href=\"https:\/\/www.u-planner.com\/\" target=\"_blank\" rel=\"noopener noreferrer\">U-PLANNER<\/a><\/li>\n<li><a href=\"https:\/\/www.laspau.harvard.edu\/\" target=\"_blank\" rel=\"noopener noreferrer\">LASPAU<\/a><\/li>\n<li><a href=\"https:\/\/www.buap.mx\/\" target=\"_blank\" rel=\"noopener noreferrer\">Benem\u00e9rita Universidad Aut\u00f3noma de Puebla<\/a> (BUAP)<\/li>\n<li><a href=\"https:\/\/www.cin.edu.ar\/\" target=\"_blank\" rel=\"noopener noreferrer\">Consejo Interuniversitario Nacional<\/a> (CIN)<\/li>\n<li><a href=\"https:\/\/www.usask.ca\/\" target=\"_blank\" rel=\"noopener noreferrer\">University of Saskatchewan<\/a><\/li>\n<li><a href=\"http:\/\/new.acafe.org.br\/\" target=\"_blank\" rel=\"noopener noreferrer\">Associa\u00e7\u00e3o Catarinense das Funda\u00e7\u00f5es Educacionais<\/a> (ACAFE)<\/li>\n<li><a href=\"https:\/\/www.uv.mx\/\" target=\"_blank\" rel=\"noopener noreferrer\">Universidad Veracruzana<\/a><\/li>\n<\/ul>\n<p>[\/vc_column_text][\/vc_column][\/vc_row][vc_row][vc_column][vc_empty_space height=&#8221;20px&#8221;][vc_custom_heading text=&#8221;2017 Webinars&#8221; use_theme_fonts=&#8221;yes&#8221;][\/vc_column][\/vc_row][vc_row][vc_column width=&#8221;1\/3&#8243;][vc_text_separator title=&#8221;WEBINAR #1 &#8221; border_width=&#8221;2&#8243;][vc_column_text]<strong>TITLE<\/strong>\u00a0: Opening Webinar : CAIE Canada-2017: Preparing the Leaders and Innovators of Tomorrow<\/p>\n<p><strong>SPEAKERS :\u00a0<\/strong><\/p>\n<p><strong>David Julien,<\/strong>\u00a0Executive Director, IOHE and CAIE, Canada<br \/>\n<strong>Francis\u00a0 Brown,\u00a0<\/strong>Executive Coordinator, National Committee,<br \/>\nCAIE Canada-2017<br \/>\n<strong>Luis Kauachi,\u00a0<\/strong>Academic Coordinator, CAIE Canada-2017[\/vc_column_text][vc_video link=&#8221;https:\/\/www.youtube.com\/watch?v=5Plu9JZyTM0&#8243; el_width=&#8221;80&#8243; align=&#8221;center&#8221;][\/vc_column][vc_column width=&#8221;1\/3&#8243;][vc_text_separator title=&#8221;WEBINAR #2 &#8221; border_width=&#8221;2&#8243;][vc_column_text]<strong>TITLE<\/strong> : University Innovation and Enrepreneurship: Vectors of Socio-economic Development<\/p>\n<p><strong>SPEAKERS :\u00a0<\/strong><\/p>\n<p><strong>Pierre Dumouchel<\/strong> (moderator),\u00a0Executive Director,\u00a0\u00c9cole de technologie\u00a0sup\u00e9rieure\u00a0(\u00c9TS), Canada<br \/>\n<strong>Mohamed Cheriet,\u00a0<\/strong>Professor,\u00a0Department of Automated Manufacturing Engineering,\u00a0\u00c9TS, Canada<br \/>\n<strong>Richard Ch\u00e9nier,\u00a0<\/strong>General Director,\u00a0Centre d\u2019entrepreneurship technologique\u00a0(CENTECH), \u00c9TS, Canada<br \/>\n<strong>Damien Sil\u00e8s,\u00a0<\/strong>Executive Director,\u00a0Quartier de l\u2019innovation,\u00a0Canada[\/vc_column_text][\/vc_column][vc_column width=&#8221;1\/3&#8243;][vc_text_separator title=&#8221;WEBINAR #3&#8243; border_width=&#8221;2&#8243;][vc_column_text]<strong>TITLE<\/strong> : The Invisible Houses: Pedagogy and Research on the Vulnerability, Resilience and Sustainability of Latin-American and Caribbean Cities<\/p>\n<p><strong>SPEAKER :\u00a0Gonzalo Lizarralde<\/strong>, Director,\u00a0IF-grif Research Group,<br \/>\nUniversit\u00e9 de Montr\u00e9al (UDEM),\u00a0Canada[\/vc_column_text][vc_empty_space height=&#8221;140px&#8221;][vc_video link=&#8221;https:\/\/www.youtube.com\/watch?v=ubBaemr0amc&amp;feature=youtu.be&#8221; el_width=&#8221;80&#8243; align=&#8221;center&#8221;][\/vc_column][\/vc_row][vc_row][vc_column width=&#8221;1\/4&#8243;][vc_text_separator title=&#8221;WEBINAR #4&#8243; border_width=&#8221;2&#8243;][vc_column_text]<strong>TITLE<\/strong> : EIESTEC: Higher Education Institutions (HEIs), Lifelong Learning and Employability<\/p>\n<p><strong>SPEAKER :\u00a0<\/strong><strong>Jos\u00e9 Carlos Quadrado,\u00a0<\/strong>President,\u00a0Latin American and Caribbean Consortium of Engineering Institutions(LACCEI); Professor,\u00a0Instituto Superior de Engenharia de Lisboa, Portugal[\/vc_column_text][vc_video link=&#8221;https:\/\/www.youtube.com\/watch?v=gWlu51wgD5o&amp;feature=youtu.be&#8221; el_width=&#8221;80&#8243; align=&#8221;center&#8221;][\/vc_column][vc_column width=&#8221;1\/4&#8243;][vc_text_separator title=&#8221;WEBINAR #5&#8243; border_width=&#8221;2&#8243;][vc_column_text]<strong>TITLE<\/strong> :\u00a0EMULIES: Expansion of Access and Stratification in Brazilian Higher Education<\/p>\n<p><strong>SPEAKER : Helena Sampaio<\/strong>, Professor,\u00a0Laborat\u00f3rio de Estudos de Educa\u00e7\u00e3o Superior, Universidade Estadual de Campinas,\u00a0Brazil[\/vc_column_text][vc_empty_space height=&#8221;85px&#8221;][vc_video link=&#8221;https:\/\/www.youtube.com\/watch?v=7a_CImsVfSM&amp;feature=youtu.be&#8221; el_width=&#8221;80&#8243; align=&#8221;center&#8221;][\/vc_column][vc_column width=&#8221;1\/4&#8243;][vc_text_separator title=&#8221;WEBINAR #6&#8243; border_width=&#8221;2&#8243;][vc_column_text]<strong>TITLE<\/strong> : Innovative Educational Models and the Development of Life-long Competencies<\/p>\n<p><strong>SPEAKER :<\/strong> <strong>Noor El Bawab,<\/strong> General Manager,\u00a0District 3,<br \/>\nConcordia University,\u00a0Canada[\/vc_column_text][vc_empty_space height=&#8221;145px&#8221;][vc_video link=&#8221;https:\/\/www.youtube.com\/watch?v=qc0fyZuUXio&amp;feature=youtu.be&#8221; el_width=&#8221;80&#8243; align=&#8221;center&#8221;][\/vc_column][vc_column width=&#8221;1\/4&#8243;][vc_text_separator title=&#8221;WEBINAR #7&#8243; border_width=&#8221;2&#8243;][vc_column_text]<strong>TITLE<\/strong> : Indicators for Internationalization<\/p>\n<p><strong>SPEAKER :\u00a0Jocelyne Gacel-\u00c1vila<\/strong>, General Coordinator, Regional Observatory\u00a0on Internationalization and Networks in Tertiary Education (OBIRET),\u00a0Universidad de Guadalajara, Mexico[\/vc_column_text][vc_empty_space height=&#8221;60px&#8221;][vc_video link=&#8221;https:\/\/www.youtube.com\/watch?v=Kx6f08dRVak&amp;feature=youtu.be &#8221; el_width=&#8221;80&#8243; align=&#8221;center&#8221;][\/vc_column][\/vc_row]<\/p>\n<\/div>","protected":false},"excerpt":{"rendered":"<p>[vc_row][vc_column][vc_custom_heading source=&#8221;post_title&#8221; font_container=&#8221;tag:h2|text_align:left|color:%23b12028&#8243; use_theme_fonts=&#8221;yes&#8221;][\/vc_column][\/vc_row][vc_row][vc_column width=&#8221;1\/4&#8243;][vc_single_image image=&#8221;6256&#8243; img_size=&#8221;large&#8221; alignment=&#8221;center&#8221; onclick=&#8221;custom_link&#8221; img_link_target=&#8221;_blank&#8221; link=&#8221;https:\/\/caie-caei.org\/fr\/&#8221;][\/vc_column][vc_column width=&#8221;3\/4&#8243;][vc_custom_heading text=&#8221;Presentation&#8221; use_theme_fonts=&#8221;yes&#8221;][vc_column_text] Presidency Canada 2017\u00a0: \u00a0 H\u00e9l\u00e8ne David, [&hellip;]<\/p>\n","protected":false},"author":4,"featured_media":0,"parent":0,"menu_order":0,"comment_status":"closed","ping_status":"closed","template":"","meta":{"_acf_changed":false,"_monsterinsights_skip_tracking":false,"_monsterinsights_sitenote_active":false,"_monsterinsights_sitenote_note":"","_monsterinsights_sitenote_category":0,"footnotes":""},"class_list":["post-3286","page","type-page","status-publish","hentry"],"acf":[],"aioseo_notices":[],"_links":{"self":[{"href":"https:\/\/oui-iohe.org\/en\/wp-json\/wp\/v2\/pages\/3286","targetHints":{"allow":["GET"]}}],"collection":[{"href":"https:\/\/oui-iohe.org\/en\/wp-json\/wp\/v2\/pages"}],"about":[{"href":"https:\/\/oui-iohe.org\/en\/wp-json\/wp\/v2\/types\/page"}],"author":[{"embeddable":true,"href":"https:\/\/oui-iohe.org\/en\/wp-json\/wp\/v2\/users\/4"}],"replies":[{"embeddable":true,"href":"https:\/\/oui-iohe.org\/en\/wp-json\/wp\/v2\/comments?post=3286"}],"version-history":[{"count":12,"href":"https:\/\/oui-iohe.org\/en\/wp-json\/wp\/v2\/pages\/3286\/revisions"}],"predecessor-version":[{"id":6260,"href":"https:\/\/oui-iohe.org\/en\/wp-json\/wp\/v2\/pages\/3286\/revisions\/6260"}],"wp:attachment":[{"href":"https:\/\/oui-iohe.org\/en\/wp-json\/wp\/v2\/media?parent=3286"}],"curies":[{"name":"wp","href":"https:\/\/api.w.org\/{rel}","templated":true}]}}