{"id":7124,"date":"2020-12-21T22:43:03","date_gmt":"2020-12-22T03:43:03","guid":{"rendered":"https:\/\/oui-iohe.org\/7a-edicion-caei2021\/"},"modified":"2023-01-28T22:04:46","modified_gmt":"2023-01-29T03:04:46","slug":"caei-chile-2021","status":"publish","type":"page","link":"https:\/\/oui-iohe.org\/en\/caei-chile-2021\/","title":{"rendered":"CAIE CHILE- 2021"},"content":{"rendered":"<div class=\"wpb-content-wrapper\"><p>[vc_row][vc_column][vc_custom_heading text=&#8221;CAIE CHILE- 2021&#8243; font_container=&#8221;tag:h2|text_align:left|color:%23b12028&#8243; use_theme_fonts=&#8221;yes&#8221;][\/vc_column][\/vc_row][vc_row][vc_column width=&#8221;1\/3&#8243;][vc_single_image image=&#8221;13401&#8243; img_size=&#8221;large&#8221;][\/vc_column][vc_column width=&#8221;2\/3&#8243;][vc_custom_heading text=&#8221;Introduction&#8221; font_container=&#8221;tag:h2|text_align:left|color:%23b12028&#8243; use_theme_fonts=&#8221;yes&#8221;][vc_column_text]The seventh edition of the Conference of the Americas on International Education (CAIE) took place from October 19-22, 2021 in virtual mode. Its main theme was &#8216;Charting the Future: Strengthening the Global Knowledge Community&#8217;.[\/vc_column_text][vc_video link=&#8221;https:\/\/youtu.be\/MZn6Oreo0nU&#8221; el_width=&#8221;80&#8243;][vc_column_text]During this edition, more than 80 sessions and activities were held with Chilean associations, international delegations, and corporate partners, enriching the experience of the 1,120 participants who, through our virtual platform, were able to make contact with different organizations and international education professionals from all over the world.[\/vc_column_text][vc_column_text]<\/p>\n<h4><strong>Speakers<\/strong><\/h4>\n<p>Speakers like Jeffrey Sachs &#8211; Director of the Center for Sustainable Development and Promoter of the SDGs for the United Nations, Juan Eduardo Vargas \u2013 Deputy Secretary for Higher Education of Chile, Federico Zaragoza \u2013President, College of southern Nevada (CSN) &amp; Vicepresident, USA Region OUI-IOHE, among others, enriched the academic program and made the agenda of CAEI Chile-2021 an opportunity for discussion and exchange of knowledge in the company of the 215 speakers who attended this edition.<\/p>\n<p><a href=\"https:\/\/caie-caei.org\/en\/speakers-2021\/\">Meet here to see the speakers of CAEI 2021<\/a>[\/vc_column_text][vc_column_text]<\/p>\n<h4><strong>Academic Program<\/strong><\/h4>\n<p>[\/vc_column_text][vc_toggle title=&#8221;Plenary Sessions&#8221; style=&#8221;round_outline&#8221; color=&#8221;green&#8221; size=&#8221;lg&#8221;]<strong>Inauguration and Keynote Address \u2013 October 19<\/strong><\/p>\n<p>A unique opportunity to listen to and exchange with one of the global references on sustainable development and raise awareness on the importance and urgency of building a global community of knowledge to accelerate institutional collaborations and advance solutions to our shared challenges while securing inclusion and equitable participation, promoting development and guaranteeing long-term sustainability.<\/p>\n<p><a href=\"https:\/\/youtu.be\/J6PxJPMyKEw\">Click here<\/a>\u00a0to listen to Prof. Sachs&#8217; Inaugural Address.<\/p>\n<p><strong>Speaker<\/strong><\/p>\n<p><strong>Jeffrey Sachs<\/strong> &#8211; Director of the Center for Sustainable Development and United Nations SDG Advocate. Columbia University, United States.<\/p>\n<p>&nbsp;<\/p>\n<p><strong>Plenary Session \u2013 October 20<\/strong><\/p>\n<p><strong>Charting the Future of Higher Education: Perspectives from International &amp; Multilateral Organizations<\/strong><\/p>\n<p>This plenary session brings a panel of leaders from world-class research institutions, from 3 different countries in the Americas, to share their perspective on the most important challenges facing higher education today and their vision on how their institutions build upon their research and academic activities to motivate transnational collaborations and partnerships to address the most pressing challenges of our time.<\/p>\n<p><strong>Speakers<\/strong><\/p>\n<p><strong>Juan Eduardo Vargas<\/strong>, Deputy Secretary for Higher Education, Min. of Education. Deputy Secretary for Higher Education, Min. of Education.<\/p>\n<p><strong>Francesc Pedr\u00f3<\/strong>, Director, Instituto Internacional de la UNESCO para la Educaci\u00f3n Superior en Am\u00e9rica Latina y el Caribe (UNESCO IESALC), Venezuela<\/p>\n<p><strong>Anne Posthuma<\/strong>, Director, Inter-American Centre for Knowledge Development in Vocational Training (ILO\/Cinterfor), Uruguay<\/p>\n<p><strong>Jes\u00fas Giacoman<\/strong>, Director, Departamento de Desarrollo Humano, Educaci\u00f3n y Empleo, Estados Unidos.<\/p>\n<p>&nbsp;<\/p>\n<p><strong>Plenary Session &#8211;\u00a0 October 21<\/strong><\/p>\n<p><strong>Engaging Higher Education to Address our Global Challenges<\/strong><\/p>\n<p>This plenary session brings a panel of leaders from world-class research institutions, from 3 different countries in the Americas, to share their perspective on the most important challenges facing higher education today and their vision on how their institutions build upon their research and academic activities to motivate transnational collaborations and partnerships to address the most pressing challenges of our time.<\/p>\n<p><strong>Speakers<\/strong><\/p>\n<p><strong>Sophie D&#8217;Amours<\/strong>, Rectrice, Universit\u00e9 Laval, Canada.<\/p>\n<p><strong>Denise Pires de Carvalho<\/strong>, Reitora, Universidade Federal do Rio de Janeiro (UFRJ) &amp; Talloires Network representative for Latin America, Brasil.<\/p>\n<p><strong>Ennio Vivaldi<\/strong>, Rector, Universidad de Chile, Chile.<\/p>\n<p><strong>David Julien<\/strong>, Executive Director, Conference of the Americas on International Education (CAEI) &amp; Inter-American Organization for Higher Education (OUI-IOHE), Canada.<\/p>\n<p>&nbsp;<\/p>\n<p><strong>Plenary Session \u2013 October 22<\/strong><\/p>\n<p>Chart the Future: International Education for the Americas<\/p>\n<p>This Plenary Session gathers a group of renowned academics and higher-education specialists from diverse cultural and geographic backgrounds to share their perspective on the most important challenges facing higher education and international education in the Americas and their vision on the ways in which our institutions can make transcendent contributions for the betterment of society.<\/p>\n<p><strong>Speakers<\/strong><\/p>\n<p><strong>Hans de Wit,<\/strong> Distinguished Fellow and Former Director, Center for International Higher Education, Boston College, Netherlands.<\/p>\n<p><strong>Andr\u00e9s Bernasconi<\/strong>, Director, Centro de Estudios Avanzados sobre Justicia Educacional (CJE), Pontificia Universidad Cat\u00f3lica de Chile (PUC), Chile.<\/p>\n<p><strong>Fanta Aw<\/strong>, Vice President of Campus Life &amp; Inclusive Excellence, American University, Estados Unidos.<\/p>\n<p><strong>Oscar Garrido<\/strong>, Rector, Universidad de Los Lagos y President OUI-IOHE, Chile.[\/vc_toggle][vc_toggle title=&#8221;Expert Panel&#8221; style=&#8221;round_outline&#8221; color=&#8221;green&#8221; size=&#8221;lg&#8221;]<strong>October 19<\/strong><\/p>\n<p><strong><em>Education for Sustainable Development: Engaging Higher Education<\/em><\/strong><\/p>\n<p>Our global community faces urgent challenges that condition and may compromise our future. Solutions have been identified but their successful implementation undoubtedly relies on the active involvement of higher education institutions. Building a global community of knowledge would provide us with a platform from which to facilitate exchanges and articulate shared solutions to our greatest challenges. In this session we will learn how highly engaged institutions have adopted the United Nations\u2019 2030 Agenda for Sustainable Development and are working within their communities to promote development and guarantee long-term sustainability.<\/p>\n<p><strong>Speakers<\/strong><\/p>\n<p><strong>Josep Vilalta,<\/strong> Director, Global University Network for Innovation (GUNI) &amp; Executive Secretary, Catalan Association of Public Universities (ACUP), Espa\u00f1a.<\/p>\n<p><strong>Brigitte Baptiste<\/strong>, Rector, Universidad EAN, Colombia.<\/p>\n<p><strong>Eduardo Hebel<\/strong>, Weiss, rector, Universidad de La Frontera, Chile.<\/p>\n<p>&nbsp;<\/p>\n<p><strong>October 20<\/strong><\/p>\n<p><strong>Diversity. Inclusion. Equity. A new compact for higher education.<\/strong><\/p>\n<p>During this Panel, leaders from different regions of the continent will address the urgency and importance of transforming social structures and educational systems that affect vulnerable and disadvantaged populations to secure an inclusive and equitable access to higher education. Members of this panel will draw from their own institutional programs and initiatives to provide evidence of the ways in which higher-education institutions, governments and society at large can articulate inclusive and participatory solutions to our most pressing social challenges.<\/p>\n<p><strong>Speakers<\/strong><\/p>\n<p><strong>Daniel Quilaqueo<\/strong>, Director, Centro de Investigaci\u00f3n en Educaci\u00f3n en Contexto Ind\u00edgena e Intercultural, Universidad Cat\u00f3lica de Temuco, Chile.<\/p>\n<p><strong>Wayne Frederick<\/strong>, President, Howard University, Estados Unidos.<\/p>\n<p><strong>Cecilia Paredes<\/strong>, Rectora, Escuela Superior Polit\u00e9cnica del Litoral (ESPOL), Ecuador.<\/p>\n<p><strong>Myrna Cunningham<\/strong>, Presidente del Consejo Ejecutivo, Fondo para el Desarrollo de los Pueblos Ind\u00edgenas de Latinoam\u00e9rica y el Caribe (FILAC), Nicaragua.<\/p>\n<p>&nbsp;<\/p>\n<p><strong><em>Technical, Professional and Vocational Training: Skills for the Future<\/em><\/strong><\/p>\n<p>During this Panel representatives from different regions of the continent, leaders in the technical and professional training sectors, will shed light on the ways that their organizations and the institutions they represent are responding to the changing demands of the workplace and adapting to offer pertinent training and educational experiences. Special attention will be given to those collaborative initiatives resulting in meaningful, broad-based partnerships.<\/p>\n<p><strong>Speakers<\/strong><\/p>\n<p><strong>Juan Pablo Guzm\u00e1n<\/strong>, Rector, Instituto Profesional y Centro de Formaci\u00f3n T\u00e9cnica (IPCFT) Santo Tom\u00e1s y Presidente, Vertebral, Chile<\/p>\n<p><strong>Denise Amyot<\/strong>, President &amp; CEO, Colleges and Institutes Canada (CICan), Canada.<\/p>\n<p><strong>Federico Zaragoza<\/strong>, President, College of Southern Nevada (CSN) &amp; Vicepresident, USA Region OUI-IOHE, Estados Unidos.<\/p>\n<p><strong>Jefferson Manh\u00e3es de Azevedo<\/strong>, President, Instituto Federal Fluminense (IFF) &amp; Vice- President of Institutional Relations, National Council for the Federal Network of Vocational, Scientific and Technological Education, Brasil.<\/p>\n<p>&nbsp;<\/p>\n<p><strong>October 21<\/strong><\/p>\n<p><strong>The evolving landscape of international education: A global conversation.<\/strong><\/p>\n<p>During this round table, representatives from international education associations from different corners of the world, will update participants on how different countries and regions of the world see the evolving landscape of international education and are in consequence adapting their institutional, national and regional internationalization strategies.<\/p>\n<p>Speakers<\/p>\n<p><strong>Gerardo Blanco<\/strong>, Associate Professor and Academic Director, Center for International Higher Education, Boston College, Estados Unidos.<\/p>\n<p><strong>Anoek van den Berg<\/strong>, Director of International and Interinstitutional Relations, Universidad de Santiago de Chile (USACH) &amp; President, Internationalization Commission, CRUCH, Chile.<\/p>\n<p><strong>Larissa Bezo<\/strong>, President &amp; CEO, Canadian Bureau for International Education (CBIE), Canada.<\/p>\n<p><strong>Scott Venezia<\/strong>, Dean for International Affairs, CETYS University System, M\u00e9xico.[\/vc_toggle][vc_column_text]<\/p>\n<h4><strong>Exhibitors<\/strong><\/h4>\n<p>Governments, corporations, and international delegations such as EduCanada, EducationUSA, Education New Zealand, DAAD, Jafsa-Japan, CBIE-Canada, Government of Quebec, Study in Switzerland, Study in the Czech Republic, Altissia, Coursera, Unibuddy, UPlanner, View Sonic, among others, were part of the CAEI 2021 Expo. In total, 29 exhibitors were able to establish contacts with institutions and participants during the congress.<\/p>\n<p><a href=\"https:\/\/caie-caei.org\/en\/sponsorships-and-exhibitors-2021\/\">Learn more about our exhibitors and sponsors here.<\/a>[\/vc_column_text][\/vc_column][\/vc_row][vc_row][vc_column][vc_empty_space][\/vc_column][\/vc_row][vc_row][vc_column][vc_custom_heading text=&#8221;Webinars 2021&#8243; use_theme_fonts=&#8221;yes&#8221;][vc_column_text]The Conference of the Americas on International Education (CAIE) offers a series of webinars in each edition and invites the entire higher education community and representatives from the public, private and civil society sectors, to participate in various conversations on innovation and internationalization of higher education.[\/vc_column_text][vc_text_separator title=&#8221;CAEI CHILE 2021 KICK-OFF WEBINAR&#8221;][vc_column_text]The Conference of the Americas on International Education (CAIE) launches its 2021 Webinar series to kick off discussions and animate conversations toward this year&#8217;s (virtual) meeting.<\/p>\n<p>We invite the different actors, leaders, and professionals involved in the internationalization of higher education in the Americas and the world, to participate in CAEI Chile-2021 and together &#8220;Charting the Future&#8221;.<\/p>\n<p>This first webinar included the participation of the Ministry of Education and the President of the National Committee as hosts of CAEI Chile-2021, and the launch of the event by the directors of CAEI 2021.[\/vc_column_text][vc_video link=&#8221;https:\/\/www.youtube.com\/watch?v=FrwMLX6oVMA&#8221; el_width=&#8221;70&#8243; align=&#8221;center&#8221;][\/vc_column][\/vc_row][vc_row][vc_column width=&#8221;1\/2&#8243;][vc_text_separator title=&#8221;WEBINAR #1&#8243;][vc_column_text]Date: May 13<\/p>\n<p><strong>Theme: The Future of Work: Perspectives for Technical and Vocational Training<\/strong><\/p>\n<p>During this session, the panelists will present the current situation and the process of evolution that the work environment and the nature of work are undergoing. In the conversation, they will address the effects of this process on technical and professional training and some of the actions being implemented to respond and adapt to these changes. Undoubtedly it is a discussion that we will be taking up again during the virtual CAEI in October.<\/p>\n<p>Speakers:<\/p>\n<p>Anne Posthuma<\/p>\n<p>Directora, OIT-CINTEFOR, Uruguay.<\/p>\n<p>Federico Zaragoza<\/p>\n<p>President, College of Southern Nevada (CSN) &amp; Vicepresident, USA Region OUI-IOHE.<\/p>\n<p>M\u00f3nica Brevis<\/p>\n<p>Jefe de Divisi\u00f3n, Educaci\u00f3n Superior T\u00e9cnico Profesional, Ministerio de Educaci\u00f3n Chile.<\/p>\n<p>Language: Spanish and English[\/vc_column_text][vc_video link=&#8221;https:\/\/youtu.be\/dArs1xOHmLs&#8221;][\/vc_column][vc_column width=&#8221;1\/2&#8243;][vc_text_separator title=&#8221;WEBINAR #2&#8243;][vc_column_text]<strong>Date:<\/strong> August 31, 2021<\/p>\n<p><strong>THEME<\/strong>: Covid-19 and higher education: analyzing challenges and maximizing opportunities.<\/p>\n<p>&nbsp;<\/p>\n<p>The Covid-19 pandemic has caused unprecedented disruptions in all aspects of our lives. In higher education in particular, it generated new challenges, but also exposed and highlighted existing ones. At the same time, it has emphasized the importance of higher education and highlighted the value of academic and scientific collaboration at the global level.<\/p>\n<p>&nbsp;<\/p>\n<p>Based on the preliminary results of two surveys conducted by IAU and IAUP on the impact of Covid-19 on higher education worldwide, distinguished speakers from 4 different continents will describe some of the main challenges and discuss ways to overcome and maximize the opportunities created by the pandemic.<\/p>\n<p>&nbsp;<\/p>\n<p><strong>Speakers:<\/strong><\/p>\n<p><strong>Dr.\u00a0Lavern\u00a0Samuels<\/strong><\/p>\n<p>Durban University of Technology, South Africa and<br \/>\nInternational Education Association of South Africa<br \/>\n(IEASA)<\/p>\n<p><strong>Prof. Tetsuo Morishita<\/strong><\/p>\n<p>Sophia University, Japan<br \/>\nJapan Network for International Education (JAFSA)<\/p>\n<p>&nbsp;<\/p>\n<p><strong>Prof. Fernando Le\u00f3n Garc\u00eda<\/strong><\/p>\n<p>President, CETYS University, Mexico and President,<br \/>\nInternational Association of University Presidents (IAUP)<\/p>\n<p>Language: Spanish and English[\/vc_column_text][vc_video link=&#8221;https:\/\/www.youtube.com\/watch?v=FrwMLX6oVMA&#8221;][\/vc_column][\/vc_row][vc_row][vc_column][vc_text_separator title=&#8221;WEBINAR #3&#8243;][vc_column_text]<strong>Date:<\/strong> September 22, 2022<\/p>\n<p><strong>Theme:<\/strong> Higher education in Chile: definitions, advances, and international linkage experiences.<\/p>\n<p>&nbsp;<\/p>\n<p>The panelists will present the current scenario of higher education in Chile, advances, and innovations that strengthen the system, and the contribution to international partnerships. The case of success in international scientific linkage that made possible the vaccine for COVID-19 in Chile will be presented.<\/p>\n<p>&nbsp;<\/p>\n<p><strong>Speakers:<\/strong><\/p>\n<p><strong>Juan Eduardo Vargas<\/strong>, Deputy Secretary for Higher Education, Min. of Education. Deputy Secretary for Higher Education, Min. of Education<\/p>\n<p><strong>Alexis Kalergis<\/strong><\/p>\n<p>Profesor y Director, Millennium Institute Immunology and<\/p>\n<p>Immunotherapy, FOCIS Center of Excellence, Pontificia Universidad Cat\u00f3lica<\/p>\n<p>de Chile.<\/p>\n<p>&nbsp;<\/p>\n<h2>Language: Spanish and English<\/h2>\n<p>[\/vc_column_text][vc_video link=&#8221;https:\/\/youtu.be\/KWRoVTmed_I&#8221; el_width=&#8221;50&#8243;][\/vc_column][\/vc_row]<\/p>\n<\/div>","protected":false},"excerpt":{"rendered":"<p>[vc_row][vc_column][vc_custom_heading text=&#8221;CAIE CHILE- 2021&#8243; font_container=&#8221;tag:h2|text_align:left|color:%23b12028&#8243; use_theme_fonts=&#8221;yes&#8221;][\/vc_column][\/vc_row][vc_row][vc_column width=&#8221;1\/3&#8243;][vc_single_image image=&#8221;13401&#8243; img_size=&#8221;large&#8221;][\/vc_column][vc_column width=&#8221;2\/3&#8243;][vc_custom_heading text=&#8221;Introduction&#8221; font_container=&#8221;tag:h2|text_align:left|color:%23b12028&#8243; use_theme_fonts=&#8221;yes&#8221;][vc_column_text]The seventh edition of the Conference of the [&hellip;]<\/p>\n","protected":false},"author":4,"featured_media":0,"parent":0,"menu_order":0,"comment_status":"closed","ping_status":"closed","template":"","meta":{"_acf_changed":false,"_monsterinsights_skip_tracking":false,"_monsterinsights_sitenote_active":false,"_monsterinsights_sitenote_note":"","_monsterinsights_sitenote_category":0,"footnotes":""},"class_list":["post-7124","page","type-page","status-publish","hentry"],"acf":[],"aioseo_notices":[],"_links":{"self":[{"href":"https:\/\/oui-iohe.org\/en\/wp-json\/wp\/v2\/pages\/7124","targetHints":{"allow":["GET"]}}],"collection":[{"href":"https:\/\/oui-iohe.org\/en\/wp-json\/wp\/v2\/pages"}],"about":[{"href":"https:\/\/oui-iohe.org\/en\/wp-json\/wp\/v2\/types\/page"}],"author":[{"embeddable":true,"href":"https:\/\/oui-iohe.org\/en\/wp-json\/wp\/v2\/users\/4"}],"replies":[{"embeddable":true,"href":"https:\/\/oui-iohe.org\/en\/wp-json\/wp\/v2\/comments?post=7124"}],"version-history":[{"count":6,"href":"https:\/\/oui-iohe.org\/en\/wp-json\/wp\/v2\/pages\/7124\/revisions"}],"predecessor-version":[{"id":13424,"href":"https:\/\/oui-iohe.org\/en\/wp-json\/wp\/v2\/pages\/7124\/revisions\/13424"}],"wp:attachment":[{"href":"https:\/\/oui-iohe.org\/en\/wp-json\/wp\/v2\/media?parent=7124"}],"curies":[{"name":"wp","href":"https:\/\/api.w.org\/{rel}","templated":true}]}}