{"id":10347,"date":"2021-11-24T21:04:34","date_gmt":"2021-11-25T02:04:34","guid":{"rendered":"https:\/\/oui-iohe.org\/?page_id=10347"},"modified":"2023-03-02T08:31:52","modified_gmt":"2023-03-02T13:31:52","slug":"convocatoriadies01","status":"publish","type":"page","link":"https:\/\/oui-iohe.org\/es\/convocatoriadies01\/","title":{"rendered":"convocatoriaDIES01"},"content":{"rendered":"<div class=\"wpb-content-wrapper\"><p>[vc_row][vc_column][vc_custom_heading text=\u00bbPrograma de Becas OUI\u00bb font_container=\u00bbtag:h1|text_align:left\u00bb use_theme_fonts=\u00bbyes\u00bb][vc_custom_heading text=\u00bbConvocatoria para el Curso: Planificaci\u00f3n y Gesti\u00f3n de la Internacionalizaci\u00f3n\u00bb font_container=\u00bbtag:h1|text_align:left\u00bb use_theme_fonts=\u00bbyes\u00bb][vc_column_text]<\/p>\n<ul>\n<li><b>Fecha de Apertura: <\/b><span style=\"font-weight: 400;\">24 de enero de 2023<\/span><\/li>\n<li><b>Fecha de Cierre: <span style=\"font-weight: 400;\">26 de febrero de 2023<\/span><\/b><\/li>\n<li><b>Fecha l\u00edmite recepci\u00f3n de Documentos: <span style=\"font-weight: 400;\">26 de febrero de 2023<\/span><\/b><\/li>\n<\/ul>\n<p>[\/vc_column_text][vc_separator color=\u00bbiohe-orange\u00bb border_width=\u00bb6&#8243;][vc_column_text]<\/p>\n<ul>\n<li><strong>Destinatarios de las Becas:<\/strong><\/li>\n<\/ul>\n<p>Personal directivo, acad\u00e9mico y administrativo de las instituciones de educaci\u00f3n superior miembros de la OUI, que pertenezcan al \u00e1rea relacionada con la tem\u00e1tica del curso y cuya formaci\u00f3n impacte directamente en el cargo que desempe\u00f1a en la IES miembro.[\/vc_column_text][vc_column_text]<\/p>\n<ul>\n<li><strong>Criterios de elegibilidad seg\u00fan tipo de beca:<\/strong><\/li>\n<\/ul>\n<table>\n<tbody>\n<tr>\n<td width=\"294\">\n<p style=\"text-align: center;\"><strong>Beca Solidaridad OUI<\/strong><\/p>\n<\/td>\n<td width=\"294\">\n<p style=\"text-align: center;\"><strong>Beca Fidelidad OUI<\/strong><\/p>\n<\/td>\n<\/tr>\n<tr>\n<td width=\"294\">\n<ul>\n<li>Ser nacional o residente permanente de alguno de los siguientes pa\u00edses: Bolivia, Cuba, El Salvador,\u00a0 Guatemala, Hait\u00ed, Honduras, Nicaragua y Venezuela.<\/li>\n<\/ul>\n<\/td>\n<td width=\"294\">\n<ul>\n<li>Beca disponible para aspirantes de Instituciones miembros que tienen una participaci\u00f3n activa en la OUI.<\/li>\n<\/ul>\n<\/td>\n<\/tr>\n<tr>\n<td width=\"294\">\n<ul>\n<li>Pertenecer a una IES miembro de la OUI.<\/li>\n<\/ul>\n<\/td>\n<td width=\"294\">\n<ul>\n<li>Pertenecer a una instituci\u00f3n que tenga una participaci\u00f3n activa en la OUI.<\/li>\n<\/ul>\n<\/td>\n<\/tr>\n<tr>\n<td width=\"294\">\n<ul>\n<li>Estar en funciones en una IES\u00a0 miembro de la OUI<\/li>\n<\/ul>\n<\/td>\n<td width=\"294\">\n<ul>\n<li>Estar en funciones en una IES\u00a0 miembro de la OUI<\/li>\n<\/ul>\n<\/td>\n<\/tr>\n<tr>\n<td width=\"294\">\n<ul>\n<li>Contar con el respaldo de su IES, a trav\u00e9s de una recomendaci\u00f3n de directa de Rector\u00eda o la Oficina de <em>Relaciones.<\/em><\/li>\n<\/ul>\n<\/td>\n<td width=\"294\">\n<ul>\n<li>Contar con el respaldo de su IES, a trav\u00e9s de una recomendaci\u00f3n de directa de Rector\u00eda o la Oficina de <em>Relaciones.<\/em><\/li>\n<\/ul>\n<\/td>\n<\/tr>\n<tr>\n<td width=\"294\"><em>Beca completa, se otorga el 100% del costo del curso, sin embargo se aplicar\u00e1\u00a0 un fee de 100 USD por gastos administrativos.<\/em><\/td>\n<td width=\"294\"><em>Media beca que representa una reducci\u00f3n\u00a0 del 50% del costo general del curso.<\/em><\/td>\n<\/tr>\n<tr>\n<td style=\"text-align: center;\" colspan=\"2\" width=\"589\"><em>(*) Se tomar\u00e1 en cuenta el cumplimiento de los derechos y deberes de los miembros<\/em>.<\/td>\n<\/tr>\n<\/tbody>\n<\/table>\n<p>[\/vc_column_text][vc_column_text]<\/p>\n<ul>\n<li><strong>Requisitos para presentar postulaci\u00f3n<\/strong><strong>:<\/strong><\/li>\n<\/ul>\n<ol>\n<li><strong>Carta de recomendaci\u00f3n:<\/strong> Emitida por la Rector\u00eda o la Direcci\u00f3n de Relaciones Internacionales de su instituci\u00f3n.<\/li>\n<li><strong>Copia de su Identificaci\u00f3n emitida por su IES:<\/strong> Credencial o ID equivalente que ampare la relaci\u00f3n contractual con la IES a la que<\/li>\n<li>Completar y enviar el <a href=\"https:\/\/forms.gle\/PT7QbDeabxHzi9e99\"><strong>Formulario de Aplicaci\u00f3n<\/strong><\/a> debidamente integrado.<\/li>\n<\/ol>\n<ul>\n<li><strong>Sobre la recepci\u00f3n de postulaciones<\/strong><\/li>\n<\/ul>\n<p>Los expedientes completos ser\u00e1n recibidos hasta el<strong> 26 de febrero de 2023 a las 23:59 hora de Montreal, <\/strong>\u00a0a trav\u00e9s del formulario en l\u00ednea<\/p>\n<p>Antes de completar el formulario, aseg\u00farese de tener y preparados los documentos requeridos (su carta de recomendaci\u00f3n y la copia de su identificaci\u00f3n en formato PDF).<\/p>\n<p>Los expedientes incompletos no ser\u00e1n procesados.<\/p>\n<p><span style=\"font-weight: 400;\">Una vez realizada la solicitud con la totalidad de los requisitos exigidos, las candidaturas ser\u00e1n evaluadas por el Comit\u00e9 de Asignaci\u00f3n de Becas OUI para seleccionar a los mejores candidatos. La decisi\u00f3n ser\u00e1 comunicada por correo electr\u00f3nico al postulante y a sus autoridades universitarias el d\u00eda <strong>27 de febrero de 2023.<\/strong><\/span><\/p>\n<p><span style=\"font-weight: 400;\">Los resultados estar\u00e1n disponibles en el sitio<\/span> <span style=\"font-weight: 400;\">www.oui-iohe.org<\/span><span style=\"font-weight: 400;\"> a partir del<\/span> <b>1 de marzo de 2023<\/b><span style=\"font-weight: 400;\"><strong>.<\/strong><\/span><\/p>\n<p><a href=\"https:\/\/oui-iohe.org\/es\/becas-oui\/\">M\u00e1s informaci\u00f3n<\/a> sobre el Programa de Becas OUI[\/vc_column_text][\/vc_column][\/vc_row]<\/p>\n<\/div>","protected":false},"excerpt":{"rendered":"<p>[vc_row][vc_column][vc_custom_heading text=\u00bbPrograma de Becas OUI\u00bb font_container=\u00bbtag:h1|text_align:left\u00bb use_theme_fonts=\u00bbyes\u00bb][vc_custom_heading text=\u00bbConvocatoria para el Curso: Planificaci\u00f3n y Gesti\u00f3n de la Internacionalizaci\u00f3n\u00bb font_container=\u00bbtag:h1|text_align:left\u00bb use_theme_fonts=\u00bbyes\u00bb][vc_column_text] Fecha [&hellip;]<\/p>\n","protected":false},"author":4,"featured_media":0,"parent":0,"menu_order":0,"comment_status":"closed","ping_status":"closed","template":"","meta":{"_acf_changed":false,"_monsterinsights_skip_tracking":false,"_monsterinsights_sitenote_active":false,"_monsterinsights_sitenote_note":"","_monsterinsights_sitenote_category":0,"footnotes":""},"class_list":["post-10347","page","type-page","status-publish","hentry"],"acf":[],"aioseo_notices":[],"_links":{"self":[{"href":"https:\/\/oui-iohe.org\/es\/wp-json\/wp\/v2\/pages\/10347","targetHints":{"allow":["GET"]}}],"collection":[{"href":"https:\/\/oui-iohe.org\/es\/wp-json\/wp\/v2\/pages"}],"about":[{"href":"https:\/\/oui-iohe.org\/es\/wp-json\/wp\/v2\/types\/page"}],"author":[{"embeddable":true,"href":"https:\/\/oui-iohe.org\/es\/wp-json\/wp\/v2\/users\/4"}],"replies":[{"embeddable":true,"href":"https:\/\/oui-iohe.org\/es\/wp-json\/wp\/v2\/comments?post=10347"}],"version-history":[{"count":15,"href":"https:\/\/oui-iohe.org\/es\/wp-json\/wp\/v2\/pages\/10347\/revisions"}],"predecessor-version":[{"id":13489,"href":"https:\/\/oui-iohe.org\/es\/wp-json\/wp\/v2\/pages\/10347\/revisions\/13489"}],"wp:attachment":[{"href":"https:\/\/oui-iohe.org\/es\/wp-json\/wp\/v2\/media?parent=10347"}],"curies":[{"name":"wp","href":"https:\/\/api.w.org\/{rel}","templated":true}]}}