{"id":11297,"date":"2022-03-15T16:56:31","date_gmt":"2022-03-15T20:56:31","guid":{"rendered":"https:\/\/oui-iohe.org\/?page_id=11297"},"modified":"2025-05-07T16:59:04","modified_gmt":"2025-05-07T20:59:04","slug":"convocatoria-unoesc-oui","status":"publish","type":"page","link":"https:\/\/oui-iohe.org\/es\/convocatoria-unoesc-oui\/","title":{"rendered":"Convocatoria UNOESC OUI"},"content":{"rendered":"<div class=\"wpb-content-wrapper\"><p>[vc_row][vc_column][vc_custom_heading text=\u00bbPrograma Conjunto de Becas OUI\u00bb font_container=\u00bbtag:h1|text_align:left\u00bb use_theme_fonts=\u00bbyes\u00bb][vc_custom_heading text=\u00bbConvocatoria Becas Conjuntas Universidade do Oeste de Santa Catarina &#8211; Organizaci\u00f3n Universitaria Interamericana\u00bb use_theme_fonts=\u00bbyes\u00bb][\/vc_column][\/vc_row][vc_row][vc_column][vc_column_text css=\u00bb\u00bb]<span style=\"font-weight: 400;\">La Universidade do Oeste de Santa Catarina (UNOESC), Brasil, y la Organizaci\u00f3n Universitaria Interamericana (OUI), ofrecen a la membres\u00eda de la OUI que est\u00e9 al d\u00eda con sus obligaciones estatutarias, <\/span><b>8<\/b><b> becas de maestr\u00eda y doctorado<\/b> <span style=\"font-weight: 400;\">Stricto sensu<\/span><span style=\"font-weight: 400;\"> para el <\/span><span style=\"font-weight: 400;\">segundo <\/span><span style=\"font-weight: 400;\">semestre de <\/span><span style=\"font-weight: 400;\">2025 <\/span><span style=\"font-weight: 400;\">en los siguientes programas presenciales en portugu\u00e9s ofrecidos por UNOESC.<\/span>[\/vc_column_text][vc_column_text css=\u00bb\u00bb]<\/p>\n<h3><b>Oferta Acad\u00e9mica<\/b><\/h3>\n<ul>\n<li style=\"font-weight: 400;\" aria-level=\"1\"><span style=\"font-weight: 400;\">M\u00e1ster en Administraci\u00f3n (1 beca)<\/span><\/li>\n<li style=\"font-weight: 400;\" aria-level=\"1\"><span style=\"font-weight: 400;\">M\u00e1ster en Biociencias y Salud<\/span><span style=\"font-weight: 400;\"> (1 beca)<\/span><span style=\"font-weight: 400;\">\u00a0<\/span><\/li>\n<li style=\"font-weight: 400;\" aria-level=\"1\"><span style=\"font-weight: 400;\">M\u00e1ster en Derecho<\/span><span style=\"font-weight: 400;\"> (1 beca)<\/span><\/li>\n<li style=\"font-weight: 400;\" aria-level=\"1\"><span style=\"font-weight: 400;\">M\u00e1ster en Educaci\u00f3n<\/span><span style=\"font-weight: 400;\"> (1 beca)<\/span><\/li>\n<li style=\"font-weight: 400;\" aria-level=\"1\"><span style=\"font-weight: 400;\">M\u00e1ster en Sanidad y Producci\u00f3n animal<\/span><span style=\"font-weight: 400;\"> (1 beca)<\/span><\/li>\n<li style=\"font-weight: 400;\" aria-level=\"1\"><span style=\"font-weight: 400;\">Doctorado en Administraci\u00f3n (1 beca)<\/span><\/li>\n<li style=\"font-weight: 400;\" aria-level=\"1\"><span style=\"font-weight: 400;\">Doctorado en Biociencias y Salud<\/span><span style=\"font-weight: 400;\"> (1 beca)<\/span><\/li>\n<li style=\"font-weight: 400;\" aria-level=\"1\"><span style=\"font-weight: 400;\">Doctorado en Derecho<\/span><span style=\"font-weight: 400;\"> (1 beca)<\/span><\/li>\n<li style=\"font-weight: 400;\" aria-level=\"1\"><span style=\"font-weight: 400;\">Doctorado en Educaci\u00f3n<\/span><span style=\"font-weight: 400;\"> (1 beca)<\/span><\/li>\n<\/ul>\n<p>[\/vc_column_text][vc_column_text css=\u00bb\u00bb]<\/p>\n<h3><b>Caracter\u00edsticas de la beca<\/b><\/h3>\n<ul>\n<li style=\"font-weight: 400;\" aria-level=\"1\"><span style=\"font-weight: 400;\">La beca est\u00e1 dirigida a acad\u00e9micos, directivos o administradores de instituciones de educaci\u00f3n superior miembros de la OUI cuya nacionalidad no sea Brasile\u00f1a*.<\/span><\/li>\n<li style=\"font-weight: 400;\" aria-level=\"1\"><span style=\"font-weight: 400;\">La beca cubre el 100% de los costos de matr\u00edcula.<\/span><\/li>\n<li style=\"font-weight: 400;\" aria-level=\"1\"><span style=\"font-weight: 400;\">Los programas son ofrecidos en modalidad presencial y se requiere una frecuencia de al menos el 75% de presencialidad.<\/span><\/li>\n<li style=\"font-weight: 400;\" aria-level=\"1\"><span style=\"font-weight: 400;\">El costo mensual de vivienda y alimentaci\u00f3n para una persona sola se estima en R$2.500,00 (aproximadamente $450 \u2013 500 USD), <\/span><span style=\"font-weight: 400;\">el cual debe correr por cuenta del beneficiario.<\/span><\/li>\n<li style=\"font-weight: 400;\" aria-level=\"1\"><span style=\"font-weight: 400;\">Las clases son impartidas en portugu\u00e9s. <\/span><span style=\"font-weight: 400;\">Aunque la aplicaci\u00f3n no requiere prueba de dominio del portugu\u00e9s, si la persona beneficiada est\u00e1 interesada en mejorar sus competencias ling\u00fc\u00edsticas en este idioma, UNOESC podr\u00e1 proveer informaci\u00f3n sobre cursos externos y adicionales.<\/span><\/li>\n<\/ul>\n<p><span style=\"font-weight: 400;\">*Convocatoria abierta solo para extranjeros no nacionales Brasile\u00f1os.<\/span>[\/vc_column_text][\/vc_column][\/vc_row][vc_row][vc_column][vc_toggle title=\u00bbRequisitos\u00bb style=\u00bbround_outline\u00bb color=\u00bbgreen\u00bb size=\u00bblg\u00bb]<\/p>\n<table>\n<tbody>\n<tr>\n<td><b>English<\/b><\/td>\n<td><span style=\"font-weight: 400;\">Descargable: <\/span><a href=\"https:\/\/docs.google.com\/document\/d\/1d1ccvySs8jrswP_egTejocWIfw0EghkL\/edit?usp=sharing&amp;ouid=117956951006701233761&amp;rtpof=true&amp;sd=true\"><span style=\"font-weight: 400;\">https:\/\/docs.google.com\/document\/d\/1d1ccvySs8jrswP_egTejocWIfw0EghkL\/edit?usp=sharing&amp;ouid=117956951006701233761&amp;rtpof=true&amp;sd=true<\/span><\/a><span style=\"font-weight: 400;\">\u00a0<\/span><\/td>\n<\/tr>\n<tr>\n<td><b>Espa\u00f1ol<\/b><\/td>\n<td><span style=\"font-weight: 400;\">Descargable:<\/span> <a href=\"https:\/\/docs.google.com\/document\/d\/1Cl9YOG1YI5UGgxhG4y-TbffZJYRjMFyn\/edit?usp=drive_link&amp;ouid=117956951006701233761&amp;rtpof=true&amp;sd=true\"><span style=\"font-weight: 400;\">https:\/\/docs.google.com\/document\/d\/1Cl9YOG1YI5UGgxhG4y-TbffZJYRjMFyn\/edit?usp=drive_link&amp;ouid=117956951006701233761&amp;rtpof=true&amp;sd=true<\/span><\/a><span style=\"font-weight: 400;\">\u00a0<\/span><\/td>\n<\/tr>\n<tr>\n<td><b>Portugu\u00eas<\/b><\/td>\n<td><span style=\"font-weight: 400;\">Descargable:<\/span> <a href=\"https:\/\/docs.google.com\/document\/d\/14kKgkwELU17nD1k52fSnPEqikw4N3Cfq\/edit?usp=drive_link&amp;ouid=117956951006701233761&amp;rtpof=true&amp;sd=true\"><span style=\"font-weight: 400;\">https:\/\/docs.google.com\/document\/d\/14kKgkwELU17nD1k52fSnPEqikw4N3Cfq\/edit?usp=drive_link&amp;ouid=117956951006701233761&amp;rtpof=true&amp;sd=true<\/span><\/a><span style=\"font-weight: 400;\">\u00a0<\/span><\/td>\n<\/tr>\n<\/tbody>\n<\/table>\n<p>[\/vc_toggle][vc_column_text]<\/p>\n<h3><b>Proceso de Selecci\u00f3n<\/b><\/h3>\n<p><span style=\"font-weight: 400;\">El proceso de selecci\u00f3n consta de tres fases de evaluaci\u00f3n:<\/span><\/p>\n<ol>\n<li style=\"font-weight: 400;\" aria-level=\"1\"><span style=\"font-weight: 400;\">Entrega completa de todos los documentos solicitados en la solicitud, con car\u00e1cter eliminatorio. Tendr\u00e1 un peso del 30% en la composici\u00f3n de la nota final;<\/span><\/li>\n<li style=\"font-weight: 400;\" aria-level=\"1\"><span style=\"font-weight: 400;\">Evaluaci\u00f3n del curr\u00edculo, con car\u00e1cter de clasificaci\u00f3n. Tendr\u00e1 un peso del 30% en la composici\u00f3n de la nota final;<\/span><\/li>\n<li style=\"font-weight: 400;\" aria-level=\"1\"><span style=\"font-weight: 400;\">Entrevista, teniendo como objetivo la investigaci\u00f3n previa a la redacci\u00f3n y la memoria, con car\u00e1cter de clasificaci\u00f3n. Tendr\u00e1 <\/span><span style=\"font-weight: 400;\">un<\/span><span style=\"font-weight: 400;\"> peso del 40% en la composici\u00f3n de la nota final.<\/span><\/li>\n<\/ol>\n<p>[\/vc_column_text][vc_column_text css=\u00bb\u00bb]<b>Calendario de postulaci\u00f3n y env\u00edo de documentaci\u00f3n<\/b><\/p>\n<p><span style=\"font-weight: 400;\">Las personas que completen el formulario de registro de solicitud en l\u00ednea recibir\u00e1n las indicaciones para continuar el proceso seg\u00fan el siguiente calendario:<\/span><\/p>\n<table>\n<tbody>\n<tr>\n<td>\n<p style=\"text-align: center;\"><strong>Requisito<\/strong><\/p>\n<\/td>\n<td>\n<p style=\"text-align: center;\"><strong>Plazo<\/strong><\/p>\n<\/td>\n<\/tr>\n<tr>\n<td>Registro de solicitud (formulario en l\u00ednea)<\/td>\n<td>10 de junio<\/td>\n<\/tr>\n<tr>\n<td>Env\u00edo de documentaci\u00f3n<\/td>\n<td>18 &#8211; 25 de junio<\/td>\n<\/tr>\n<tr>\n<td>Evaluaci\u00f3n y selecci\u00f3n de candidatos<\/td>\n<td>30 de junio &#8211; 4 de julio<\/td>\n<\/tr>\n<tr>\n<td>Periodo de entrevistas<\/td>\n<td>7 &#8211; 14 de julio<\/td>\n<\/tr>\n<tr>\n<td>Comunicaci\u00f3n de resultados<\/td>\n<td>18 de julio<\/td>\n<\/tr>\n<tr>\n<td>Proceso de matr\u00edcula<\/td>\n<td>21 &#8211; 25 de julio<\/td>\n<\/tr>\n<tr>\n<td>Inicio de clases presenciales<\/td>\n<td>4 de agosto de 2025<\/td>\n<\/tr>\n<\/tbody>\n<\/table>\n<p>[\/vc_column_text][\/vc_column][\/vc_row][vc_row][vc_column][vc_toggle title=\u00bbSyllabus\u00bb style=\u00bbround_outline\u00bb color=\u00bbgreen\u00bb size=\u00bblg\u00bb css=\u00bb\u00bb]<\/p>\n<table>\n<tbody>\n<tr>\n<td colspan=\"2\">Informaci\u00f3n sujeta a cambios por parte de UNOESC.<\/td>\n<\/tr>\n<tr>\n<td><strong>M\u00e1ster en Administraci\u00f3n<\/strong><\/td>\n<td>Descargables:<\/p>\n<p>ENG: <a href=\"https:\/\/drive.google.com\/file\/d\/1UEU3ZXEeYZYS0yVcIYgUIUa2rhR1XeZ8\/view?usp=drive_link\">https:\/\/drive.google.com\/file\/d\/1UEU3ZXEeYZYS0yVcIYgUIUa2rhR1XeZ8\/view?usp=drive_link<\/a><\/p>\n<p>ESP: <a href=\"https:\/\/drive.google.com\/file\/d\/1ukS-_Oj07dNo2Ujr6B6C1-CMn-Y2lZ2r\/view?usp=sharing\">https:\/\/drive.google.com\/file\/d\/1ukS-_Oj07dNo2Ujr6B6C1-CMn-Y2lZ2r\/view?usp=sharing<\/a><\/p>\n<p>POR: <a href=\"https:\/\/drive.google.com\/file\/d\/1LjEjH0hByxAWmQjupetGxD9R6xqbB0A_\/view?usp=drive_link\">https:\/\/drive.google.com\/file\/d\/1LjEjH0hByxAWmQjupetGxD9R6xqbB0A_\/view?usp=drive_link<\/a><\/td>\n<\/tr>\n<tr>\n<td><strong>M\u00e1ster en Biociencias y Salud<\/strong><\/td>\n<td>Descargables:<\/p>\n<p>ENG: <a href=\"https:\/\/drive.google.com\/file\/d\/1-h2fJVR0OaYfX7ZlFGoDqu1Yj9ehimc7\/view?usp=share_link\">https:\/\/drive.google.com\/file\/d\/1-h2fJVR0OaYfX7ZlFGoDqu1Yj9ehimc7\/view?usp=share_link<\/a><\/p>\n<p>ESP: <a href=\"https:\/\/drive.google.com\/file\/d\/1iw6NRxr_UUPBX_EaVhAZeqOa1_Y3lGzI\/view?usp=sharing\">https:\/\/drive.google.com\/file\/d\/1iw6NRxr_UUPBX_EaVhAZeqOa1_Y3lGzI\/view?usp=sharing<\/a><\/p>\n<p>POR: <a href=\"https:\/\/drive.google.com\/file\/d\/1obN-RJAsZ6xLCUkaZAcQBaNb_Q1C-Rp6\/view?usp=share_link\">https:\/\/drive.google.com\/file\/d\/1obN-RJAsZ6xLCUkaZAcQBaNb_Q1C-Rp6\/view?usp=share_link<\/a><\/td>\n<\/tr>\n<tr>\n<td><strong>M\u00e1ster y Doctorado en Derecho<\/strong><\/td>\n<td>Descargables:<\/p>\n<p>ENG: <a href=\"https:\/\/drive.google.com\/file\/d\/1tBiVUbt6j_8Z0dBpZjxgxcbrcnWzvoNk\/view?usp=share_link\">https:\/\/drive.google.com\/file\/d\/1tBiVUbt6j_8Z0dBpZjxgxcbrcnWzvoNk\/view?usp=share_link<\/a><\/p>\n<p>ESP: <a href=\"https:\/\/drive.google.com\/file\/d\/1IUBeksa95BErM7DTwOrl5leFGRVAvAKy\/view?usp=sharing\">https:\/\/drive.google.com\/file\/d\/1IUBeksa95BErM7DTwOrl5leFGRVAvAKy\/view?usp=sharing<\/a><\/p>\n<p>POR: <a href=\"https:\/\/drive.google.com\/file\/d\/1PYDH2hqqlwBBqJQH6H3nLBmXu5mBo3zn\/view?usp=share_link\">https:\/\/drive.google.com\/file\/d\/1PYDH2hqqlwBBqJQH6H3nLBmXu5mBo3zn\/view?usp=share_link<\/a><\/td>\n<\/tr>\n<tr>\n<td><strong>M\u00e1ster y Doctorado en Educaci\u00f3n<\/strong><\/td>\n<td>Descargables:<\/p>\n<p>ENG: <a href=\"https:\/\/drive.google.com\/file\/d\/1evHeqOCZgbLJ6rkW4crEyNU0IKyNuz-J\/view?usp=drive_link\">https:\/\/drive.google.com\/file\/d\/1evHeqOCZgbLJ6rkW4crEyNU0IKyNuz-J\/view?usp=drive_link<\/a><\/p>\n<p>ESP: <a href=\"https:\/\/drive.google.com\/file\/d\/1q4MZzPrU_IyL3K0HueP987UBRVqi59_k\/view?usp=drive_link\">https:\/\/drive.google.com\/file\/d\/1q4MZzPrU_IyL3K0HueP987UBRVqi59_k\/view?usp=drive_link<\/a><\/p>\n<p>POR: <a href=\"https:\/\/drive.google.com\/file\/d\/1OE85_nJYkL_p_3_hoEwInf4G79jvDPaA\/view?usp=drive_link\">https:\/\/drive.google.com\/file\/d\/1OE85_nJYkL_p_3_hoEwInf4G79jvDPaA\/view?usp=drive_link<\/a><\/td>\n<\/tr>\n<tr>\n<td><strong>M\u00e1ster en Sanidad y Producci\u00f3n Animal<\/strong><\/td>\n<td>Descargables:<\/p>\n<p>ENG: <a href=\"https:\/\/drive.google.com\/file\/d\/1zFA-2cldkbk587CfeY22gz9BwAifJ7S8\/view?usp=sharing\">https:\/\/drive.google.com\/file\/d\/1zFA-2cldkbk587CfeY22gz9BwAifJ7S8\/view?usp=sharing<\/a><\/p>\n<p>ESP: <a href=\"https:\/\/drive.google.com\/file\/d\/1H80yDFrgCLOd4ME00hSpjKHcw6tO_lTn\/view?usp=sharing\">https:\/\/drive.google.com\/file\/d\/1H80yDFrgCLOd4ME00hSpjKHcw6tO_lTn\/view?usp=sharing<\/a><\/p>\n<p>POR: <a href=\"https:\/\/drive.google.com\/file\/d\/1nKOamIcAiEZHWtr99E7-1xVvFmy8T-Mb\/view?usp=share_link\">https:\/\/drive.google.com\/file\/d\/1nKOamIcAiEZHWtr99E7-1xVvFmy8T-Mb\/view?usp=share_link<\/a><\/td>\n<\/tr>\n<tr>\n<td><strong>Doctorado en Administraci\u00f3n<\/strong><\/td>\n<td>Descargables:<\/p>\n<p>ENG: <a href=\"https:\/\/drive.google.com\/file\/d\/14gMgFaBUERgq3Z05QNCstbfKajQDMekW\/view?usp=drive_link\">https:\/\/drive.google.com\/file\/d\/14gMgFaBUERgq3Z05QNCstbfKajQDMekW\/view?usp=drive_link<\/a><\/p>\n<p>ESP: <a href=\"https:\/\/drive.google.com\/file\/d\/1J_SqO2WEMI92Kp2hn8wy4NvCJwCGLslR\/view?usp=drive_link\">https:\/\/drive.google.com\/file\/d\/1J_SqO2WEMI92Kp2hn8wy4NvCJwCGLslR\/view?usp=drive_link<\/a><\/p>\n<p>POR: <a href=\"https:\/\/drive.google.com\/file\/d\/1LbO2KedptkpinlvgKh0NBusKP3Ym4OWg\/view?usp=drive_link\">https:\/\/drive.google.com\/file\/d\/1LbO2KedptkpinlvgKh0NBusKP3Ym4OWg\/view?usp=drive_link<\/a><\/td>\n<\/tr>\n<\/tbody>\n<\/table>\n<p>[\/vc_toggle][\/vc_column][\/vc_row][vc_row][vc_column][vc_empty_space][\/vc_column][\/vc_row][vc_row][vc_column][vc_btn title=\u00bbAPLIQUE AQU\u00cd\u00bb style=\u00bbflat\u00bb shape=\u00bbsquare\u00bb color=\u00bbiohe-orange\u00bb align=\u00bbcenter\u00bb link=\u00bburl:https%3A%2F%2Fdocs.google.com%2Fforms%2Fd%2Fe%2F1FAIpQLSd8Sgw5gYS0RS_HTDZsWNSeUTd-fWU0Y5LwUOqIeP2d1IdVzw%2Fviewform%3Fusp%3Dsf_link%20|target:_blank\u00bb][\/vc_column][\/vc_row]<\/p>\n<\/div>","protected":false},"excerpt":{"rendered":"<p>[vc_row][vc_column][vc_custom_heading text=\u00bbPrograma Conjunto de Becas OUI\u00bb font_container=\u00bbtag:h1|text_align:left\u00bb use_theme_fonts=\u00bbyes\u00bb][vc_custom_heading text=\u00bbConvocatoria Becas Conjuntas Universidade do Oeste de Santa Catarina &#8211; Organizaci\u00f3n Universitaria [&hellip;]<\/p>\n","protected":false},"author":4,"featured_media":0,"parent":0,"menu_order":0,"comment_status":"closed","ping_status":"closed","template":"","meta":{"_acf_changed":false,"_monsterinsights_skip_tracking":false,"_monsterinsights_sitenote_active":false,"_monsterinsights_sitenote_note":"","_monsterinsights_sitenote_category":0,"footnotes":""},"class_list":["post-11297","page","type-page","status-publish","hentry"],"acf":[],"aioseo_notices":[],"_links":{"self":[{"href":"https:\/\/oui-iohe.org\/es\/wp-json\/wp\/v2\/pages\/11297","targetHints":{"allow":["GET"]}}],"collection":[{"href":"https:\/\/oui-iohe.org\/es\/wp-json\/wp\/v2\/pages"}],"about":[{"href":"https:\/\/oui-iohe.org\/es\/wp-json\/wp\/v2\/types\/page"}],"author":[{"embeddable":true,"href":"https:\/\/oui-iohe.org\/es\/wp-json\/wp\/v2\/users\/4"}],"replies":[{"embeddable":true,"href":"https:\/\/oui-iohe.org\/es\/wp-json\/wp\/v2\/comments?post=11297"}],"version-history":[{"count":18,"href":"https:\/\/oui-iohe.org\/es\/wp-json\/wp\/v2\/pages\/11297\/revisions"}],"predecessor-version":[{"id":18523,"href":"https:\/\/oui-iohe.org\/es\/wp-json\/wp\/v2\/pages\/11297\/revisions\/18523"}],"wp:attachment":[{"href":"https:\/\/oui-iohe.org\/es\/wp-json\/wp\/v2\/media?parent=11297"}],"curies":[{"name":"wp","href":"https:\/\/api.w.org\/{rel}","templated":true}]}}