{"id":11558,"date":"2022-04-14T18:34:38","date_gmt":"2022-04-14T22:34:38","guid":{"rendered":"https:\/\/oui-iohe.org\/?page_id=11558"},"modified":"2022-05-02T19:05:32","modified_gmt":"2022-05-02T23:05:32","slug":"experiencias-de-aseguramiento-de-calidad-en-educacion-superior-quebec-chile","status":"publish","type":"page","link":"https:\/\/oui-iohe.org\/es\/experiencias-de-aseguramiento-de-calidad-en-educacion-superior-quebec-chile\/","title":{"rendered":"Experiencias de aseguramiento de calidad en educaci\u00f3n superior Quebec Chile"},"content":{"rendered":"<div class=\"wpb-content-wrapper\"><p>[vc_row][vc_column][vc_custom_heading text=\u00bb\u00abExperiencias de aseguramiento de la calidad en la educaci\u00f3n superior en Qu\u00e9bec y Chile\u00bb\u00bb font_container=\u00bbtag:h1|text_align:left\u00bb use_theme_fonts=\u00bbyes\u00bb][vc_column_text]El proyecto <em>\u00abExperiencias de aseguramiento de la calidad en la educaci\u00f3n superior en Quebec y Chile\u00bb <\/em>es apoyado por el Ministerio de Relaciones Internacionales y Francofon\u00eda de Qu\u00e9bec (MRIF) y busca profundizar el conocimiento e intercambio de experiencias entre Quebec y Chile en materia de aseguramiento de la calidad en la educaci\u00f3n superior.<\/p>\n<p>El objetivo general del proyecto es compartir experiencias y buenas pr\u00e1cticas sobre los sistemas de aseguramiento de la calidad en la educaci\u00f3n superior en los dos pa\u00edses.<\/p>\n<p>Los objetivos espec\u00edficos son: <strong>(1)<\/strong> conocer el funcionamiento de los sistemas de aseguramiento de la calidad implementados en las instituciones de educaci\u00f3n superior (IES) de Quebec y Chile; <strong>(2)<\/strong> identificar experiencias exitosas y buenas pr\u00e1cticas en la implementaci\u00f3n de dichos sistemas; y <strong>(3)<\/strong> conocer los factores de \u00e9xito de estas experiencias, que podr\u00edan servir de referencia para el desarrollo de pol\u00edticas institucionales y\/o sectoriales en este campo.<\/p>\n<p>El proyecto facilitar\u00e1 la creaci\u00f3n de un <strong>Foro Acad\u00e9mico entre los dos pa\u00edses sobre la calidad de la ense\u00f1anza superior<\/strong>.<\/p>\n<p>El proyecto es liderado por las siguientes organizaciones en Quebec y Chile:<\/p>\n<ul>\n<li>La <a href=\"https:\/\/oui-iohe.org\/es\/\"><strong>Organizaci\u00f3n Universitaria Interamericana (OUI)<\/strong><\/a>, la principal asociaci\u00f3n de instituciones de educaci\u00f3n superior en las Am\u00e9ricas, la cual cuenta con 18 miembros en Quebec y 24 en Chile.<\/li>\n<li>El <a href=\"https:\/\/www.cse.gouv.qc.ca\/\"><strong>Consejo Superior de Educaci\u00f3n (CSE) de Quebec<\/strong><\/a>, un organismo asesor del Ministerio de Educaci\u00f3n y de la Ense\u00f1anza Superior sobre el estado y las necesidades en educaci\u00f3n en la provincia.<\/li>\n<li>El <a href=\"http:\/\/esed.cl\"><strong>Instituto Interuniversitario de Investigaci\u00f3n Educativa (IESED)<\/strong><\/a>, un consorcio conformado por 11 universidades p\u00fablicas de Chile y el Programa Interdisciplinario de Investigaci\u00f3n en Educaci\u00f3n (PIIE), con el objetivo de promover la investigaci\u00f3n educativa; y<\/li>\n<li>El <a href=\"https:\/\/www.uestatales.cl\/cue\/\"><strong>Consorcio de Universidades del Estado de Chile (CUECH)<\/strong><\/a>, un consorcio de 18 universidades estatales con el objetivo de apoyar el desarrollo de las universidades p\u00fablicas del pa\u00eds.<\/li>\n<\/ul>\n<p>[\/vc_column_text][\/vc_column][\/vc_row][vc_row][vc_column][vc_custom_heading text=\u00bbLanzamiento del proyecto \u00bb use_theme_fonts=\u00bbyes\u00bb][vc_column_text]Invitamos a la comunidad acad\u00e9mica y a nuestra membres\u00eda, al <strong>Coloquio de Lanzamiento del Proyecto \u00abExperiencias de aseguramiento de la calidad en la educaci\u00f3n superior en Qu\u00e9bec y Chile\u00bb<\/strong>\u00a0que se realizar\u00e1 el 19 de mayo de 2022 de 11:30 a 13:15, hora Montreal (UTC\/GMT \u2013 4 hours) que contar\u00e1 con traducci\u00f3n simult\u00e1nea Espa\u00f1ol \u2013 Franc\u00e9s, Franc\u00e9s \u2013 Espa\u00f1ol.<\/p>\n<p><a href=\"https:\/\/us02web.zoom.us\/webinar\/register\/WN_KnZfWlbDSCO33Oh9ZS_joQ\"><strong>Actividad sin costo con previa inscripci\u00f3n<\/strong><\/a>[\/vc_column_text][\/vc_column][\/vc_row][vc_row][vc_column][vc_tta_accordion style=\u00bbflat\u00bb shape=\u00bbsquare\u00bb color=\u00bbiohe-orange\u00bb gap=\u00bb35&#8243; c_icon=\u00bbchevron\u00bb c_position=\u00bbright\u00bb active_section=\u00bb\u00bb no_fill=\u00bbtrue\u00bb collapsible_all=\u00bbtrue\u00bb][vc_tta_section title=\u00bbPrograma del coloquio\u00bb tab_id=\u00bb1649978534630-e027dbfd-0356&#8243;][vc_column_text]Este coloquio se realiza en el marco del proyecto \u00ab<strong>Experiencias de aseguramiento de la calidad en la educaci\u00f3n superior en Qu\u00e9bec y Chile\u00bb<\/strong>, el cual ser\u00e1 ejecutado en colaboraci\u00f3n por la Organizaci\u00f3n Universitaria Interamericana (OUI), el Instituto Interuniversitario de Investigaci\u00f3n Educativa (IESED-Chile),\u00a0 el Consejo Superior de Educaci\u00f3n de Qu\u00e9bec (CSE) y el Consorcio de Universidades del Estado de Chile (CUECH), con el apoyo financiero del Ministerio de Relaciones Internacionales y Francofon\u00eda de Qu\u00e9bec (MRIF).<\/p>\n<table>\n<tbody>\n<tr>\n<td width=\"121\">11:30-11:40 hrs.<\/td>\n<td width=\"478\"><strong>Bienvenida y Presentaci\u00f3n del proyecto\u00a0\u00a0 <\/strong><\/p>\n<p>Dr. David Julien, Secretario General OUI<\/p>\n<p>Fernando Daniels, Director de Planeaci\u00f3n y Desarrollo OUI<\/td>\n<\/tr>\n<tr>\n<td width=\"121\">11:40-12:10 hrs.<\/td>\n<td width=\"478\"><strong>Panel 1 :\u00a0 Pol\u00edticas de Aseguramiento de la Calidad de la Educaci\u00f3n Superior. El rol de las Agencias de Evaluaci\u00f3n<\/strong>.<\/p>\n<p>Dr. Andr\u00e9s Bernasconi Ram\u00edrez, Presidente Comisi\u00f3n Nacional de Acreditaci\u00f3n, \u00a0CNA-Chile<\/p>\n<p>Monsieur Denis Rousseau, Pr\u00e9sidente de la Commission d\u2019\u00e9valuation de l\u2019enseignement coll\u00e9gial. Qu\u00e9bec<\/td>\n<\/tr>\n<tr>\n<td width=\"121\">12:10-12:20 hrs.<\/td>\n<td width=\"478\"><strong>Preguntas e intercambio <\/strong><\/p>\n<p>Modera: Sra. Alejandra Contreras Altmann, Directora Ejecutiva del CUECH<\/td>\n<\/tr>\n<tr>\n<td width=\"121\">12:20-12:50 \u00a0hrs.<\/td>\n<td width=\"478\"><strong>Panel 2: Aseguramiento de la Calidad de la Educaci\u00f3n Superior en Qu\u00e9bec y Chile. Principales<\/strong><strong> avances, resultados y hallazgos.<\/strong><\/p>\n<p>Dra. Claude Mailhot, Profesora de la Universidad de Montr\u00e9al<\/p>\n<p>Dra. Mar\u00eda Jacqueline Rojas, Investigadora Universidad de Playa Ancha e\u00a0 IESED-Chile<\/td>\n<\/tr>\n<tr>\n<td width=\"121\">12:50-13:00 hrs.<\/td>\n<td width=\"478\"><strong>Preguntas e intercambio<\/strong><\/p>\n<p>Modera : Dr. Daniel L\u00f3pez Stefoni, Director General IESED-Chile<\/td>\n<\/tr>\n<tr>\n<td width=\"121\">13:00-13:10 hrs.<\/td>\n<td width=\"478\"><strong>Comentarios y Cierre \u00a0\u00a0<\/strong><\/p>\n<p>Madame Maryse Lassonde. Presidenta CSE, Qu\u00e9bec<\/p>\n<p>Sr. Oscar Garrido,\u00a0Rector Universidad de Los Lagos, Chile y Presidente OUI<\/td>\n<\/tr>\n<\/tbody>\n<\/table>\n<p>[\/vc_column_text][\/vc_tta_section][vc_tta_section title=\u00bbPanelistas\u00bb tab_id=\u00bb1649979670697-95b6c57b-533e\u00bb][vc_column_text]<strong><img loading=\"lazy\" decoding=\"async\" class=\"alignnone wp-image-11562 size-thumbnail\" src=\"https:\/\/oui-iohe.org\/wp-content\/uploads\/2022\/04\/Andre\u0301s-Bernasconi_Foto_bn-150x150.png\" alt=\"\" width=\"150\" height=\"150\" srcset=\"https:\/\/oui-iohe.org\/wp-content\/uploads\/2022\/04\/Andre\u0301s-Bernasconi_Foto_bn-150x150.png 150w, https:\/\/oui-iohe.org\/wp-content\/uploads\/2022\/04\/Andre\u0301s-Bernasconi_Foto_bn-300x300.png 300w\" sizes=\"auto, (max-width: 150px) 100vw, 150px\" \/><\/strong><\/p>\n<p><strong>ANDR\u00c9S BERNASCONI RAM\u00cdREZ<\/strong><\/p>\n<p><strong>Presidente de la Comisi\u00f3n Nacional de Acreditaci\u00f3n \u2013 CNA, Chile<\/strong><\/p>\n<p>Andr\u00e9s Bernasconi es un destacado acad\u00e9mico e investigador chileno. Es Abogado y Licenciado en Derecho por la Pontificia Universidad Cat\u00f3lica de Chile, Master of Public Policy, Harvard University y Ph.D. en Sociolog\u00eda de Organizaciones, Universidad de Boston.<\/p>\n<p>Su \u00e1rea general de investigaci\u00f3n es la sociolog\u00eda de la educaci\u00f3n superior, y espec\u00edficamente, el estudio de la universidad como organizaci\u00f3n, la gesti\u00f3n de las universidades, y el desarrollo de la profesi\u00f3n acad\u00e9mica, todo ello en perspectiva internacional comparada.<\/p>\n<p>Ha sido Investigador Asociado de la Escuela de Educaci\u00f3n de Harvard University, Vicerrector Acad\u00e9mico y Vicerrector de Investigaci\u00f3n y Postgrado de la Universidad Andr\u00e9s Bello, Decano de la Facultad de Ciencias Jur\u00eddicas de la Universidad de Talca. En la Pontificia Universidad Cat\u00f3lica de Chile fue Vicedecano de la Facultad de Educaci\u00f3n, Director del Centro de Estudios en Pol\u00edticas y Pr\u00e1cticas en Educaci\u00f3n (CEPPE), y Director del Centro de Estudios Avanzados sobre Justicia Educacional (CJE).<\/p>\n<p>Ha sido consultor en pol\u00edtica y gesti\u00f3n de la educaci\u00f3n superior en una decena de pa\u00edses de Am\u00e9rica, Europa y Asia, para el BID, la UNESCO, el Banco Mundial, la United States Agency for International Development (USAID) y la Comisi\u00f3n Europea.<\/p>\n<p>Fue miembro del Grupo Asesor de la confecci\u00f3n de los nuevos Criterios y Est\u00e1ndares de Calidad y ha servido como par evaluador de la CNA. Ha sido miembro de comit\u00e9s de autoevaluaci\u00f3n para la acreditaci\u00f3n institucional en las instituciones en las que se ha desempe\u00f1ado. Tambi\u00e9n ha participado en la Comisi\u00f3n de Trabajo sobre Aseguramiento de la Calidad del MINEDUC, del Consejo Asesor Presidencial para Educaci\u00f3n Superior y de m\u00faltiples comit\u00e9s editoriales de revistas de educaci\u00f3n superior, nacionales e internacionales.<\/p>\n<p>Sus trabajos han sido publicados en las revistas Higher Education, Comparative Education Review, Journal of Education, Journal of Education Policy, ESE-Estudios sobre Educaci\u00f3n, Journal of Comparative Policy Analysis, y Journal of Interamerican Studies and World Affairs, entre otras.<\/p>\n<p>Actualmente Andr\u00e9s Bernasconi es el presidente de la Comisi\u00f3n Nacional de Acreditaci\u00f3n para el periodo 2022-2028, y profesor titular de la Facultad de Educaci\u00f3n de la Pontificia Universidad Cat\u00f3lica de Chile.<\/p>\n<p>&nbsp;<\/p>\n<p><strong><img loading=\"lazy\" decoding=\"async\" class=\"alignnone wp-image-11597 size-thumbnail\" src=\"https:\/\/oui-iohe.org\/wp-content\/uploads\/2022\/04\/jacqueline_rojas_foto_bn-1-150x150.png\" alt=\"\" width=\"150\" height=\"150\" srcset=\"https:\/\/oui-iohe.org\/wp-content\/uploads\/2022\/04\/jacqueline_rojas_foto_bn-1-150x150.png 150w, https:\/\/oui-iohe.org\/wp-content\/uploads\/2022\/04\/jacqueline_rojas_foto_bn-1-300x300.png 300w\" sizes=\"auto, (max-width: 150px) 100vw, 150px\" \/><\/strong><\/p>\n<p><strong>MAR\u00cdA JAQUELINE ROJAS R\u00cdOS<\/strong><\/p>\n<p><strong>Investigadora asociada del Instituto Interuniversitario de Investigaci\u00f3n Educativa (IESED-Chile)<\/strong><\/p>\n<p>Mar\u00eda Jacqueline Rojas R\u00edos\u00a0es trabajadora social\u00a0 de la Pontificia Universidad Cat\u00f3lica de Valpara\u00edso, Magister en Gesti\u00f3n de Pol\u00edticas Nacionales y Doctora en Educaci\u00f3n\u00a0 por la Universidad de Playa Ancha. Actualmente es profesora asociada de la\u00a0 Facultad de Ciencias de la educaci\u00f3n de la misma universidad.<\/p>\n<p>En su trayectoria profesional se ha desempe\u00f1ado en diversos cargos de gesti\u00f3n acad\u00e9mica a nivel universitario como Directora General de la Escuela de Postgrado, Directora General de investigaci\u00f3n de la Universidad de Playa Ancha.<\/p>\n<p>Ha sido evaluadora internacional para instituciones como SINAES en Costa Rica y ANEAES en Paraguay y evaluadora de proyectos de investigaci\u00f3n para diversas universidades chilenas.<\/p>\n<p>Actualmente es la Coordinadora Institucional para el trabajo en Red de universidades estatales de la Universidad de Playa Ancha e investigadora asociada del <em>Instituto Interuniversitario de Investigaci\u00f3n Educativa (IESED-Chile)<\/em> en el \u00e1rea de pol\u00edticas de Educaci\u00f3n Superior, donde posee diversas publicaciones\u00a0 y es la coordinadora para Chile\u00a0 del proyecto <em>\u201cExperiencias de aseguramiento de la calidad en la ense\u00f1anza superior en Quebec y Chile\u201d<\/em>.<\/p>\n<p>&nbsp;<\/p>\n<p><strong><img loading=\"lazy\" decoding=\"async\" class=\"alignnone wp-image-11605 size-thumbnail\" src=\"https:\/\/oui-iohe.org\/wp-content\/uploads\/2022\/04\/Daniel-Lopez_Foto_bn-1-150x150.png\" alt=\"\" width=\"150\" height=\"150\" srcset=\"https:\/\/oui-iohe.org\/wp-content\/uploads\/2022\/04\/Daniel-Lopez_Foto_bn-1-150x150.png 150w, https:\/\/oui-iohe.org\/wp-content\/uploads\/2022\/04\/Daniel-Lopez_Foto_bn-1-300x300.png 300w\" sizes=\"auto, (max-width: 150px) 100vw, 150px\" \/><\/strong><\/p>\n<p><strong>DANIEL L\u00d3PEZ STEFONI<\/strong><\/p>\n<p><strong>Director General del Instituto Interuniversitario de Investigaci\u00f3n Educativa (IESED-Chile)<\/strong><\/p>\n<p>Daniel L\u00f3pez Stefoni\u00a0es licenciado en Biolog\u00eda de la Universidad de Concepci\u00f3n \u00a0y doctor en Ciencias Biol\u00f3gicas de la Pontificia Universidad Cat\u00f3lica de Chile. Como investigador ha publicado numerosos art\u00edculos de corriente principal y libros en Ecolog\u00eda Marina, Acuicultura y Educaci\u00f3n Superior, principalmente en organizaci\u00f3n y gesti\u00f3n acad\u00e9mica y en\u00a0 aseguramiento de la calidad de universidades. Asimismo ha desarrollado proyectos financiados por agencias nacionales e internacionales.<\/p>\n<p>Ha ocupado los cargos de primer rector de la Universidad de Los Lagos, Vicerrector de Planificaci\u00f3n y Desarrollo de la Universidad de Los Lagos, Vicerrector de investigaci\u00f3n y Postgrado en la Universidad de Playa Ancha y en la Universidad Tecnol\u00f3gica Metropolitana.<\/p>\n<p>Consultor \u00a0de universidades nacionales y latinoamericanas y de organismos p\u00fablicos y privados de Chile en el \u00e1mbito de la educaci\u00f3n superior. Ha recibido honores acad\u00e9micos en varios pa\u00edses latinoamericanos.<\/p>\n<p>Actualmente es profesor titular e investigador de la Universidad de Los Lagos,\u00a0 Director General del Instituto Interuniversitario de Investigaci\u00f3n Educativa\u00a0(IESED-Chile) y Coordinador Principal de la Red de investigaci\u00f3n y formaci\u00f3n avanzada en educaci\u00f3n del sistema de universidades estatales de Chile.<\/p>\n<p>&nbsp;<\/p>\n<p><strong><img loading=\"lazy\" decoding=\"async\" class=\"alignnone wp-image-11567 size-thumbnail\" src=\"https:\/\/oui-iohe.org\/wp-content\/uploads\/2022\/04\/Claude-Mailhot_Foto_bn-150x150.png\" alt=\"\" width=\"150\" height=\"150\" srcset=\"https:\/\/oui-iohe.org\/wp-content\/uploads\/2022\/04\/Claude-Mailhot_Foto_bn-150x150.png 150w, https:\/\/oui-iohe.org\/wp-content\/uploads\/2022\/04\/Claude-Mailhot_Foto_bn-300x300.png 300w, https:\/\/oui-iohe.org\/wp-content\/uploads\/2022\/04\/Claude-Mailhot_Foto_bn-478x480.png 478w\" sizes=\"auto, (max-width: 150px) 100vw, 150px\" \/><\/strong><\/p>\n<p><strong>CLAUDE MAILHOT, <\/strong><strong>B. Pharm., D.P.H., Pharm.D.<\/strong><\/p>\n<p>Profesor titular de Farmacoterapia, Facultad de Farmacia Universidad de Montreal<\/p>\n<p>Presidente del Comit\u00e9 de Evaluaci\u00f3n del CIDPHARMEF<\/p>\n<p>Claude Mailhot es Licenciada en Farmacia con un Doctorado en Salud P\u00fablica y Farmace\u00fatica. Es profesora titular de Farmacoterapia en la Facultad de Farmacia de la Universit\u00e9 de Montr\u00e9al, Canad\u00e1. Fue Vicerrectora adjunta de Promoci\u00f3n de la Calidad en la Universidad de Montreal durante 8 a\u00f1os donde puso en marcha un enfoque sistem\u00e1tico de la evaluaci\u00f3n de programas y cre\u00f3 la Oficina de Promoci\u00f3n de la Calidad.\u00a0 Preside actualmente la Comisi\u00f3n de Evaluaci\u00f3n de la CIDPHARMEF (Conf\u00e9rence internationale des doyens des facult\u00e9s de pharmacie d&#8217;expression fran\u00e7aise), una red de la<em> Agence Universitaire de la Francophonie (AUF).<\/em> Entre sus proyectos, se interesa por los m\u00e9todos y el impacto de la evaluaci\u00f3n de la calidad de los programas.<\/p>\n<p>A lo largo de su carrera, ha sido Vicedecana de Estudios y ha participado en la elaboraci\u00f3n, la revisi\u00f3n o la implantaci\u00f3n de varios planes de estudio en el \u00e1rea de la farmacia y las ciencias farmac\u00e9uticas.<\/p>\n<p>Ha recibido numerosos premios a la excelencia docente. L&#8217;<em>Universit\u00e9 de Picardie Jules Verne<\/em> le concedi\u00f3 el Doctorado Honoris Causa en 2004, por su implicaci\u00f3n en el desarrollo de la farmacia cl\u00ednica y la atenci\u00f3n farmac\u00e9utica tanto a nivel nacional como internacional.<\/p>\n<p>&nbsp;<\/p>\n<p><strong><img loading=\"lazy\" decoding=\"async\" class=\"alignnone wp-image-11572 size-thumbnail\" src=\"https:\/\/oui-iohe.org\/wp-content\/uploads\/2022\/04\/Denis-Rousseau_Foto_bn-150x150.png\" alt=\"\" width=\"150\" height=\"150\" srcset=\"https:\/\/oui-iohe.org\/wp-content\/uploads\/2022\/04\/Denis-Rousseau_Foto_bn-150x150.png 150w, https:\/\/oui-iohe.org\/wp-content\/uploads\/2022\/04\/Denis-Rousseau_Foto_bn-300x300.png 300w\" sizes=\"auto, (max-width: 150px) 100vw, 150px\" \/><\/strong><\/p>\n<p><strong>DENIS ROUSSEAU<\/strong><\/p>\n<p><strong>Presidente de la Comisi\u00f3n de Evaluaci\u00f3n de la Educaci\u00f3n Media Superior (CEEC)<\/strong><\/p>\n<p>Denis Rousseau\u00a0es actualmente el Presidente de la Commission d\u2019\u00e9valuation de l\u2019enseignement coll\u00e9gial &#8211; CEEC (Comisi\u00f3n de Evaluaci\u00f3n de la Ense\u00f1anza Media Superior (CEEC). Con m\u00e1s de 25 a\u00f1os de experiencia en la ense\u00f1anza superior, ha ocupado los cargos de Director General en el C\u00e9gep(*) de Rosemont, Subdirector de Programas y Recursos Did\u00e1cticos y Director de Estudios y Asuntos Internacionales en el C\u00e9gep de Trois-Rivi\u00e8res. Trabaj\u00f3 en el C\u00e9gep de Beauce-Appalaches como profesor y luego como director de estudios. Tambi\u00e9n ha trabajado como gestor de proyectos para el Ministerio de Educaci\u00f3n y ha ocupado cargos directivos en la <em>\u00c9cole nationale d&#8217;administration publique (ENAP)<\/em> y el <em>Centre universitaire des Appalaches<\/em>. Tiene un m\u00e1ster de la \u00c9cole nationale d&#8217;administration publique y una licenciatura en literatura francesa de la <em>Universit\u00e9 Laval<\/em>.<\/p>\n<p>(*) C\u00c9GEP es el acr\u00f3nimo de Colegio de Ense\u00f1anza General y Profesional (Coll\u00e8ge d&#8217;enseignement g\u00e9n\u00e9ral et professionnel), que corresponde a un establecimiento p\u00fablico de ense\u00f1anza donde se ofrece el primer nivel de educaci\u00f3n superior. El C\u00c9GEP es exclusivo del sistema educativo de la provincia de Quebec, Canad\u00e1.<\/p>\n<p><img loading=\"lazy\" decoding=\"async\" class=\"alignnone wp-image-11610 size-thumbnail\" src=\"https:\/\/oui-iohe.org\/wp-content\/uploads\/2022\/04\/Alejandra-Contreras_Foto_bn-150x150.png\" alt=\"\" width=\"150\" height=\"150\" \/><\/p>\n<p><strong>ALEJANDRA CONTRERAS ALTMAN<\/strong><\/p>\n<p><strong>Directora ejecutiva del Consorcio de Universidades Estatales de Chile (CUECH)<\/strong><\/p>\n<p>Alejandra Contreras Altmann es licenciada en Derecho y abogada de la Pontificia Universidad Cat\u00f3lica de Chile, mag\u00edster en Gesti\u00f3n y Pol\u00edticas Publicas de la Universidad de Chile, y diplomada del Programa Latinoamericano de Gerencia P\u00fablica de la misma casa de estudios.<\/p>\n<p>Ha desarrollado una extensa trayectoria en Educaci\u00f3n Superior donde ha ocupado importantes cargos tanto \u00a0en el Consejo Superior de Educaci\u00f3n (actual Consejo Nacional de Educaci\u00f3n), como en el Ministerio de Educaci\u00f3n, primero como jefa del Componente de Fortalecimiento Institucional del Programa MECESUP, luego como \u00a0jefa del Departamento Jur\u00eddico de la Divisi\u00f3n de Educaci\u00f3n Superior, directora ejecutiva de la Comisi\u00f3n Administradora del Sistema de Cr\u00e9ditos para Estudios Superiores y jefa de la Divisi\u00f3n de Educaci\u00f3n Superior.<\/p>\n<p>Actualmente Alejandra Contreras se desempe\u00f1a como Directora Ejecutiva del Consorcio de Universidades Estatales de Chile (CUECH).<\/p>\n<p>&nbsp;<\/p>\n<p><img loading=\"lazy\" decoding=\"async\" class=\"alignnone wp-image-11624 size-thumbnail\" src=\"https:\/\/oui-iohe.org\/wp-content\/uploads\/2022\/04\/Oscar-_Foto_bn-1-150x150.png\" alt=\"\" width=\"150\" height=\"150\" srcset=\"https:\/\/oui-iohe.org\/wp-content\/uploads\/2022\/04\/Oscar-_Foto_bn-1-150x150.png 150w, https:\/\/oui-iohe.org\/wp-content\/uploads\/2022\/04\/Oscar-_Foto_bn-1-300x300.png 300w, https:\/\/oui-iohe.org\/wp-content\/uploads\/2022\/04\/Oscar-_Foto_bn-1-479x480.png 479w\" sizes=\"auto, (max-width: 150px) 100vw, 150px\" \/><\/p>\n<p><strong>\u00d3SCAR GARRIDO \u00c1LVAREZ<\/strong><\/p>\n<p><strong>Rector de La Universidad de Los Lagos<\/strong><\/p>\n<p>\u00d3scar Garrido \u00c1lvarez ejerce el cargo de Rector de La Universidad de Los Lagos desde el a\u00f1o 2009. Anteriormente desempe\u00f1\u00f3 diversos cargos directivos en la Universidad. Es miembro del Directorio del Consorcio de Universidades Estatales (CUECH) e integra el Comit\u00e9 Directivo del Plan de Fortalecimiento de Universidades Estatales. Preside desde el a\u00f1o 2017 la Organizaci\u00f3n Universitaria Interamericana (OUI).[\/vc_column_text][vc_column_text][\/vc_column_text][\/vc_tta_section][\/vc_tta_accordion][\/vc_column][\/vc_row]<\/p>\n<\/div>","protected":false},"excerpt":{"rendered":"<p>[vc_row][vc_column][vc_custom_heading text=\u00bb\u00abExperiencias de aseguramiento de la calidad en la educaci\u00f3n superior en Qu\u00e9bec y Chile\u00bb\u00bb font_container=\u00bbtag:h1|text_align:left\u00bb use_theme_fonts=\u00bbyes\u00bb][vc_column_text]El proyecto \u00abExperiencias de [&hellip;]<\/p>\n","protected":false},"author":4,"featured_media":0,"parent":0,"menu_order":0,"comment_status":"closed","ping_status":"closed","template":"","meta":{"_acf_changed":false,"_monsterinsights_skip_tracking":false,"_monsterinsights_sitenote_active":false,"_monsterinsights_sitenote_note":"","_monsterinsights_sitenote_category":0,"footnotes":""},"class_list":["post-11558","page","type-page","status-publish","hentry"],"acf":[],"aioseo_notices":[],"_links":{"self":[{"href":"https:\/\/oui-iohe.org\/es\/wp-json\/wp\/v2\/pages\/11558","targetHints":{"allow":["GET"]}}],"collection":[{"href":"https:\/\/oui-iohe.org\/es\/wp-json\/wp\/v2\/pages"}],"about":[{"href":"https:\/\/oui-iohe.org\/es\/wp-json\/wp\/v2\/types\/page"}],"author":[{"embeddable":true,"href":"https:\/\/oui-iohe.org\/es\/wp-json\/wp\/v2\/users\/4"}],"replies":[{"embeddable":true,"href":"https:\/\/oui-iohe.org\/es\/wp-json\/wp\/v2\/comments?post=11558"}],"version-history":[{"count":21,"href":"https:\/\/oui-iohe.org\/es\/wp-json\/wp\/v2\/pages\/11558\/revisions"}],"predecessor-version":[{"id":11785,"href":"https:\/\/oui-iohe.org\/es\/wp-json\/wp\/v2\/pages\/11558\/revisions\/11785"}],"wp:attachment":[{"href":"https:\/\/oui-iohe.org\/es\/wp-json\/wp\/v2\/media?parent=11558"}],"curies":[{"name":"wp","href":"https:\/\/api.w.org\/{rel}","templated":true}]}}