{"id":11683,"date":"2022-04-22T16:14:23","date_gmt":"2022-04-22T20:14:23","guid":{"rendered":"https:\/\/oui-iohe.org\/?page_id=11683"},"modified":"2026-03-16T13:44:00","modified_gmt":"2026-03-16T17:44:00","slug":"premio-mein","status":"publish","type":"page","link":"https:\/\/oui-iohe.org\/es\/premio-mein\/","title":{"rendered":"Premio MEIN 2026"},"content":{"rendered":"<div class=\"wpb-content-wrapper\"><p>[vc_row][vc_column][vc_custom_heading text=\u00bbPremio MEIN \u2013 6\u00aa edici\u00f3n\u00bb use_theme_fonts=\u00bbyes\u00bb css=\u00bb\u00bb][\/vc_column][\/vc_row][vc_row][vc_column][vc_column_text css=\u00bb\u00bb]<\/p>\n<h3><strong>Premio Interamericano en Modelos Educativos Innovadores en Educaci\u00f3n Superior<\/strong><\/h3>\n<p><strong>Modalidad Virtual, <b>5-7 de octubre de 2026<\/b><\/strong>[\/vc_column_text][\/vc_column][\/vc_row][vc_row][vc_column][vc_column_text css=\u00bb\u00bb]<span style=\"font-weight: 400;\">La <strong>Organizaci\u00f3n Universitaria Interamericana (OUI)<\/strong> y la <strong>Universidad Abierta Para Adultos, UAPA<\/strong> convocan a la sexta edici\u00f3n del <\/span><i><span style=\"font-weight: 400;\">Premio Interamericano en Modelos Educativos Innovadores en Educaci\u00f3n Superior (Premio MEIN-2026) <\/span><\/i><span style=\"font-weight: 400;\">a trav\u00e9s de la presentaci\u00f3n de estudios de caso que recojan pr\u00e1cticas innovadoras en Instituciones de Educaci\u00f3n Superior (IES).<\/span><\/p>\n<p dir=\"ltr\"><span style=\"font-weight: 400;\">La 6\u00aa edici\u00f3n del Premio MEIN se llevar\u00e1 a cabo en modalidad virtual, entre el 5 y 7 de octubre, bajo el tema <\/span><b>\u201cAnal\u00edtica de datos aplicada a la toma de decisiones en educaci\u00f3n superior\u201d<\/b><span style=\"font-weight: 400;\">. <\/span><\/p>\n<p>[\/vc_column_text][\/vc_column][\/vc_row][vc_row][vc_column][vc_tta_accordion style=\u00bbflat\u00bb shape=\u00bbsquare\u00bb color=\u00bbiohe-orange\u00bb gap=\u00bb35&#8243; c_icon=\u00bbchevron\u00bb c_position=\u00bbright\u00bb active_section=\u00bb9999&#8243; no_fill=\u00bbtrue\u00bb collapsible_all=\u00bbtrue\u00bb][vc_tta_section title=\u00bb1. CONDICIONES DEL CONCURSO\u00bb tab_id=\u00bb1710544733346-eee577dd-1b16&#8243;][vc_column_text css=\u00bb\u00bb]1.1 El concurso est\u00e1 abierto a todas las Instituciones de Educaci\u00f3n Superior (IES) miembro de la Organizaci\u00f3n Universitaria Interamericana (OUI)*, al d\u00eda con sus obligaciones estatutarias.<\/p>\n<p><span style=\"font-weight: 400;\">1.2 La convocatoria se realizar\u00e1 en dos etapas: la presentaci\u00f3n de res\u00famenes (Etapa 1), en la cual se seleccionar\u00e1 una lista corta de experiencias o estudios de caso, cuyos autores ser\u00e1n invitados a enviar el trabajo completo y presentarlo ante el jurado internacional (Etapa 2).<\/span><\/p>\n<p><span style=\"font-weight: 400;\">1.3 Los res\u00famenes y los trabajos completos podr\u00e1n ser enviados en cualquiera de los cuatro idiomas oficiales de la OUI: Espa\u00f1ol, Portugu\u00e9s, Franc\u00e9s o Ingl\u00e9s.<\/span><\/p>\n<p><span style=\"font-weight: 400;\">1.4 El Jurado premiar\u00e1 las tres mejores propuestas.<\/span><\/p>\n<p><span style=\"font-weight: 400;\">1.5 Se realizar\u00e1 una publicaci\u00f3n electr\u00f3nica con todos los trabajos completos enviados.<\/span><\/p>\n<p><span style=\"font-weight: 400;\">1.6 La participaci\u00f3n en la 6\u00aa edici\u00f3n del Premio MEIN no tiene ning\u00fan costo de inscripci\u00f3n para las IES participantes.<\/span><\/p>\n<p>&#8212; &#8212;<\/p>\n<p>*Para saber si su IES es miembro de la OUI puede consultar en:<br \/>\n<a href=\"https:\/\/oui-iohe.org\/es\/miembros-oui\/\">https:\/\/oui-iohe.org\/es\/miembros-oui\/<\/a>[\/vc_column_text][\/vc_tta_section][vc_tta_section title=\u00bb2. TEM\u00c1TICAS\u00bb tab_id=\u00bb1710544729708-f79b0705-a84f\u00bb][vc_column_text css=\u00bb\u00bb]<span style=\"font-weight: 400;\">Las investigaciones o casos deben abordar alguno de los siguientes ejes tem\u00e1ticos relacionados con el tema principal del llamado \u201cAnal\u00edtica de datos para la toma de decisiones en Educaci\u00f3n Superior\u201d<\/span><\/p>\n<p><b>2.1 Anal\u00edtica institucional para la planificaci\u00f3n estrat\u00e9gica y el aseguramiento de la calidad<\/b><\/p>\n<p><span style=\"font-weight: 400;\">Estudios de caso que documenten el uso de datos acad\u00e9micos, administrativos y financieros para apoyar decisiones institucionales vinculadas a planificaci\u00f3n estrat\u00e9gica, aseguramiento de la calidad, acreditaci\u00f3n, licenciamiento y mejora continua.<\/span><\/p>\n<p><b>2.2 Modelos predictivos para la gesti\u00f3n de la trayectoria estudiantil<\/b><\/p>\n<p><span style=\"font-weight: 400;\">Estudios de caso sobre la implementaci\u00f3n de modelos anal\u00edticos o predictivos utilizados para apoyar decisiones relacionadas con admisi\u00f3n, retenci\u00f3n, progresi\u00f3n acad\u00e9mica, titulaci\u00f3n oportuna y acompa\u00f1amiento estudiantil.<\/span><\/p>\n<p><b>2.3 Gobernanza, visualizaci\u00f3n y uso \u00e9tico de datos para la toma de decisiones<\/b><\/p>\n<p><span style=\"font-weight: 400;\">Estudios de caso que aborden experiencias institucionales en gobernanza de datos, dise\u00f1o y uso de dashboards para autoridades universitarias, as\u00ed como pr\u00e1cticas orientadas al uso \u00e9tico, responsable y transparente de la anal\u00edtica de datos.<\/span>[\/vc_column_text][\/vc_tta_section][vc_tta_section title=\u00bb3. CRITERIOS DE EVALUACI\u00d3N\u00bb tab_id=\u00bb1710544475510-1360164e-1d38&#8243;][vc_column_text css=\u00bb\u00bb]<span style=\"font-weight: 400;\">3.1 Los res\u00famenes enviados para la Etapa 1 del concurso ser\u00e1n valorados con base en los siguientes criterios:<\/span><\/p>\n<p><span style=\"font-weight: 400;\">a) Los res\u00famenes de los estudios de caso deber\u00e1n contener lo siguiente: t\u00edtulo, contexto de la investigaci\u00f3n, justificaci\u00f3n del problema, pregunta de investigaci\u00f3n, objetivo(s); m\u00e9todo o metodolog\u00eda, principales resultados y conclusiones. La extensi\u00f3n m\u00e1xima son 350 palabras y no se requiere incluir referencias bibliogr\u00e1ficas.\u00a0<\/span><\/p>\n<p><span style=\"font-weight: 400;\">b) Los res\u00famenes de casos que recojan pr\u00e1cticas innovadoras deber\u00e1n incluir; t\u00edtulo, contexto de la experiencia, necesidad que resolvi\u00f3, objetivos, aspectos metodol\u00f3gicos, evaluaci\u00f3n y resultados de la experiencia y conclusiones. La extensi\u00f3n m\u00e1xima son 350 palabras y no se requiere incluir referencias bibliogr\u00e1ficas.<\/span><\/p>\n<p><span style=\"font-weight: 400;\">3.2 Las propuestas seleccionadas para la Etapa 2 recibir\u00e1n las indicaciones para la presentaci\u00f3n y evaluaci\u00f3n de la propuesta completa.\u00a0<\/span>[\/vc_column_text][\/vc_tta_section][vc_tta_section title=\u00bb4. ENV\u00cdO DE RES\u00daMENES\u00bb tab_id=\u00bb1710544372680-691754f2-32fc\u00bb][vc_column_text css=\u00bb\u00bb]<span style=\"font-weight: 400;\">El resumen de la propuesta deber\u00e1 enviarse a trav\u00e9s del siguiente formulario <\/span><a href=\"https:\/\/docs.google.com\/forms\/d\/e\/1FAIpQLScKqmjGQhf_QwiO9sC0LU66vQvhm6_66gUcN6Y-o5qTqTwnOQ\/viewform?usp=header\"><span style=\"font-weight: 400;\">Formulario Premio MEIN 2026<\/span><\/a><span style=\"font-weight: 400;\"> a m\u00e1s tardar el <\/span><b>30 de abril de 2026<\/b><span style=\"font-weight: 400;\"> a las 23:59 hora de Montreal, Canad\u00e1 (UTC\/GMT \u2013 4 hours).<\/span>[\/vc_column_text][\/vc_tta_section][vc_tta_section title=\u00bb5. PREMIACI\u00d3N\u00bb tab_id=\u00bb1710542744960-a3c2edee-ecae\u00bb][vc_column_text css=\u00bb\u00bb]Los trabajos ganadores recibir\u00e1n los siguientes premios:<\/p>\n<p><strong>a) PRIMER LUGAR:<\/strong><\/p>\n<ul>\n<li>Un pasaje ida y vuelta a la persona responsable del proyecto ganador para asistir a la pr\u00f3xima edici\u00f3n del Congreso de las Am\u00e9ricas sobre Educaci\u00f3n Internacional (CAEI-2027)<\/li>\n<li>3 noches de hotel para asistir al CAEI para el\/la responsable del proyecto ganador.<\/li>\n<li>3 Inscripciones gratuitas al CAEI.<\/li>\n<\/ul>\n<p><strong>b) SEGUNDO LUGAR:<\/strong><\/p>\n<ul>\n<li>2 Inscripciones gratuitas al CAEI.<\/li>\n<\/ul>\n<p><strong>c) TERCER LUGAR:<\/strong><\/p>\n<ul>\n<li>1 Inscripci\u00f3n gratuita al CAEI.<\/li>\n<\/ul>\n<p>[\/vc_column_text][\/vc_tta_section][vc_tta_section title=\u00bb6. FECHAS IMPORTANTES\u00bb tab_id=\u00bb1712424269623-b3c093ec-5811&#8243;][vc_column_text css=\u00bb\u00bb]<\/p>\n<table>\n<tbody>\n<tr>\n<td><span style=\"font-weight: 400;\">Actividad<\/span><\/td>\n<td><span style=\"font-weight: 400;\">Plazo<\/span><\/td>\n<\/tr>\n<tr>\n<td><span style=\"font-weight: 400;\">Env\u00edo de res\u00famenes<\/span><\/td>\n<td><span style=\"font-weight: 400;\">30 de abril 2026<\/span><\/td>\n<\/tr>\n<tr>\n<td><span style=\"font-weight: 400;\">Selecci\u00f3n de res\u00famenes<\/span><\/td>\n<td><span style=\"font-weight: 400;\">1 de junio 2026<\/span><\/td>\n<\/tr>\n<tr>\n<td><span style=\"font-weight: 400;\">Env\u00edo de trabajos completos<\/span><\/td>\n<td><span style=\"font-weight: 400;\">31 de julio 2026<\/span><\/td>\n<\/tr>\n<tr>\n<td><span style=\"font-weight: 400;\">Programaci\u00f3n presentaciones\u00a0<\/span><\/td>\n<td><span style=\"font-weight: 400;\">28 de agosto<\/span><\/td>\n<\/tr>\n<tr>\n<td><span style=\"font-weight: 400;\">Concurso ante Jurado<\/span><\/td>\n<td><span style=\"font-weight: 400;\">5 &#8211; 7 de octubre\u00a0<\/span><\/td>\n<\/tr>\n<tr>\n<td><span style=\"font-weight: 400;\">Publicaci\u00f3n resultados del concurso<\/span><\/td>\n<td><span style=\"font-weight: 400;\">16 de octubre<\/span><\/td>\n<\/tr>\n<tr>\n<td><span style=\"font-weight: 400;\">Publicaci\u00f3n acad\u00e9mica de los trabajos presentados<\/span><\/td>\n<td><span style=\"font-weight: 400;\">1er trimestre 2027<\/span><\/td>\n<\/tr>\n<\/tbody>\n<\/table>\n<p>[\/vc_column_text][\/vc_tta_section][\/vc_tta_accordion][vc_column_text css=\u00bb\u00bb]<span style=\"font-weight: 400;\">El <\/span><i><span style=\"font-weight: 400;\">Premio MEIN <\/span><\/i><span style=\"font-weight: 400;\">es una iniciativa impulsada por la Organizaci\u00f3n Universitaria Interamericana (OUI) que busca promover el conocimiento, la difusi\u00f3n y el intercambio de tendencias y pr\u00e1cticas educativas innovadoras implementadas en las IES del continente. Desde 2016 se han realizado cinco ediciones del concurso que han movilizado m\u00e1s de 116 instituciones de educaci\u00f3n superior miembro de la OUI en 16 pa\u00edses del continente.<\/span><\/p>\n<p><span style=\"font-weight: 400;\">La sexta edici\u00f3n del Premio MEIN est\u00e1 co-organizada con la Universidad Abierta Para Adultos, UAPA.<\/span>[\/vc_column_text][vc_separator color=\u00bbiohe-orange\u00bb border_width=\u00bb6&#8243; css=\u00bb\u00bb][vc_empty_space][vc_column_text]<strong>Para m\u00e1s informaci\u00f3n o preguntas: <a href=\"mailto:mein@oui-iohe.org\">mein@oui-iohe.org<\/a><\/strong>[\/vc_column_text][\/vc_column][\/vc_row][vc_row][vc_column][vc_btn title=\u00bbLeer el llamado\u00bb style=\u00bbflat\u00bb shape=\u00bbsquare\u00bb color=\u00bbiohe-orange\u00bb css=\u00bb\u00bb link=\u00bburl:https%3A%2F%2Fdrive.google.com%2Ffile%2Fd%2F1YAgMxsWslLX15aC7ndNNtvWDMGQkEdFG%2Fview%3Fusp%3Ddrive_link\u00bb][\/vc_column][\/vc_row]<\/p>\n<\/div>","protected":false},"excerpt":{"rendered":"<p>[vc_row][vc_column][vc_custom_heading text=\u00bbPremio MEIN \u2013 6\u00aa edici\u00f3n\u00bb use_theme_fonts=\u00bbyes\u00bb css=\u00bb\u00bb][\/vc_column][\/vc_row][vc_row][vc_column][vc_column_text css=\u00bb\u00bb] Premio Interamericano en Modelos Educativos Innovadores en Educaci\u00f3n Superior Modalidad Virtual, [&hellip;]<\/p>\n","protected":false},"author":4,"featured_media":20713,"parent":0,"menu_order":0,"comment_status":"closed","ping_status":"closed","template":"","meta":{"_acf_changed":false,"_monsterinsights_skip_tracking":false,"_monsterinsights_sitenote_active":false,"_monsterinsights_sitenote_note":"","_monsterinsights_sitenote_category":0,"footnotes":""},"class_list":["post-11683","page","type-page","status-publish","has-post-thumbnail","hentry"],"acf":[],"aioseo_notices":[],"_links":{"self":[{"href":"https:\/\/oui-iohe.org\/es\/wp-json\/wp\/v2\/pages\/11683","targetHints":{"allow":["GET"]}}],"collection":[{"href":"https:\/\/oui-iohe.org\/es\/wp-json\/wp\/v2\/pages"}],"about":[{"href":"https:\/\/oui-iohe.org\/es\/wp-json\/wp\/v2\/types\/page"}],"author":[{"embeddable":true,"href":"https:\/\/oui-iohe.org\/es\/wp-json\/wp\/v2\/users\/4"}],"replies":[{"embeddable":true,"href":"https:\/\/oui-iohe.org\/es\/wp-json\/wp\/v2\/comments?post=11683"}],"version-history":[{"count":62,"href":"https:\/\/oui-iohe.org\/es\/wp-json\/wp\/v2\/pages\/11683\/revisions"}],"predecessor-version":[{"id":20820,"href":"https:\/\/oui-iohe.org\/es\/wp-json\/wp\/v2\/pages\/11683\/revisions\/20820"}],"wp:featuredmedia":[{"embeddable":true,"href":"https:\/\/oui-iohe.org\/es\/wp-json\/wp\/v2\/media\/20713"}],"wp:attachment":[{"href":"https:\/\/oui-iohe.org\/es\/wp-json\/wp\/v2\/media?parent=11683"}],"curies":[{"name":"wp","href":"https:\/\/api.w.org\/{rel}","templated":true}]}}