{"id":11933,"date":"2022-05-18T15:50:30","date_gmt":"2022-05-18T19:50:30","guid":{"rendered":"https:\/\/oui-iohe.org\/?page_id=11933"},"modified":"2022-05-19T18:35:23","modified_gmt":"2022-05-19T22:35:23","slug":"nuestro-logo","status":"publish","type":"page","link":"https:\/\/oui-iohe.org\/es\/nuestro-logo\/","title":{"rendered":"Nuestro logo"},"content":{"rendered":"<div class=\"wpb-content-wrapper\"><p>[vc_row][vc_column][vc_custom_heading text=\u00bbNuestro logo\u00bb use_theme_fonts=\u00bbyes\u00bb][\/vc_column][\/vc_row][vc_row][vc_column][vc_column_text]La estructura del logo de la Organizaci\u00f3n Universitaria Interamericana corresponde a la misi\u00f3n y los valores que nuestra organizaci\u00f3n siempre ha mantenido y proyectado. La OUI se posiciona como un referente de liderazgo interamericano y aliada estrat\u00e9gica de las IES para consolidar su rol como motores del cambio social en la b\u00fasqueda de superaci\u00f3n de las desigualdades sociales y la promoci\u00f3n de la sociedad del conocimiento.<\/p>\n<p>Esto es lo que la representaci\u00f3n del continente americano ha tratado de mostrar, con una serie de tres olas cuyo perpetuo movimiento norte\/sur \u2013 sur\/norte recuerda la uni\u00f3n y las relaciones entre las nueve regiones que conforman la OUI, la efervescencia y movilidad que caracterizan la internacionalizaci\u00f3n de la educaci\u00f3n superior y los constantes vientos de cambio que soplan en el sector.<\/p>\n<p>El color<strong>\u00a0NARANJA<\/strong>\u00a0hace eco a la idea de movimiento y resalta la fuerza que distingue la OUI en cuanto a la innovaci\u00f3n, la energ\u00eda y la creatividad que genera dentro de su red.<\/p>\n<p>El uso del color <strong>VERDE <\/strong>confirma esta firma y el lugar que la OUI ha creado a lo largo del tiempo dentro de la comunidad universitaria. El verde es de hecho el s\u00edmbolo del crecimiento, la estabilidad y el equilibrio.<\/p>\n<p>Esta imagen es, por lo tanto, un reflejo de la fuerza de la OUI en su ambiente y su apertura a un mundo \u00absin fronteras\u00bb, como imaginaron sus fundadores.<\/p>\n<p>&nbsp;<\/p>\n<p><img loading=\"lazy\" decoding=\"async\" class=\"aligncenter wp-image-11936 \" src=\"https:\/\/oui-iohe.org\/wp-content\/uploads\/2022\/05\/Logo-OUI-Completo-Web-1024x276.jpg\" alt=\"\" width=\"503\" height=\"118\" \/><\/p>\n<p>&nbsp;<\/p>\n<p>El logo de la OUI debe ser incluido en todas las piezas promocionales y de divulgaci\u00f3n, as\u00ed como en los documentos informativos elaborados en el marco de los proyectos o convenios soportados por la Organizaci\u00f3n Universitaria Interamericana.<\/p>\n<p>Las proporciones del logo son determinadas y fijas. Bajo ninguna circunstancia deben alterarse o cambiar su formato o estructura.<\/p>\n<p><a href=\"https:\/\/oui-iohe.org\/wp-content\/uploads\/2022\/05\/Logo-OUI-Completo-web.png\">Descargue el logo a color en formato PNG<\/a><\/p>\n<p><a href=\"https:\/\/oui-iohe.org\/wp-content\/uploads\/2022\/05\/Logo-OUI-Completo-Print.jpg\">Descargue el logo a color en formato JPG<\/a><\/p>\n<p><a href=\"https:\/\/oui-iohe.org\/wp-content\/uploads\/2022\/05\/Logo-OUI-Completo-Blanco.png\">Descargue la versi\u00f3n en blanco del logo en formato PNG<\/a><\/p>\n<p><a href=\"https:\/\/oui-iohe.org\/wp-content\/uploads\/2022\/05\/Logo-OUI-Completo-Negro.png\">Descargue la versi\u00f3n en negro del logo en formato PNG<\/a><\/p>\n<p>*El logo de la Organizaci\u00f3n Universitaria Interamericana (OUI) es propiedad exclusiva de la organizaci\u00f3n y est\u00e1 protegido por el derecho internacional. Su uso sin autorizaci\u00f3n est\u00e1 prohibido. Para mayor informaci\u00f3n o solicitudes adicionales: info@oui-iohe.org[\/vc_column_text][\/vc_column][\/vc_row]<\/p>\n<\/div>","protected":false},"excerpt":{"rendered":"<p>[vc_row][vc_column][vc_custom_heading text=\u00bbNuestro logo\u00bb use_theme_fonts=\u00bbyes\u00bb][\/vc_column][\/vc_row][vc_row][vc_column][vc_column_text]La estructura del logo de la Organizaci\u00f3n Universitaria Interamericana corresponde a la misi\u00f3n y los valores que [&hellip;]<\/p>\n","protected":false},"author":4,"featured_media":0,"parent":0,"menu_order":0,"comment_status":"closed","ping_status":"closed","template":"","meta":{"_acf_changed":false,"_monsterinsights_skip_tracking":false,"_monsterinsights_sitenote_active":false,"_monsterinsights_sitenote_note":"","_monsterinsights_sitenote_category":0,"footnotes":""},"class_list":["post-11933","page","type-page","status-publish","hentry"],"acf":[],"aioseo_notices":[],"_links":{"self":[{"href":"https:\/\/oui-iohe.org\/es\/wp-json\/wp\/v2\/pages\/11933","targetHints":{"allow":["GET"]}}],"collection":[{"href":"https:\/\/oui-iohe.org\/es\/wp-json\/wp\/v2\/pages"}],"about":[{"href":"https:\/\/oui-iohe.org\/es\/wp-json\/wp\/v2\/types\/page"}],"author":[{"embeddable":true,"href":"https:\/\/oui-iohe.org\/es\/wp-json\/wp\/v2\/users\/4"}],"replies":[{"embeddable":true,"href":"https:\/\/oui-iohe.org\/es\/wp-json\/wp\/v2\/comments?post=11933"}],"version-history":[{"count":6,"href":"https:\/\/oui-iohe.org\/es\/wp-json\/wp\/v2\/pages\/11933\/revisions"}],"predecessor-version":[{"id":11935,"href":"https:\/\/oui-iohe.org\/es\/wp-json\/wp\/v2\/pages\/11933\/revisions\/11935"}],"wp:attachment":[{"href":"https:\/\/oui-iohe.org\/es\/wp-json\/wp\/v2\/media?parent=11933"}],"curies":[{"name":"wp","href":"https:\/\/api.w.org\/{rel}","templated":true}]}}