{"id":1206,"date":"2018-11-26T15:13:06","date_gmt":"2018-11-26T20:13:06","guid":{"rendered":"http:\/\/www.oui-iohe.org\/?page_id=1206"},"modified":"2022-02-17T16:45:11","modified_gmt":"2022-02-17T21:45:11","slug":"servicios-academicos","status":"publish","type":"page","link":"https:\/\/oui-iohe.org\/es\/servicios-academicos\/","title":{"rendered":"Servicios acad\u00e9micos"},"content":{"rendered":"<div class=\"wpb-content-wrapper\"><p>[vc_row][vc_column][vc_custom_heading source=\u00bbpost_title\u00bb font_container=\u00bbtag:h1|text_align:left\u00bb use_theme_fonts=\u00bbyes\u00bb][vc_empty_space height=\u00bb40px\u00bb][vc_column_text]Reconociendo la importancia de alentar a las instituciones de educaci\u00f3n superior (IES) en las Am\u00e9ricas a participar en un \u00e1rea com\u00fan de colaboraci\u00f3n, la Organizaci\u00f3n Universitaria Interamericana (OUI) tiene cinco programas que abordan los cinco ejes de su <a href=\"http:\/\/www.oui-iohe.org\/wp-content\/uploads\/2018\/11\/2-Plan-Estrategico-2017-2022_ES.pdf\" target=\"_blank\" rel=\"noopener noreferrer\"><strong>Plan Estrat\u00e9gico 2017-2022<\/strong><\/a>:[\/vc_column_text][\/vc_column][\/vc_row][vc_row][vc_column width=\u00bb1\/3&#8243;][vc_separator color=\u00bbiohe-orange\u00bb border_width=\u00bb6&#8243;][vc_custom_heading text=\u00bbCompromiso social\u00bb font_container=\u00bbtag:h4|text_align:center\u00bb use_theme_fonts=\u00bbyes\u00bb][\/vc_column][vc_column width=\u00bb1\/3&#8243;][vc_separator color=\u00bbiohe-orange\u00bb border_width=\u00bb6&#8243;][vc_custom_heading text=\u00bbInnovaci\u00f3n\u00bb font_container=\u00bbtag:h4|text_align:center\u00bb use_theme_fonts=\u00bbyes\u00bb][\/vc_column][vc_column width=\u00bb1\/3&#8243;][vc_separator color=\u00bbiohe-orange\u00bb border_width=\u00bb6&#8243;][vc_custom_heading text=\u00bbInternacionalizaci\u00f3n\u00bb font_container=\u00bbtag:h4|text_align:center\u00bb use_theme_fonts=\u00bbyes\u00bb][\/vc_column][\/vc_row][vc_row css=\u00bb.vc_custom_1542742480541{padding-top: 0px !important;}\u00bb][vc_column width=\u00bb1\/6&#8243;][\/vc_column][vc_column width=\u00bb1\/3&#8243;][vc_separator color=\u00bbiohe-orange\u00bb border_width=\u00bb6&#8243;][vc_custom_heading text=\u00bbDesarrollo sostenible\u00bb font_container=\u00bbtag:h4|text_align:center\u00bb use_theme_fonts=\u00bbyes\u00bb][\/vc_column][vc_column width=\u00bb1\/3&#8243;][vc_separator color=\u00bbiohe-orange\u00bb border_width=\u00bb6&#8243;][vc_custom_heading text=\u00bbGesti\u00f3n organizacional y liderazgo\u00bb font_container=\u00bbtag:h4|text_align:center\u00bb use_theme_fonts=\u00bbyes\u00bb][\/vc_column][vc_column width=\u00bb1\/6&#8243;][\/vc_column][\/vc_row][vc_row][vc_column][vc_column_text]Gracias a su liderazgo, experiencia y actividades interamericanas e interculturales, la OUI ofrece, a todos sus miembros asociados, programas y actividades de capacitaci\u00f3n y una amplia gama de expertos para implementar estrategias innovadoras para compartir las mejores pr\u00e1cticas y abordar los avances y desaf\u00edos sectoriales y el estado actual de la internacionalizaci\u00f3n y sus perspectivas de futuro.[\/vc_column_text][\/vc_column][\/vc_row][vc_row full_width=\u00bbstretch_row\u00bb css=\u00bb.vc_custom_1542742608052{padding-top: 25px !important;background-color: #f1f1f1 !important;}\u00bb][vc_column][vc_column_text]Participar en los programas de la OUI significa tener acceso a una <strong>variedad de servicios y productos<\/strong><strong>\u00a0acad\u00e9micos<\/strong> ofrecidos por IGLU, COLAM, CAMPUS, EMULIES y EIESTEC:[\/vc_column_text][\/vc_column][\/vc_row][vc_row full_width=\u00bbstretch_row\u00bb css=\u00bb.vc_custom_1542741514740{background-color: #f1f1f1 !important;}\u00bb][vc_column width=\u00bb1\/3&#8243;][vc_separator color=\u00bbiohe-orange\u00bb border_width=\u00bb6&#8243;][vc_single_image image=\u00bb1228&#8243; img_size=\u00bbfull\u00bb alignment=\u00bbcenter\u00bb css=\u00bb.vc_custom_1543263920205{margin-bottom: 15px !important;}\u00bb][vc_column_text el_class=\u00bbfw-medium\u00bb css=\u00bb.vc_custom_1550765651522{margin-bottom: 0px !important;}\u00bb]Participar en la capacitaci\u00f3n de gerentes de proyectos universitarios como parte del programa del <strong>Instituto de Gesti\u00f3n y Liderazgo Universitario<\/strong> (IGLU).<\/p>\n<p><strong><a href=\"http:\/\/oui-iohe.org\/es\/iglu\/\" target=\"_blank\" rel=\"noopener noreferrer\">M\u00c1S INFO &gt;<\/a><\/strong>[\/vc_column_text][\/vc_column][vc_column width=\u00bb1\/3&#8243;][vc_separator color=\u00bbiohe-orange\u00bb border_width=\u00bb6&#8243;][vc_single_image image=\u00bb1216&#8243; img_size=\u00bbfull\u00bb alignment=\u00bbcenter\u00bb css=\u00bb.vc_custom_1543263929622{margin-bottom: 15px !important;}\u00bb][vc_column_text el_class=\u00bbfw-medium\u00bb css=\u00bb.vc_custom_1550765658512{margin-bottom: 0px !important;}\u00bb]Integrar las redes interamericanas de capacitaci\u00f3n del <strong>Colegio de las Am\u00e9ricas<\/strong> (COLAM).<\/p>\n<p><strong><a href=\"http:\/\/oui-iohe.org\/es\/colam\/\" target=\"_blank\" rel=\"noopener noreferrer\">M\u00c1S INFO &gt;<\/a><\/strong>[\/vc_column_text][\/vc_column][vc_column width=\u00bb1\/3&#8243;][vc_separator color=\u00bbiohe-orange\u00bb border_width=\u00bb6&#8243;][vc_single_image image=\u00bb1212&#8243; img_size=\u00bbfull\u00bb alignment=\u00bbcenter\u00bb css=\u00bb.vc_custom_1543263941512{margin-bottom: 15px !important;}\u00bb][vc_column_text el_class=\u00bbfw-medium\u00bb css=\u00bb.vc_custom_1550765674974{margin-bottom: 0px !important;}\u00bb]Acceder, a trav\u00e9s del <strong>programa CAMPUS<\/strong>, a nuevas iniciativas que promuevan la cooperaci\u00f3n entre universidades en torno a la responsabilidad social universitaria, temas de desarrollo sostenible y nuevos modelos de estudio a nivel doctoral y virtual.<\/p>\n<p><strong><a href=\"http:\/\/oui-iohe.org\/es\/campus\/\" target=\"_blank\" rel=\"noopener noreferrer\">M\u00c1S INFO &gt;<\/a><\/strong>[\/vc_column_text][\/vc_column][\/vc_row][vc_row full_width=\u00bbstretch_row\u00bb css=\u00bb.vc_custom_1542742841986{background-color: #f1f1f1 !important;}\u00bb][vc_column width=\u00bb1\/6&#8243;][\/vc_column][vc_column width=\u00bb1\/3&#8243;][vc_separator color=\u00bbiohe-orange\u00bb border_width=\u00bb6&#8243;][vc_single_image image=\u00bb1224&#8243; img_size=\u00bbfull\u00bb alignment=\u00bbcenter\u00bb css=\u00bb.vc_custom_1543263951126{margin-bottom: 15px !important;}\u00bb][vc_column_text el_class=\u00bbfw-medium\u00bb css=\u00bb.vc_custom_1550765683256{margin-bottom: 0px !important;}\u00bb]Participar en grupos de investigaci\u00f3n y desarrollo sobre temas como la equidad de g\u00e9nero, la posici\u00f3n de las mujeres l\u00edderes, la gobernabilidad o los derechos humanos dentro del programa de <strong>Mujeres l\u00edderes de instituciones de educaci\u00f3n superior en las Am\u00e9ricas<\/strong> (EMULIES).<\/p>\n<p><strong><a href=\"http:\/\/oui-iohe.org\/es\/emulies\/\" target=\"_blank\" rel=\"noopener noreferrer\">M\u00c1S INFO &gt;<\/a><\/strong>[\/vc_column_text][\/vc_column][vc_column width=\u00bb1\/3&#8243;][vc_separator color=\u00bbiohe-orange\u00bb border_width=\u00bb6&#8243;][vc_single_image image=\u00bb1916&#8243; alignment=\u00bbcenter\u00bb css=\u00bb.vc_custom_1544473949289{margin-bottom: 15px !important;}\u00bb][vc_column_text css=\u00bb.vc_custom_1550765689759{margin-bottom: 0px !important;}\u00bb el_class=\u00bbfw-medium\u00bb]Participar en varias iniciativas relacionadas con la cooperaci\u00f3n en el campo de la innovaci\u00f3n, la ciencia y la tecnolog\u00eda dentro de la IES t\u00e9cnica y tecnol\u00f3gica y a trav\u00e9s del <strong>Espacio Interamericano para la Educaci\u00f3n superior T\u00e9cnica y Tecnol\u00f3gica<\/strong> (EIESTEC).<\/p>\n<p><strong><a href=\"http:\/\/oui-iohe.org\/es\/eiestec\/\" target=\"_blank\" rel=\"noopener noreferrer\">M\u00c1S INFO &gt;<\/a><\/strong>[\/vc_column_text][\/vc_column][vc_column width=\u00bb1\/6&#8243;][\/vc_column][\/vc_row][vc_row full_width=\u00bbstretch_row\u00bb css=\u00bb.vc_custom_1542742892016{margin-bottom: -40px !important;padding-top: 25px !important;background-color: #f1f1f1 !important;}\u00bb][vc_column][vc_btn title=\u00bbDescubrir los cursos\u00bb style=\u00bbflat\u00bb shape=\u00bbsquare\u00bb color=\u00bbiohe-orange\u00bb align=\u00bbcenter\u00bb link=\u00bburl:https%3A%2F%2Faula.ouivirtual.org%2F%20%20||target:%20_blank|\u00bb][\/vc_column][\/vc_row]<\/p>\n<\/div>","protected":false},"excerpt":{"rendered":"<p>[vc_row][vc_column][vc_custom_heading source=\u00bbpost_title\u00bb font_container=\u00bbtag:h1|text_align:left\u00bb use_theme_fonts=\u00bbyes\u00bb][vc_empty_space height=\u00bb40px\u00bb][vc_column_text]Reconociendo la importancia de alentar a las instituciones de educaci\u00f3n superior (IES) en las Am\u00e9ricas a [&hellip;]<\/p>\n","protected":false},"author":4,"featured_media":1207,"parent":0,"menu_order":0,"comment_status":"closed","ping_status":"closed","template":"","meta":{"_acf_changed":false,"_monsterinsights_skip_tracking":false,"_monsterinsights_sitenote_active":false,"_monsterinsights_sitenote_note":"","_monsterinsights_sitenote_category":0,"footnotes":""},"class_list":["post-1206","page","type-page","status-publish","has-post-thumbnail","hentry"],"acf":[],"aioseo_notices":[],"_links":{"self":[{"href":"https:\/\/oui-iohe.org\/es\/wp-json\/wp\/v2\/pages\/1206","targetHints":{"allow":["GET"]}}],"collection":[{"href":"https:\/\/oui-iohe.org\/es\/wp-json\/wp\/v2\/pages"}],"about":[{"href":"https:\/\/oui-iohe.org\/es\/wp-json\/wp\/v2\/types\/page"}],"author":[{"embeddable":true,"href":"https:\/\/oui-iohe.org\/es\/wp-json\/wp\/v2\/users\/4"}],"replies":[{"embeddable":true,"href":"https:\/\/oui-iohe.org\/es\/wp-json\/wp\/v2\/comments?post=1206"}],"version-history":[{"count":19,"href":"https:\/\/oui-iohe.org\/es\/wp-json\/wp\/v2\/pages\/1206\/revisions"}],"predecessor-version":[{"id":11089,"href":"https:\/\/oui-iohe.org\/es\/wp-json\/wp\/v2\/pages\/1206\/revisions\/11089"}],"wp:featuredmedia":[{"embeddable":true,"href":"https:\/\/oui-iohe.org\/es\/wp-json\/wp\/v2\/media\/1207"}],"wp:attachment":[{"href":"https:\/\/oui-iohe.org\/es\/wp-json\/wp\/v2\/media?parent=1206"}],"curies":[{"name":"wp","href":"https:\/\/api.w.org\/{rel}","templated":true}]}}