{"id":12278,"date":"2022-08-04T14:26:02","date_gmt":"2022-08-04T18:26:02","guid":{"rendered":"https:\/\/oui-iohe.org\/?page_id=12278"},"modified":"2022-08-04T20:02:11","modified_gmt":"2022-08-05T00:02:11","slug":"pasantia-virtual","status":"publish","type":"page","link":"https:\/\/oui-iohe.org\/es\/pasantia-virtual\/","title":{"rendered":"Pasant\u00eda Virtual \u2013 Secretar\u00eda General Ejecutiva"},"content":{"rendered":"<h1><strong>Pasant\u00eda Virtual<\/strong><\/h1>\n<h4><strong>Secretar\u00eda General Ejecutiva de la OUI <\/strong><strong>2022-II<\/strong><\/h4>\n<p>&nbsp;<\/p>\n<table width=\"104%\">\n<tbody>\n<tr>\n<td width=\"25%\"><strong>Dirigido a<\/strong><\/td>\n<td colspan=\"2\" width=\"74%\">Estudiantes de \u00faltimo a\u00f1o o recientemente egresados (m\u00e1ximo un a\u00f1o) de instituciones de educaci\u00f3n superior (IES) de la OUI que tengan su membres\u00eda activa.<\/td>\n<\/tr>\n<tr>\n<td width=\"25%\"><strong>Nivel<\/strong><\/td>\n<td colspan=\"2\" width=\"74%\">Pregrado\/Licenciatura o Maestr\u00eda<\/td>\n<\/tr>\n<tr>\n<td width=\"25%\"><strong>Unidades Acad\u00e9micas \/ Facultades<\/strong><\/td>\n<td colspan=\"2\" width=\"74%\">Comunicaci\u00f3n y Marketing, Dise\u00f1o gr\u00e1fico o Audiovisual, Administraci\u00f3n, Cooperaci\u00f3n o Relaciones Internacionales<\/td>\n<\/tr>\n<tr>\n<td width=\"25%\"><strong>Documentaci\u00f3n <\/strong><\/td>\n<td colspan=\"2\" width=\"74%\">\n<ul>\n<li>Completar el formulario del siguiente enlace y adjuntar los documentos indicados: \u00a0<a href=\"https:\/\/forms.gle\/pJDXGsNNCyGfnfca6\">https:\/\/forms.gle\/pJDXGsNNCyGfnfca6<\/a><\/li>\n<li>CV<\/li>\n<li>Carta de motivaci\u00f3n<\/li>\n<li>Carta de apoyo institucional<\/li>\n<li>Prueba de estudiante o egresado de una IES miembro de la OUI (verificar la lista de IES afiliadas a la OUI, <a style=\"font-family: inherit; font-size: inherit;\" href=\"https:\/\/oui-iohe.org\/es\/miembros-oui\/\">Aqu\u00ed<\/a><span style=\"font-family: inherit; font-size: inherit;\"> )<\/span><\/li>\n<\/ul>\n<\/td>\n<\/tr>\n<tr>\n<td width=\"25%\"><strong>Duraci\u00f3n<\/strong><\/td>\n<td colspan=\"2\" width=\"74%\">\n<ul>\n<li>De 3 a 6 meses<\/li>\n<li>Fecha de inicio: 12 de septiembre 2022<\/li>\n<\/ul>\n<\/td>\n<\/tr>\n<tr>\n<td width=\"25%\"><strong>Nro. D\u00edas\/Sem<\/strong><\/td>\n<td colspan=\"2\" width=\"74%\">\n<ul>\n<li>M\u00ednimo de 3 d\u00edas<\/li>\n<\/ul>\n<\/td>\n<\/tr>\n<tr>\n<td width=\"25%\"><strong>Postulantes de<\/strong><\/p>\n<p><strong>Comunicaciones, Marketing, Dise\u00f1o Gr\u00e1fico y Audiovisual<\/strong><\/td>\n<td width=\"37%\"><strong>PERFIL<\/strong><\/p>\n<ul>\n<li>Capacidad para trabajar en un entorno internacional y multicultural.<\/li>\n<li>Dominio de dos idiomas oficiales de la OUI (espa\u00f1ol, ingl\u00e9s, franc\u00e9s o portugu\u00e9s)<\/li>\n<li>Conocimiento web: WordPress, Mailchimp<\/li>\n<li>Conocimiento en marketing digital y redes sociales (twiter, Facebook, linkedin, instagram)<\/li>\n<li>Conocimiento de Photoshop e Illustrator<\/li>\n<\/ul>\n<\/td>\n<td width=\"37%\"><strong>RESPONSABILIDADES<\/strong><\/p>\n<ul>\n<li>Apoyo a la responsable de comunicaci\u00f3n en las estrategias de difusi\u00f3n de las actividades de la OUI<\/li>\n<li>Apoyar la difusi\u00f3n en redes sociales del Congreso Internacional sobre Conocimiento e Innovaci\u00f3n (ciKi)<\/li>\n<li>Apoyo en la promoci\u00f3n del Congreso de las Am\u00e9ricas sobre Educaci\u00f3n Internacional (CAEI)<\/li>\n<li>Apoyar la redacci\u00f3n, edici\u00f3n y traducci\u00f3n de los documentos requeridos<\/li>\n<li>Realizar cualquier otra tarea de naturaleza similar o de car\u00e1cter general relacionada con las actividades de la organizaci\u00f3n.<\/li>\n<\/ul>\n<\/td>\n<\/tr>\n<tr>\n<td width=\"25%\"><strong>Postulantes de Administraci\u00f3n, Cooperaci\u00f3n Internacional y Relaciones Internacionales<\/strong><\/p>\n<p><strong>\u00a0<\/strong><\/td>\n<td width=\"37%\"><strong>PERFIL<\/strong><\/p>\n<ul>\n<li>Capacidad para trabajar en un entorno internacional y multicultural.<\/li>\n<li><span style=\"font-family: inherit; font-size: inherit;\">\u00a0<\/span>Dominio de dos idiomas oficiales de la OUI (espa\u00f1ol, ingl\u00e9s, franc\u00e9s o portugu\u00e9s)<\/li>\n<li>Buena capacidad de gesti\u00f3n y organizaci\u00f3n del trabajo<\/li>\n<li>Se valorar\u00e1 el conocimiento de las relaciones internacionales y la internacionalizaci\u00f3n de la educaci\u00f3n superior<\/li>\n<\/ul>\n<p>&nbsp;<\/p>\n<p>&nbsp;<\/td>\n<td width=\"37%\"><strong>RESPONSABILIDADES<\/strong><\/p>\n<ul>\n<li>Apoyar la coordinaci\u00f3n general de las reuniones institucionales, espec\u00edficamente las reuniones de la Junta Directiva y Asamblea General<\/li>\n<li>Dar seguimiento puntual a la operaci\u00f3n de las actividades institucionales<\/li>\n<li>Apoyar la redacci\u00f3n, edici\u00f3n y traducci\u00f3n de los documentos requeridos<\/li>\n<li>Realizar cualquier otra tarea de naturaleza similar o de car\u00e1cter general relacionada con las actividades de la organizaci\u00f3n.<\/li>\n<\/ul>\n<\/td>\n<\/tr>\n<tr>\n<td width=\"25%\"><strong>Plazo de candidaturas<\/strong><\/td>\n<td colspan=\"2\" width=\"74%\">Plazo de recepci\u00f3n de candidaturas: <strong>05 de septiembre 2022<\/strong><\/td>\n<\/tr>\n<tr>\n<td width=\"25%\"><strong>Correo de contacto<\/strong><\/td>\n<td colspan=\"2\" width=\"74%\">Puede dirigir sus consultas a info@oui-iophe.org<\/td>\n<\/tr>\n<\/tbody>\n<\/table>\n<p>&nbsp;<\/p>\n","protected":false},"excerpt":{"rendered":"<p>Pasant\u00eda Virtual Secretar\u00eda General Ejecutiva de la OUI 2022-II &nbsp; Dirigido a Estudiantes de \u00faltimo a\u00f1o o recientemente egresados (m\u00e1ximo [&hellip;]<\/p>\n","protected":false},"author":4,"featured_media":0,"parent":0,"menu_order":0,"comment_status":"closed","ping_status":"closed","template":"","meta":{"_acf_changed":false,"_monsterinsights_skip_tracking":false,"_monsterinsights_sitenote_active":false,"_monsterinsights_sitenote_note":"","_monsterinsights_sitenote_category":0,"footnotes":""},"class_list":["post-12278","page","type-page","status-publish","hentry"],"acf":[],"aioseo_notices":[],"_links":{"self":[{"href":"https:\/\/oui-iohe.org\/es\/wp-json\/wp\/v2\/pages\/12278","targetHints":{"allow":["GET"]}}],"collection":[{"href":"https:\/\/oui-iohe.org\/es\/wp-json\/wp\/v2\/pages"}],"about":[{"href":"https:\/\/oui-iohe.org\/es\/wp-json\/wp\/v2\/types\/page"}],"author":[{"embeddable":true,"href":"https:\/\/oui-iohe.org\/es\/wp-json\/wp\/v2\/users\/4"}],"replies":[{"embeddable":true,"href":"https:\/\/oui-iohe.org\/es\/wp-json\/wp\/v2\/comments?post=12278"}],"version-history":[{"count":4,"href":"https:\/\/oui-iohe.org\/es\/wp-json\/wp\/v2\/pages\/12278\/revisions"}],"predecessor-version":[{"id":12280,"href":"https:\/\/oui-iohe.org\/es\/wp-json\/wp\/v2\/pages\/12278\/revisions\/12280"}],"wp:attachment":[{"href":"https:\/\/oui-iohe.org\/es\/wp-json\/wp\/v2\/media?parent=12278"}],"curies":[{"name":"wp","href":"https:\/\/api.w.org\/{rel}","templated":true}]}}