{"id":1237,"date":"2018-11-26T15:20:49","date_gmt":"2018-11-26T20:20:49","guid":{"rendered":"http:\/\/www.oui-iohe.org\/?page_id=1237"},"modified":"2022-02-17T16:37:06","modified_gmt":"2022-02-17T21:37:06","slug":"iglu","status":"publish","type":"page","link":"https:\/\/oui-iohe.org\/es\/iglu\/","title":{"rendered":"IGLU"},"content":{"rendered":"<div class=\"wpb-content-wrapper\"><p>[vc_row][vc_column][vc_custom_heading source=\u00bbpost_title\u00bb font_container=\u00bbtag:h1|text_align:left\u00bb use_theme_fonts=\u00bbyes\u00bb][\/vc_column][\/vc_row][vc_row][vc_column width=\u00bb1\/3&#8243;][vc_single_image image=\u00bb1228&#8243; img_size=\u00bblarge\u00bb alignment=\u00bbcenter\u00bb][\/vc_column][vc_column width=\u00bb2\/3&#8243;][vc_custom_heading text=\u00bbHistoria\u00bb use_theme_fonts=\u00bbyes\u00bb][vc_column_text]El <strong>Instituto de Gesti\u00f3n y Liderazgo Universitario (IGLU)<\/strong> es un programa de la Organizaci\u00f3n Universitaria Interamericana (OUI) que fue fundado en 1983 y que form\u00f3 cientos de directivos en las Am\u00e9ricas, a trav\u00e9s de la implementaci\u00f3n de un portafolio de productos y servicios ha respondido a las necesidades de nuestros miembros atendiendo de manera directa la formaci\u00f3n, actualizaci\u00f3n, mejoramiento y consolidaci\u00f3n de sus equipos directivos.[\/vc_column_text][\/vc_column][\/vc_row][vc_row full_width=\u00bbstretch_row\u00bb css=\u00bb.vc_custom_1542744654565{padding-top: 20px !important;background-color: #f1f1f1 !important;}\u00bb][vc_column][vc_column_text]En la actualidad la OUI continua apoyando a las instituciones miembros en los procesos de formaci\u00f3n, mejoramiento y consolidaci\u00f3n de sus equipos humanos dedicados a la direcci\u00f3n acad\u00e9mica, estrat\u00e9gica y administrativa a trav\u00e9s de las siguientes iniciativas:[\/vc_column_text][\/vc_column][\/vc_row][vc_row full_width=\u00bbstretch_row\u00bb css=\u00bb.vc_custom_1542744817691{margin-top: -20px !important;background-color: #f1f1f1 !important;}\u00bb][vc_column width=\u00bb1\/2&#8243;][vc_separator color=\u00bbiohe-orange\u00bb border_width=\u00bb6&#8243;][vc_custom_heading text=\u00bbCurso IGLU\u00bb font_container=\u00bbtag:h4|text_align:left\u00bb use_theme_fonts=\u00bbyes\u00bb css=\u00bb.vc_custom_1542744713550{margin-bottom: 20px !important;}\u00bb][vc_column_text el_class=\u00bbfw-medium\u00bb]Curso de formaci\u00f3n continua dirigida a directivos universitarios, con componentes presenciales y virtuales (<em>blended-learning<\/em>), a trav\u00e9s de espacios de discusi\u00f3n para el intercambio de experiencias se enfoca en el mejoramiento de competencias para la gesti\u00f3n, basados en el an\u00e1lisis de casos reales, con el fin de intervenir en problem\u00e1ticas actuales de las IES a trav\u00e9s de proyectos innovadores.[\/vc_column_text][\/vc_column][vc_column width=\u00bb1\/2&#8243;][vc_separator color=\u00bbiohe-orange\u00bb border_width=\u00bb6&#8243;][vc_custom_heading text=\u00bbEspecializaciones IGLU\u00bb font_container=\u00bbtag:h4|text_align:left\u00bb use_theme_fonts=\u00bbyes\u00bb css=\u00bb.vc_custom_1542744840041{margin-bottom: 20px !important;}\u00bb][vc_column_text el_class=\u00bbfw-medium\u00bb]Experiencias de formaci\u00f3n continua profesional presencial y\/o virtual, enfocadas en actividades espec\u00edficas de la alta direcci\u00f3n, con el manejo de tem\u00e1ticas particulares que permiten fortalecer o profundizar las competencias en temas puntuales de las diferentes \u00e1reas de la operaci\u00f3n de las IES.[\/vc_column_text][\/vc_column][\/vc_row][vc_row full_width=\u00bbstretch_row\u00bb css=\u00bb.vc_custom_1542744897386{background-color: #f1f1f1 !important;}\u00bb][vc_column width=\u00bb1\/2&#8243;][vc_separator color=\u00bbiohe-orange\u00bb border_width=\u00bb6&#8243;][vc_custom_heading text=\u00bbSeminarios IGLU Alta Direcci\u00f3n\u00bb font_container=\u00bbtag:h4|text_align:left\u00bb use_theme_fonts=\u00bbyes\u00bb css=\u00bb.vc_custom_1542745110295{margin-bottom: 20px !important;}\u00bb][vc_column_text el_class=\u00bbfw-medium\u00bb]Programa formativo de corta duraci\u00f3n (en formato presencial) para directivos de primer nivel, que buscar adquirir conocimientos espec\u00edficos y puntuales para el ejercicio de sus funciones y as\u00ed fortalecer los procesos de toma de decisiones.[\/vc_column_text][\/vc_column][vc_column width=\u00bb1\/2&#8243;][vc_separator color=\u00bbiohe-orange\u00bb border_width=\u00bb6&#8243;][vc_custom_heading text=\u00bbMicro-Seminarios tem\u00e1ticos y Talleres especializados\u00bb font_container=\u00bbtag:h4|text_align:left\u00bb use_theme_fonts=\u00bbyes\u00bb css=\u00bb.vc_custom_1542745133316{margin-bottom: 20px !important;}\u00bb][vc_column_text el_class=\u00bbfw-medium\u00bb]Acciones formativas cortas y\/o de acompa\u00f1amiento, ofrecidas a una instituci\u00f3n o a un conjunto de instituciones aprovechando la Red de Expertos del IGLU, a fin de responder a necesidades espec\u00edficas vinculadas a los momentos y los procesos que viven las instituciones miembros.[\/vc_column_text][\/vc_column][\/vc_row][vc_row full_width=\u00bbstretch_row\u00bb css=\u00bb.vc_custom_1542745033202{padding-bottom: 35px !important;background-color: #f1f1f1 !important;}\u00bb][vc_column width=\u00bb1\/2&#8243;][vc_separator color=\u00bbiohe-orange\u00bb border_width=\u00bb6&#8243;][vc_custom_heading text=\u00bbPasant\u00edas IGLU\u00bb font_container=\u00bbtag:h4|text_align:left\u00bb use_theme_fonts=\u00bbyes\u00bb css=\u00bb.vc_custom_1542745164850{margin-bottom: 20px !important;}\u00bb][vc_column_text el_class=\u00bbfw-medium\u00bb]Experiencias de movilidad directiva de corta duraci\u00f3n, dise\u00f1adas espec\u00edficamente para un directivo o un grupo de directivos de instituciones miembros de la OUI, que permite aprovechar la riqueza de experiencias exitosas de otras IES para el mejoramiento de su funci\u00f3n directiva.[\/vc_column_text][\/vc_column][vc_column width=\u00bb1\/2&#8243;][vc_separator color=\u00bbiohe-orange\u00bb border_width=\u00bb6&#8243;][vc_custom_heading text=\u00bbPublicaciones\u00bb font_container=\u00bbtag:h4|text_align:left\u00bb use_theme_fonts=\u00bbyes\u00bb css=\u00bb.vc_custom_1542745191107{margin-bottom: 20px !important;}\u00bb][vc_column_text el_class=\u00bbfw-medium\u00bb]Recopilaci\u00f3n de mejores pr\u00e1cticas, casos exitosos y proyectos innovadores de las IES miembro de la OUI para divulgaci\u00f3n y estudio.[\/vc_column_text][\/vc_column][\/vc_row][vc_row][vc_column][vc_btn title=\u00bbConsulte Nuestra Oferta formativa\u00bb style=\u00bbflat\u00bb shape=\u00bbsquare\u00bb color=\u00bbiohe-orange\u00bb size=\u00bblg\u00bb align=\u00bbcenter\u00bb link=\u00bburl:https%3A%2F%2Foui-iohe.org%2Fes%2Foferta-formativa%2F||target:%20_blank|\u00bb][\/vc_column][\/vc_row]<\/p>\n<\/div>","protected":false},"excerpt":{"rendered":"<p>[vc_row][vc_column][vc_custom_heading source=\u00bbpost_title\u00bb font_container=\u00bbtag:h1|text_align:left\u00bb use_theme_fonts=\u00bbyes\u00bb][\/vc_column][\/vc_row][vc_row][vc_column width=\u00bb1\/3&#8243;][vc_single_image image=\u00bb1228&#8243; img_size=\u00bblarge\u00bb alignment=\u00bbcenter\u00bb][\/vc_column][vc_column width=\u00bb2\/3&#8243;][vc_custom_heading text=\u00bbHistoria\u00bb use_theme_fonts=\u00bbyes\u00bb][vc_column_text]El Instituto de Gesti\u00f3n y Liderazgo Universitario (IGLU) es un [&hellip;]<\/p>\n","protected":false},"author":4,"featured_media":1250,"parent":0,"menu_order":0,"comment_status":"closed","ping_status":"closed","template":"","meta":{"_acf_changed":false,"_monsterinsights_skip_tracking":false,"_monsterinsights_sitenote_active":false,"_monsterinsights_sitenote_note":"","_monsterinsights_sitenote_category":0,"footnotes":""},"class_list":["post-1237","page","type-page","status-publish","has-post-thumbnail","hentry"],"acf":[],"aioseo_notices":[],"_links":{"self":[{"href":"https:\/\/oui-iohe.org\/es\/wp-json\/wp\/v2\/pages\/1237","targetHints":{"allow":["GET"]}}],"collection":[{"href":"https:\/\/oui-iohe.org\/es\/wp-json\/wp\/v2\/pages"}],"about":[{"href":"https:\/\/oui-iohe.org\/es\/wp-json\/wp\/v2\/types\/page"}],"author":[{"embeddable":true,"href":"https:\/\/oui-iohe.org\/es\/wp-json\/wp\/v2\/users\/4"}],"replies":[{"embeddable":true,"href":"https:\/\/oui-iohe.org\/es\/wp-json\/wp\/v2\/comments?post=1237"}],"version-history":[{"count":13,"href":"https:\/\/oui-iohe.org\/es\/wp-json\/wp\/v2\/pages\/1237\/revisions"}],"predecessor-version":[{"id":10394,"href":"https:\/\/oui-iohe.org\/es\/wp-json\/wp\/v2\/pages\/1237\/revisions\/10394"}],"wp:featuredmedia":[{"embeddable":true,"href":"https:\/\/oui-iohe.org\/es\/wp-json\/wp\/v2\/media\/1250"}],"wp:attachment":[{"href":"https:\/\/oui-iohe.org\/es\/wp-json\/wp\/v2\/media?parent=1237"}],"curies":[{"name":"wp","href":"https:\/\/api.w.org\/{rel}","templated":true}]}}