{"id":1310,"date":"2018-11-20T09:53:48","date_gmt":"2018-11-20T14:53:48","guid":{"rendered":"http:\/\/www.oui-iohe.org\/sobre-a-oui\/"},"modified":"2026-02-26T19:43:54","modified_gmt":"2026-02-27T00:43:54","slug":"sobre-la-oui","status":"publish","type":"page","link":"https:\/\/oui-iohe.org\/es\/sobre-la-oui\/","title":{"rendered":"Quienes somos"},"content":{"rendered":"<div class=\"wpb-content-wrapper\"><p>[vc_row][vc_column][vc_custom_heading source=\u00bbpost_title\u00bb font_container=\u00bbtag:h1|text_align:left\u00bb use_theme_fonts=\u00bbyes\u00bb][\/vc_column][\/vc_row][vc_row equal_height=\u00bbyes\u00bb content_placement=\u00bbtop\u00bb css=\u00bb.vc_custom_1542658551299{margin-top: 40px !important;margin-bottom: 40px !important;}\u00bb][vc_column width=\u00bb1\/6&#8243; offset=\u00bbvc_col-xs-2&#8243;][vc_single_image image=\u00bb945&#8243; img_size=\u00bbfull\u00bb css=\u00bb.vc_custom_1542726204384{margin-top: 9px !important;}\u00bb][\/vc_column][vc_column width=\u00bb2\/3&#8243; offset=\u00bbvc_col-xs-8&#8243;][vc_column_text]<\/p>\n<p style=\"font-size: 21px; font-weight: 500;\"><em>Deseo establecer, m\u00e1s all\u00e1 y libre de toda frontera, ya sea \u00e9sta pol\u00edtica, geogr\u00e1fica, econ\u00f3mica, ideol\u00f3gica o social, una cadena universitaria interamericana en un esfuerzo com\u00fan de mejora y de fortalecimiento de cada uno de sus eslabones.<\/em><\/p>\n<p><strong>\u2014Gilles Boulet<\/strong>, Presidente fundador de la OUI[\/vc_column_text][\/vc_column][vc_column width=\u00bb1\/6&#8243; el_class=\u00bbcol-align-end\u00bb offset=\u00bbvc_col-xs-2&#8243;][vc_single_image image=\u00bb941&#8243; img_size=\u00bbfull\u00bb alignment=\u00bbright\u00bb][\/vc_column][\/vc_row][vc_row full_width=\u00bbstretch_row\u00bb gap=\u00bb15&#8243; css=\u00bb.vc_custom_1542656351895{padding-top: 20px !important;background-color: #f1f1f1 !important;}\u00bb][vc_column width=\u00bb1\/2&#8243;][vc_custom_heading text=\u00bbVisi\u00f3n\u00bb use_theme_fonts=\u00bbyes\u00bb][vc_separator color=\u00bbiohe-orange\u00bb border_width=\u00bb6&#8243;][vc_column_text]Ser la asociaci\u00f3n de internacionalizaci\u00f3n de la educaci\u00f3n superior l\u00edder en las Am\u00e9ricas.[\/vc_column_text][\/vc_column][vc_column width=\u00bb1\/2&#8243;][vc_custom_heading text=\u00bbMisi\u00f3n\u00bb use_theme_fonts=\u00bbyes\u00bb][vc_separator color=\u00bbiohe-orange\u00bb border_width=\u00bb6&#8243;][vc_column_text]Contribuir al fortalecimiento de las Instituciones de Educaci\u00f3n Superior (IES) construyendo espacios de cooperaci\u00f3n educativa en articulaci\u00f3n con sus miembros y otros aliados estrat\u00e9gicos.[\/vc_column_text][\/vc_column][\/vc_row][vc_row full_width=\u00bbstretch_row\u00bb gap=\u00bb15&#8243; css=\u00bb.vc_custom_1542656342904{padding-bottom: 20px !important;background-color: #f1f1f1 !important;}\u00bb][vc_column width=\u00bb1\/2&#8243;][vc_custom_heading text=\u00bbValores\u00bb use_theme_fonts=\u00bbyes\u00bb][vc_separator color=\u00bbiohe-orange\u00bb border_width=\u00bb6&#8243;][vc_column_text el_class=\u00bbbig-list\u00bb]<\/p>\n<ul>\n<li>Interamericanidad<\/li>\n<li>Innovaci\u00f3n<\/li>\n<li>Inclusi\u00f3n<\/li>\n<\/ul>\n<p>[\/vc_column_text][\/vc_column][vc_column width=\u00bb1\/2&#8243;][vc_custom_heading text=\u00bbObjetivos estrat\u00e9gicos\u00bb use_theme_fonts=\u00bbyes\u00bb][vc_separator color=\u00bbiohe-orange\u00bb border_width=\u00bb6&#8243;][vc_column_text el_class=\u00bbbig-list\u00bb]<\/p>\n<ul>\n<li>Oferta diversificada<\/li>\n<li>Alianzas estrat\u00e9gicas<\/li>\n<li>Contribuci\u00f3n a los ODS<\/li>\n<li>Excelencia organizacional<\/li>\n<\/ul>\n<p>[\/vc_column_text][\/vc_column][\/vc_row][vc_row][vc_column][vc_custom_heading text=\u00bbNuestra historia\u00bb use_theme_fonts=\u00bbyes\u00bb][vc_column_text]La <strong>Organizaci\u00f3n Universitaria Interamericana (OUI)<\/strong> naci\u00f3 en un contexto acad\u00e9mico din\u00e1mico, gracias a los esfuerzos conjuntos de toda una comunidad.<\/p>\n<p>&nbsp;<\/p>\n<p>La existencia de la OUI no puede enfatizarse sin reconocer la contribuci\u00f3n determinante de su fundador, Gilles Boulet quien, a lo largo de su carrera, desarroll\u00f3 un profundo inter\u00e9s en la historia de las civilizaciones de Am\u00e9rica Latina.<\/p>\n<blockquote><p>\u00ab <em>Hab\u00eda observado un desconocimiento y una deplorable ausencia de v\u00ednculos entre las universidades de Am\u00e9rica del Sur y de Am\u00e9rica del Norte. Exist\u00eda un gran potencial de intercambio entre dichas instituciones que pertenec\u00edan a un mismo continente y, sin embargo, no hab\u00eda asociaci\u00f3n alguna que las reuniera. Pens\u00e9 entonces que la soluci\u00f3n podr\u00eda radicar en la creaci\u00f3n de tal instituci\u00f3n.<\/em>\u00a0\u00bb<\/p>\n<p>&nbsp;<\/p><\/blockquote>\n<p>[\/vc_column_text][\/vc_column][\/vc_row][vc_row css=\u00bb.vc_custom_1542663267736{margin-top: 40px !important;margin-bottom: 0px !important;}\u00bb][vc_column width=\u00bb1\/3&#8243;][vc_separator color=\u00bbiohe-orange\u00bb border_width=\u00bb6&#8243;][vc_custom_heading text=\u00bb1980&#8243; font_container=\u00bbtag:h1|font_size:60px|text_align:center|color:%236fa317&#8243; use_theme_fonts=\u00bbyes\u00bb css=\u00bb.vc_custom_1542662932436{margin-bottom: 10px !important;}\u00bb el_class=\u00bbno-accent\u00bb][vc_custom_heading text=\u00bbFundaci\u00f3n de la OUI\u00bb font_container=\u00bbtag:h5|font_size:24px|text_align:center\u00bb use_theme_fonts=\u00bbyes\u00bb el_class=\u00bbfw-medium\u00bb][\/vc_column][vc_column width=\u00bb1\/3&#8243;][vc_separator color=\u00bbiohe-orange\u00bb border_width=\u00bb6&#8243;][vc_custom_heading text=\u00bb1983&#8243; font_container=\u00bbtag:h1|font_size:60px|text_align:center|color:%236fa317&#8243; use_theme_fonts=\u00bbyes\u00bb css=\u00bb.vc_custom_1542662990893{margin-bottom: 10px !important;}\u00bb el_class=\u00bbno-accent\u00bb][vc_custom_heading text=\u00bbInstituto de Gesti\u00f3n y Liderazgo Universitario (IGLU)\u00bb font_container=\u00bbtag:h5|font_size:24px|text_align:center\u00bb use_theme_fonts=\u00bbyes\u00bb el_class=\u00bbfw-medium\u00bb][\/vc_column][vc_column width=\u00bb1\/3&#8243;][vc_separator color=\u00bbiohe-orange\u00bb border_width=\u00bb6&#8243;][vc_custom_heading text=\u00bb1998&#8243; font_container=\u00bbtag:h1|font_size:60px|text_align:center|color:%236fa317&#8243; use_theme_fonts=\u00bbyes\u00bb css=\u00bb.vc_custom_1542663006829{margin-bottom: 10px !important;}\u00bb el_class=\u00bbno-accent\u00bb][vc_custom_heading text=\u00bbColegio de las Am\u00e9ricas (COLAM)\u00bb font_container=\u00bbtag:h5|font_size:24px|text_align:center\u00bb use_theme_fonts=\u00bbyes\u00bb el_class=\u00bbfw-medium\u00bb][\/vc_column][\/vc_row][vc_row css=\u00bb.vc_custom_1542663267736{margin-top: 40px !important;margin-bottom: 0px !important;}\u00bb][vc_column width=\u00bb1\/3&#8243;][vc_column_text]<\/p>\n<p style=\"text-align: center;\"><a href=\"https:\/\/oui-iohe.org\/wp-content\/uploads\/2018\/11\/1-%c3%80-propos-Histoire-Pr%c3%a9sidents_V1_ES.pdf\">M\u00e1s informaci\u00f3n<\/a><\/p>\n<p>[\/vc_column_text][\/vc_column][vc_column width=\u00bb1\/3&#8243;][vc_column_text]<\/p>\n<p style=\"text-align: center;\"><a href=\"https:\/\/oui-iohe.org\/es\/iglu\/\">M\u00e1s informaci\u00f3n<\/a><\/p>\n<p>[\/vc_column_text][\/vc_column][vc_column width=\u00bb1\/3&#8243;][vc_column_text]<\/p>\n<p style=\"text-align: center;\"><a href=\"https:\/\/oui-iohe.org\/es\/colam\/\">M\u00e1s informaci\u00f3n<\/a><\/p>\n<p>[\/vc_column_text][\/vc_column][\/vc_row][vc_row css=\u00bb.vc_custom_1542663283137{margin-bottom: 40px !important;}\u00bb][vc_column width=\u00bb1\/3&#8243;][vc_separator color=\u00bbiohe-orange\u00bb border_width=\u00bb6&#8243;][vc_custom_heading text=\u00bb2008&#8243; font_container=\u00bbtag:h1|font_size:60px|text_align:center|color:%236fa317&#8243; use_theme_fonts=\u00bbyes\u00bb css=\u00bb.vc_custom_1542663106179{margin-bottom: 10px !important;}\u00bb el_class=\u00bbno-accent\u00bb][vc_custom_heading text=\u00bbPrograma CAMPUS\u00bb font_container=\u00bbtag:h5|font_size:24px|text_align:center\u00bb use_theme_fonts=\u00bbyes\u00bb el_class=\u00bbfw-medium\u00bb][\/vc_column][vc_column width=\u00bb1\/3&#8243;][vc_separator color=\u00bbiohe-orange\u00bb border_width=\u00bb6&#8243;][vc_custom_heading text=\u00bb2016&#8243; font_container=\u00bbtag:h1|font_size:60px|text_align:center|color:%236fa317&#8243; use_theme_fonts=\u00bbyes\u00bb css=\u00bb.vc_custom_1542663113688{margin-bottom: 10px !important;}\u00bb el_class=\u00bbno-accent\u00bb][vc_custom_heading text=\u00bbMujeres l\u00edderes de instituciones de educaci\u00f3n superior en las Am\u00e9ricas\u00ab (EMULIES)\u00bb font_container=\u00bbtag:h5|font_size:24px|text_align:center\u00bb use_theme_fonts=\u00bbyes\u00bb el_class=\u00bbfw-medium\u00bb][\/vc_column][vc_column width=\u00bb1\/3&#8243;][vc_separator color=\u00bbiohe-orange\u00bb border_width=\u00bb6&#8243;][vc_custom_heading text=\u00bb2018&#8243; font_container=\u00bbtag:h1|font_size:60px|text_align:center|color:%236fa317&#8243; use_theme_fonts=\u00bbyes\u00bb css=\u00bb.vc_custom_1542663120969{margin-bottom: 10px !important;}\u00bb el_class=\u00bbno-accent\u00bb][vc_custom_heading text=\u00bbEspacio Interamericano para la Educaci\u00f3n superior T\u00e9cnica y Tecnol\u00f3gica (EIESTEC)\u00bb font_container=\u00bbtag:h5|font_size:24px|text_align:center\u00bb use_theme_fonts=\u00bbyes\u00bb el_class=\u00bbfw-medium\u00bb][\/vc_column][\/vc_row][vc_row css=\u00bb.vc_custom_1542663283137{margin-bottom: 40px !important;}\u00bb][vc_column width=\u00bb1\/3&#8243;][vc_column_text]<\/p>\n<p style=\"text-align: center;\"><a href=\"https:\/\/oui-iohe.org\/es\/campus\/\">M\u00e1s informaci\u00f3n<\/a><\/p>\n<p>[\/vc_column_text][\/vc_column][vc_column width=\u00bb1\/3&#8243;][vc_column_text]<\/p>\n<p style=\"text-align: center;\"><a href=\"https:\/\/oui-iohe.org\/es\/emulies\/\">M\u00e1s informaci\u00f3n<\/a><\/p>\n<p>[\/vc_column_text][\/vc_column][vc_column width=\u00bb1\/3&#8243;][vc_column_text]<\/p>\n<p style=\"text-align: center;\"><a href=\"https:\/\/oui-iohe.org\/es\/eiestec\/\">M\u00e1s informaci\u00f3n<\/a><\/p>\n<p>[\/vc_column_text][\/vc_column][\/vc_row][vc_row][vc_column][vc_column_text]Desde su creaci\u00f3n, la OUI se ha convertido un referente para la comunidad acad\u00e9mica de las Am\u00e9ricas al ser una <strong>red interamericana<\/strong> que ofrece servicios de calidad a sus miembros. Sus esfuerzos actuales se centran en implementar estrategias de <strong>internacionalizaci\u00f3n<\/strong> a trav\u00e9s de la gesti\u00f3n de una amplia variedad de eventos internacionales, misiones y programas de <strong>desarrollo profesional<\/strong> con el objetivo de brindar nuevas oportunidades a sus instituciones miembro.[\/vc_column_text][vc_btn title=\u00bbDescargue el PDF con informaci\u00f3n general de la OUI\u00bb style=\u00bbflat\u00bb shape=\u00bbsquare\u00bb color=\u00bbiohe-orange\u00bb align=\u00bbcenter\u00bb css=\u00bb\u00bb link=\u00bburl:https%3A%2F%2Fdrive.google.com%2Ffile%2Fd%2F1lYWfQBlCjxkpam3NskDQprva3xk19iTN%2Fview%3Fusp%3Ddrive_link|target:_blank\u00bb][\/vc_column][\/vc_row]<\/p>\n<\/div>","protected":false},"excerpt":{"rendered":"<p>[vc_row][vc_column][vc_custom_heading source=\u00bbpost_title\u00bb font_container=\u00bbtag:h1|text_align:left\u00bb use_theme_fonts=\u00bbyes\u00bb][\/vc_column][\/vc_row][vc_row equal_height=\u00bbyes\u00bb content_placement=\u00bbtop\u00bb css=\u00bb.vc_custom_1542658551299{margin-top: 40px !important;margin-bottom: 40px !important;}\u00bb][vc_column width=\u00bb1\/6&#8243; offset=\u00bbvc_col-xs-2&#8243;][vc_single_image image=\u00bb945&#8243; img_size=\u00bbfull\u00bb css=\u00bb.vc_custom_1542726204384{margin-top: 9px !important;}\u00bb][\/vc_column][vc_column width=\u00bb2\/3&#8243; offset=\u00bbvc_col-xs-8&#8243;][vc_column_text] [&hellip;]<\/p>\n","protected":false},"author":4,"featured_media":950,"parent":0,"menu_order":0,"comment_status":"closed","ping_status":"closed","template":"","meta":{"_acf_changed":false,"_monsterinsights_skip_tracking":false,"_monsterinsights_sitenote_active":false,"_monsterinsights_sitenote_note":"","_monsterinsights_sitenote_category":0,"footnotes":""},"class_list":["post-1310","page","type-page","status-publish","has-post-thumbnail","hentry"],"acf":[],"aioseo_notices":[],"_links":{"self":[{"href":"https:\/\/oui-iohe.org\/es\/wp-json\/wp\/v2\/pages\/1310","targetHints":{"allow":["GET"]}}],"collection":[{"href":"https:\/\/oui-iohe.org\/es\/wp-json\/wp\/v2\/pages"}],"about":[{"href":"https:\/\/oui-iohe.org\/es\/wp-json\/wp\/v2\/types\/page"}],"author":[{"embeddable":true,"href":"https:\/\/oui-iohe.org\/es\/wp-json\/wp\/v2\/users\/4"}],"replies":[{"embeddable":true,"href":"https:\/\/oui-iohe.org\/es\/wp-json\/wp\/v2\/comments?post=1310"}],"version-history":[{"count":19,"href":"https:\/\/oui-iohe.org\/es\/wp-json\/wp\/v2\/pages\/1310\/revisions"}],"predecessor-version":[{"id":20596,"href":"https:\/\/oui-iohe.org\/es\/wp-json\/wp\/v2\/pages\/1310\/revisions\/20596"}],"wp:featuredmedia":[{"embeddable":true,"href":"https:\/\/oui-iohe.org\/es\/wp-json\/wp\/v2\/media\/950"}],"wp:attachment":[{"href":"https:\/\/oui-iohe.org\/es\/wp-json\/wp\/v2\/media?parent=1310"}],"curies":[{"name":"wp","href":"https:\/\/api.w.org\/{rel}","templated":true}]}}