{"id":13118,"date":"2022-12-16T13:48:57","date_gmt":"2022-12-16T18:48:57","guid":{"rendered":"https:\/\/oui-iohe.org\/?page_id=13118"},"modified":"2023-10-28T21:18:31","modified_gmt":"2023-10-29T01:18:31","slug":"asesoria-estrategias-en-internacionalizacion-educacion-superior","status":"publish","type":"page","link":"https:\/\/oui-iohe.org\/es\/asesoria-estrategias-en-internacionalizacion-educacion-superior\/","title":{"rendered":"Asesor\u00eda para el desarrollo de estrategias en internacionalizaci\u00f3n de la educaci\u00f3n superior"},"content":{"rendered":"<div class=\"wpb-content-wrapper\"><p>[vc_row][vc_column][vc_custom_heading text=\u00bbAsesor\u00eda para el desarrollo de estrategias en internacionalizaci\u00f3n de la educaci\u00f3n superior\u00bb font_container=\u00bbtag:h1|text_align:left\u00bb use_theme_fonts=\u00bbyes\u00bb][\/vc_column][\/vc_row][vc_row full_width=\u00bbstretch_row\u00bb css=\u00bb.vc_custom_1671217598706{background-color: #f1f1f1 !important;}\u00bb][vc_column][vc_column_text]<b>La internacionalizaci\u00f3n: Un eje estrat\u00e9gico de la OUI<\/b><\/p>\n<p><span style=\"font-weight: 400;\">Con una membres\u00eda de m\u00e1s de 350 instituciones de educaci\u00f3n superior (IES) en todo el continente y la experiencia de m\u00e1s de 40 a\u00f1os de cooperaci\u00f3n institucional, la Organizaci\u00f3n Universitaria Interamericana (OUI) se ha convertido en un socio estrat\u00e9gico para la promoci\u00f3n y desarrollo de la internacionalizaci\u00f3n de la educaci\u00f3n superior.\u00a0<\/span><\/p>\n<p><span style=\"font-weight: 400;\">Trabajando en varios niveles de intervenci\u00f3n, tanto en la formaci\u00f3n y desarrollo de capacidades para la gesti\u00f3n estrat\u00e9gica de la internacionalizaci\u00f3n (Programa DIES) como en la promoci\u00f3n de un espacio com\u00fan en internacionalizaci\u00f3n de la educaci\u00f3n superior (CAEI), hemos desarrollado una gran experticia en torno a los componentes clave de la internacionalizaci\u00f3n como el diagn\u00f3stico, la planificaci\u00f3n y gesti\u00f3n de la internacionalizaci\u00f3n, las estrategias para la movilidad estudiantil, la internacionalizaci\u00f3n del curr\u00edculo y la profesionalizaci\u00f3n de los gestores de la internacionalizaci\u00f3n, la cual nos complace poner al servicio de nuestra membres\u00eda y de las instituciones de educaci\u00f3n superior que deseen mejorar su perfil internacional.<\/span>[\/vc_column_text][\/vc_column][\/vc_row][vc_row][vc_column][vc_custom_heading text=\u00bb\u00bfQu\u00e9 ofrecemos como servicio?\u00bb use_theme_fonts=\u00bbyes\u00bb][vc_column_text]La asesor\u00eda para el desarrollo de estrategias en internacionalizaci\u00f3n consiste en un proceso de asistencia y apoyo t\u00e9cnico adaptado a las necesidades y situaci\u00f3n de la instituci\u00f3n, que involucra el diagn\u00f3stico, valoraci\u00f3n, modelizaci\u00f3n, planificaci\u00f3n, desarrollo de capacidades, hoja de ruta para la implementaci\u00f3n, monitoreo y evaluaci\u00f3n de resultados del plan de internacionalizaci\u00f3n, etc.<\/p>\n<p>La asesor\u00eda para el desarrollo de estrategias de internacionalizaci\u00f3n comprende procesos adaptados al nivel de desarrollo, condiciones<br \/>\ny particularidades propias de la instituci\u00f3n:<\/p>\n<ul>\n<li style=\"font-weight: 400;\" aria-level=\"1\"><span style=\"font-weight: 400;\">Diagn\u00f3stico del estado y procesos de internacionalizaci\u00f3n al interior de la instituci\u00f3n.<\/span><\/li>\n<li style=\"font-weight: 400;\" aria-level=\"1\"><span style=\"font-weight: 400;\">Desarrollo y\/o valoraci\u00f3n del plan estrat\u00e9gico de la instituci\u00f3n para un efectivo plan de internacionalizaci\u00f3n de acuerdo a las necesidades institucionales.\u00a0<\/span><\/li>\n<li style=\"font-weight: 400;\" aria-level=\"1\"><span style=\"font-weight: 400;\">Hoja de ruta para el monitoreo y evaluaci\u00f3n de la implementaci\u00f3n del plan estrat\u00e9gico en internacionalizaci\u00f3n.<\/span><\/li>\n<li style=\"font-weight: 400;\" aria-level=\"1\"><span style=\"font-weight: 400;\">Capacitaci\u00f3n del personal de las oficinas de relaciones internacionales y otros actores de la internacionalizaci\u00f3n.<\/span><\/li>\n<li style=\"font-weight: 400;\" aria-level=\"1\"><span style=\"font-weight: 400;\">Apoyo al desarrollo de alianzas estrat\u00e9gicas con otras instituciones de educaci\u00f3n superior en el continente y la incorporaci\u00f3n en comunidades de conocimiento y pr\u00e1ctica que apoyen la viabilidad del plan de internacionalizaci\u00f3n de la instituci\u00f3n y generen nuevas iniciativas.<\/span><\/li>\n<\/ul>\n<p><img loading=\"lazy\" decoding=\"async\" class=\"alignnone wp-image-14710 size-full\" src=\"https:\/\/oui-iohe.org\/wp-content\/uploads\/2023\/10\/etapas-09.png\" alt=\"\" width=\"823\" height=\"463\" srcset=\"https:\/\/oui-iohe.org\/wp-content\/uploads\/2023\/10\/etapas-09.png 823w, https:\/\/oui-iohe.org\/wp-content\/uploads\/2023\/10\/etapas-09-300x169.png 300w, https:\/\/oui-iohe.org\/wp-content\/uploads\/2023\/10\/etapas-09-768x432.png 768w\" sizes=\"auto, (max-width: 823px) 100vw, 823px\" \/>[\/vc_column_text][\/vc_column][\/vc_row][vc_row][vc_column][vc_custom_heading text=\u00bb\u00bfCu\u00e1les son las ventajas para la instituci\u00f3n?\u00bb use_theme_fonts=\u00bbyes\u00bb][vc_column_text]<\/p>\n<ul>\n<li style=\"font-weight: 400;\" aria-level=\"1\"><span style=\"font-weight: 400;\">Acompa\u00f1amiento en los procesos de dise\u00f1o, implementaci\u00f3n y evaluaci\u00f3n.<\/span><\/li>\n<li style=\"font-weight: 400;\" aria-level=\"1\"><span style=\"font-weight: 400;\">Asesor\u00eda personalizada dise\u00f1ada y aplicada a la realidad de su instituci\u00f3n.<\/span><\/li>\n<li style=\"font-weight: 400;\" aria-level=\"1\"><span style=\"font-weight: 400;\">Un equipo de especialistas de alto nivel, conocedor de los contextos locales y nacionales, pero con una perspectiva interamericana.<\/span><\/li>\n<li style=\"font-weight: 400;\" aria-level=\"1\"><span style=\"font-weight: 400;\">Aplicaci\u00f3n de una metodolog\u00eda probada y basada en la experiencia pr\u00e1ctica y la evidencia de resultados.<\/span><\/li>\n<li style=\"font-weight: 400;\" aria-level=\"1\"><span style=\"font-weight: 400;\">Ahorro de tiempo y esfuerzos para lograr resultados efectivos en internacionalizaci\u00f3n.<\/span><\/li>\n<li style=\"font-weight: 400;\" aria-level=\"1\"><span style=\"font-weight: 400;\">Desarrollo de capacidades institucionales para la puesta en marcha de las estrategias de internacionalizaci\u00f3n.<\/span><\/li>\n<li style=\"font-weight: 400;\" aria-level=\"1\"><span style=\"font-weight: 400;\">Apoyo para el desarrollo de alianzas estrat\u00e9gicas y de comunidades de conocimiento.<\/span><\/li>\n<\/ul>\n<p>[\/vc_column_text][\/vc_column][\/vc_row][vc_row][vc_column][vc_custom_heading text=\u00bb\u00bfPor qu\u00e9 la OUI?\u00bb use_theme_fonts=\u00bbyes\u00bb][vc_column_text]<b>Alcance interamericano: <\/b><span style=\"font-weight: 400;\">Gracias a una membres\u00eda en 28 pa\u00edses de las Am\u00e9ricas y un modelo de cooperaci\u00f3n horizontal que fortalece ante todo el partenariado y las alianzas estrat\u00e9gicas entre instituciones de educaci\u00f3n superior en la regi\u00f3n, todo ello sin perder de vista nuestros socios estrat\u00e9gicos en otras latitudes.<\/span><\/p>\n<p><b>Una amplia red de especialistas: <span style=\"font-weight: 400;\">Reunimos<\/span><\/b><span style=\"font-weight: 400;\">\u00a0expertos de instituciones de educaci\u00f3n superior de las Am\u00e9ricas y de otros sectores con los cuales la Organizaci\u00f3n teje alianzas.<\/span><\/p>\n<p><b>Un Foro Regional para la Internacionalizaci\u00f3n: <\/b><span style=\"font-weight: 400;\">\u00a0Desde 2011, la OUI conduce la Secretar\u00eda Ejecutiva de la<\/span><b> Conferencia de las Am\u00e9ricas en Educaci\u00f3n Internacional \u2013 CAEI<\/b><span style=\"font-weight: 400;\">, uno de los principales foros acad\u00e9micos regionales en este campo, el cual busca crear un espacio com\u00fan para la discusi\u00f3n de los desaf\u00edos actuales, los nuevos paradigmas, las mejores pr\u00e1cticas y las tendencias futuras en la Educaci\u00f3n Superior internacional.<\/span><\/p>\n<p><b>Desarrollo de capacidades para la gesti\u00f3n de la internacionalizaci\u00f3n: <\/b>I<span style=\"font-weight: 400;\">mpulsamos la profesionalizaci\u00f3n de los actores de la internacionalizaci\u00f3n a trav\u00e9s del <\/span><b>Diplomado en Internacionalizaci\u00f3n de la Educaci\u00f3n Superior \u2013 DIES<\/b><span style=\"font-weight: 400;\">, un novedoso programa de actualizaci\u00f3n profesional que prioriza la integraci\u00f3n de los \u00e1mbitos de la pr\u00e1ctica profesional, la visi\u00f3n comparada y regional de las problem\u00e1ticas relacionadas con la internacionalizaci\u00f3n de la educaci\u00f3n superior, as\u00ed como el intercambio con otros pares en IES de diferentes latitudes del continente.<\/span><\/p>\n<p>&nbsp;<\/p>\n<p><img loading=\"lazy\" decoding=\"async\" class=\"alignnone wp-image-13680 size-full\" src=\"https:\/\/oui-iohe.org\/wp-content\/uploads\/2023\/04\/Asset-2.png\" alt=\"\" width=\"764\" height=\"466\" srcset=\"https:\/\/oui-iohe.org\/wp-content\/uploads\/2023\/04\/Asset-2.png 764w, https:\/\/oui-iohe.org\/wp-content\/uploads\/2023\/04\/Asset-2-300x183.png 300w\" sizes=\"auto, (max-width: 764px) 100vw, 764px\" \/>[\/vc_column_text][\/vc_column][\/vc_row][vc_row css=\u00bb.vc_custom_1671220289123{background-color: #f1f1f1 !important;}\u00bb][vc_column width=\u00bb1\/2&#8243;][vc_single_image image=\u00bb1245&#8243;][\/vc_column][vc_column width=\u00bb1\/2&#8243;][vc_custom_heading text=\u00bbContacto\u00bb use_theme_fonts=\u00bbyes\u00bb][vc_column_text]<a href=\"mailto:academia@oui-iohe.org\"><span style=\"font-weight: 400;\">academia@oui-iohe.org<\/span><\/a>[\/vc_column_text][\/vc_column][\/vc_row]<\/p>\n<\/div>","protected":false},"excerpt":{"rendered":"<p>[vc_row][vc_column][vc_custom_heading text=\u00bbAsesor\u00eda para el desarrollo de estrategias en internacionalizaci\u00f3n de la educaci\u00f3n superior\u00bb font_container=\u00bbtag:h1|text_align:left\u00bb use_theme_fonts=\u00bbyes\u00bb][\/vc_column][\/vc_row][vc_row full_width=\u00bbstretch_row\u00bb css=\u00bb.vc_custom_1671217598706{background-color: #f1f1f1 !important;}\u00bb][vc_column][vc_column_text]La internacionalizaci\u00f3n: [&hellip;]<\/p>\n","protected":false},"author":4,"featured_media":0,"parent":0,"menu_order":0,"comment_status":"closed","ping_status":"closed","template":"","meta":{"_acf_changed":false,"_monsterinsights_skip_tracking":false,"_monsterinsights_sitenote_active":false,"_monsterinsights_sitenote_note":"","_monsterinsights_sitenote_category":0,"footnotes":""},"class_list":["post-13118","page","type-page","status-publish","hentry"],"acf":[],"aioseo_notices":[],"_links":{"self":[{"href":"https:\/\/oui-iohe.org\/es\/wp-json\/wp\/v2\/pages\/13118","targetHints":{"allow":["GET"]}}],"collection":[{"href":"https:\/\/oui-iohe.org\/es\/wp-json\/wp\/v2\/pages"}],"about":[{"href":"https:\/\/oui-iohe.org\/es\/wp-json\/wp\/v2\/types\/page"}],"author":[{"embeddable":true,"href":"https:\/\/oui-iohe.org\/es\/wp-json\/wp\/v2\/users\/4"}],"replies":[{"embeddable":true,"href":"https:\/\/oui-iohe.org\/es\/wp-json\/wp\/v2\/comments?post=13118"}],"version-history":[{"count":23,"href":"https:\/\/oui-iohe.org\/es\/wp-json\/wp\/v2\/pages\/13118\/revisions"}],"predecessor-version":[{"id":14714,"href":"https:\/\/oui-iohe.org\/es\/wp-json\/wp\/v2\/pages\/13118\/revisions\/14714"}],"wp:attachment":[{"href":"https:\/\/oui-iohe.org\/es\/wp-json\/wp\/v2\/media?parent=13118"}],"curies":[{"name":"wp","href":"https:\/\/api.w.org\/{rel}","templated":true}]}}