{"id":14440,"date":"2023-09-19T21:41:21","date_gmt":"2023-09-20T01:41:21","guid":{"rendered":"https:\/\/oui-iohe.org\/?page_id=14440"},"modified":"2026-02-25T11:46:34","modified_gmt":"2026-02-25T16:46:34","slug":"curso-docencia-y-aprendizaje-en-contextos-interculturales","status":"publish","type":"page","link":"https:\/\/oui-iohe.org\/es\/curso-docencia-y-aprendizaje-en-contextos-interculturales\/","title":{"rendered":"Curso Docencia y aprendizaje en contextos interculturales"},"content":{"rendered":"<div class=\"wpb-content-wrapper\"><p>[vc_row][vc_column][vc_custom_heading text=\u00bbCurso eMOVIES \u00abDocencia y aprendizaje en contextos interculturales\u00ab\u00bb font_container=\u00bbtag:h1|text_align:left\u00bb use_theme_fonts=\u00bbyes\u00bb][\/vc_column][\/vc_row][vc_row full_width=\u00bbstretch_row\u00bb css=\u00bb.vc_custom_1695250215808{background-color: #f1f1f1 !important;}\u00bb][vc_column][vc_column_text]<span style=\"font-weight: 400;\">La diversidad de culturas y cosmovisiones, en las din\u00e1micas de aprendizaje actuales, se convierten en el hilo conductor de los procesos de ense\u00f1anza que lideran los docentes de las Instituciones de Educaci\u00f3n Superior &#8211; IES. Desde esta mirada, la interculturalidad se transforma en uno de los objetivos de las estrategias de internacionalizaci\u00f3n desarrolladas en las IES, enmarcadas en acciones como movilidad nacional e internacional (virtual y presencial) y pr\u00e1cticas pedag\u00f3gicas fundamentadas en la internacionalizaci\u00f3n del curr\u00edculo.<\/span><\/p>\n<p><span style=\"font-weight: 400;\">Con base en esto, el curso Docencia y aprendizaje en contextos interculturales es una oportunidad para que los docentes conozcan los principales conceptos que se relacionan con la creaci\u00f3n de espacios de aprendizaje donde se reconoce la diversidad cultural y se proyecta la interculturalidad.<\/span><\/p>\n<p><span style=\"font-weight: 400;\">Adicionalmente, a lo largo del curso, exploraremos algunos detalles que fundamentan las competencias interculturales, desde las diferencias en valores y creencias, estilos de apropiaci\u00f3n del conocimiento; hasta los diferentes estilos de comunicaci\u00f3n.<\/span><\/p>\n<p><span style=\"font-weight: 400;\">Esperamos que este curso sea una experiencia enriquecedora y significativa para todos y todas.<\/span>[\/vc_column_text][vc_column_text]<b>Competencias del curso:<\/b><\/p>\n<ul>\n<li style=\"font-weight: 400;\" aria-level=\"1\"><span style=\"font-weight: 400;\">Reflexividad sobre la propia identidad y las barreras culturales en entornos educativos<\/span><\/li>\n<li style=\"font-weight: 400;\" aria-level=\"1\"><span style=\"font-weight: 400;\">Sensibilidad interpersonal<\/span><\/li>\n<li style=\"font-weight: 400;\" aria-level=\"1\"><span style=\"font-weight: 400;\">Apertura a la diversidad<\/span><\/li>\n<li style=\"font-weight: 400;\" aria-level=\"1\"><span style=\"font-weight: 400;\">Comunicaci\u00f3n intercultural<\/span><\/li>\n<li style=\"font-weight: 400;\" aria-level=\"1\"><span style=\"font-weight: 400;\">Mediaci\u00f3n para el entendimiento y la colaboraci\u00f3n<\/span><\/li>\n<li style=\"font-weight: 400;\" aria-level=\"1\"><span style=\"font-weight: 400;\">Gesti\u00f3n de situaciones de aprendizaje<\/span><\/li>\n<\/ul>\n<p>[\/vc_column_text][\/vc_column][\/vc_row][vc_row][vc_column width=\u00bb1\/2&#8243;][vc_custom_heading text=\u00bbObjetivo\u00bb font_container=\u00bbtag:h1|text_align:left\u00bb use_theme_fonts=\u00bbyes\u00bb][vc_column_text]<span style=\"font-weight: 400;\">Distinguir los principales conceptos y competencias interculturales que se relacionan con la construcci\u00f3n de espacios de aprendizaje diversos y colaborativos desde el reconocimiento de la propia identidad y la valoraci\u00f3n de la diversidad.<\/span>[\/vc_column_text][\/vc_column][vc_column width=\u00bb1\/2&#8243;][vc_custom_heading text=\u00bbDirigido a\u00bb font_container=\u00bbtag:h1|text_align:left\u00bb use_theme_fonts=\u00bbyes\u00bb][vc_column_text css=\u00bb\u00bb]<span style=\"font-weight: 400;\">Docentes de instituciones miembros de la OUI interesados en aprender sobre interculturalidad en el aula.<\/span><\/p>\n<p>[\/vc_column_text][\/vc_column][\/vc_row][vc_row][vc_column][vc_custom_heading text=\u00bbPerfil de egreso\u00bb font_container=\u00bbtag:h1|text_align:left\u00bb use_theme_fonts=\u00bbyes\u00bb][vc_column_text]<span style=\"font-weight: 400;\">El participante del curso Docencia y aprendizaje en contextos interculturales conoce c\u00f3mo la diversidad cultural hace parte de los procesos de ense\u00f1anza que se viven en los espacios de aprendizaje, articulando conceptos propios de la interculturalidad y el aprendizaje. Interact\u00faa con diversas culturas de forma respetuosa y desde el di\u00e1logo intercultural y crea ambientes de aprendizaje en los que las competencias interculturales se trabajan conjuntamente con los conocimientos del \u00e1rea disciplinar.<\/span>[\/vc_column_text][\/vc_column][\/vc_row][vc_row color=\u00bbiohe-orange\u00bb align=\u00bbalign_center\u00bb style=\u00bb\u00bb border_width=\u00bb6&#8243; el_width=\u00bb\u00bb accent_color=\u00bb\u00bb][vc_column][vc_separator color=\u00bbiohe-orange\u00bb border_width=\u00bb6&#8243;][\/vc_column][\/vc_row][vc_row][vc_column width=\u00bb1\/2&#8243;][vc_toggle title=\u00bbContenidos\u00bb style=\u00bbround_outline\u00bb color=\u00bbgreen\u00bb size=\u00bblg\u00bb]<b>Unidad 1: Introducci\u00f3n a la interculturalidad\u00a0<\/b><\/p>\n<p><b>Objetivo:<\/b> <span style=\"font-weight: 400;\">Comprender los principales conceptos relacionados con la interculturalidad para la creaci\u00f3n de espacios de aprendizaje diversos.<\/span><\/p>\n<p><b>Contenidos:\u00a0<\/b><\/p>\n<ul>\n<li style=\"font-weight: 400;\" aria-level=\"1\"><span style=\"font-weight: 400;\">Identidades\u00a0<\/span><\/li>\n<li style=\"font-weight: 400;\" aria-level=\"1\"><span style=\"font-weight: 400;\">Cultura<\/span><\/li>\n<li style=\"font-weight: 400;\" aria-level=\"1\"><span style=\"font-weight: 400;\">Multiculturalidad<\/span><\/li>\n<li style=\"font-weight: 400;\" aria-level=\"1\"><span style=\"font-weight: 400;\">Interculturalidad\u00a0<\/span><\/li>\n<li style=\"font-weight: 400;\" aria-level=\"1\"><span style=\"font-weight: 400;\">Di\u00e1logo intercultural\u00a0<\/span><\/li>\n<li style=\"font-weight: 400;\" aria-level=\"1\"><span style=\"font-weight: 400;\">Comunicaci\u00f3n intercultural\u00a0<\/span><\/li>\n<li style=\"font-weight: 400;\" aria-level=\"1\"><span style=\"font-weight: 400;\">Relacionamiento etnorrelativo<\/span><\/li>\n<li style=\"font-weight: 400;\" aria-level=\"1\"><span style=\"font-weight: 400;\">Relacionamiento etnoc\u00e9ntrico\u00a0<\/span><\/li>\n<\/ul>\n<p><b>Unidad 2: Competencias interculturales en el aula<\/b><\/p>\n<p><b>Objetivo:<\/b> <span style=\"font-weight: 400;\">Conocer las principales competencias interculturales que se relacionan con los procesos de ense\u00f1anza en la educaci\u00f3n superior.<\/span><\/p>\n<p><b>Contenidos:\u00a0<\/b><\/p>\n<ul>\n<li style=\"font-weight: 400;\" aria-level=\"1\"><span style=\"font-weight: 400;\">Definiciones y enfoques te\u00f3ricos<\/span><\/li>\n<li style=\"font-weight: 400;\" aria-level=\"1\"><span style=\"font-weight: 400;\">Conciencia de los propios referentes culturales<\/span><\/li>\n<li style=\"font-weight: 400;\" aria-level=\"1\"><span style=\"font-weight: 400;\">Conocimientos, habilidades y actitudes interculturales desde la docencia<\/span><\/li>\n<\/ul>\n<p>&nbsp;<\/p>\n<p><b>Unidad 3: Comunicaci\u00f3n Intercultural<\/b><\/p>\n<p><b>Objetivo:<\/b> <span style=\"font-weight: 400;\">Analizar y comprender el concepto y caracter\u00edsticas de la comunicaci\u00f3n intercultural para comprender su din\u00e1mica en ambientes educativos donde coinciden referentes culturales diversos. A partir de ello, identificar barreras para el di\u00e1logo que surgen de tal diversidad y establecer estrategias para lograr el entendimiento y colaboraci\u00f3n.<\/span><\/p>\n<p><b>Contenidos:\u00a0<\/b><\/p>\n<ul>\n<li style=\"font-weight: 400;\" aria-level=\"1\"><span style=\"font-weight: 400;\">Comunicaci\u00f3n intercultural (interpersonal y mediada)<\/span><\/li>\n<li style=\"font-weight: 400;\" aria-level=\"1\"><span style=\"font-weight: 400;\">Barreras para la comunicaci\u00f3n intercultural<\/span><\/li>\n<li style=\"font-weight: 400;\" aria-level=\"1\"><span style=\"font-weight: 400;\">Estilos de comunicaci\u00f3n intercultural: Directa e indirecta<\/span><\/li>\n<li style=\"font-weight: 400;\" aria-level=\"1\"><span style=\"font-weight: 400;\">Contextos de la comunicaci\u00f3n: Bajo contexto y Alto contexto<\/span><\/li>\n<li style=\"font-weight: 400;\" aria-level=\"1\"><span style=\"font-weight: 400;\">Filtros culturales (prejuicios y estereotipos)<\/span><\/li>\n<\/ul>\n<p>&nbsp;<\/p>\n<p><b>Unidad 4: Caracter\u00edsticas del aprendizaje en entornos interculturales<\/b><\/p>\n<p><b>Objetivos:<\/b><span style=\"font-weight: 400;\">\u00a0<\/span><\/p>\n<ul>\n<li aria-level=\"1\"><span style=\"font-weight: 400;\">Distinguir algunas caracter\u00edsticas de los estilos de apropiaci\u00f3n del conocimiento y las pr\u00e1cticas educativas para la creaci\u00f3n de espacios de aprendizaje interculturales.<\/span><\/li>\n<\/ul>\n<ul>\n<li aria-level=\"1\"><span style=\"font-weight: 400;\">Elaborar una propuesta de una actividad educativa intercultural que promueva la comprensi\u00f3n de las competencias interculturales desarrolladas durante el curso.<\/span><\/li>\n<\/ul>\n<p><b>Contenidos:\u00a0<\/b><\/p>\n<ul>\n<li style=\"font-weight: 400;\" aria-level=\"1\"><span style=\"font-weight: 400;\">Estilos de aprendizaje<\/span><\/li>\n<li style=\"font-weight: 400;\" aria-level=\"1\"><span style=\"font-weight: 400;\">Pr\u00e1cticas educativas interculturales<\/span><\/li>\n<\/ul>\n<p>[\/vc_toggle][vc_toggle title=\u00bbDuraci\u00f3n\u00bb style=\u00bbround_outline\u00bb color=\u00bbgreen\u00bb size=\u00bblg\u00bb css=\u00bb\u00bb]<\/p>\n<ul>\n<li>Cohorte 2026-1: 4 de mayo a 1 de junio de 2026<\/li>\n<li>Cohorte 2026-2: 5 de octubre a 30 de octubre de 2026<\/li>\n<\/ul>\n<p><span style=\"font-weight: 400;\">4 semanas<\/span><\/p>\n<p><span style=\"font-weight: 400;\">20 horas con una intensidad horarios de entre 4 y 5 horas semanales\u00a0<\/span>[\/vc_toggle][\/vc_column][vc_column width=\u00bb1\/2&#8243;][vc_toggle title=\u00bbProducto final\u00bb style=\u00bbround_outline\u00bb color=\u00bbgreen\u00bb size=\u00bblg\u00bb]<span style=\"font-weight: 400;\">La evaluaci\u00f3n final del curso implica el desarrollo de una rutina de reflexi\u00f3n y propuesta en la cual los participantes deber\u00e1n elegir una clase, una asignatura o espacio acad\u00e9mico y detallar una actividad que se pueda desarrollar de forma inicial como parte de una pr\u00e1ctica educativa intercultural. En estas actividad se deber\u00e1 presentar: Tema o disciplina, Competencia intercultural que desea trabajar, Objetivo de aprendizaje, Descripci\u00f3n de la actividad y Lista de pasos para lograr el desarrollo de la actividad<\/span><b>.<\/b>[\/vc_toggle][\/vc_column][\/vc_row][vc_row][vc_column width=\u00bb1\/2&#8243;][vc_btn title=\u00bbInscripci\u00f3n a la cohorte 2026-1&#8243; style=\u00bbflat\u00bb shape=\u00bbsquare\u00bb color=\u00bbiohe-orange\u00bb align=\u00bbleft\u00bb css=\u00bb\u00bb link=\u00bburl:https%3A%2F%2Fdocs.google.com%2Fforms%2Fd%2Fe%2F1FAIpQLSczUhkZwCnYNHBh5cMhoT4cyiFwEOE5wrG_k_hpkqtK-6Jpng%2Fviewform|target:_blank\u00bb][vc_column_text css=\u00bb\u00bb]<span style=\"font-weight: 400;\">Cierre de Inscripciones primera cohorte: 24 de abril de 2026<\/span><\/p>\n<p><span style=\"font-weight: 400;\">Cierre de Inscripciones segunda cohorte: 25 de septiembre de 2026<\/span>[\/vc_column_text][vc_column_text css=\u00bb\u00bb]Cupos limitados.[\/vc_column_text][\/vc_column][vc_column width=\u00bb1\/2&#8243;][\/vc_column][\/vc_row][vc_row][vc_column][vc_column_text]* Este curso es totalmente gratuito.<\/p>\n<p>* Para la asignaci\u00f3n de los cupos disponibles se tendr\u00e1 en cuenta el cumplimiento de los derechos y deberes de los miembros seg\u00fan los <a href=\"https:\/\/oui-iohe.org\/wp-content\/uploads\/2020\/08\/Estatutos-OUI_ESP.pdf\" target=\"_blank\" rel=\"noopener\" data-saferedirecturl=\"https:\/\/www.google.com\/url?q=https:\/\/oui-iohe.org\/wp-content\/uploads\/2020\/08\/Estatutos-OUI_ESP.pdf&amp;source=gmail&amp;ust=1772120315030000&amp;usg=AOvVaw0MwPhvnBS7Bv1N8yInTT3C\">estatutos<\/a>\u00a0de la Organizaci\u00f3n Universitaria Interamericana.[\/vc_column_text][\/vc_column][\/vc_row]<\/p>\n<\/div>","protected":false},"excerpt":{"rendered":"<p>[vc_row][vc_column][vc_custom_heading text=\u00bbCurso eMOVIES \u00abDocencia y aprendizaje en contextos interculturales\u00ab\u00bb font_container=\u00bbtag:h1|text_align:left\u00bb use_theme_fonts=\u00bbyes\u00bb][\/vc_column][\/vc_row][vc_row full_width=\u00bbstretch_row\u00bb css=\u00bb.vc_custom_1695250215808{background-color: #f1f1f1 !important;}\u00bb][vc_column][vc_column_text]La diversidad de culturas y cosmovisiones, [&hellip;]<\/p>\n","protected":false},"author":4,"featured_media":0,"parent":0,"menu_order":0,"comment_status":"closed","ping_status":"closed","template":"","meta":{"_acf_changed":false,"_monsterinsights_skip_tracking":false,"_monsterinsights_sitenote_active":false,"_monsterinsights_sitenote_note":"","_monsterinsights_sitenote_category":0,"footnotes":""},"class_list":["post-14440","page","type-page","status-publish","hentry"],"acf":[],"aioseo_notices":[],"_links":{"self":[{"href":"https:\/\/oui-iohe.org\/es\/wp-json\/wp\/v2\/pages\/14440","targetHints":{"allow":["GET"]}}],"collection":[{"href":"https:\/\/oui-iohe.org\/es\/wp-json\/wp\/v2\/pages"}],"about":[{"href":"https:\/\/oui-iohe.org\/es\/wp-json\/wp\/v2\/types\/page"}],"author":[{"embeddable":true,"href":"https:\/\/oui-iohe.org\/es\/wp-json\/wp\/v2\/users\/4"}],"replies":[{"embeddable":true,"href":"https:\/\/oui-iohe.org\/es\/wp-json\/wp\/v2\/comments?post=14440"}],"version-history":[{"count":23,"href":"https:\/\/oui-iohe.org\/es\/wp-json\/wp\/v2\/pages\/14440\/revisions"}],"predecessor-version":[{"id":14451,"href":"https:\/\/oui-iohe.org\/es\/wp-json\/wp\/v2\/pages\/14440\/revisions\/14451"}],"wp:attachment":[{"href":"https:\/\/oui-iohe.org\/es\/wp-json\/wp\/v2\/media?parent=14440"}],"curies":[{"name":"wp","href":"https:\/\/api.w.org\/{rel}","templated":true}]}}