{"id":14442,"date":"2023-09-19T21:43:37","date_gmt":"2023-09-20T01:43:37","guid":{"rendered":"https:\/\/oui-iohe.org\/?page_id=14442"},"modified":"2026-02-25T11:14:52","modified_gmt":"2026-02-25T16:14:52","slug":"curso-introduccion-a-las-competencias-interculturales","status":"publish","type":"page","link":"https:\/\/oui-iohe.org\/es\/curso-introduccion-a-las-competencias-interculturales\/","title":{"rendered":"Curso Introducci\u00f3n a las competencias interculturales"},"content":{"rendered":"<div class=\"wpb-content-wrapper\"><p>[vc_row][vc_column][vc_custom_heading text=\u00bbCurso eMOVIES \u00abIntroducci\u00f3n a las competencias interculturales\u00ab\u00bb font_container=\u00bbtag:h1|text_align:left\u00bb use_theme_fonts=\u00bbyes\u00bb][\/vc_column][\/vc_row][vc_row full_width=\u00bbstretch_row\u00bb css=\u00bb.vc_custom_1695248046694{background-color: #f1f1f1 !important;}\u00bb][vc_column][vc_column_text css=\u00bb\u00bb]<span style=\"font-weight: 400;\">Este curso est\u00e1 dise\u00f1ado para contribuir de manera directa al mejor desarrollo de una\u00a0 experiencia de movilidad virtual de estudiantes de licenciaturas y maestr\u00edas de las diferentes universidades miembros de la OUI, a partir del enfoque en el aprendizaje sobre la cultura, las\u00a0 relaciones entre diferentes culturas y la comprensi\u00f3n de las competencias interculturales.\u00a0 Adem\u00e1s, le permite a nuestros estudiantes\u00a0 conocer y reflexionar sobre las reglas de comunicaci\u00f3n en un ambiente\u00a0 intercultural y virtual.<\/span>[\/vc_column_text][\/vc_column][\/vc_row][vc_row][vc_column width=\u00bb1\/2&#8243;][vc_custom_heading text=\u00bbObjetivo\u00bb font_container=\u00bbtag:h1|text_align:left\u00bb use_theme_fonts=\u00bbyes\u00bb][vc_column_text]<span style=\"font-weight: 400;\">Reflexionar sobre la diversidad cultural y aprender sobre el valor profesional y social de las\u00a0 competencias interculturales para la construcci\u00f3n de la ciudadan\u00eda global. <\/span>[\/vc_column_text][\/vc_column][vc_column width=\u00bb1\/2&#8243;][vc_custom_heading text=\u00bbDirigido a\u00bb font_container=\u00bbtag:h1|text_align:left\u00bb use_theme_fonts=\u00bbyes\u00bb css=\u00bb\u00bb][vc_column_text css=\u00bb\u00bb]Estudiantes de instituciones miembros de la OUI.[\/vc_column_text][\/vc_column][\/vc_row][vc_row color=\u00bbiohe-orange\u00bb align=\u00bbalign_center\u00bb style=\u00bb\u00bb border_width=\u00bb6&#8243; el_width=\u00bb\u00bb accent_color=\u00bb\u00bb][vc_column][vc_separator color=\u00bbiohe-orange\u00bb border_width=\u00bb6&#8243;][\/vc_column][\/vc_row][vc_row][vc_column width=\u00bb1\/2&#8243;][vc_toggle title=\u00bbContenidos\u00bb style=\u00bbround_outline\u00bb color=\u00bbgreen\u00bb size=\u00bblg\u00bb]<b>Unidad 1: \u00bfQu\u00e9 es la interculturalidad? Conceptos b\u00e1sicos en torno a la\u00a0 cultura y la diversidad\u00a0\u00a0<\/b><\/p>\n<p><b>Actividades<\/b><span style=\"font-weight: 400;\">:\u00a0\u00a0<\/span><\/p>\n<ul>\n<li><span style=\"font-weight: 400;\"> \u00bfQui\u00e9n soy? La identidad y la cultura como di\u00e1logo\u00a0\u00a0<\/span><\/li>\n<li><span style=\"font-weight: 400;\"> Barreras para la interculturalidad\u00a0\u00a0<\/span><\/li>\n<li><span style=\"font-weight: 400;\"> Evaluaci\u00f3n de cierre de la unidad\u00a0\u00a0<\/span><\/li>\n<\/ul>\n<p><b>Recursos<\/b><span style=\"font-weight: 400;\">:\u00a0\u00a0<\/span><\/p>\n<ul>\n<li><span style=\"font-weight: 400;\"> Video: \u00bfQu\u00e9 es la interculturalidad?\u00a0\u00a0<\/span><\/li>\n<li><span style=\"font-weight: 400;\"> Unidad 1: \u00bfQu\u00e9 es la interculturalidad? Conceptos b\u00e1sicos en torno a la cultura y la\u00a0 diversidad\u00a0<\/span><\/li>\n<li><span style=\"font-weight: 400;\"> Infograf\u00eda: Barreras y filtros culturales<\/span><span style=\"font-weight: 400;\"><br \/>\n<\/span><\/li>\n<\/ul>\n<p><b>Unidad 2: Competencias interculturales en la pr\u00e1ctica\u00a0\u00a0<\/b><\/p>\n<p><b>Actividades<\/b><span style=\"font-weight: 400;\">:\u00a0\u00a0<\/span><\/p>\n<ul>\n<li><span style=\"font-weight: 400;\"> Mis competencias interculturales\u00a0\u00a0<\/span><\/li>\n<li><span style=\"font-weight: 400;\"> Principales competencias interculturales\u00a0\u00a0<\/span><\/li>\n<li><span style=\"font-weight: 400;\"> Evaluaci\u00f3n de cierre de la unidad\u00a0\u00a0<\/span><\/li>\n<\/ul>\n<p><b>Recursos\u00a0\u00a0<\/b><\/p>\n<ul>\n<li><span style=\"font-weight: 400;\"> Video: Competencias interculturales en la pr\u00e1ctica\u00a0\u00a0<\/span><\/li>\n<li><span style=\"font-weight: 400;\"> Unidad 2: Competencias interculturales en la pr\u00e1ctica\u00a0<\/span><\/li>\n<li><span style=\"font-weight: 400;\"> Infograf\u00eda: Desarrollo de competencias interculturales\u00a0\u00a0<\/span><\/li>\n<\/ul>\n<p><b>Unidad 3: Comunicaci\u00f3n intercultural\u00a0\u00a0<\/b><\/p>\n<p><b>Actividades<\/b><span style=\"font-weight: 400;\">:\u00a0\u00a0<\/span><\/p>\n<ul>\n<li><span style=\"font-weight: 400;\"> La comunicaci\u00f3n intercultural en los ambientes virtuales de aprendizaje\u00a0\u00a0<\/span><\/li>\n<li><span style=\"font-weight: 400;\"> Aplicar las normas de NETiqueta\u00a0\u00a0<\/span><\/li>\n<li><span style=\"font-weight: 400;\"> Evaluaci\u00f3n de cierre de la unidad\u00a0\u00a0<\/span><\/li>\n<\/ul>\n<p><b>Recursos\u00a0\u00a0<\/b><\/p>\n<ul>\n<li><span style=\"font-weight: 400;\"> Video: Comunicaci\u00f3n intercultural\u00a0\u00a0<\/span><\/li>\n<li><span style=\"font-weight: 400;\"> Unidad 3: La comunicaci\u00f3n intercultural\u00a0<\/span><\/li>\n<li><span style=\"font-weight: 400;\"> NETiquetas. Reglas de convivencia en los ambientes de aprendizaje virtuales<\/span><\/li>\n<\/ul>\n<p>[\/vc_toggle][vc_toggle title=\u00bbDuraci\u00f3n\u00bb style=\u00bbround_outline\u00bb color=\u00bbgreen\u00bb size=\u00bblg\u00bb css=\u00bb\u00bb]<\/p>\n<ul>\n<li>Cohorte 2026-1: 23 de febrero a 20 de marzo de 2026<\/li>\n<li>Cohorte 2026-2: 17 de agosto a 18 de septiembre de 2026<\/li>\n<\/ul>\n<p><span style=\"font-weight: 400;\">12 horas<\/span>[\/vc_toggle][\/vc_column][vc_column width=\u00bb1\/2&#8243;][vc_toggle title=\u00bbModalidad\u00bb style=\u00bbround_outline\u00bb color=\u00bbgreen\u00bb size=\u00bblg\u00bb]<span style=\"font-weight: 400;\">Virtual, self-paced<\/span>[\/vc_toggle][\/vc_column][\/vc_row][vc_row][vc_column width=\u00bb1\/2&#8243;][vc_btn title=\u00bbInscripci\u00f3n a la cohorte 2026-2&#8243; style=\u00bbflat\u00bb shape=\u00bbsquare\u00bb color=\u00bbiohe-orange\u00bb css=\u00bb\u00bb link=\u00bburl:https%3A%2F%2Fdocs.google.com%2Fforms%2Fd%2Fe%2F1FAIpQLSfBKpRvR3harKKJOcKJrilqZx6uokTDiPYA2SG3eYz3FoLNrQ%2Fviewform%3Fusp%3Dsf_link%20&#8243;][vc_column_text css=\u00bb\u00bb]Cierre de Inscripciones segunda cohorte: 7 de agosto de 2026[\/vc_column_text][vc_column_text css=\u00bb\u00bb]Cupos limitados[\/vc_column_text][\/vc_column][vc_column width=\u00bb1\/2&#8243;][\/vc_column][\/vc_row][vc_row][vc_column][vc_column_text css=\u00bb\u00bb]* Este curso es totalmente gratuito.<\/p>\n<p>* Para la asignaci\u00f3n de los cupos disponibles se tendr\u00e1 en cuenta el cumplimiento de los derechos y deberes de los miembros seg\u00fan los <a href=\"https:\/\/oui-iohe.org\/wp-content\/uploads\/2020\/08\/Estatutos-OUI_ESP.pdf\" target=\"_blank\" rel=\"noopener\" data-saferedirecturl=\"https:\/\/www.google.com\/url?q=https:\/\/oui-iohe.org\/wp-content\/uploads\/2020\/08\/Estatutos-OUI_ESP.pdf&amp;source=gmail&amp;ust=1772120315030000&amp;usg=AOvVaw0MwPhvnBS7Bv1N8yInTT3C\">estatutos<\/a>\u00a0de la Organizaci\u00f3n Universitaria Interamericana.[\/vc_column_text][\/vc_column][\/vc_row][vc_row full_width=\u00bbstretch_row\u00bb css=\u00bb.vc_custom_1695249376950{background-color: #f1f1f1 !important;}\u00bb][vc_column width=\u00bb1\/2&#8243;][vc_single_image image=\u00bb1245&#8243;][\/vc_column][vc_column width=\u00bb1\/2&#8243;][vc_column_text]<span style=\"font-weight: 400;\">Contacto<\/span>[\/vc_column_text][vc_column_text]<a href=\"mailto:academia@oui-iohe.org\">emovies@oui-iohe.org<\/a>[\/vc_column_text][\/vc_column][\/vc_row]<\/p>\n<\/div>","protected":false},"excerpt":{"rendered":"<p>[vc_row][vc_column][vc_custom_heading text=\u00bbCurso eMOVIES \u00abIntroducci\u00f3n a las competencias interculturales\u00ab\u00bb font_container=\u00bbtag:h1|text_align:left\u00bb use_theme_fonts=\u00bbyes\u00bb][\/vc_column][\/vc_row][vc_row full_width=\u00bbstretch_row\u00bb css=\u00bb.vc_custom_1695248046694{background-color: #f1f1f1 !important;}\u00bb][vc_column][vc_column_text css=\u00bb\u00bb]Este curso est\u00e1 dise\u00f1ado para contribuir [&hellip;]<\/p>\n","protected":false},"author":4,"featured_media":0,"parent":0,"menu_order":0,"comment_status":"closed","ping_status":"closed","template":"","meta":{"_acf_changed":false,"_monsterinsights_skip_tracking":false,"_monsterinsights_sitenote_active":false,"_monsterinsights_sitenote_note":"","_monsterinsights_sitenote_category":0,"footnotes":""},"class_list":["post-14442","page","type-page","status-publish","hentry"],"acf":[],"aioseo_notices":[],"_links":{"self":[{"href":"https:\/\/oui-iohe.org\/es\/wp-json\/wp\/v2\/pages\/14442","targetHints":{"allow":["GET"]}}],"collection":[{"href":"https:\/\/oui-iohe.org\/es\/wp-json\/wp\/v2\/pages"}],"about":[{"href":"https:\/\/oui-iohe.org\/es\/wp-json\/wp\/v2\/types\/page"}],"author":[{"embeddable":true,"href":"https:\/\/oui-iohe.org\/es\/wp-json\/wp\/v2\/users\/4"}],"replies":[{"embeddable":true,"href":"https:\/\/oui-iohe.org\/es\/wp-json\/wp\/v2\/comments?post=14442"}],"version-history":[{"count":25,"href":"https:\/\/oui-iohe.org\/es\/wp-json\/wp\/v2\/pages\/14442\/revisions"}],"predecessor-version":[{"id":20583,"href":"https:\/\/oui-iohe.org\/es\/wp-json\/wp\/v2\/pages\/14442\/revisions\/20583"}],"wp:attachment":[{"href":"https:\/\/oui-iohe.org\/es\/wp-json\/wp\/v2\/media?parent=14442"}],"curies":[{"name":"wp","href":"https:\/\/api.w.org\/{rel}","templated":true}]}}