{"id":15170,"date":"2023-12-20T15:11:19","date_gmt":"2023-12-20T20:11:19","guid":{"rendered":"https:\/\/oui-iohe.org\/?page_id=15170"},"modified":"2023-12-21T09:56:59","modified_gmt":"2023-12-21T14:56:59","slug":"ods-2-5-1","status":"publish","type":"page","link":"https:\/\/oui-iohe.org\/es\/ods-2-5-1\/","title":{"rendered":"ODS 2.5.1"},"content":{"rendered":"<div class=\"wpb-content-wrapper\"><p>[vc_row][vc_column][vc_custom_heading text=\u00bbUniversidad Nacional del Nordeste (Argentina)\u00bb use_theme_fonts=\u00bbyes\u00bb][vc_single_image image=\u00bb15078&#8243; img_size=\u00bbmedium\u00bb][vc_column_text]<b>Nombre del Proyecto<\/b><\/p>\n<p><span style=\"font-weight: 400;\">\u201cDerecho a la alimentaci\u00f3n y desarrollo rural sostenible: la biodiversidad y la defensa de los derechos de los campesinos en Argentina y Brasil\u201d<\/span><\/p>\n<p><b>Resumen<\/b><\/p>\n<p><span style=\"font-weight: 400;\">\u00bfC\u00f3mo universidades y movimientos campesinos, inicialmente de Argentina y de Brasil pueden intercambiar experiencias y promover acciones en defensa de la agrobiodiversidad y del desarrollo sustentable en el campo con el objetivo de una mayor seguridad alimentaria? Se propone la construcci\u00f3n de una red horizontal y dial\u00f3gica involucrando universidades y movimientos campesinos de ambos pa\u00edses en defensa de la agrobiodiversidad, el derecho a la alimentaci\u00f3n y el desarrollo rural sustentable,\u00a0 y contra la contaminaci\u00f3n gen\u00e9tica. La metodolog\u00eda que sigue el proyecto es dial\u00f3gica, buscando la participaci\u00f3n activa de todos los involucrados en la construcci\u00f3n de las acciones propuestas, estando permanentemente abierta a la entrada de nuevos socios. Se cree que la red conformada por los movimientos sociales y la Universidad permitir\u00e1 el intercambio horizontal de conocimientos y valoraci\u00f3n de diferentes pr\u00e1cticas, fundamentales para la agrobiodiversidad.<\/span>[\/vc_column_text][\/vc_column][\/vc_row][vc_row][vc_column][vc_column_text]<b>ODS Abordados<\/b>[\/vc_column_text][vc_single_image image=\u00bb15175&#8243; img_size=\u00bbmedium\u00bb][\/vc_column][\/vc_row][vc_row][vc_column][vc_tta_accordion style=\u00bbflat\u00bb shape=\u00bbsquare\u00bb color=\u00bbiohe-orange\u00bb gap=\u00bb35&#8243; c_icon=\u00bbchevron\u00bb c_position=\u00bbright\u00bb active_section=\u00bb9999&#8243; no_fill=\u00bbtrue\u00bb collapsible_all=\u00bbtrue\u00bb][vc_tta_section title=\u00bbConoce el proyecto\u00bb tab_id=\u00bb1703109292585-8ad08561-1734&#8243;][vc_column_text]<b>Objetivos<\/b><\/p>\n<ul>\n<li style=\"font-weight: 400;\" aria-level=\"1\"><b>General<\/b><span style=\"font-weight: 400;\">: Fomentar una red sudamericana universitaria y campesina en defensa de la biodiversidad en el campo, de las semillas tradicionales (criollas) o aut\u00f3ctonas, y el enfrentamiento de la contaminaci\u00f3n gen\u00e9tica, contribuyendo para la promoci\u00f3n del derecho a la alimentaci\u00f3n y del desarrollo rural sustentable.<\/span><\/li>\n<li style=\"font-weight: 400;\" aria-level=\"1\"><b>Espec\u00edfico<\/b><span style=\"font-weight: 400;\">: Compartir diferentes saberes, pr\u00e1cticas y experiencias para pensar y fortalecer modelos de producci\u00f3n y consumo sostenibles que respeten los ecosistemas.<\/span><\/li>\n<\/ul>\n<p><b>Instituciones Socias<\/b><\/p>\n<ul>\n<li style=\"font-weight: 400;\" aria-level=\"1\"><span style=\"font-weight: 400;\">Universidad Nacional del Nordeste (Argentina)<\/span><\/li>\n<li style=\"font-weight: 400;\" aria-level=\"1\"><span style=\"font-weight: 400;\">Movimento Campon\u00eas Popular &#8211; MCP (Brasil)<\/span><\/li>\n<li style=\"font-weight: 400;\" aria-level=\"1\"><span style=\"font-weight: 400;\">Universidade Federal de Goi\u00e1s &#8211; UFG (Brasil)<\/span><\/li>\n<li style=\"font-weight: 400;\" aria-level=\"1\"><span style=\"font-weight: 400;\">Universidade Federal do Par\u00e1 &#8211; UFPA (Brasil)<\/span><\/li>\n<li style=\"font-weight: 400;\" aria-level=\"1\"><span style=\"font-weight: 400;\">Associa\u00e7\u00e3o Quilombola Povoado Moinho &#8211; AQPM (Brasil)<\/span><\/li>\n<li style=\"font-weight: 400;\" aria-level=\"1\"><span style=\"font-weight: 400;\">Universidade Federal do Pernambuco &#8211; UFPE (Brasil)<\/span><\/li>\n<li style=\"font-weight: 400;\" aria-level=\"1\"><span style=\"font-weight: 400;\">Instituto Nacional de Agricultura Familiar, Campesina e Ind\u00edgena &#8211; INAFCI, Delegaci\u00f3n Corrientes (Argentina<\/span><\/li>\n<li style=\"font-weight: 400;\" aria-level=\"1\"><span style=\"font-weight: 400;\">Instituto Nacional de Tecnolog\u00eda Agropecuaria &#8211; INTA, Corrientes (Argentina)<\/span><\/li>\n<li style=\"font-weight: 400;\" aria-level=\"1\"><span style=\"font-weight: 400;\">Programa Semillar &#8211; \u00c1rea de Fortalecimiento de organizaciones de agricultura familiar, Delegaci\u00f3n Corrientes (Argentina)<\/span><\/li>\n<li style=\"font-weight: 400;\" aria-level=\"1\"><span style=\"font-weight: 400;\">Asociaci\u00f3n Provincial de Ferias Francas (Argentina)<\/span><\/li>\n<li style=\"font-weight: 400;\" aria-level=\"1\"><span style=\"font-weight: 400;\">Instituto de Estudios de Am\u00e9rica Latina y el Caribe &#8211; IEALC (Argentina)<\/span><\/li>\n<li style=\"font-weight: 400;\" aria-level=\"1\"><span style=\"font-weight: 400;\">Federaci\u00f3n de Organizaciones de la Agricultura Familiar, Delegaci\u00f3n Corrientes (Argentina)<\/span><\/li>\n<\/ul>\n<p>&nbsp;<\/p>\n<p><b>Sobre el Proyecto<\/b><\/p>\n<p><span style=\"font-weight: 400;\">Este proyecto tiene como objetivo fomentar una red sudamericana universitaria y campesina en defensa de la biodiversidad en el campo, de las semillas criollas, y el enfrentamiento de la contaminaci\u00f3n gen\u00e9tica, contribuyendo para la promoci\u00f3n del derecho a la alimentaci\u00f3n y del desarrollo rural sustentable. Est\u00e1 directamente asociado con los objetivos de desarrollo sustentable, en especial, el ODS 2, que propone hambre cero y la promoci\u00f3n de la seguridad alimentaria, el ODS 12 que dispone una producci\u00f3n sustentable, y el ODS 15 que trata de la protecci\u00f3n y recuperaci\u00f3n y el uso sustentable de los ecosistemas terrestres y de medidas para hacer frente a la contaminacion gen\u00e9tica.<\/span><\/p>\n<p><span style=\"font-weight: 400;\">La pregunta que orienta el desarrollo de las acciones de este proyecto es: como universidades y movimientos campesinos, inicialmente de Argentina y de Brasil pueden intercambiar experiencias y promover acciones en defensa de la agrobiodiversidad y del desarrollo sustentable en el campo con el objetivo de una mayor seguridad alimentaria? Para eso se propone la construcci\u00f3n de una red horizontal y dial\u00f3gica involucrando universidades y movimientos campesinos de Argentina y de Brasil. Creemos en la sinergia y un intercambio de experiencia entre los movimientos del campo y las universidades, as\u00ed como una construcci\u00f3n de una red de acciones en defensa del desarrollo sustentable, teniendo como centro a la agrobiodiversidad, la seguridad alimentaria y pr\u00e1cticas agr\u00edcolas que respeten los ecosistemas.<\/span><\/p>\n<p><span style=\"font-weight: 400;\">El proyecto pretende como resultado una uni\u00f3n horizontal entre universidades y movimientos campesinos brasileiros y argentinos en defensa de la agrobiodiversidad, el derecho a la alimentaci\u00f3n y el desarrollo rural sustentable. Busca la construcci\u00f3n de una red en defensa de la agrobiodiversidad y contra la contaminaci\u00f3n gen\u00e9tica.<\/span><\/p>\n<p><span style=\"font-weight: 400;\">Cuenta inicialmente con 11 socios de Brasil y de Argentina: La UNNE, la UFG, la UFPA, el MCP, AQUPM, URPE, INTA Programa Semillar, Asociacion de Ferias Francas, IEALX, Federacion de de la Agricultura Familiar. La metodolog\u00eda que seguir\u00e1 el proyecto ser\u00e1 dial\u00f3gica, buscando la participaci\u00f3n activa de todos los involucrados en la construcci\u00f3n de las acciones propuestas, estando permanentemente abierta a la entrada de nuevos socios. Se cree que la red conformada por los movimientos sociales y la Universidad permitir\u00e1 el intercambio horizontal de conocimientos y valoraci\u00f3n de diferentes pr\u00e1cticas, fundamentales para la agrobiodiversidad.<\/span><\/p>\n<p><span style=\"font-weight: 400;\">La lucha contra el hambre implica cuestionar un modelo agrario de monocultivo, que concentra la tierra y la renta, ni respeta los ecosistemas, genera una producci\u00f3n insostenible de commodities. Es un gran desaf\u00edo en Am\u00e9rica del Sur cuestionar este modelo de producci\u00f3n agraria. La construcci\u00f3n de una red en defensa de la agrobiodiversidad, que tiene como objetivo compartir diferentes saberes, pr\u00e1cticas y experiencias, es una de las estrategias que se cree importante para pensar y fortalecer modelos de producci\u00f3n y consumo sostenibles que respeten los ecosistemas y promuevan la seguridad y la soberan\u00eda alimentaria. Este es el gran impacto esperado.<\/span><\/p>\n<p>&nbsp;<\/p>\n<ul>\n<li><b>Paises donde se ejecuta el Proyecto:<\/b><span style=\"font-weight: 400;\"> Argentina y Brasil<\/span><\/li>\n<li><b>Instituci\u00f3n l\u00edder del consorcio:<\/b><span style=\"font-weight: 400;\"> Universidad Nacional del Nordeste<\/span><\/li>\n<li><b>Investigadora Principal:<\/b><span style=\"font-weight: 400;\"> Dora Esther Faria de Zuliani, Profesor Titular, Universidad Nacional del Nordeste<\/span><\/li>\n<\/ul>\n<p>[\/vc_column_text][\/vc_tta_section][vc_tta_section title=\u00bbPublicaciones y material\u00bb tab_id=\u00bb1703109292598-083a1b6a-5cbe\u00bb][vc_column_text]<b><i>Art\u00edculos<\/i><\/b><\/p>\n<ul>\n<li style=\"font-weight: 400;\" aria-level=\"1\"><span style=\"font-weight: 400;\">Alba Esther De Biancheti, \u201cDEFENSA DE LAS SEMILLAS CRIOLLAS Y NATIVAS\u201d, Libro de las XCIII Jornadas de Comunicaciones Cient\u00edficas de la Facultad de Derecho y Ciencias Sociales y Politices de la UNNE, Edici\u00f3n 2022, ISBN 978-987-3619-82- Pag. 105-109. Consulte la publicaci\u00f3n <\/span><a href=\"https:\/\/drive.google.com\/file\/d\/12ZL8UAD5IoTbim7HkSBw372hCcbF6s9Z\/view?usp=sharing\"><span style=\"font-weight: 400;\">AQU\u00cd<\/span><\/a><span style=\"font-weight: 400;\">.<\/span><\/li>\n<li style=\"font-weight: 400;\" aria-level=\"1\"><span style=\"font-weight: 400;\">Elina Itat\u00ed Ram\u00edrez, anteproyecto de Tesis titulado: \u201cLimitaci\u00f3n jur\u00eddica en los derechos de los agricultores sobre reserva de semillas criollas y en el derecho universal de uso propio\u00bb, Doctorando en Derecho de la Facultad de Derecho y Ciencias Sociales y Pol\u00edticas de la UNNE.\u00a0<\/span><\/li>\n<li style=\"font-weight: 400;\" aria-level=\"1\"><span style=\"font-weight: 400;\">ROCHA, E. G. EL STJ y las semillas transg\u00e9nicas: Monsanto y la privatizaci\u00f3n de la vida. Veredas do Direito, Belo Horizonte, v. 20, e202471, 2023. Disponible en: <\/span><a href=\"https:\/\/revista.domhelder.edu.br\/index.php\/veredas\/article\/view\/2471\/25554\"><span style=\"font-weight: 400;\">https:\/\/revista.domhelder.edu.br\/index.php\/veredas\/article\/view\/2471\/25554<\/span><\/a><span style=\"font-weight: 400;\">. Publicaci\u00f3n con referato efectuada por el Dr. Investigador Eduardo Goncalves Rocha.<\/span><\/li>\n<li style=\"font-weight: 400;\" aria-level=\"1\"><span style=\"font-weight: 400;\">Dora Esther Far\u00eda, \u201cEl camino de la Investigaci\u00f3n\u201d, Revista \u00abNegociaci\u00f3n, Mediaci\u00f3n, Conciliaci\u00f3n y M\u00e9todos RAD\u00bb, Universidad Abierta Iberoamericana. En espera de publicaci\u00f3n<\/span><\/li>\n<\/ul>\n<p>&nbsp;<\/p>\n<p><b><i>Presentaciones en jornadas cient\u00edficas<\/i><\/b><\/p>\n<ul>\n<li style=\"font-weight: 400;\" aria-level=\"1\"><span style=\"font-weight: 400;\">Inclusi\u00f3n del proyecto de investigaci\u00f3n como marco para la presentaci\u00f3n de trabajos de investigaci\u00f3n referidos a la tem\u00e1tica en el libro de las XIX Jornadas Cient\u00edficas de la Facultad de Derecho de la UNNE.<\/span><\/li>\n<li style=\"font-weight: 400;\" aria-level=\"1\"><span style=\"font-weight: 400;\">Presentaci\u00f3n del art\u00edculo \u201cEL DERECHO A LA ALIMENTACION\u201d para el libro de las XIX Jornadas de Comunicaciones Cient\u00edficas de la Facultad de Derecho de la UNNE. Autoras: Alba E. De Bianchetti y Elina Itat\u00ed Ram\u00edrez.<\/span><\/li>\n<li style=\"font-weight: 400;\" aria-level=\"1\"><span style=\"font-weight: 400;\">Presentaci\u00f3n de art\u00edculo \u201cAPROXIMACION A LA REGULACION DE SEMILLAS CRIOLLAS\u201d para el libro de las XIX Jornadas de Comunicaciones Cient\u00edficas de la Facultad de Derecho de la UNNE. Autoras: Dora Esther Far\u00eda &#8211; Alba E. De Bianchetti.<\/span><\/li>\n<li style=\"font-weight: 400;\" aria-level=\"1\"><span style=\"font-weight: 400;\">Participaci\u00f3n en Feria Franca organizada por las Asociaciones de Productores y el INAFCI, con paneles de reflexi\u00f3n y propuestas, realizado el 30 de Julio del 2023.<\/span><\/li>\n<\/ul>\n<p><b><i><br \/>\n<\/i><\/b><b><i>Avances de la investigaci\u00f3n<\/i><\/b><\/p>\n<ul>\n<li style=\"font-weight: 400;\" aria-level=\"1\"><span style=\"font-weight: 400;\">Convenio aprobado el 9 de Agosto de 2023 entre UNNE y UFG para la realizaci\u00f3n de Posgrados en forma conjunta, referidos a la tem\u00e1tica.<\/span><\/li>\n<li style=\"font-weight: 400;\" aria-level=\"1\"><span style=\"font-weight: 400;\">Firma de Carta compromiso para la creaci\u00f3n de consultorios jur\u00eddicos gratuitos en las extensiones \u00e1ulicas de Castelli y de Santo Tom\u00e9 cercanas a los zonas de producci\u00f3n, de f\u00e1cil accesibilidad para los productores, a fin de posibilitar la realizaci\u00f3n de tr\u00e1mites administrativos y resoluci\u00f3n de conflictos y asesoramiento jur\u00eddico.<\/span><\/li>\n<li style=\"font-weight: 400;\" aria-level=\"1\"><span style=\"font-weight: 400;\">Curso de Extensi\u00f3n de Defensa de Semillas Criollas y Nativas realizado por la UNNE.<\/span><\/li>\n<li style=\"font-weight: 400;\" aria-level=\"1\"><span style=\"font-weight: 400;\">Firma de Convenio Marco para actividades conjuntas con el Instituto Nacional de Agricultura Familiar, Campesina e Ind\u00edgena de la Delegaci\u00f3n Corrientes (INAFCI), Argentina<\/span><\/li>\n<li style=\"font-weight: 400;\" aria-level=\"1\"><span style=\"font-weight: 400;\">Organizaci\u00f3n de Jornadas de intercambio entre INAFCI, Facultad de Derecho UNNE y Asociaciones de Campesinos y comunidad universitaria en el \u00e1mbito de las extensiones \u00e1ulicas de la Facultad de Derecho de la UNNE.<\/span><\/li>\n<li style=\"font-weight: 400;\" aria-level=\"1\"><span style=\"font-weight: 400;\">Establecimiento de una Red de colaboraci\u00f3n en Argentina entre una entidad p\u00fablica Nacional y Asociaciones de Productores, la cual se traduce en trabajos comunes y servicios que ofrece la UNNE a trav\u00e9s de convenios.<\/span><\/li>\n<\/ul>\n<p>[\/vc_column_text][\/vc_tta_section][\/vc_tta_accordion][\/vc_column][\/vc_row]<\/p>\n<\/div>","protected":false},"excerpt":{"rendered":"<p>[vc_row][vc_column][vc_custom_heading text=\u00bbUniversidad Nacional del Nordeste (Argentina)\u00bb use_theme_fonts=\u00bbyes\u00bb][vc_single_image image=\u00bb15078&#8243; img_size=\u00bbmedium\u00bb][vc_column_text]Nombre del Proyecto \u201cDerecho a la alimentaci\u00f3n y desarrollo rural sostenible: la [&hellip;]<\/p>\n","protected":false},"author":4,"featured_media":0,"parent":0,"menu_order":0,"comment_status":"closed","ping_status":"closed","template":"","meta":{"_acf_changed":false,"_monsterinsights_skip_tracking":false,"_monsterinsights_sitenote_active":false,"_monsterinsights_sitenote_note":"","_monsterinsights_sitenote_category":0,"footnotes":""},"class_list":["post-15170","page","type-page","status-publish","hentry"],"acf":[],"aioseo_notices":[],"_links":{"self":[{"href":"https:\/\/oui-iohe.org\/es\/wp-json\/wp\/v2\/pages\/15170","targetHints":{"allow":["GET"]}}],"collection":[{"href":"https:\/\/oui-iohe.org\/es\/wp-json\/wp\/v2\/pages"}],"about":[{"href":"https:\/\/oui-iohe.org\/es\/wp-json\/wp\/v2\/types\/page"}],"author":[{"embeddable":true,"href":"https:\/\/oui-iohe.org\/es\/wp-json\/wp\/v2\/users\/4"}],"replies":[{"embeddable":true,"href":"https:\/\/oui-iohe.org\/es\/wp-json\/wp\/v2\/comments?post=15170"}],"version-history":[{"count":11,"href":"https:\/\/oui-iohe.org\/es\/wp-json\/wp\/v2\/pages\/15170\/revisions"}],"predecessor-version":[{"id":15187,"href":"https:\/\/oui-iohe.org\/es\/wp-json\/wp\/v2\/pages\/15170\/revisions\/15187"}],"wp:attachment":[{"href":"https:\/\/oui-iohe.org\/es\/wp-json\/wp\/v2\/media?parent=15170"}],"curies":[{"name":"wp","href":"https:\/\/api.w.org\/{rel}","templated":true}]}}