{"id":15197,"date":"2023-12-21T10:20:05","date_gmt":"2023-12-21T15:20:05","guid":{"rendered":"https:\/\/oui-iohe.org\/?page_id=15197"},"modified":"2023-12-21T12:50:47","modified_gmt":"2023-12-21T17:50:47","slug":"ods-2-4-1","status":"publish","type":"page","link":"https:\/\/oui-iohe.org\/es\/ods-2-4-1\/","title":{"rendered":"ODS 2.4.1"},"content":{"rendered":"<div class=\"wpb-content-wrapper\"><p>[vc_row][vc_column][vc_custom_heading text=\u00bbUniversidade Comunit\u00e1ria da Regi\u00e3o de Chapec\u00f3 &#8211; UNOCHAPEC\u00d3 (Brasil)\u00bb use_theme_fonts=\u00bbyes\u00bb][vc_single_image image=\u00bb15103&#8243; img_size=\u00bbmedium\u00bb][vc_column_text]<b>Nombre del Proyecto<\/b><\/p>\n<p><span style=\"font-weight: 400;\">\u201cProducci\u00f3n sostenible mediante movimientos sociales y econ\u00f3micos impulsados por el g\u00e9nero: Experiencias de Brasil y Canad\u00e1 en la promoci\u00f3n de los ODS de la Agenda 2030 de la ONU. Casos pr\u00e1cticos: Pitanga Rosa-Brasil y La Maison Verte-Canad\u00e1\u201d<\/span><\/p>\n<p><b>Resumen<\/b><\/p>\n<p><span style=\"font-weight: 400;\">Como continuaci\u00f3n de un estudio de colaboraci\u00f3n emprendido entre Unochapec\u00f3 (Brasil) y la Universidad de Algoma (Canad\u00e1) en 2021, la propuesta consiste en investigar los \u00e9xitos y los retos a los que se enfrentan los movimientos sociales y econ\u00f3micos, teniendo ambos la oportunidad de aprender unos de otros, as\u00ed como de aumentar su visibilidad dentro y fuera de sus respectivas regiones. Esto fomentar\u00e1 un mayor reconocimiento y el desarrollo de una mayor demanda de sus servicios, adem\u00e1s de ofrecer a otros movimientos la posibilidad de aprender de ellos y ampliar su \u00e9xito.<\/span>[\/vc_column_text][\/vc_column][\/vc_row][vc_row][vc_column][vc_column_text]<b>ODS Abordados<\/b>[\/vc_column_text][vc_single_image image=\u00bb15203&#8243; img_size=\u00bbmedium\u00bb][\/vc_column][\/vc_row][vc_row][vc_column][vc_tta_accordion style=\u00bbflat\u00bb shape=\u00bbsquare\u00bb color=\u00bbiohe-orange\u00bb gap=\u00bb35&#8243; c_icon=\u00bbchevron\u00bb c_position=\u00bbright\u00bb active_section=\u00bb9999&#8243; no_fill=\u00bbtrue\u00bb collapsible_all=\u00bbtrue\u00bb][vc_tta_section title=\u00bbConoce el proyecto\u00bb tab_id=\u00bb1703109292585-8ad08561-1734&#8243;][vc_column_text]<b>Objetivo<\/b><\/p>\n<p><span style=\"font-weight: 400;\">Investigar el papel de los movimientos sociales y econ\u00f3micos con enfoque de g\u00e9nero (mujeres) y los l\u00edmites y posibilidades de su contribuci\u00f3n a la implementaci\u00f3n de la Agenda 2030 de la ONU, a partir de dos casos concretos: la Asociaci\u00f3n Pitanga Rosa (Brasil) y la Asociaci\u00f3n La Maison Verte (Canad\u00e1), movimientos centrados en la producci\u00f3n sostenible sostenida.<\/span><\/p>\n<p>&nbsp;<\/p>\n<p><b>Instituciones Socias<\/b><\/p>\n<ul>\n<li style=\"font-weight: 400;\" aria-level=\"1\"><span style=\"font-weight: 400;\">Universidade Comunit\u00e1ria da Regi\u00e3o de Chapec\u00f3 &#8211; UNOCHAPEC\u00d3 (Brasil)<\/span><\/li>\n<li style=\"font-weight: 400;\" aria-level=\"1\"><span style=\"font-weight: 400;\">Algoma University (Canad\u00e1)<\/span><\/li>\n<li style=\"font-weight: 400;\" aria-level=\"1\"><span style=\"font-weight: 400;\">Movimiento Asociaci\u00f3n Pitanga Rosa (Brasil)<\/span><\/li>\n<li style=\"font-weight: 400;\" aria-level=\"1\"><span style=\"font-weight: 400;\">Movimiento La Maison Verte (Canad\u00e1)<\/span><\/li>\n<\/ul>\n<p>&nbsp;<\/p>\n<p><b>Sobre el Proyecto<\/b><\/p>\n<p><span style=\"font-weight: 400;\">Este proyecto da continuidad a un estudio de colaboraci\u00f3n emprendido entre la Unochapec\u00f3 y Algoma University, en 2021. Su objetivo principal es investigar el protagonismo de los movimientos sociales y econ\u00f3micos con enfoque de g\u00e9nero (mujeres) y los l\u00edmites y posibilidades de su contribuci\u00f3n a la implementaci\u00f3n de la Agenda 2030 de la ONU, a partir de dos casos concretos: Asociaci\u00f3n Pitanga Rosa (Brasil) y Asociaci\u00f3n La Maison Verte (Canad\u00e1).<\/span><\/p>\n<p><span style=\"font-weight: 400;\">La propuesta consiste en investigar los \u00e9xitos y los retos a los que se enfrentan los movimientos sociales y econ\u00f3micos, teniendo ambos la oportunidad de aprender unos de otros, as\u00ed como de aumentar su visibilidad dentro y fuera de sus respectivas regiones. Esto fomentar\u00e1 un mayor reconocimiento y el desarrollo de una mayor demanda de sus servicios, adem\u00e1s de ofrecer a otros movimientos la posibilidad de aprender de ellos y ampliar su \u00e9xito.<\/span><\/p>\n<p><span style=\"font-weight: 400;\">Otro desaf\u00edo es la incredulidad generalizada en la posibilidad de ejercer el poder y transformar la realidad a trav\u00e9s de actores sin relaci\u00f3n directa con los Estados y las corporaciones. Esto se debe en gran medida a la atomizaci\u00f3n neoliberal y a la privatizaci\u00f3n de las responsabilidades para resolver los problemas sociales y econ\u00f3micos. Se suele decir que cada uno es responsable de sus fracasos y debe actuar solo para mejorar su vida. Sin embargo, son bien conocidos los beneficios de la organizaci\u00f3n social y de la actuaci\u00f3n en movimientos sociales, como la posibilidad de elaborar una mejor comprensi\u00f3n de los problemas que afectan a todos los actores y la construcci\u00f3n de estrategias para cambiar el mundo.<\/span><\/p>\n<p><span style=\"font-weight: 400;\">Tambi\u00e9n est\u00e1 el dilema de poder conectar las experiencias con las mismas bases que se vienen dando en diferentes partes del mundo, para ampliar el protagonismo de estos actores emergentes. Esto permitir\u00e1 a otros movimientos ampliar su \u00e9xito replicando los factores de \u00e9xito de Pitanga Rosa y La Maison Verte.<\/span><\/p>\n<p><span style=\"font-weight: 400;\">El intercambio de conocimientos y resultados de la investigaci\u00f3n se llevar\u00e1 a cabo mediante reuniones de los miembros del grupo de investigaci\u00f3n, la publicaci\u00f3n de art\u00edculos cient\u00edficos, ponencias, seminarios y presentaciones de trabajos en actos acad\u00e9micos. Adem\u00e1s, se desarrollar\u00e1 una metodolog\u00eda para producir indicadores sobre la implementaci\u00f3n de los ODS 5, 8 y 12 por parte de los movimientos implicados. A partir de los indicadores y de los datos cualitativos recogidos de la observaci\u00f3n de los participantes, elaborar<\/span><\/p>\n<p><span style=\"font-weight: 400;\">un breve informe t\u00e9cnico, para ser utilizado por la coordinaci\u00f3n de cada movimiento en la solicitud de recursos, de fuentes p\u00fablicas y privadas, que puedan apalancar sus actividades.<\/span><\/p>\n<p><span style=\"font-weight: 400;\">En un primer momento, el p\u00fablico objetivo ser\u00e1n los miembros de ambos movimientos, estudiantes y profesores de Unochapec\u00f3, adem\u00e1s de los miembros del grupo de investigaci\u00f3n \u00abRelaciones Internacionales, Derecho y Poder: Actores y Desarrollo Pluridimensional\u00bb, y tambi\u00e9n la Instituci\u00f3n canadiense y sus socios, incluida la serie mensual de conferenciantes del Instituto NORDIK, dise\u00f1ada para fomentar los v\u00ednculos entre los actores acad\u00e9micos y comunitarios.<\/span><\/p>\n<p><span style=\"font-weight: 400;\">El objetivo general es profundizar en los estudios sobre la sociedad internacional contempor\u00e1nea, sus actores y los retos que implica la construcci\u00f3n de estrategias para alcanzar el desarrollo sostenible de la Agenda 2030.<\/span><\/p>\n<p><span style=\"font-weight: 400;\">El foco estar\u00e1 en los movimientos sociales econ\u00f3micos involucrados en el proyecto, y en c\u00f3mo representan los cambios en el escenario global, a partir de nuevas formas de ejercer el \u00abpoder para\u00bb, en una acci\u00f3n glocal (global + local), y con valores, l\u00f3gicas y objetivos no compartidos por los actores con mayor protagonismo, como los Estados y las corporaciones.<\/span><\/p>\n<p><span style=\"font-weight: 400;\">Finalmente, se espera que los conocimientos producidos durante el proyecto enriquezcan ambos movimientos, adem\u00e1s de llegar a las comunidades Chapecoense y del Nordeste de Ontario, posibilitando una mejor comprensi\u00f3n de lo local y sus conexiones con lo global.<\/span><\/p>\n<p>&nbsp;<\/p>\n<ul>\n<li><b>Paises donde se ejecuta el Proyecto:<\/b><span style=\"font-weight: 400;\"> Brasil (Chapec\u00f3, Santa Catarina) y Canad\u00e1 (Sault Ste. Marie, Ontario)<\/span><\/li>\n<li><b>Instituci\u00f3n l\u00edder del consorcio:<\/b><span style=\"font-weight: 400;\"> Universidade Comunit\u00e1ria da Regi\u00e3o de Chapec\u00f3 &#8211; UNOCHAPEC\u00d3 (Brasil)<\/span><\/li>\n<li><b>Investigador Principal:<\/b><span style=\"font-weight: 400;\"> Prof. Dr. Giovanni Olsson, Profesor de grado y postgrado, UNOCHAPEC\u00d3<\/span><\/li>\n<\/ul>\n<p>[\/vc_column_text][\/vc_tta_section][\/vc_tta_accordion][\/vc_column][\/vc_row]<\/p>\n<\/div>","protected":false},"excerpt":{"rendered":"<p>[vc_row][vc_column][vc_custom_heading text=\u00bbUniversidade Comunit\u00e1ria da Regi\u00e3o de Chapec\u00f3 &#8211; UNOCHAPEC\u00d3 (Brasil)\u00bb use_theme_fonts=\u00bbyes\u00bb][vc_single_image image=\u00bb15103&#8243; img_size=\u00bbmedium\u00bb][vc_column_text]Nombre del Proyecto \u201cProducci\u00f3n sostenible mediante movimientos sociales [&hellip;]<\/p>\n","protected":false},"author":4,"featured_media":0,"parent":0,"menu_order":0,"comment_status":"closed","ping_status":"closed","template":"","meta":{"_acf_changed":false,"_monsterinsights_skip_tracking":false,"_monsterinsights_sitenote_active":false,"_monsterinsights_sitenote_note":"","_monsterinsights_sitenote_category":0,"footnotes":""},"class_list":["post-15197","page","type-page","status-publish","hentry"],"acf":[],"aioseo_notices":[],"_links":{"self":[{"href":"https:\/\/oui-iohe.org\/es\/wp-json\/wp\/v2\/pages\/15197","targetHints":{"allow":["GET"]}}],"collection":[{"href":"https:\/\/oui-iohe.org\/es\/wp-json\/wp\/v2\/pages"}],"about":[{"href":"https:\/\/oui-iohe.org\/es\/wp-json\/wp\/v2\/types\/page"}],"author":[{"embeddable":true,"href":"https:\/\/oui-iohe.org\/es\/wp-json\/wp\/v2\/users\/4"}],"replies":[{"embeddable":true,"href":"https:\/\/oui-iohe.org\/es\/wp-json\/wp\/v2\/comments?post=15197"}],"version-history":[{"count":8,"href":"https:\/\/oui-iohe.org\/es\/wp-json\/wp\/v2\/pages\/15197\/revisions"}],"predecessor-version":[{"id":15210,"href":"https:\/\/oui-iohe.org\/es\/wp-json\/wp\/v2\/pages\/15197\/revisions\/15210"}],"wp:attachment":[{"href":"https:\/\/oui-iohe.org\/es\/wp-json\/wp\/v2\/media?parent=15197"}],"curies":[{"name":"wp","href":"https:\/\/api.w.org\/{rel}","templated":true}]}}