{"id":15223,"date":"2023-12-21T14:40:44","date_gmt":"2023-12-21T19:40:44","guid":{"rendered":"https:\/\/oui-iohe.org\/?page_id=15223"},"modified":"2023-12-22T12:27:46","modified_gmt":"2023-12-22T17:27:46","slug":"ods-2-6-1","status":"publish","type":"page","link":"https:\/\/oui-iohe.org\/es\/ods-2-6-1\/","title":{"rendered":"ODS 2.6.1"},"content":{"rendered":"<div class=\"wpb-content-wrapper\"><p>[vc_row][vc_column][vc_custom_heading text=\u00bbUniversidad de Los Lagos (Chile)\u00bb use_theme_fonts=\u00bbyes\u00bb][vc_single_image image=\u00bb15108&#8243; img_size=\u00bbmedium\u00bb][vc_column_text]<b>Nombre del Proyecto<\/b><\/p>\n<p><span style=\"font-weight: 400;\">\u201cCentinelas Comunitarios: ciencia ciudadana para el monitoreo socioambiental participativo de zonas costeras en Chile y Brasil\u201d<\/span><\/p>\n<p><b>Resumen<\/b><\/p>\n<p><span style=\"font-weight: 400;\">Las comunidades ind\u00edgenas y tradicionales costeras de recolectores, mariscadores y pescadores artesanales de Am\u00e9rica Latina est\u00e1n entre las comunidades m\u00e1s afectadas por el cambio clim\u00e1tico. Uno de los mecanismos para enfrentar sus efectos es el monitoreo socioambiental participativo. Basado en la experiencia de los Centinelas Comunitarios desarrollado en el sur de Chile, el proyecto busca consolidar e implementar el programa Centinelas Comunitarios para el Monitoreo Socioambiental Comunitario de \u00c1reas Marinas Protegidas en Chile y Brasil.<\/span>[\/vc_column_text][\/vc_column][\/vc_row][vc_row][vc_column][vc_column_text]<b>ODS Abordados<\/b>[\/vc_column_text][vc_single_image image=\u00bb15229&#8243; img_size=\u00bbmedium\u00bb][\/vc_column][\/vc_row][vc_row][vc_column][vc_tta_accordion style=\u00bbflat\u00bb shape=\u00bbsquare\u00bb color=\u00bbiohe-orange\u00bb gap=\u00bb35&#8243; c_icon=\u00bbchevron\u00bb c_position=\u00bbright\u00bb active_section=\u00bb9999&#8243; no_fill=\u00bbtrue\u00bb collapsible_all=\u00bbtrue\u00bb][vc_tta_section title=\u00bbConoce el proyecto\u00bb tab_id=\u00bb1703109292585-8ad08561-1734&#8243;][vc_column_text]<b>Objetivos<\/b><\/p>\n<ul>\n<li style=\"font-weight: 400;\" aria-level=\"1\"><b>General<\/b><span style=\"font-weight: 400;\">: Consolidar e Implementar el Programa Centinelas Comunitarios para el Monitoreo Socioambiental Comunitario de \u00c1reas Marinas Protegidas en dos pa\u00edses de Am\u00e9rica del Sur: Chile y Brasil.<\/span><\/li>\n<li style=\"font-weight: 400;\" aria-level=\"1\"><span style=\"font-weight: 400;\">Espec\u00edficos:<\/span>\n<ul>\n<li style=\"font-weight: 400;\" aria-level=\"2\"><span style=\"font-weight: 400;\">Monitorear los impactos del cambio clim\u00e1tico en zonas costeras habitadas por poblaciones ind\u00edgenas y tradicionales en Chile y Brasil.<\/span><\/li>\n<li style=\"font-weight: 400;\" aria-level=\"2\"><span style=\"font-weight: 400;\">Generar informaci\u00f3n socioambiental relevante para la conservaci\u00f3n y manejo de recursos naturales en \u00c1reas Marinas Protegidas de Chile y Brasil.<\/span><\/li>\n<li style=\"font-weight: 400;\" aria-level=\"2\"><span style=\"font-weight: 400;\">Contribuir a la gobernanza inclusiva de \u00c1reas Marinas Protegidas en Chile y Brasil mediante la participaci\u00f3n de pueblos ind\u00edgenas y tradicionales en el monitoreo socioambiental de los impactos del cambio clim\u00e1tico.<\/span><\/li>\n<\/ul>\n<\/li>\n<\/ul>\n<p>&nbsp;<\/p>\n<p><b>Instituciones Socias<\/b><\/p>\n<ul>\n<li style=\"font-weight: 400;\" aria-level=\"1\"><span style=\"font-weight: 400;\">Universidad de los Lagos (Chile)<\/span><\/li>\n<li style=\"font-weight: 400;\" aria-level=\"1\"><span style=\"font-weight: 400;\">Universidade do Sul de Santa Catarina (Brasil)<\/span><\/li>\n<li style=\"font-weight: 400;\" aria-level=\"1\"><span style=\"font-weight: 400;\">Asociaci\u00f3n de Comunidades Mapuche Huilliche de Carelmapu (Chile)<\/span><\/li>\n<li style=\"font-weight: 400;\" aria-level=\"1\"><span style=\"font-weight: 400;\">Associa\u00e7\u00e3o dos Pescadores Artesanais do Cabo de Santa Marta Grande &#8211; APAFa (Brasil)<\/span><\/li>\n<\/ul>\n<p>&nbsp;<\/p>\n<p><b>Sobre el Proyecto<\/b><\/p>\n<p><span style=\"font-weight: 400;\">Las comunidades ind\u00edgenas y tradicionales costeras de recolectores, mariscadores y pescadores artesanales de Am\u00e9rica Latina est\u00e1n entre las comunidades m\u00e1s afectadas por el cambio clim\u00e1tico. Uno de los mecanismos para enfrentar sus efectos es el monitoreo socioambiental participativo.<\/span><\/p>\n<p><span style=\"font-weight: 400;\">Basado en la experiencia de los Centinelas Comunitarios desarrollado en el sur de Chile, el proyecto tiene por objetivo general Consolidar e Implementar el Programa Centinelas Comunitarios para el Monitoreo Socioambiental Comunitario de \u00c1reas Marinas Protegidas en dos pa\u00edses de Am\u00e9rica del Sur: Chile y Brasil.\u00a0<\/span><\/p>\n<p><span style=\"font-weight: 400;\">El proyecto aborda los siguientes ODS procurando responder a cada uno de sus retos espec\u00edficos de la siguiente manera:\u00a0\u00a0\u00a0<\/span><\/p>\n<ul>\n<li style=\"font-weight: 400;\" aria-level=\"1\"><span style=\"font-weight: 400;\">ODS 14: Se abordar\u00e1 por medio del monitoreo de \u00c1reas Marinas Protegidas, generando informaci\u00f3n basada en los conocimientos tradicionales y las percepciones locales que contribuyan a la protecci\u00f3n de la biodiversidad y de ecosistemas relevantes.<\/span><\/li>\n<li style=\"font-weight: 400;\" aria-level=\"1\"><span style=\"font-weight: 400;\">ODS 13: Se abordar\u00e1 por medio de la estrategia de ciencia ciudadana para la identificaci\u00f3n de los efectos del cambio clim\u00e1tico en zonas marino-costeras y de la generaci\u00f3n de acciones individuales y colectivas de enfrentamiento a sus impactos.<\/span><\/li>\n<li style=\"font-weight: 400;\" aria-level=\"1\"><span style=\"font-weight: 400;\">ODS 17: Se abordar\u00e1 por medio de la alianza entre Universidades y comunidades ind\u00edgenas y tradicionales de dos pa\u00edses de Am\u00e9rica del sur para el desarrollo del monitoreo comunitarios basado en la ciencia ciudadana.<\/span><\/li>\n<\/ul>\n<p><span style=\"font-weight: 400;\">Los resultados esperados de la iniciativa:<\/span><\/p>\n<ul>\n<li style=\"font-weight: 400;\" aria-level=\"1\"><span style=\"font-weight: 400;\">Formar un grupo estable de Centinelas Comunitarios en Chile y Brasil.<\/span><\/li>\n<li style=\"font-weight: 400;\" aria-level=\"1\"><span style=\"font-weight: 400;\">Generar un registro de impactos del cambio clim\u00e1tico en \u00e1reas marinas protegidas disponibles en la plataforma web: <\/span><a href=\"http:\/\/www.centinelascomunitarios.cl\"><span style=\"font-weight: 400;\">www.centinelascomunitarios.cl<\/span><\/a><span style=\"font-weight: 400;\">\u00a0<\/span><\/li>\n<li style=\"font-weight: 400;\" aria-level=\"1\"><span style=\"font-weight: 400;\">Generar un intercambio internacional de experiencias entre los grupos de Centinelas de Chile y Brasil.<\/span><\/li>\n<li style=\"font-weight: 400;\" aria-level=\"1\"><span style=\"font-weight: 400;\">Establecer una alianza entre las Universidades y las comunidades locales.<\/span><\/li>\n<li style=\"font-weight: 400;\" aria-level=\"1\"><span style=\"font-weight: 400;\">Elaborar material gr\u00e1fico y audiovisual para la divulgaci\u00f3n de los resultados.\u00a0<\/span><\/li>\n<\/ul>\n<p>&nbsp;<\/p>\n<p><span style=\"font-weight: 400;\">M\u00e9todo. El monitoreo comunitario es una estrategia de ciencia ciudadana que se basa en la experiencia Centinelas Comunitarios desarrollada por el Laboratorio de Ciencia Ciudadana de la Universidad de Los Lagos en la localidad de Carelmapu en el sur de Chile durante el a\u00f1o 2021 (LabC, 2021).\u00a0\u00a0<\/span><\/p>\n<p><span style=\"font-weight: 400;\">El Monitoreo Participativo Comunitario se divide en 4 etapas:<\/span><\/p>\n<ol>\n<li style=\"font-weight: 400;\" aria-level=\"1\"><span style=\"font-weight: 400;\">Preparaci\u00f3n: momento en el que se acuerdan los objetivos del monitoreo.<\/span><\/li>\n<li style=\"font-weight: 400;\" aria-level=\"1\"><span style=\"font-weight: 400;\">Organizaci\u00f3n: se organiza el grupo de centinelas y la extensi\u00f3n del monitoreo.<\/span><\/li>\n<li style=\"font-weight: 400;\" aria-level=\"1\"><span style=\"font-weight: 400;\">Ejecuci\u00f3n: ejecuci\u00f3n del monitoreo comprendiendo el registro, sistematizaci\u00f3n y validaci\u00f3n de la informaci\u00f3n recogida.<\/span><\/li>\n<li style=\"font-weight: 400;\" aria-level=\"1\"><span style=\"font-weight: 400;\">Difusi\u00f3n: considerando la publicaci\u00f3n de los registros en una plataforma web con un sistema de informaci\u00f3n geogr\u00e1fica, la elaboraci\u00f3n de una c\u00e1psula audiovisual y la retribuci\u00f3n con las comunidades locales participantes.<\/span><\/li>\n<\/ol>\n<p>&nbsp;<\/p>\n<p><span style=\"font-weight: 400;\">Adem\u00e1s, como estrategia de difusi\u00f3n del conocimiento se espera elaborar material de comunicaci\u00f3n orientado a comunidades y tomadores de decisi\u00f3n a nivel local y regional, as\u00ed como material acad\u00e9mico que sistematice las principales contribuciones de la iniciativa.<\/span><\/p>\n<p>&nbsp;<\/p>\n<ul>\n<li><b>Paises donde se ejecuta el Proyecto<\/b><span style=\"font-weight: 400;\">: Brasil y Chile<\/span><\/li>\n<li><b>Instituci\u00f3n l\u00edder del consorcio:<\/b><span style=\"font-weight: 400;\"> Universidad de Los Lagos<\/span><\/li>\n<li><b>Investigador Principal:<\/b><span style=\"font-weight: 400;\"> Francisco Javier Araos Leiva, Acad\u00e9mico, Centro de Estudios del Desarrollo Regional y de Pol\u00edticas P\u00fablicas (CEDER) y Jefe del Programa Magister en Ciencias Sociales en Estudios Territoriales, Universidad de Los Lagos<\/span><\/li>\n<\/ul>\n<p>[\/vc_column_text][\/vc_tta_section][vc_tta_section title=\u00bbNoticias\u00bb tab_id=\u00bb1703171627536-6313279c-1be7&#8243;][vc_column_text]<b><i>Notas period\u00edsticas de divulgaci\u00f3n<\/i><\/b><\/p>\n<ul>\n<li style=\"font-weight: 400;\" aria-level=\"1\"><span style=\"font-weight: 400;\">11\/03\/2023: nota en canal de YouTube ULagos TV \u201cCentinelas Comunitarios; monitoreo socioambiental participativo de zonas costeras en Chile y Brasil\u201d: <\/span><a href=\"https:\/\/youtu.be\/Iy_M8nXvZJ8?si=qoFH45CTinGa0VRa\"><span style=\"font-weight: 400;\">https:\/\/youtu.be\/Iy_M8nXvZJ8?si=qoFH45CTinGa0VRa<\/span><\/a><\/li>\n<\/ul>\n<p>[\/vc_column_text][\/vc_tta_section][vc_tta_section title=\u00bbPublicaciones y material\u00bb tab_id=\u00bb1703109292598-083a1b6a-5cbe\u00bb][vc_column_text]<b>Material de divulgaci\u00f3n del Proyecto<\/b><\/p>\n<ul>\n<li style=\"font-weight: 400;\" aria-level=\"1\"><span style=\"font-weight: 400;\">Flyer de Lanzamiento: <\/span><a href=\"https:\/\/drive.google.com\/file\/d\/1ptHzPDh9aZ9xyAjLzAjaRfHDSjPcbDW4\/view?usp=drive_link\"><span style=\"font-weight: 400;\">https:\/\/drive.google.com\/file\/d\/1ptHzPDh9aZ9xyAjLzAjaRfHDSjPcbDW4\/view?usp=drive_link<\/span><\/a><\/li>\n<li style=\"font-weight: 400;\" aria-level=\"1\"><span style=\"font-weight: 400;\">Reuni\u00f3n de Lanzamiento oficial: <\/span><a href=\"https:\/\/www.youtube.com\/live\/ex_tIchEVG4?si=a1KtuT3IpVKeNeHZ\"><span style=\"font-weight: 400;\">https:\/\/www.youtube.com\/live\/ex_tIchEVG4?si=a1KtuT3IpVKeNeHZ<\/span><\/a><\/li>\n<li style=\"font-weight: 400;\" aria-level=\"1\"><span style=\"font-weight: 400;\">Actividades Visita de Centinelas de Brasil a Carelmapu: <\/span><a href=\"https:\/\/www.instagram.com\/p\/Cre3OngOh2y\/?igshid=MzRlODBiNWFlZA==\"><span style=\"font-weight: 400;\">https:\/\/www.instagram.com\/p\/Cre3OngOh2y\/?igshid=MzRlODBiNWFlZA==<\/span><\/a><span style=\"font-weight: 400;\">\u00a0<\/span><\/li>\n<\/ul>\n<p>&nbsp;<\/p>\n<p><b>Actividades de difusi\u00f3n del Proyecto<\/b><\/p>\n<ul>\n<li style=\"font-weight: 400;\" aria-level=\"1\"><span style=\"font-weight: 400;\">Viaje de Centinelas de Carelmapu a Brasil: <\/span><a href=\"https:\/\/drive.google.com\/file\/d\/1ksyPEuG0-gHmZKBaKK0GnmbCHwjFKRWI\/view?usp=drive_link\"><span style=\"font-weight: 400;\">https:\/\/drive.google.com\/file\/d\/1ksyPEuG0-gHmZKBaKK0GnmbCHwjFKRWI\/view?usp=drive_link<\/span><\/a><\/li>\n<\/ul>\n<p>&nbsp;<\/p>\n<p><b>Actividades resultantes del proyecto<\/b><\/p>\n<ul>\n<li style=\"font-weight: 400;\" aria-level=\"1\"><span style=\"font-weight: 400;\">Nuevas actividades de implementaci\u00f3n de proyecto Centinelas en Brasil: <\/span><a href=\"https:\/\/drive.google.com\/file\/d\/1xZR7W9XxkLakBD9va15G6D9hEpD66tYR\/view?usp=drive_link\"><span style=\"font-weight: 400;\">https:\/\/drive.google.com\/file\/d\/1xZR7W9XxkLakBD9va15G6D9hEpD66tYR\/view?usp=drive_link<\/span><\/a><\/li>\n<li style=\"font-weight: 400;\" aria-level=\"1\"><span style=\"font-weight: 400;\">Segundo intercambio en Chile: <\/span><a href=\"https:\/\/drive.google.com\/file\/d\/1v9Jm88A-FAOXF4JSM7Z2O8oUDmS9X5XC\/view?usp=drive_link\"><span style=\"font-weight: 400;\">https:\/\/drive.google.com\/file\/d\/1v9Jm88A-FAOXF4JSM7Z2O8oUDmS9X5XC\/view?usp=drive_link<\/span><\/a><span style=\"font-weight: 400;\">\u00a0<\/span><\/li>\n<\/ul>\n<p>[\/vc_column_text][\/vc_tta_section][\/vc_tta_accordion][\/vc_column][\/vc_row]<\/p>\n<\/div>","protected":false},"excerpt":{"rendered":"<p>[vc_row][vc_column][vc_custom_heading text=\u00bbUniversidad de Los Lagos (Chile)\u00bb use_theme_fonts=\u00bbyes\u00bb][vc_single_image image=\u00bb15108&#8243; img_size=\u00bbmedium\u00bb][vc_column_text]Nombre del Proyecto \u201cCentinelas Comunitarios: ciencia ciudadana para el monitoreo socioambiental participativo [&hellip;]<\/p>\n","protected":false},"author":4,"featured_media":0,"parent":0,"menu_order":0,"comment_status":"closed","ping_status":"closed","template":"","meta":{"_acf_changed":false,"_monsterinsights_skip_tracking":false,"_monsterinsights_sitenote_active":false,"_monsterinsights_sitenote_note":"","_monsterinsights_sitenote_category":0,"footnotes":""},"class_list":["post-15223","page","type-page","status-publish","hentry"],"acf":[],"aioseo_notices":[],"_links":{"self":[{"href":"https:\/\/oui-iohe.org\/es\/wp-json\/wp\/v2\/pages\/15223","targetHints":{"allow":["GET"]}}],"collection":[{"href":"https:\/\/oui-iohe.org\/es\/wp-json\/wp\/v2\/pages"}],"about":[{"href":"https:\/\/oui-iohe.org\/es\/wp-json\/wp\/v2\/types\/page"}],"author":[{"embeddable":true,"href":"https:\/\/oui-iohe.org\/es\/wp-json\/wp\/v2\/users\/4"}],"replies":[{"embeddable":true,"href":"https:\/\/oui-iohe.org\/es\/wp-json\/wp\/v2\/comments?post=15223"}],"version-history":[{"count":5,"href":"https:\/\/oui-iohe.org\/es\/wp-json\/wp\/v2\/pages\/15223\/revisions"}],"predecessor-version":[{"id":15301,"href":"https:\/\/oui-iohe.org\/es\/wp-json\/wp\/v2\/pages\/15223\/revisions\/15301"}],"wp:attachment":[{"href":"https:\/\/oui-iohe.org\/es\/wp-json\/wp\/v2\/media?parent=15223"}],"curies":[{"name":"wp","href":"https:\/\/api.w.org\/{rel}","templated":true}]}}