{"id":15245,"date":"2023-12-21T17:29:05","date_gmt":"2023-12-21T22:29:05","guid":{"rendered":"https:\/\/oui-iohe.org\/?page_id=15245"},"modified":"2024-01-24T15:42:52","modified_gmt":"2024-01-24T20:42:52","slug":"ods-2-8-1","status":"publish","type":"page","link":"https:\/\/oui-iohe.org\/es\/ods-2-8-1\/","title":{"rendered":"ODS 2.8.1"},"content":{"rendered":"<div class=\"wpb-content-wrapper\"><p>[vc_row][vc_column][vc_custom_heading text=\u00bbUniversidad El Bosque (Colombia)\u00bb use_theme_fonts=\u00bbyes\u00bb][vc_single_image image=\u00bb15123&#8243; img_size=\u00bbmedium\u00bb][vc_column_text]<b>Nombre del Proyecto<\/b><\/p>\n<p><span style=\"font-weight: 400;\">\u201cEstrategias econ\u00f3micas y de conservaci\u00f3n en el sector rural y silvestre en Colombia. Fase: Dise\u00f1o de protocolos para la gesti\u00f3n de proyectos productivos para el sector de turismo de naturaleza\u201d<\/span><\/p>\n<p><b>Resumen<\/b><\/p>\n<p><span style=\"font-weight: 400;\">La falta de identificaci\u00f3n de oportunidades de valor econ\u00f3mico dentro de las estrategias de conservaci\u00f3n en \u00e1reas de alto potencial en recursos biol\u00f3gicos, podr\u00eda ser la respuesta para consolidar cadenas de valor al momento de implementarlas, derivado de las implicaciones inherentes a los nuevos modelos de mercado que demandan mayor eficiencia y sustentabilidad de los sectores econ\u00f3micos y productivos. El dise\u00f1o de protocolos para la gesti\u00f3n de proyectos productivos para el sector, validados y socializados por los beneficiarios, se convertir\u00e1 en una herramienta para la consolidaci\u00f3n de indicadores econ\u00f3micos, l\u00edneas reales de conservaci\u00f3n en las \u00e1reas de impacto, formaci\u00f3n de talento humano para su replicaci\u00f3n y transferencia en el tiempo.<\/span>[\/vc_column_text][\/vc_column][\/vc_row][vc_row][vc_column][vc_column_text]<b>ODS Abordados<\/b>[\/vc_column_text][vc_single_image image=\u00bb15249&#8243; img_size=\u00bbmedium\u00bb][\/vc_column][\/vc_row][vc_row][vc_column][vc_tta_accordion style=\u00bbflat\u00bb shape=\u00bbsquare\u00bb color=\u00bbiohe-orange\u00bb gap=\u00bb35&#8243; c_icon=\u00bbchevron\u00bb c_position=\u00bbright\u00bb active_section=\u00bb9999&#8243; no_fill=\u00bbtrue\u00bb collapsible_all=\u00bbtrue\u00bb][vc_tta_section title=\u00bbConoce el proyecto\u00bb tab_id=\u00bb1703109292585-8ad08561-1734&#8243;][vc_column_text]<b>Objetivos<\/b><\/p>\n<ul>\n<li style=\"font-weight: 400;\" aria-level=\"1\"><b>General<\/b><span style=\"font-weight: 400;\">: Dise\u00f1ar protocolos para la gesti\u00f3n de proyectos productivos para el sector de turismo de naturaleza.<\/span><\/li>\n<li style=\"font-weight: 400;\" aria-level=\"1\"><span style=\"font-weight: 400;\">Espec\u00edficos:<\/span>\n<ul>\n<li style=\"font-weight: 400;\" aria-level=\"2\"><span style=\"font-weight: 400;\">Identificar las oportunidades de valor econ\u00f3mico dentro de la conservaci\u00f3n en el sector a partir de la estimaci\u00f3n de la capacidad de carga tur\u00edstica.<\/span><\/li>\n<li style=\"font-weight: 400;\" aria-level=\"2\"><span style=\"font-weight: 400;\">Dise\u00f1ar herramientas para la gesti\u00f3n ambiental, ordenamiento, educaci\u00f3n del \u00e1rea de impacto del proyecto.<\/span><\/li>\n<li style=\"font-weight: 400;\" aria-level=\"2\"><span style=\"font-weight: 400;\">Identificar los ECOS (espectros de oportunidad asociados), en el \u00e1rea para el fortalecimiento de la cadena de valor.<\/span><\/li>\n<li style=\"font-weight: 400;\" aria-level=\"2\"><span style=\"font-weight: 400;\">Cualificar la comunidad para la venta de bienes y servicios ecosist\u00e9micos como estrategia de empoderamiento del territorio.<\/span><\/li>\n<li style=\"font-weight: 400;\" aria-level=\"2\"><span style=\"font-weight: 400;\">Desarrollar elementos de comunicaci\u00f3n para el posicionamiento de marca de las \u00e1reas de inter\u00e9s como destino tur\u00edstico con prop\u00f3sito.<\/span><\/li>\n<\/ul>\n<\/li>\n<\/ul>\n<p>&nbsp;<\/p>\n<p><b>Instituciones Socias<\/b><\/p>\n<ul>\n<li style=\"font-weight: 400;\" aria-level=\"1\"><span style=\"font-weight: 400;\">Universidad El Bosque (Colombia)<\/span><\/li>\n<li style=\"font-weight: 400;\" aria-level=\"1\"><span style=\"font-weight: 400;\">Corpolindosa (Colombia)<\/span><\/li>\n<li style=\"font-weight: 400;\" aria-level=\"1\"><span style=\"font-weight: 400;\">Biodiversity Management and Conservation Colombia &#8211; BMC<\/span><\/li>\n<li style=\"font-weight: 400;\" aria-level=\"1\"><span style=\"font-weight: 400;\">Universidad de Colima (M\u00e9xico)<\/span><\/li>\n<li style=\"font-weight: 400;\" aria-level=\"1\"><span style=\"font-weight: 400;\">Reserva Natural El Diamante de las Aguas (Colombia)<\/span><\/li>\n<\/ul>\n<p>&nbsp;<\/p>\n<p><b>Sobre el Proyecto<\/b><\/p>\n<p><span style=\"font-weight: 400;\">La falta de identificaci\u00f3n de oportunidades de valor econ\u00f3mico dentro de las estrategias de conservaci\u00f3n, en \u00e1reas de alto potencial en recursos biol\u00f3gicos podr\u00eda ser la respuesta para consolidar cadenas de valor al momento de implementarlas y esto derivado de las implicaciones inherentes a los nuevos modelos de mercado que exigen mayor eficiencia y sostenibilidad de los sectores econ\u00f3micos y productivos; dan como resultado el desaprovechamiento de un nuevo campo de opciones de articulaci\u00f3n institucional y posicionamiento de mercado en torno a la necesidad de fortalecer estrategias econ\u00f3micas vinculadas a herramientas conservacionistas.<\/span><\/p>\n<p><span style=\"font-weight: 400;\">El objetivo de desarrollar protocolos para el manejo de recursos biol\u00f3gicos apalancando la cadena de valor denominada turismo permitir\u00e1 nuevas formas de conservaci\u00f3n y mejoramiento de la calidad de vida de las comunidades vinculadas al proyecto, aportando indicadores positivos para los ODS:<\/span><\/p>\n<ul>\n<li style=\"font-weight: 400;\" aria-level=\"1\"><span style=\"font-weight: 400;\">1. Fin de la Pobreza, generando opciones econ\u00f3micas de producci\u00f3n y mercado,<\/span><\/li>\n<li style=\"font-weight: 400;\" aria-level=\"1\"><span style=\"font-weight: 400;\">6. Agua limpia y saneamiento ambiental: Planes de manejo sobre los numerosos cuerpos de agua de la zona para fortalecer el turismo de naturaleza,<\/span><\/li>\n<li style=\"font-weight: 400;\" aria-level=\"1\"><span style=\"font-weight: 400;\">15. Vida de los ecosistemas terrestres determinaci\u00f3n del potencial bi\u00f3tico y abi\u00f3tico con fines de conservaci\u00f3n y biocomercio.<\/span><\/li>\n<\/ul>\n<p>&nbsp;<\/p>\n<p><span style=\"font-weight: 400;\">Se abordar\u00e1n los campos de investigaci\u00f3n en conservaci\u00f3n de recursos naturales, manejo de recursos naturales para la consolidaci\u00f3n del turismo de naturaleza, identificaci\u00f3n de las oportunidades de valor econ\u00f3mico dentro de la conservaci\u00f3n en el sector y el ECOS (espectros de oportunidad asociados), en el \u00e1rea para el fortalecimiento de la cadena de valor, a partir del levantamiento de la l\u00ednea base (factores bi\u00f3ticos y abi\u00f3ticos), dise\u00f1o de herramientas para la gesti\u00f3n ambiental, educaci\u00f3n ambiental en el \u00e1rea de impacto del proyecto, cualificaci\u00f3n de la comunidad para la venta de bienes y servicios ecosist\u00e9micos como estrategia de empoderamiento del territorio, desarrollo de protocolos para la implementaci\u00f3n de proyectos productivos que consoliden la oferta de turismo de naturaleza asociada al dise\u00f1o de elementos de comunicaci\u00f3n para el posicionamiento de marca de las \u00e1reas de inter\u00e9s como destino tur\u00edstico propositivo.<\/span><\/p>\n<p><span style=\"font-weight: 400;\">Desarrollar elementos para la transferencia de conocimiento: talleres, gu\u00edas y protocolos para el empoderamiento y replicabilidad de los mismos, capacitaci\u00f3n en: formaci\u00f3n de l\u00edderes en biocomercio y desarrollo de herramientas de valoraci\u00f3n y cadenas de valor econ\u00f3micas sostenibles e identificadas como \u00e1rea de oportunidad para el desarrollo del turismo con prop\u00f3sito en el municipio, consolidar la informaci\u00f3n biol\u00f3gica como herramienta en la construcci\u00f3n de nuevas cadenas de valor y apropiaci\u00f3n del territorio resultados en calidad de vida para las comunidades de las zonas estrat\u00e9gicas.<\/span><\/p>\n<p><span style=\"font-weight: 400;\">El dise\u00f1o de protocolos para la gesti\u00f3n de proyectos productivos para el sector, validados y socializados por los beneficiarios, se convertir\u00e1 en una herramienta para la consolidaci\u00f3n de indicadores econ\u00f3micos, l\u00edneas reales de conservaci\u00f3n en las \u00e1reas de impacto, formaci\u00f3n de talento humano para la r\u00e9plica y transferencia en el tiempo.<\/span><\/p>\n<p>&nbsp;<\/p>\n<ul>\n<li><b>Pa\u00eds donde se ejecuta el Proyecto<\/b><span style=\"font-weight: 400;\">: Colombia<\/span><\/li>\n<li><b>Instituci\u00f3n l\u00edder del consorcio:<\/b><span style=\"font-weight: 400;\"> Universidad El Bosque<\/span><\/li>\n<li><b>Investigadora Principal:<\/b><span style=\"font-weight: 400;\"> Clara Eswanhill Santafe Mill\u00e1n, Directora, Programa de Biolog\u00eda, Universidad El Bosque<\/span><\/li>\n<\/ul>\n<p>[\/vc_column_text][\/vc_tta_section][vc_tta_section title=\u00bbPublicaciones y material\u00bb tab_id=\u00bb1703109292598-083a1b6a-5cbe\u00bb][vc_column_text]<b><i>Actividades de investigaci\u00f3n del Proyecto<\/i><\/b><\/p>\n<ul>\n<li style=\"font-weight: 400;\" aria-level=\"1\"><span style=\"font-weight: 400;\">Levantamiento de l\u00ednea base de fauna y flora de los sitios priorizados<\/span><\/li>\n<li style=\"font-weight: 400;\" aria-level=\"1\"><span style=\"font-weight: 400;\">Memorias del primer taller desarrollado con los beneficiarios.<\/span><\/li>\n<li style=\"font-weight: 400;\" aria-level=\"1\"><span style=\"font-weight: 400;\">Protocolo de cr\u00edas de mariposas y recolecci\u00f3n de mieles para los beneficiaros. <\/span><a href=\"https:\/\/drive.google.com\/file\/d\/1blIEoxVzmfZe6A_-bE23z9HABVPBjJ60\/view?usp=drive_link\"><span style=\"font-weight: 400;\">https:\/\/drive.google.com\/file\/d\/1blIEoxVzmfZe6A_-bE23z9HABVPBjJ60\/view?usp=drive_link<\/span><\/a><span style=\"font-weight: 400;\">\u00a0<\/span><\/li>\n<li style=\"font-weight: 400;\" aria-level=\"1\"><span style=\"font-weight: 400;\">Construcci\u00f3n del cat\u00e1logo de mariposas de inter\u00e9s econ\u00f3mico para el \u00e1rea de impacto. <\/span><a href=\"https:\/\/drive.google.com\/file\/d\/1XE-sWlAg6wVSkyvjxQUNaBs_J8cvFzHf\/view?usp=drive_link\"><span style=\"font-weight: 400;\">https:\/\/drive.google.com\/file\/d\/1XE-sWlAg6wVSkyvjxQUNaBs_J8cvFzHf\/view?usp=drive_link<\/span><\/a><span style=\"font-weight: 400;\">\u00a0<\/span><\/li>\n<li style=\"font-weight: 400;\" aria-level=\"1\"><span style=\"font-weight: 400;\">Evidencias de Procesos de Desarrollo de Protocolos, San Jos\u00e9 del Guaviare, Colombia: <\/span><a href=\"https:\/\/drive.google.com\/file\/d\/101VejU6Pcyqjv1gz3cmtA7uzpOa8GbZJ\/view?usp=drive_link\"><span style=\"font-weight: 400;\">https:\/\/drive.google.com\/file\/d\/101VejU6Pcyqjv1gz3cmtA7uzpOa8GbZJ\/view?usp=drive_link<\/span><\/a><\/li>\n<li style=\"font-weight: 400;\" aria-level=\"1\"><span style=\"font-weight: 400;\">Ficha de ordenamiento \u201cAlas por la Paz\u201d &#8211; ECOGUAVIARE &#8211; El Verdun: <\/span><a href=\"https:\/\/drive.google.com\/file\/d\/1KC3Q-WPVTYOyL-cUWARnyAvhnNth2Jc3\/view?usp=sharing\"><span style=\"font-weight: 400;\">https:\/\/drive.google.com\/file\/d\/1KC3Q-WPVTYOyL-cUWARnyAvhnNth2Jc3\/view?usp=sharing<\/span><\/a><span style=\"font-weight: 400;\">\u00a0<\/span><\/li>\n<li aria-level=\"1\"><span style=\"font-weight: 400;\">Ficha de ordenamiento \u201cAlas por la Paz\u201d &#8211; Reserva Natural \u00d1upana: <\/span><a href=\"https:\/\/drive.google.com\/file\/d\/1Fao-nl_Zfm7AE-3TPnieUcbOTTTzhC-Y\/view?usp=sharing\"><span style=\"font-weight: 400;\">https:\/\/drive.google.com\/file\/d\/1Fao-nl_Zfm7AE-3TPnieUcbOTTTzhC-Y\/view?usp=sharing<\/span><\/a><\/li>\n<\/ul>\n<p>&nbsp;<\/p>\n<p><b><i>Documentos<\/i><\/b><\/p>\n<ul>\n<li style=\"font-weight: 400;\" aria-level=\"1\"><span style=\"font-weight: 400;\">Gu\u00eda de zoocr\u00eda de Mariposas en San Jos\u00e9 del Guaviare. Facultad de Ciencias, Programa de Biolog\u00eda, Universidad El Bosque; Biodiversity management and conservation (BMC). <\/span><a href=\"https:\/\/drive.google.com\/file\/d\/1C3bbXrm6S7XbbphdIwbQtV_z3x0oIfvo\/view?usp=sharing\"><span style=\"font-weight: 400;\">https:\/\/drive.google.com\/file\/d\/1C3bbXrm6S7XbbphdIwbQtV_z3x0oIfvo\/view?usp=sharing<\/span><\/a><\/li>\n<li style=\"font-weight: 400;\" aria-level=\"1\"><span style=\"font-weight: 400;\">Planificacion Predial de la Reserva Natural Diamante de Las Aguas. Biodiversity management and conservation (BMC). <\/span><a href=\"https:\/\/drive.google.com\/file\/d\/1Ffb72Yp1JVW6TMy70K9jPajeKVSSjcWl\/view?usp=sharing\"><span style=\"font-weight: 400;\">https:\/\/drive.google.com\/file\/d\/1Ffb72Yp1JVW6TMy70K9jPajeKVSSjcWl\/view?usp=sharing<\/span><\/a><span style=\"font-weight: 400;\">\u00a0<\/span><\/li>\n<\/ul>\n<p>&nbsp;<\/p>\n<p><b><i>Intercambio y transferencia de conocimientos<\/i><\/b><\/p>\n<p><span style=\"font-weight: 400;\">Ciclo de conferencias \u201cEstrategias econ\u00f3micas y de conservaci\u00f3n dirigidas a fortalecer el sector rural en Colombia\u201d impartidas a la Facultad de Econom\u00eda y a la Facultad de Gastronom\u00eda y Turismo de la Universidad de Colima, socia del proyecto, como estrategia de replicabilidad.<\/span><\/p>\n<ul>\n<li style=\"font-weight: 400;\" aria-level=\"1\"><span style=\"font-weight: 400;\">Conferencia \u201cCurso sobre bioeconom\u00eda con profesores de Colombia\u201d, Facultad de Econom\u00eda. Fecha: 22\/11\/2022 16:15 h. Evento virtual con conexi\u00f3n virtual por Zoom y transmitido por Facebook. Disertantes: Mtra. Alejandra Due\u00f1as y Biol. Santiago Vargas Garc\u00eda. <\/span><a href=\"https:\/\/fb.watch\/nmHnIA-jp7\/\"><span style=\"font-weight: 400;\">https:\/\/fb.watch\/nmHnIA-jp7\/<\/span><\/a><\/li>\n<li style=\"font-weight: 400;\" aria-level=\"1\"><span style=\"font-weight: 400;\">Conferencias \u201cManejo de recursos naturales como fuentes de riqueza\u201d y \u201cEtnobiolog\u00eda y su valor en la bioeconom\u00eda\u201d, Facultad de Econom\u00eda. Fecha: 23\/11\/2022. Evento virtual con conexi\u00f3n virtual por Zoom y transmitido por Facebook. Disertantes: Dra. Daniela Due\u00f1as y Dr. Juan Pablo Ostos. <\/span><a href=\"https:\/\/fb.watch\/nmIkQlKZne\/\"><span style=\"font-weight: 400;\">https:\/\/fb.watch\/nmIkQlKZne\/<\/span><\/a><span style=\"font-weight: 400;\">\u00a0<\/span><\/li>\n<li style=\"font-weight: 400;\" aria-level=\"1\"><span style=\"font-weight: 400;\">Conferencia \u201cMarketing para comunidades\u201d y \u201cMen\u00fas basados en los recursos locales\u201d, Facultad de Econom\u00eda. Fecha: 24\/11\/2022. Evento virtual con conexi\u00f3n virtual por Zoom y transmitido por Facebook. Disertantes: Dr. Sim\u00f3n Due\u00f1as y Mtra. Alejandra Due\u00f1as. <\/span><a href=\"https:\/\/fb.watch\/nmIRXL1HNk\/\"><span style=\"font-weight: 400;\">https:\/\/fb.watch\/nmIRXL1HNk\/<\/span><\/a><span style=\"font-weight: 400;\">\u00a0<\/span><\/li>\n<\/ul>\n<p>&nbsp;<\/p>\n<p><b><i>Notas period\u00edsticas de divulgaci\u00f3n<\/i><\/b><\/p>\n<ul>\n<li style=\"font-weight: 400;\" aria-level=\"1\"><span style=\"font-weight: 400;\">23\/11\/2022:\u00a0 Publicaci\u00f3n en la fanpage Facultad de Turismo y Gastronom\u00eda UdeC.\u00a0 Conferencia M\u00e9todos para determinar capacidad de carga tur\u00edstica y el l\u00edmite de cambio aceptable\u201d dictada por la Bi\u00f3loga Daniela Due\u00f1as Santaf\u00e9 de la Universidad El Bosque en Colombia:\u00a0 <\/span><\/li>\n<li style=\"font-weight: 400;\" aria-level=\"1\"><span style=\"font-weight: 400;\">25\/11\/2022: Publicaci\u00f3n en la fanpage Facultad de Turismo y Gastronom\u00eda UdeC.\u00a0 Conferencia \u00abEtnobiolog\u00eda y su valor en la bioeconom\u00eda\u00bb dictada por el Bi\u00f3logo Juan Pablo Ostos Rodr\u00edguez, catedr\u00e1tico e investigador de la Universidad El Bosque en Colombia: <\/span><\/li>\n<\/ul>\n<p>[\/vc_column_text][\/vc_tta_section][\/vc_tta_accordion][\/vc_column][\/vc_row]<\/p>\n<\/div>","protected":false},"excerpt":{"rendered":"<p>[vc_row][vc_column][vc_custom_heading text=\u00bbUniversidad El Bosque (Colombia)\u00bb use_theme_fonts=\u00bbyes\u00bb][vc_single_image image=\u00bb15123&#8243; img_size=\u00bbmedium\u00bb][vc_column_text]Nombre del Proyecto \u201cEstrategias econ\u00f3micas y de conservaci\u00f3n en el sector rural y [&hellip;]<\/p>\n","protected":false},"author":4,"featured_media":0,"parent":0,"menu_order":0,"comment_status":"closed","ping_status":"closed","template":"","meta":{"_acf_changed":false,"_monsterinsights_skip_tracking":false,"_monsterinsights_sitenote_active":false,"_monsterinsights_sitenote_note":"","_monsterinsights_sitenote_category":0,"footnotes":""},"class_list":["post-15245","page","type-page","status-publish","hentry"],"acf":[],"aioseo_notices":[],"_links":{"self":[{"href":"https:\/\/oui-iohe.org\/es\/wp-json\/wp\/v2\/pages\/15245","targetHints":{"allow":["GET"]}}],"collection":[{"href":"https:\/\/oui-iohe.org\/es\/wp-json\/wp\/v2\/pages"}],"about":[{"href":"https:\/\/oui-iohe.org\/es\/wp-json\/wp\/v2\/types\/page"}],"author":[{"embeddable":true,"href":"https:\/\/oui-iohe.org\/es\/wp-json\/wp\/v2\/users\/4"}],"replies":[{"embeddable":true,"href":"https:\/\/oui-iohe.org\/es\/wp-json\/wp\/v2\/comments?post=15245"}],"version-history":[{"count":6,"href":"https:\/\/oui-iohe.org\/es\/wp-json\/wp\/v2\/pages\/15245\/revisions"}],"predecessor-version":[{"id":15356,"href":"https:\/\/oui-iohe.org\/es\/wp-json\/wp\/v2\/pages\/15245\/revisions\/15356"}],"wp:attachment":[{"href":"https:\/\/oui-iohe.org\/es\/wp-json\/wp\/v2\/media?parent=15245"}],"curies":[{"name":"wp","href":"https:\/\/api.w.org\/{rel}","templated":true}]}}