{"id":15382,"date":"2024-01-31T23:46:44","date_gmt":"2024-02-01T04:46:44","guid":{"rendered":"https:\/\/oui-iohe.org\/?page_id=15382"},"modified":"2024-02-20T16:11:38","modified_gmt":"2024-02-20T21:11:38","slug":"modulo-i-compromiso-global-y-desafios-de-la-internacionalizacion-para-la-educacion-superior","status":"publish","type":"page","link":"https:\/\/oui-iohe.org\/es\/modulo-i-compromiso-global-y-desafios-de-la-internacionalizacion-para-la-educacion-superior\/","title":{"rendered":"M\u00f3dulo I Compromiso global y desaf\u00edos de la internacionalizaci\u00f3n para la Educaci\u00f3n Superior"},"content":{"rendered":"<div class=\"wpb-content-wrapper\"><p>[vc_row][vc_column][vc_custom_heading text=\u00bbM\u00f3dulo I. Compromiso global y desaf\u00edos de la internacionalizaci\u00f3n para la Educaci\u00f3n Superior\u00bb font_container=\u00bbtag:h1|text_align:left\u00bb use_theme_fonts=\u00bbyes\u00bb][vc_custom_heading text=\u00bbObjetivo\u00bb font_container=\u00bbtag:h3|text_align:left\u00bb use_theme_fonts=\u00bbyes\u00bb][vc_column_text]Identificar los conceptos, estructuras y herramientas necesarias para integrar el compromiso global a la estrategia de internacionalizaci\u00f3n de las instituciones de educaci\u00f3n superior.[\/vc_column_text][vc_custom_heading text=\u00bbContenidos\u00bb font_container=\u00bbtag:h3|text_align:left\u00bb use_theme_fonts=\u00bbyes\u00bb][vc_column_text]Unidad 1 Los fundamentos para la gesti\u00f3n de la internacionalizaci\u00f3n en las IES<\/p>\n<p>Unidad 2 Los modelos y tendencias de la internacionalizaci\u00f3n de la ES<\/p>\n<p>Unidad 3 Conectando Horizontes: Alianzas Estrat\u00e9gicas en la Internacionalizaci\u00f3n de la Educaci\u00f3n Superior<\/p>\n<p>Unidad 4 Compromiso Global: El rol de la Internacionalizaci\u00f3n frente a los desaf\u00edos globales[\/vc_column_text][vc_custom_heading text=\u00bbPerfil de egreso\u00bb font_container=\u00bbtag:h3|text_align:left\u00bb use_theme_fonts=\u00bbyes\u00bb][vc_column_text]En este m\u00f3dulo, los participantes podr\u00e1n apropiar conceptos clave para la gesti\u00f3n de la internacionalizaci\u00f3n con un enfoque sist\u00e9mico (impactando docencia, investigaci\u00f3n y extensi\u00f3n) as\u00ed como diferencial, conectando la implementaci\u00f3n con el impacto, la sostenibilidad y el compromiso global de su estrategia[\/vc_column_text][vc_btn title=\u00bbVolver al Diplomado en Internacionalizaci\u00f3n de la Educaci\u00f3n Superior-DIES\u00bb style=\u00bbflat\u00bb shape=\u00bbsquare\u00bb color=\u00bbiohe-orange\u00bb align=\u00bbright\u00bb link=\u00bburl:https%3A%2F%2Foui-iohe.org%2Fes%2Fdiplomado-en-internacionalizacion-de-la-educacion-superior%2F\u00bb][\/vc_column][\/vc_row]<\/p>\n<\/div>","protected":false},"excerpt":{"rendered":"<p>[vc_row][vc_column][vc_custom_heading text=\u00bbM\u00f3dulo I. Compromiso global y desaf\u00edos de la internacionalizaci\u00f3n para la Educaci\u00f3n Superior\u00bb font_container=\u00bbtag:h1|text_align:left\u00bb use_theme_fonts=\u00bbyes\u00bb][vc_custom_heading text=\u00bbObjetivo\u00bb font_container=\u00bbtag:h3|text_align:left\u00bb use_theme_fonts=\u00bbyes\u00bb][vc_column_text]Identificar los [&hellip;]<\/p>\n","protected":false},"author":4,"featured_media":0,"parent":0,"menu_order":0,"comment_status":"closed","ping_status":"closed","template":"","meta":{"_acf_changed":false,"_monsterinsights_skip_tracking":false,"_monsterinsights_sitenote_active":false,"_monsterinsights_sitenote_note":"","_monsterinsights_sitenote_category":0,"footnotes":""},"class_list":["post-15382","page","type-page","status-publish","hentry"],"acf":[],"aioseo_notices":[],"_links":{"self":[{"href":"https:\/\/oui-iohe.org\/es\/wp-json\/wp\/v2\/pages\/15382","targetHints":{"allow":["GET"]}}],"collection":[{"href":"https:\/\/oui-iohe.org\/es\/wp-json\/wp\/v2\/pages"}],"about":[{"href":"https:\/\/oui-iohe.org\/es\/wp-json\/wp\/v2\/types\/page"}],"author":[{"embeddable":true,"href":"https:\/\/oui-iohe.org\/es\/wp-json\/wp\/v2\/users\/4"}],"replies":[{"embeddable":true,"href":"https:\/\/oui-iohe.org\/es\/wp-json\/wp\/v2\/comments?post=15382"}],"version-history":[{"count":10,"href":"https:\/\/oui-iohe.org\/es\/wp-json\/wp\/v2\/pages\/15382\/revisions"}],"predecessor-version":[{"id":15522,"href":"https:\/\/oui-iohe.org\/es\/wp-json\/wp\/v2\/pages\/15382\/revisions\/15522"}],"wp:attachment":[{"href":"https:\/\/oui-iohe.org\/es\/wp-json\/wp\/v2\/media?parent=15382"}],"curies":[{"name":"wp","href":"https:\/\/api.w.org\/{rel}","templated":true}]}}