{"id":15390,"date":"2024-02-01T00:05:04","date_gmt":"2024-02-01T05:05:04","guid":{"rendered":"https:\/\/oui-iohe.org\/?page_id=15390"},"modified":"2025-04-17T23:01:32","modified_gmt":"2025-04-18T03:01:32","slug":"modulo-ii-internacionalizacion-de-la-formacion-en-la-es","status":"publish","type":"page","link":"https:\/\/oui-iohe.org\/es\/modulo-ii-internacionalizacion-de-la-formacion-en-la-es\/","title":{"rendered":"M\u00f3dulo II Internacionalizaci\u00f3n de la formaci\u00f3n en la ES"},"content":{"rendered":"<div class=\"wpb-content-wrapper\"><p>[vc_row][vc_column][vc_custom_heading text=\u00bbM\u00f3dulo II. Internacionalizaci\u00f3n de la formaci\u00f3n en la Educaci\u00f3n Superior\u00bb font_container=\u00bbtag:h1|text_align:left\u00bb use_theme_fonts=\u00bbyes\u00bb css=\u00bb\u00bb][vc_custom_heading text=\u00bbObjetivo\u00bb font_container=\u00bbtag:h3|text_align:left\u00bb use_theme_fonts=\u00bbyes\u00bb][vc_column_text]Analizar cr\u00edticamente los fundamentos y estrategias para la internacionalizaci\u00f3n de la docencia y el fortalecimiento del perfil global en la comunidad acad\u00e9mica.[\/vc_column_text][vc_custom_heading text=\u00bbContenidos\u00bb font_container=\u00bbtag:h3|text_align:left\u00bb use_theme_fonts=\u00bbyes\u00bb][vc_column_text]Unidad 1 Fundamentos de internacionalizaci\u00f3n de la formaci\u00f3n: perfil global<\/p>\n<p>Unidad 2 Internacionalizaci\u00f3n del curr\u00edculo como proceso<\/p>\n<p>Unidad 3 La movilidad acad\u00e9mica y las colaboraciones virtuales<\/p>\n<p>Unidad 4 Interculturalidad e internacionalizaci\u00f3n[\/vc_column_text][vc_custom_heading text=\u00bbPerfil de egreso\u00bb font_container=\u00bbtag:h3|text_align:left\u00bb use_theme_fonts=\u00bbyes\u00bb][vc_column_text]La persona que apruebe el m\u00f3dulo \u201cInternacionalizaci\u00f3n de la formaci\u00f3n\u201d estar\u00e1 capacitada para dise\u00f1ar estrategias institucionales desde el procesos de docencia dirigidas a la internacionalizaci\u00f3n del perfil de la comunidad acad\u00e9mica.[\/vc_column_text][vc_btn title=\u00bbVolver al Diplomado en Internacionalizaci\u00f3n de la Educaci\u00f3n Superior-DIES\u00bb style=\u00bbflat\u00bb shape=\u00bbsquare\u00bb color=\u00bbiohe-orange\u00bb align=\u00bbright\u00bb link=\u00bburl:https%3A%2F%2Foui-iohe.org%2Fes%2Fdiplomado-en-internacionalizacion-de-la-educacion-superior%2F\u00bb][\/vc_column][\/vc_row]<\/p>\n<\/div>","protected":false},"excerpt":{"rendered":"<p>[vc_row][vc_column][vc_custom_heading text=\u00bbM\u00f3dulo II. Internacionalizaci\u00f3n de la formaci\u00f3n en la Educaci\u00f3n Superior\u00bb font_container=\u00bbtag:h1|text_align:left\u00bb use_theme_fonts=\u00bbyes\u00bb css=\u00bb\u00bb][vc_custom_heading text=\u00bbObjetivo\u00bb font_container=\u00bbtag:h3|text_align:left\u00bb use_theme_fonts=\u00bbyes\u00bb][vc_column_text]Analizar cr\u00edticamente los fundamentos [&hellip;]<\/p>\n","protected":false},"author":4,"featured_media":0,"parent":0,"menu_order":0,"comment_status":"closed","ping_status":"closed","template":"","meta":{"_acf_changed":false,"_monsterinsights_skip_tracking":false,"_monsterinsights_sitenote_active":false,"_monsterinsights_sitenote_note":"","_monsterinsights_sitenote_category":0,"footnotes":""},"class_list":["post-15390","page","type-page","status-publish","hentry"],"acf":[],"aioseo_notices":[],"_links":{"self":[{"href":"https:\/\/oui-iohe.org\/es\/wp-json\/wp\/v2\/pages\/15390","targetHints":{"allow":["GET"]}}],"collection":[{"href":"https:\/\/oui-iohe.org\/es\/wp-json\/wp\/v2\/pages"}],"about":[{"href":"https:\/\/oui-iohe.org\/es\/wp-json\/wp\/v2\/types\/page"}],"author":[{"embeddable":true,"href":"https:\/\/oui-iohe.org\/es\/wp-json\/wp\/v2\/users\/4"}],"replies":[{"embeddable":true,"href":"https:\/\/oui-iohe.org\/es\/wp-json\/wp\/v2\/comments?post=15390"}],"version-history":[{"count":7,"href":"https:\/\/oui-iohe.org\/es\/wp-json\/wp\/v2\/pages\/15390\/revisions"}],"predecessor-version":[{"id":18486,"href":"https:\/\/oui-iohe.org\/es\/wp-json\/wp\/v2\/pages\/15390\/revisions\/18486"}],"wp:attachment":[{"href":"https:\/\/oui-iohe.org\/es\/wp-json\/wp\/v2\/media?parent=15390"}],"curies":[{"name":"wp","href":"https:\/\/api.w.org\/{rel}","templated":true}]}}