{"id":15396,"date":"2024-02-01T00:13:25","date_gmt":"2024-02-01T05:13:25","guid":{"rendered":"https:\/\/oui-iohe.org\/?page_id=15396"},"modified":"2024-02-20T16:14:56","modified_gmt":"2024-02-20T21:14:56","slug":"modulo-iii-herramientas-para-internacionalizar-la-docencia","status":"publish","type":"page","link":"https:\/\/oui-iohe.org\/es\/modulo-iii-herramientas-para-internacionalizar-la-docencia\/","title":{"rendered":"M\u00f3dulo III Herramientas para internacionalizar la docencia"},"content":{"rendered":"<div class=\"wpb-content-wrapper\"><p>[vc_row][vc_column][vc_custom_heading text=\u00bbM\u00f3dulo III. Herramientas para internacionalizar la docencia\u00bb font_container=\u00bbtag:h1|text_align:left\u00bb use_theme_fonts=\u00bbyes\u00bb][vc_custom_heading text=\u00bbObjetivo\u00bb font_container=\u00bbtag:h3|text_align:left\u00bb use_theme_fonts=\u00bbyes\u00bb][vc_column_text]Desarrollar\u00a0 experiencias educativas a trav\u00e9s del uso de las Tecnolog\u00edas de la Informaci\u00f3n y Comunicaci\u00f3n (TIC) que contribuyan a la internacionalizaci\u00f3n del perfil del estudiante universitario.[\/vc_column_text][vc_custom_heading text=\u00bbContenidos\u00bb font_container=\u00bbtag:h3|text_align:left\u00bb use_theme_fonts=\u00bbyes\u00bb][vc_column_text]Unidad 1 Introducci\u00f3n al uso de la tecnolog\u00eda para la Internacionalizaci\u00f3n del <em>curriculum<\/em> (Internacionalizaci\u00f3n en Casa).<\/p>\n<p>Unidad 2 Aulas globales con enfoque colaborativo.<\/p>\n<p>Unidad 3\u00a0 Herramientas para la creaci\u00f3n de aulas globales.[\/vc_column_text][vc_custom_heading text=\u00bbPerfil de egreso\u00bb font_container=\u00bbtag:h3|text_align:left\u00bb use_theme_fonts=\u00bbyes\u00bb][vc_column_text]Al terminar el m\u00f3dulo Herramientas para internacionalizar la docencia, el participante tendr\u00e1 capacidad\u00a0 para el dise\u00f1o y la planificaci\u00f3n de estrategias y herramientas que aprovechen las TIC para promover la internacionalizaci\u00f3n del curr\u00edculum hacia el perfil\u00a0 internacional del estudiante universitario en aulas globales.[\/vc_column_text][vc_btn title=\u00bbVolver al Diplomado en Internacionalizaci\u00f3n de la Educaci\u00f3n Superior-DIES\u00bb style=\u00bbflat\u00bb shape=\u00bbsquare\u00bb color=\u00bbiohe-orange\u00bb align=\u00bbright\u00bb link=\u00bburl:https%3A%2F%2Foui-iohe.org%2Fes%2Fdiplomado-en-internacionalizacion-de-la-educacion-superior%2F\u00bb][\/vc_column][\/vc_row]<\/p>\n<\/div>","protected":false},"excerpt":{"rendered":"<p>[vc_row][vc_column][vc_custom_heading text=\u00bbM\u00f3dulo III. Herramientas para internacionalizar la docencia\u00bb font_container=\u00bbtag:h1|text_align:left\u00bb use_theme_fonts=\u00bbyes\u00bb][vc_custom_heading text=\u00bbObjetivo\u00bb font_container=\u00bbtag:h3|text_align:left\u00bb use_theme_fonts=\u00bbyes\u00bb][vc_column_text]Desarrollar\u00a0 experiencias educativas a trav\u00e9s del uso de [&hellip;]<\/p>\n","protected":false},"author":4,"featured_media":0,"parent":0,"menu_order":0,"comment_status":"closed","ping_status":"closed","template":"","meta":{"_acf_changed":false,"_monsterinsights_skip_tracking":false,"_monsterinsights_sitenote_active":false,"_monsterinsights_sitenote_note":"","_monsterinsights_sitenote_category":0,"footnotes":""},"class_list":["post-15396","page","type-page","status-publish","hentry"],"acf":[],"aioseo_notices":[],"_links":{"self":[{"href":"https:\/\/oui-iohe.org\/es\/wp-json\/wp\/v2\/pages\/15396","targetHints":{"allow":["GET"]}}],"collection":[{"href":"https:\/\/oui-iohe.org\/es\/wp-json\/wp\/v2\/pages"}],"about":[{"href":"https:\/\/oui-iohe.org\/es\/wp-json\/wp\/v2\/types\/page"}],"author":[{"embeddable":true,"href":"https:\/\/oui-iohe.org\/es\/wp-json\/wp\/v2\/users\/4"}],"replies":[{"embeddable":true,"href":"https:\/\/oui-iohe.org\/es\/wp-json\/wp\/v2\/comments?post=15396"}],"version-history":[{"count":5,"href":"https:\/\/oui-iohe.org\/es\/wp-json\/wp\/v2\/pages\/15396\/revisions"}],"predecessor-version":[{"id":15524,"href":"https:\/\/oui-iohe.org\/es\/wp-json\/wp\/v2\/pages\/15396\/revisions\/15524"}],"wp:attachment":[{"href":"https:\/\/oui-iohe.org\/es\/wp-json\/wp\/v2\/media?parent=15396"}],"curies":[{"name":"wp","href":"https:\/\/api.w.org\/{rel}","templated":true}]}}