{"id":15401,"date":"2024-02-01T00:20:14","date_gmt":"2024-02-01T05:20:14","guid":{"rendered":"https:\/\/oui-iohe.org\/?page_id=15401"},"modified":"2024-02-20T16:15:51","modified_gmt":"2024-02-20T21:15:51","slug":"modulo-iv-gestion-de-la-internacionalizacion","status":"publish","type":"page","link":"https:\/\/oui-iohe.org\/es\/modulo-iv-gestion-de-la-internacionalizacion\/","title":{"rendered":"M\u00f3dulo IV Gesti\u00f3n de la internacionalizaci\u00f3n"},"content":{"rendered":"<div class=\"wpb-content-wrapper\"><p>[vc_row][vc_column][vc_custom_heading text=\u00bbM\u00f3dulo IV. Gesti\u00f3n de la internacionalizaci\u00f3n\u00bb font_container=\u00bbtag:h1|text_align:left\u00bb use_theme_fonts=\u00bbyes\u00bb][vc_custom_heading text=\u00bbObjetivo\u00bb font_container=\u00bbtag:h3|text_align:left\u00bb use_theme_fonts=\u00bbyes\u00bb][vc_column_text]Analizar el panorama general de la gesti\u00f3n en internacionalizaci\u00f3n y diferenciar las herramientas para el dise\u00f1o, implementaci\u00f3n y evaluaci\u00f3n de una estrategia internacional en su instituci\u00f3n.[\/vc_column_text][vc_custom_heading text=\u00bbContenidos\u00bb font_container=\u00bbtag:h3|text_align:left\u00bb use_theme_fonts=\u00bbyes\u00bb][vc_column_text]Unidad 1 Dise\u00f1o de la estrategia de internacionalizaci\u00f3n<\/p>\n<p>Unidad 2 Implementaci\u00f3n de la estrategia de internacionalizaci\u00f3n<\/p>\n<p>Unidad 3 Evaluaci\u00f3n de la estrategia de internacionalizaci\u00f3n[\/vc_column_text][vc_custom_heading text=\u00bbPerfil de egreso\u00bb font_container=\u00bbtag:h3|text_align:left\u00bb use_theme_fonts=\u00bbyes\u00bb][vc_column_text]La persona que aprueba el m\u00f3dulo de Gesti\u00f3n de la Internacionalizaci\u00f3n tiene la capacidad para:<\/p>\n<p>1) Identificar la internacionalizaci\u00f3n como proceso estrat\u00e9gico clave para la transformaci\u00f3n institucional,<\/p>\n<p>2) Comprender la importancia de la internacionalizaci\u00f3n en el contexto m\u00e1s amplio de los objetivos y la misi\u00f3n de la instituci\u00f3n educativa.<\/p>\n<p>3) Dise\u00f1ar una estrategia de internacionalizaci\u00f3n alineada con los objetivos institucionales.<\/p>\n<p>4)\u00a0 Aplicar principios de gesti\u00f3n en la implementaci\u00f3n de la estrategia de internacionalizaci\u00f3n.<\/p>\n<p>5) Evaluar una estrategia de internacionalizaci\u00f3n mediante indicadores, m\u00e9tricas y mediciones de impacto.<\/p>\n<p>6) Comprender y aplicar m\u00e9todos de evaluaci\u00f3n que permitan una toma de decisiones informada y la mejora continua de las estrategias implementadas.[\/vc_column_text][vc_btn title=\u00bbVolver al Diplomado en Internacionalizaci\u00f3n de la Educaci\u00f3n Superior-DIES\u00bb style=\u00bbflat\u00bb shape=\u00bbsquare\u00bb color=\u00bbiohe-orange\u00bb align=\u00bbright\u00bb link=\u00bburl:https%3A%2F%2Foui-iohe.org%2Fes%2Fdiplomado-en-internacionalizacion-de-la-educacion-superior%2F\u00bb][\/vc_column][\/vc_row]<\/p>\n<\/div>","protected":false},"excerpt":{"rendered":"<p>[vc_row][vc_column][vc_custom_heading text=\u00bbM\u00f3dulo IV. Gesti\u00f3n de la internacionalizaci\u00f3n\u00bb font_container=\u00bbtag:h1|text_align:left\u00bb use_theme_fonts=\u00bbyes\u00bb][vc_custom_heading text=\u00bbObjetivo\u00bb font_container=\u00bbtag:h3|text_align:left\u00bb use_theme_fonts=\u00bbyes\u00bb][vc_column_text]Analizar el panorama general de la gesti\u00f3n en internacionalizaci\u00f3n [&hellip;]<\/p>\n","protected":false},"author":4,"featured_media":0,"parent":0,"menu_order":0,"comment_status":"closed","ping_status":"closed","template":"","meta":{"_acf_changed":false,"_monsterinsights_skip_tracking":false,"_monsterinsights_sitenote_active":false,"_monsterinsights_sitenote_note":"","_monsterinsights_sitenote_category":0,"footnotes":""},"class_list":["post-15401","page","type-page","status-publish","hentry"],"acf":[],"aioseo_notices":[],"_links":{"self":[{"href":"https:\/\/oui-iohe.org\/es\/wp-json\/wp\/v2\/pages\/15401","targetHints":{"allow":["GET"]}}],"collection":[{"href":"https:\/\/oui-iohe.org\/es\/wp-json\/wp\/v2\/pages"}],"about":[{"href":"https:\/\/oui-iohe.org\/es\/wp-json\/wp\/v2\/types\/page"}],"author":[{"embeddable":true,"href":"https:\/\/oui-iohe.org\/es\/wp-json\/wp\/v2\/users\/4"}],"replies":[{"embeddable":true,"href":"https:\/\/oui-iohe.org\/es\/wp-json\/wp\/v2\/comments?post=15401"}],"version-history":[{"count":5,"href":"https:\/\/oui-iohe.org\/es\/wp-json\/wp\/v2\/pages\/15401\/revisions"}],"predecessor-version":[{"id":15525,"href":"https:\/\/oui-iohe.org\/es\/wp-json\/wp\/v2\/pages\/15401\/revisions\/15525"}],"wp:attachment":[{"href":"https:\/\/oui-iohe.org\/es\/wp-json\/wp\/v2\/media?parent=15401"}],"curies":[{"name":"wp","href":"https:\/\/api.w.org\/{rel}","templated":true}]}}