{"id":15406,"date":"2024-02-01T00:30:46","date_gmt":"2024-02-01T05:30:46","guid":{"rendered":"https:\/\/oui-iohe.org\/?page_id=15406"},"modified":"2024-02-20T16:16:48","modified_gmt":"2024-02-20T21:16:48","slug":"modulo-v-calidad-e-internacionalizacion","status":"publish","type":"page","link":"https:\/\/oui-iohe.org\/es\/modulo-v-calidad-e-internacionalizacion\/","title":{"rendered":"M\u00f3dulo V Calidad e internacionalizaci\u00f3n"},"content":{"rendered":"<div class=\"wpb-content-wrapper\"><p>[vc_row][vc_column][vc_custom_heading text=\u00bbM\u00f3dulo V. Calidad e internacionalizaci\u00f3n\u00bb font_container=\u00bbtag:h1|text_align:left\u00bb use_theme_fonts=\u00bbyes\u00bb][vc_custom_heading text=\u00bbObjetivo\u00bb font_container=\u00bbtag:h3|text_align:left\u00bb use_theme_fonts=\u00bbyes\u00bb][vc_column_text]Comprender la internacionalizaci\u00f3n de la Educaci\u00f3n Superior como una v\u00eda para alcanzar est\u00e1ndares internacionales de calidad.[\/vc_column_text][vc_custom_heading text=\u00bbContenidos\u00bb font_container=\u00bbtag:h3|text_align:left\u00bb use_theme_fonts=\u00bbyes\u00bb][vc_column_text]Unidad\u00a0 1\u00a0 Introducci\u00f3n al aseguramiento de la calidad con est\u00e1ndares internacionales<\/p>\n<p>Unidad\u00a0 2\u00a0 Reconocimientos internacionales de programas, procesos e instituciones<\/p>\n<p>Unidad\u00a0 3\u00a0 Los rankings, internacionalizaci\u00f3n y el aseguramiento de la calidad[\/vc_column_text][vc_custom_heading text=\u00bbPerfil de egreso\u00bb font_container=\u00bbtag:h3|text_align:left\u00bb use_theme_fonts=\u00bbyes\u00bb][vc_column_text]Al finalizar el m\u00f3dulo, el egresado tendr\u00e1 capacidades para comprender los principios y est\u00e1ndares internacionales de aseguramiento de la calidad en la educaci\u00f3n superior e identificar oportunidades para el reconocimiento de programas, procesos e instituciones a trav\u00e9s de referentes internacionales.[\/vc_column_text][vc_btn title=\u00bbVolver al Diplomado en Internacionalizaci\u00f3n de la Educaci\u00f3n Superior-DIES\u00bb style=\u00bbflat\u00bb shape=\u00bbsquare\u00bb color=\u00bbiohe-orange\u00bb align=\u00bbright\u00bb link=\u00bburl:https%3A%2F%2Foui-iohe.org%2Fes%2Fdiplomado-en-internacionalizacion-de-la-educacion-superior%2F\u00bb][\/vc_column][\/vc_row]<\/p>\n<\/div>","protected":false},"excerpt":{"rendered":"<p>[vc_row][vc_column][vc_custom_heading text=\u00bbM\u00f3dulo V. Calidad e internacionalizaci\u00f3n\u00bb font_container=\u00bbtag:h1|text_align:left\u00bb use_theme_fonts=\u00bbyes\u00bb][vc_custom_heading text=\u00bbObjetivo\u00bb font_container=\u00bbtag:h3|text_align:left\u00bb use_theme_fonts=\u00bbyes\u00bb][vc_column_text]Comprender la internacionalizaci\u00f3n de la Educaci\u00f3n Superior como una v\u00eda [&hellip;]<\/p>\n","protected":false},"author":4,"featured_media":0,"parent":0,"menu_order":0,"comment_status":"closed","ping_status":"closed","template":"","meta":{"_acf_changed":false,"_monsterinsights_skip_tracking":false,"_monsterinsights_sitenote_active":false,"_monsterinsights_sitenote_note":"","_monsterinsights_sitenote_category":0,"footnotes":""},"class_list":["post-15406","page","type-page","status-publish","hentry"],"acf":[],"aioseo_notices":[],"_links":{"self":[{"href":"https:\/\/oui-iohe.org\/es\/wp-json\/wp\/v2\/pages\/15406","targetHints":{"allow":["GET"]}}],"collection":[{"href":"https:\/\/oui-iohe.org\/es\/wp-json\/wp\/v2\/pages"}],"about":[{"href":"https:\/\/oui-iohe.org\/es\/wp-json\/wp\/v2\/types\/page"}],"author":[{"embeddable":true,"href":"https:\/\/oui-iohe.org\/es\/wp-json\/wp\/v2\/users\/4"}],"replies":[{"embeddable":true,"href":"https:\/\/oui-iohe.org\/es\/wp-json\/wp\/v2\/comments?post=15406"}],"version-history":[{"count":5,"href":"https:\/\/oui-iohe.org\/es\/wp-json\/wp\/v2\/pages\/15406\/revisions"}],"predecessor-version":[{"id":15526,"href":"https:\/\/oui-iohe.org\/es\/wp-json\/wp\/v2\/pages\/15406\/revisions\/15526"}],"wp:attachment":[{"href":"https:\/\/oui-iohe.org\/es\/wp-json\/wp\/v2\/media?parent=15406"}],"curies":[{"name":"wp","href":"https:\/\/api.w.org\/{rel}","templated":true}]}}