{"id":15411,"date":"2024-02-01T00:37:09","date_gmt":"2024-02-01T05:37:09","guid":{"rendered":"https:\/\/oui-iohe.org\/?page_id=15411"},"modified":"2024-02-20T16:18:21","modified_gmt":"2024-02-20T21:18:21","slug":"modulo-vi-internacionalizacion-de-la-investigacion-y-la-vinculacion","status":"publish","type":"page","link":"https:\/\/oui-iohe.org\/es\/modulo-vi-internacionalizacion-de-la-investigacion-y-la-vinculacion\/","title":{"rendered":"M\u00f3dulo VI Internacionalizaci\u00f3n de la investigaci\u00f3n y la vinculaci\u00f3n"},"content":{"rendered":"<div class=\"wpb-content-wrapper\"><p>[vc_row][vc_column][vc_custom_heading text=\u00bbM\u00f3dulo VI. Internacionalizaci\u00f3n de la investigaci\u00f3n y la vinculaci\u00f3n\u00bb font_container=\u00bbtag:h1|text_align:left\u00bb use_theme_fonts=\u00bbyes\u00bb][vc_custom_heading text=\u00bbObjetivo\u00bb font_container=\u00bbtag:h3|text_align:left\u00bb use_theme_fonts=\u00bbyes\u00bb][vc_column_text]Comprender y adaptar estrategias de internacionalizaci\u00f3n en el \u00e1mbito de la investigaci\u00f3n y la vinculaci\u00f3n.[\/vc_column_text][vc_custom_heading text=\u00bbContenidos\u00bb font_container=\u00bbtag:h3|text_align:left\u00bb use_theme_fonts=\u00bbyes\u00bb][vc_column_text]Unidad 1 Internacionalizaci\u00f3n de la investigaci\u00f3n y los posgrados<\/p>\n<p>Unidad 2 Internacionalizaci\u00f3n de la extensi\u00f3n y vinculaci\u00f3n con el medio<\/p>\n<p>Unidad 3 Financiamiento de la investigaci\u00f3n y la vinculaci\u00f3n desde la cooperaci\u00f3n internacional[\/vc_column_text][vc_custom_heading text=\u00bbPerfil de egreso\u00bb font_container=\u00bbtag:h3|text_align:left\u00bb use_theme_fonts=\u00bbyes\u00bb][vc_column_text]La persona egresada del M\u00f3dulo \u201c<em>Internacionalizaci\u00f3n de la Investigaci\u00f3n y la vinculaci\u00f3n\u201d<\/em>, tiene la capacidad para:<\/p>\n<ol>\n<li>Comprender de manera integral el impacto de la internacionalizaci\u00f3n de la investigaci\u00f3n y la colaboraci\u00f3n internacional cient\u00edfica para el desarrollo en la sociedad global.<\/li>\n<li>Adaptar estrategias de internacionalizaci\u00f3n en actividades de investigaci\u00f3n, divulgaci\u00f3n, vinculaci\u00f3n con el medio, y\/o su relaci\u00f3n con el posgrado.<\/li>\n<\/ol>\n<p>Identificar oportunidades y desaf\u00edos espec\u00edficos para la internacionalizaci\u00f3n en el \u00e1mbito de la investigaci\u00f3n, divulgaci\u00f3n, vinculaci\u00f3n con el medio y su relaci\u00f3n con el posgrado.[\/vc_column_text][vc_btn title=\u00bbVolver al Diplomado en Internacionalizaci\u00f3n de la Educaci\u00f3n Superior-DIES\u00bb style=\u00bbflat\u00bb shape=\u00bbsquare\u00bb color=\u00bbiohe-orange\u00bb align=\u00bbright\u00bb link=\u00bburl:https%3A%2F%2Foui-iohe.org%2Fes%2Fdiplomado-en-internacionalizacion-de-la-educacion-superior%2F\u00bb][\/vc_column][\/vc_row]<\/p>\n<\/div>","protected":false},"excerpt":{"rendered":"<p>[vc_row][vc_column][vc_custom_heading text=\u00bbM\u00f3dulo VI. Internacionalizaci\u00f3n de la investigaci\u00f3n y la vinculaci\u00f3n\u00bb font_container=\u00bbtag:h1|text_align:left\u00bb use_theme_fonts=\u00bbyes\u00bb][vc_custom_heading text=\u00bbObjetivo\u00bb font_container=\u00bbtag:h3|text_align:left\u00bb use_theme_fonts=\u00bbyes\u00bb][vc_column_text]Comprender y adaptar estrategias de internacionalizaci\u00f3n [&hellip;]<\/p>\n","protected":false},"author":4,"featured_media":0,"parent":0,"menu_order":0,"comment_status":"closed","ping_status":"closed","template":"","meta":{"_acf_changed":false,"_monsterinsights_skip_tracking":false,"_monsterinsights_sitenote_active":false,"_monsterinsights_sitenote_note":"","_monsterinsights_sitenote_category":0,"footnotes":""},"class_list":["post-15411","page","type-page","status-publish","hentry"],"acf":[],"aioseo_notices":[],"_links":{"self":[{"href":"https:\/\/oui-iohe.org\/es\/wp-json\/wp\/v2\/pages\/15411","targetHints":{"allow":["GET"]}}],"collection":[{"href":"https:\/\/oui-iohe.org\/es\/wp-json\/wp\/v2\/pages"}],"about":[{"href":"https:\/\/oui-iohe.org\/es\/wp-json\/wp\/v2\/types\/page"}],"author":[{"embeddable":true,"href":"https:\/\/oui-iohe.org\/es\/wp-json\/wp\/v2\/users\/4"}],"replies":[{"embeddable":true,"href":"https:\/\/oui-iohe.org\/es\/wp-json\/wp\/v2\/comments?post=15411"}],"version-history":[{"count":5,"href":"https:\/\/oui-iohe.org\/es\/wp-json\/wp\/v2\/pages\/15411\/revisions"}],"predecessor-version":[{"id":15527,"href":"https:\/\/oui-iohe.org\/es\/wp-json\/wp\/v2\/pages\/15411\/revisions\/15527"}],"wp:attachment":[{"href":"https:\/\/oui-iohe.org\/es\/wp-json\/wp\/v2\/media?parent=15411"}],"curies":[{"name":"wp","href":"https:\/\/api.w.org\/{rel}","templated":true}]}}