{"id":1545,"date":"2018-11-29T12:28:34","date_gmt":"2018-11-29T17:28:34","guid":{"rendered":"http:\/\/www.oui-iohe.org\/?page_id=1545"},"modified":"2022-02-17T17:04:00","modified_gmt":"2022-02-17T22:04:00","slug":"colam","status":"publish","type":"page","link":"https:\/\/oui-iohe.org\/es\/colam\/","title":{"rendered":"COLAM"},"content":{"rendered":"<div class=\"wpb-content-wrapper\"><p>[vc_row][vc_column][vc_custom_heading source=\u00bbpost_title\u00bb font_container=\u00bbtag:h1|text_align:left\u00bb use_theme_fonts=\u00bbyes\u00bb][\/vc_column][\/vc_row][vc_row][vc_column width=\u00bb1\/3&#8243;][vc_single_image image=\u00bb1216&#8243; img_size=\u00bblarge\u00bb alignment=\u00bbcenter\u00bb onclick=\u00bbcustom_link\u00bb img_link_target=\u00bb_blank\u00bb link=\u00bbhttp:\/\/colam.oui-iohe.org\/es\/\u00bb][\/vc_column][vc_column width=\u00bb2\/3&#8243;][vc_custom_heading text=\u00bbHistoria\u00bb use_theme_fonts=\u00bbyes\u00bb][vc_column_text]<strong>El <\/strong><strong>Colegio de las Am\u00e9ricas<\/strong> (COLAM) es uno de los cinco programas de la Organizaci\u00f3n Universitaria Interamericana (OUI), consolidado en 1998 como un espacio de cooperaci\u00f3n interuniversitaria en las Am\u00e9ricas, gracias a la puesta en marcha de redes interamericanas de formaci\u00f3n e investigaci\u00f3n que este programa foment\u00f3, con el fin de responder a las necesidades de las Instituciones de Educaci\u00f3n Superior (IES) y a las asociaciones nacionales, a trav\u00e9s de actividades con car\u00e1cter interamericano, interdisciplinario e intercultural.[\/vc_column_text][\/vc_column][\/vc_row][vc_row full_width=\u00bbstretch_row\u00bb css=\u00bb.vc_custom_1542744654565{padding-top: 20px !important;background-color: #f1f1f1 !important;}\u00bb][vc_column][vc_column_text]En la actualidad la OUI continua promoviendo la conformaci\u00f3n de redes acad\u00e9micas, en apoyo a la formaci\u00f3n e investigaci\u00f3n en tem\u00e1ticas prioritarias de las Instituciones de Educaci\u00f3n Superior y en aquellas que son demandadas por la sociedad, con una perspectiva interdisciplinaria, intercultural e innovadora, a trav\u00e9s de las siguientes iniciativas:[\/vc_column_text][\/vc_column][\/vc_row][vc_row full_width=\u00bbstretch_row\u00bb css=\u00bb.vc_custom_1542744817691{margin-top: -20px !important;background-color: #f1f1f1 !important;}\u00bb][vc_column width=\u00bb1\/2&#8243;][vc_separator color=\u00bbiohe-orange\u00bb border_width=\u00bb6&#8243;][vc_custom_heading text=\u00bbDIES\u00bb font_container=\u00bbtag:h4|text_align:left\u00bb use_theme_fonts=\u00bbyes\u00bb css=\u00bb.vc_custom_1543512853494{margin-bottom: 20px !important;}\u00bb][vc_column_text el_class=\u00bbfw-medium\u00bb]El programa <strong>Diplomado en Internacionalizaci\u00f3n de la Educaci\u00f3n Superior (DIES) <\/strong>desarrolla capacidades para el liderazgo, la gerencia y la gesti\u00f3n estrat\u00e9gica de la internacionalizaci\u00f3n de las instituciones de educaci\u00f3n superior. El DIES est\u00e1 constituido por tres m\u00f3dulos de formaci\u00f3n con una carga horaria de 60 horas distribuidas en 10 semanas cada uno:<\/p>\n<ul>\n<li>M\u00f3dulo \u201cPlanificaci\u00f3n y gesti\u00f3n de la internacionalizaci\u00f3n\u201d<\/li>\n<li>M\u00f3dulo \u201cEstrategias de movilidad acad\u00e9mica\u201d<\/li>\n<li>M\u00f3dulo \u201cInternacionalizaci\u00f3n del curr\u00edculo: un enfoque comprehensivo\u201d<\/li>\n<\/ul>\n<p>El DIES es un programa \u00fanico en su g\u00e9nero, ya que combina una perspectiva <strong>interamericana<\/strong> en relaci\u00f3n con los retos y desaf\u00edos de la internacionalizaci\u00f3n de la educaci\u00f3n superior, un abordaje <strong>interdisciplinario<\/strong> en sus contenidos e itinerario formativo y una experiencia <strong>intercultural<\/strong> para los participantes, todo ello en un ambiente de aprendizaje virtual que permite articular los requerimientos del programa con las otras actividades profesionales y personales del participante, ofreci\u00e9ndole una gran posibilidad de contactos y relaciones con sus pares de la internacionalizaci\u00f3n en las Am\u00e9ricas.[\/vc_column_text][\/vc_column][vc_column width=\u00bb1\/2&#8243;][vc_separator color=\u00bbiohe-orange\u00bb border_width=\u00bb6&#8243;][vc_custom_heading text=\u00bbPIFGAI\u00bb font_container=\u00bbtag:h4|text_align:left\u00bb use_theme_fonts=\u00bbyes\u00bb css=\u00bb.vc_custom_1543512913605{margin-bottom: 20px !important;}\u00bb][vc_column_text el_class=\u00bbfw-medium\u00bb]El <strong>Programa Interamericano de Formaci\u00f3n en Gesti\u00f3n de Ambientes de Innovaci\u00f3n<\/strong> (PIFGAI) tiene como prop\u00f3sito facilitar la apropiaci\u00f3n y el desarrollo de capacidades para el liderazgo, la gerencia y la gesti\u00f3n estrat\u00e9gica de ambientes o ecosistemas de innovaci\u00f3n.<\/p>\n<p>El programa est\u00e1 dise\u00f1ado con un enfoque pedag\u00f3gico orientado a la construcci\u00f3n de soluciones, el estudio de casos, la reflexi\u00f3n sobre la pr\u00e1ctica profesional en Ciencia, Tecnolog\u00eda e Innovaci\u00f3n (CT&amp;I) y la visi\u00f3n estrat\u00e9gica de \u00e1reas espec\u00edficas que tengan como objetivo la promoci\u00f3n y gesti\u00f3n de ambientes de innovaci\u00f3n en las diferentes modalidades que estos pueden presentarse (Parques Cient\u00edfico-Tecnol\u00f3gicos, N\u00facleos de Innovaci\u00f3n, Distritos de Innovaci\u00f3n, Incubadoras, Aceleradoras, etc.).<\/p>\n<p>El programa tiene una duraci\u00f3n total de 130 horas articulado en torno a tres fases de formaci\u00f3n:<\/p>\n<ul>\n<li>Fase virtual: M\u00f3dulos de formaci\u00f3n en l\u00ednea (76 horas)<\/li>\n<li>Proyecto de intervenci\u00f3n: Asesor\u00eda personalizada para el dise\u00f1o de un modelo b\u00e1sico de un ambiente o h\u00e1bitat de innovaci\u00f3n (24 horas)<\/li>\n<li>Pasant\u00eda: Visita a un reconocido ecosistema de innovaci\u00f3n en las Am\u00e9ricas (30 horas)<\/li>\n<\/ul>\n<p>[\/vc_column_text][\/vc_column][\/vc_row][vc_row full_width=\u00bbstretch_row\u00bb css=\u00bb.vc_custom_1542744897386{background-color: #f1f1f1 !important;}\u00bb][vc_column width=\u00bb1\/6&#8243;][\/vc_column][vc_column width=\u00bb2\/3&#8243;][vc_separator color=\u00bbiohe-orange\u00bb border_width=\u00bb6&#8243;][vc_custom_heading text=\u00bbCompetencias y TIC\u00bb font_container=\u00bbtag:h4|text_align:left\u00bb use_theme_fonts=\u00bbyes\u00bb css=\u00bb.vc_custom_1543513312324{margin-bottom: 20px !important;}\u00bb][vc_column_text el_class=\u00bbfw-medium\u00bb]El Diplomado en <strong>Conocimientos y Herramientas para la Implementaci\u00f3n del Enfoque de Competencias Apoyado por las Tecnolog\u00edas de Informaci\u00f3n y Comunicaci\u00f3n<\/strong> tiene como prop\u00f3sito desarrollar competencias para el dise\u00f1o de ambientes de aprendizajes que, potenciados con el uso de tecnolog\u00edas de informaci\u00f3n y comunicaci\u00f3n, promuevan el desarrollo de competencias por parte de sus estudiantes.<\/p>\n<p>El programa tiene una duraci\u00f3n de 170 horas lectivas, articuladas en torno a tres m\u00f3dulos de formaci\u00f3n:<\/p>\n<ul>\n<li>Desarrollo de una propuesta formativa basada en competencias para optimizar logros de aprendizajes (60 horas)<\/li>\n<li>Generaci\u00f3n de ambientes de aprendizaje apoyado en TICS para desarrollar competencias (60 horas)<\/li>\n<li>C\u00f3mo evaluar desarrollo de competencias en ambientes de aprendizajes apoyados por TICs (50 horas)<\/li>\n<\/ul>\n<p>[\/vc_column_text][\/vc_column][vc_column width=\u00bb1\/6&#8243;][\/vc_column][\/vc_row][vc_row][vc_column][vc_btn title=\u00bbCONSULTE NUESTRA OFERTA FORMATIVA\u00bb style=\u00bbflat\u00bb shape=\u00bbsquare\u00bb color=\u00bbiohe-orange\u00bb size=\u00bblg\u00bb align=\u00bbcenter\u00bb link=\u00bburl:https%3A%2F%2Foui-iohe.org%2Fes%2Foferta-formativa%2F||target:%20_blank|\u00bb][\/vc_column][\/vc_row]<\/p>\n<\/div>","protected":false},"excerpt":{"rendered":"<p>[vc_row][vc_column][vc_custom_heading source=\u00bbpost_title\u00bb font_container=\u00bbtag:h1|text_align:left\u00bb use_theme_fonts=\u00bbyes\u00bb][\/vc_column][\/vc_row][vc_row][vc_column width=\u00bb1\/3&#8243;][vc_single_image image=\u00bb1216&#8243; img_size=\u00bblarge\u00bb alignment=\u00bbcenter\u00bb onclick=\u00bbcustom_link\u00bb img_link_target=\u00bb_blank\u00bb link=\u00bbhttp:\/\/colam.oui-iohe.org\/es\/\u00bb][\/vc_column][vc_column width=\u00bb2\/3&#8243;][vc_custom_heading text=\u00bbHistoria\u00bb use_theme_fonts=\u00bbyes\u00bb][vc_column_text]El Colegio de las Am\u00e9ricas (COLAM) es [&hellip;]<\/p>\n","protected":false},"author":4,"featured_media":1554,"parent":0,"menu_order":0,"comment_status":"closed","ping_status":"closed","template":"","meta":{"_acf_changed":false,"_monsterinsights_skip_tracking":false,"_monsterinsights_sitenote_active":false,"_monsterinsights_sitenote_note":"","_monsterinsights_sitenote_category":0,"footnotes":""},"class_list":["post-1545","page","type-page","status-publish","has-post-thumbnail","hentry"],"acf":[],"aioseo_notices":[],"_links":{"self":[{"href":"https:\/\/oui-iohe.org\/es\/wp-json\/wp\/v2\/pages\/1545","targetHints":{"allow":["GET"]}}],"collection":[{"href":"https:\/\/oui-iohe.org\/es\/wp-json\/wp\/v2\/pages"}],"about":[{"href":"https:\/\/oui-iohe.org\/es\/wp-json\/wp\/v2\/types\/page"}],"author":[{"embeddable":true,"href":"https:\/\/oui-iohe.org\/es\/wp-json\/wp\/v2\/users\/4"}],"replies":[{"embeddable":true,"href":"https:\/\/oui-iohe.org\/es\/wp-json\/wp\/v2\/comments?post=1545"}],"version-history":[{"count":24,"href":"https:\/\/oui-iohe.org\/es\/wp-json\/wp\/v2\/pages\/1545\/revisions"}],"predecessor-version":[{"id":10330,"href":"https:\/\/oui-iohe.org\/es\/wp-json\/wp\/v2\/pages\/1545\/revisions\/10330"}],"wp:featuredmedia":[{"embeddable":true,"href":"https:\/\/oui-iohe.org\/es\/wp-json\/wp\/v2\/media\/1554"}],"wp:attachment":[{"href":"https:\/\/oui-iohe.org\/es\/wp-json\/wp\/v2\/media?parent=1545"}],"curies":[{"name":"wp","href":"https:\/\/api.w.org\/{rel}","templated":true}]}}