{"id":1581,"date":"2018-11-29T15:18:27","date_gmt":"2018-11-29T20:18:27","guid":{"rendered":"http:\/\/www.oui-iohe.org\/campus\/"},"modified":"2022-02-17T17:08:06","modified_gmt":"2022-02-17T22:08:06","slug":"campus","status":"publish","type":"page","link":"https:\/\/oui-iohe.org\/es\/campus\/","title":{"rendered":"CAMPUS"},"content":{"rendered":"<div class=\"wpb-content-wrapper\"><p>[vc_row][vc_column][vc_custom_heading source=\u00bbpost_title\u00bb font_container=\u00bbtag:h1|text_align:left\u00bb use_theme_fonts=\u00bbyes\u00bb][\/vc_column][\/vc_row][vc_row][vc_column width=\u00bb1\/3&#8243;][vc_single_image image=\u00bb1214&#8243; img_size=\u00bblarge\u00bb alignment=\u00bbcenter\u00bb][\/vc_column][vc_column width=\u00bb2\/3&#8243;][vc_custom_heading text=\u00bbHistoria\u00bb use_theme_fonts=\u00bbyes\u00bb][vc_column_text]<strong>CAMPUS<\/strong> ha sido el programa de la OUI que propicia la discusi\u00f3n, an\u00e1lisis y reflexi\u00f3n sobre el compromiso social de las universidades de las Am\u00e9ricas, las oportunidades de colaboraci\u00f3n interuniversitaria en los procesos de formaci\u00f3n doctoral y de investigaci\u00f3n, as\u00ed como el impulso de estrategias que contribuyan a la construcci\u00f3n de espacios virtuales y presenciales de cooperaci\u00f3n internacional.[\/vc_column_text][\/vc_column][\/vc_row][vc_row full_width=\u00bbstretch_row\u00bb css=\u00bb.vc_custom_1542744654565{padding-top: 20px !important;background-color: #f1f1f1 !important;}\u00bb][vc_column][vc_column_text]En la actualidad la OUI continua constituy\u00e9ndose como un espacio de di\u00e1logo y acciones para consolidar el compromiso social de las universidades de las Am\u00e9ricas, contribuir a elevar sus capacidades de docencia e investigaci\u00f3n y sumar esfuerzos entre todos los miembros de las instituciones asociadas, a trav\u00e9s de las siguientes iniciativas:[\/vc_column_text][\/vc_column][\/vc_row][vc_row full_width=\u00bbstretch_row\u00bb css=\u00bb.vc_custom_1542744817691{margin-top: -20px !important;background-color: #f1f1f1 !important;}\u00bb][vc_column width=\u00bb1\/2&#8243;][vc_separator color=\u00bbiohe-orange\u00bb border_width=\u00bb6&#8243;][vc_custom_heading text=\u00bbDoc CAMPUS\u00bb font_container=\u00bbtag:h4|text_align:left\u00bb use_theme_fonts=\u00bbyes\u00bb css=\u00bb.vc_custom_1543523129986{margin-bottom: 20px !important;}\u00bb][vc_column_text el_class=\u00bbfw-medium\u00bb]Contribuye a la consolidaci\u00f3n de la formaci\u00f3n acad\u00e9mica de docentes e investigadores, al desarrollo de la investigaci\u00f3n de alto nivel, a la internacionalizaci\u00f3n de programas de formaci\u00f3n doctoral y la creaci\u00f3n de redes o incubadoras de investigaci\u00f3n. Busca multiplicar las capacidades y generaci\u00f3n de conocimientos en las IES apoyando la cooperaci\u00f3n entre instituciones y la suma de fortalezas, estableciendo sistemas de investigaci\u00f3n flexibles y organizados que promuevan la excelencia cient\u00edfica y la multi, inter y trandisciplinariedad.<\/p>\n<p>Actividades ofrecidas: Seminarios, Publicaciones, Misiones, Ferias.[\/vc_column_text][\/vc_column][vc_column width=\u00bb1\/2&#8243;][vc_separator color=\u00bbiohe-orange\u00bb border_width=\u00bb6&#8243;][vc_custom_heading text=\u00bbSocial CAMPUS\u00bb font_container=\u00bbtag:h4|text_align:left\u00bb use_theme_fonts=\u00bbyes\u00bb css=\u00bb.vc_custom_1543523152778{margin-bottom: 20px !important;}\u00bb][vc_column_text el_class=\u00bbfw-medium\u00bb]Aborda la discusi\u00f3n acerca de la misi\u00f3n social de las universidades. Se reflexiona sobre los problemas de acceso con equidad, promoci\u00f3n de diversidad, inclusi\u00f3n, permanencia y titulaci\u00f3n de los estudiantes; la construcci\u00f3n y promoci\u00f3n de valores \u00e9ticos en las IES y las distintas estrategias o modelos innovadores de vinculaci\u00f3n de las universidades con su entorno social, que a su vez, contribuyen al desarrollo y sustentabilidad regional.<\/p>\n<p>Actividades ofrecidas: Espacios de reflexi\u00f3n y observatorio para difundir tendencias y buenas pr\u00e1cticas.[\/vc_column_text][\/vc_column][\/vc_row][vc_row][vc_column][vc_btn title=\u00bbConsulte nuestra oferta formativa\u00bb style=\u00bbflat\u00bb shape=\u00bbsquare\u00bb color=\u00bbiohe-orange\u00bb align=\u00bbcenter\u00bb link=\u00bburl:https%3A%2F%2Foui-iohe.org%2Fes%2Foferta-formativa%2F||target:%20_blank|\u00bb][\/vc_column][\/vc_row]<\/p>\n<\/div>","protected":false},"excerpt":{"rendered":"<p>[vc_row][vc_column][vc_custom_heading source=\u00bbpost_title\u00bb font_container=\u00bbtag:h1|text_align:left\u00bb use_theme_fonts=\u00bbyes\u00bb][\/vc_column][\/vc_row][vc_row][vc_column width=\u00bb1\/3&#8243;][vc_single_image image=\u00bb1214&#8243; img_size=\u00bblarge\u00bb alignment=\u00bbcenter\u00bb][\/vc_column][vc_column width=\u00bb2\/3&#8243;][vc_custom_heading text=\u00bbHistoria\u00bb use_theme_fonts=\u00bbyes\u00bb][vc_column_text]CAMPUS ha sido el programa de la OUI que propicia [&hellip;]<\/p>\n","protected":false},"author":4,"featured_media":1606,"parent":0,"menu_order":0,"comment_status":"closed","ping_status":"closed","template":"","meta":{"_acf_changed":false,"_monsterinsights_skip_tracking":false,"_monsterinsights_sitenote_active":false,"_monsterinsights_sitenote_note":"","_monsterinsights_sitenote_category":0,"footnotes":""},"class_list":["post-1581","page","type-page","status-publish","has-post-thumbnail","hentry"],"acf":[],"aioseo_notices":[],"_links":{"self":[{"href":"https:\/\/oui-iohe.org\/es\/wp-json\/wp\/v2\/pages\/1581","targetHints":{"allow":["GET"]}}],"collection":[{"href":"https:\/\/oui-iohe.org\/es\/wp-json\/wp\/v2\/pages"}],"about":[{"href":"https:\/\/oui-iohe.org\/es\/wp-json\/wp\/v2\/types\/page"}],"author":[{"embeddable":true,"href":"https:\/\/oui-iohe.org\/es\/wp-json\/wp\/v2\/users\/4"}],"replies":[{"embeddable":true,"href":"https:\/\/oui-iohe.org\/es\/wp-json\/wp\/v2\/comments?post=1581"}],"version-history":[{"count":12,"href":"https:\/\/oui-iohe.org\/es\/wp-json\/wp\/v2\/pages\/1581\/revisions"}],"predecessor-version":[{"id":10333,"href":"https:\/\/oui-iohe.org\/es\/wp-json\/wp\/v2\/pages\/1581\/revisions\/10333"}],"wp:featuredmedia":[{"embeddable":true,"href":"https:\/\/oui-iohe.org\/es\/wp-json\/wp\/v2\/media\/1606"}],"wp:attachment":[{"href":"https:\/\/oui-iohe.org\/es\/wp-json\/wp\/v2\/media?parent=1581"}],"curies":[{"name":"wp","href":"https:\/\/api.w.org\/{rel}","templated":true}]}}