{"id":15987,"date":"2024-05-06T11:08:53","date_gmt":"2024-05-06T15:08:53","guid":{"rendered":"https:\/\/oui-iohe.org\/?page_id=15987"},"modified":"2024-06-14T16:16:23","modified_gmt":"2024-06-14T20:16:23","slug":"convocatoria-universidad-gaston-dachary-oui","status":"publish","type":"page","link":"https:\/\/oui-iohe.org\/es\/convocatoria-universidad-gaston-dachary-oui\/","title":{"rendered":"Convocatoria Universidad Gast\u00f3n Dachary  OUI"},"content":{"rendered":"<div class=\"wpb-content-wrapper\"><p>[vc_row][vc_column][vc_custom_heading text=\u00bbPrograma Conjunto de Becas OUI\u00bb font_container=\u00bbtag:h1|text_align:left\u00bb use_theme_fonts=\u00bbyes\u00bb][vc_custom_heading text=\u00bbConvocatoria Becas Conjuntas Universidad Gast\u00f3n Dachary &#8211; Organizaci\u00f3n Universitaria Interamericana\u00bb use_theme_fonts=\u00bbyes\u00bb][\/vc_column][\/vc_row][vc_row][vc_column][vc_column_text css=\u00bb\u00bb]<span style=\"font-weight: 400;\">La <\/span><b>Universidad Gast\u00f3n Dachary<\/b><span style=\"font-weight: 400;\">, Argentina, y la <\/span><b>Organizaci\u00f3n Universitaria Interamericana (OUI)<\/b><span style=\"font-weight: 400;\"> ofrecen a la membres\u00eda regular activa de la OUI que est\u00e9 al d\u00eda con sus obligaciones estatutarias, <\/span><b>dos becas completas de estudio a distancia en la Maestr\u00eda en Gesti\u00f3n y Evaluaci\u00f3n de la Educaci\u00f3n Superior <\/b><span style=\"font-weight: 400;\">para el primer semestre de 2025, dirigidas a docentes, investigadores y directivos de instituciones de educaci\u00f3n superior <\/span><a href=\"https:\/\/oui-iohe.org\/es\/miembros-oui\/\"><span style=\"font-weight: 400;\">miembro de la OUI<\/span><\/a><span style=\"font-weight: 400;\">.<\/span><\/p>\n<h3><strong>Beneficios de la beca<\/strong><\/h3>\n<ul>\n<li style=\"font-weight: 400;\" aria-level=\"1\"><span style=\"font-weight: 400;\">La beca cubre el 100% de los costos del programa de posgrado.<\/span><\/li>\n<li style=\"font-weight: 400;\" aria-level=\"1\"><span style=\"font-weight: 400;\">El becario deber\u00e1 cubrir un arancel para su titulaci\u00f3n, cuyo costo ser\u00e1 informado por la Direcci\u00f3n de Posgrado una vez cumplidos los requisitos del trabajo final.<\/span><\/li>\n<li style=\"font-weight: 400;\" aria-level=\"1\"><span style=\"font-weight: 400;\">Los estudios se realizar\u00e1n en Presencialidad Remota (A Distancia) con Clases Sincr\u00f3nicas semanales de asistencia obligatoria, y en espa\u00f1ol.<\/span><\/li>\n<\/ul>\n<p>[\/vc_column_text][vc_column_text]<\/p>\n<h3><strong>Oferta Acad\u00e9mica<\/strong><\/h3>\n<p>[\/vc_column_text][vc_column_text]<span style=\"font-weight: 400;\">El cursado tiene varias instancias:<\/span><\/p>\n<ul>\n<li style=\"font-weight: 400;\" aria-level=\"1\"><b>Aulas virtuales:<\/b><span style=\"font-weight: 400;\"> el estudiante encontrar\u00e1 diversos materiales bibliogr\u00e1ficos, conferencias, recursos web y herramientas para realizar los trabajos pr\u00e1cticos. El aula virtual le permitir\u00e1 desarrollar las actividades de acuerdo a su organizaci\u00f3n horaria semanal.<\/span><\/li>\n<li style=\"font-weight: 400;\" aria-level=\"1\"><b>Clases virtuales sincr\u00f3nicas:<\/b><span style=\"font-weight: 400;\"> \u00a0S\u00e1bados de 9:00 a 12:00 (hora de Argentina), en las que podr\u00e1n interactuar con sus docentes y pares.<\/span><\/li>\n<li style=\"font-weight: 400;\" aria-level=\"1\"><b>Pasant\u00eda:<\/b><span style=\"font-weight: 400;\"> se realizar\u00e1 en una instituci\u00f3n de educaci\u00f3n superior bajo la supervisi\u00f3n de un tutor. Estas instancias se acordar\u00e1n con los estudiantes y se establecer\u00e1n acuerdos con las respectivas universidades para su ejecuci\u00f3n.<\/span><\/li>\n<li style=\"font-weight: 400;\" aria-level=\"1\"><b>Trabajo Final:<\/b><span style=\"font-weight: 400;\"> la Maestr\u00eda se da por finalizada con la realizaci\u00f3n del mismo, el que ser\u00e1 supervisado por un director.<\/span><\/li>\n<li style=\"font-weight: 400;\" aria-level=\"1\"><b>Graduaci\u00f3n:<\/b><span style=\"font-weight: 400;\"> defensa virtual p\u00fablica del trabajo final (no se contempla acto de graduaci\u00f3n para los egresados).<\/span><\/li>\n<\/ul>\n<p><span style=\"font-weight: 400;\">Consulte y descargue <\/span><a href=\"https:\/\/drive.google.com\/file\/d\/1EKGSggBvqKY_DjLI0pMCcB_MJzrkeu_r\/view?usp=sharing\"><span style=\"font-weight: 400;\">AQU\u00cd <\/span><\/a><span style=\"font-weight: 400;\">el Plan de Estudios y Syllabus de la Maestr\u00eda.<\/span>[\/vc_column_text][vc_column_text]<\/p>\n<h3><strong>Requisitos de aplicaci\u00f3n<\/strong><\/h3>\n<p>[\/vc_column_text][vc_column_text]<\/p>\n<ul>\n<li style=\"font-weight: 400;\" aria-level=\"1\"><span style=\"font-weight: 400;\">Pertenecer a una instituci\u00f3n de educaci\u00f3n superior miembro regular y activa de la OUI-IOHE al d\u00eda con sus obligaciones estatutarias.<\/span><\/li>\n<li style=\"font-weight: 400;\" aria-level=\"1\"><span style=\"font-weight: 400;\">Poseer Nivel de Estudios Universitarios (t\u00edtulo de grado) de 4 a\u00f1os o m\u00e1s.<\/span><\/li>\n<li style=\"font-weight: 400;\" aria-level=\"1\"><span style=\"font-weight: 400;\">Curr\u00edculum Vitae actualizado.<\/span><\/li>\n<li style=\"font-weight: 400;\" aria-level=\"1\"><span style=\"font-weight: 400;\">Dos Cartas de Recomendaci\u00f3n acad\u00e9mica, una firmada por el jefe o director de la dependencia a la cual se encuentre adscrito el postulante, y la segunda por quien ser\u00e1 el tutor del postulante en su trabajo final.<\/span><\/li>\n<li style=\"font-weight: 400;\" aria-level=\"1\"><span style=\"font-weight: 400;\">Para postulantes de nacionalidad argentina, fotocopia del t\u00edtulo y fotocopia del Certificado Anal\u00edtico (con promedio), ambos autenticados por escribano p\u00fablico o por las autoridades de la dependencia donde se ha expedido.<\/span><\/li>\n<li style=\"font-weight: 400;\" aria-level=\"1\"><span style=\"font-weight: 400;\">Para postulantes extranjeros, copia del t\u00edtulo autenticada en su pa\u00eds por el Consulado Argentino o por la Embajada de su pa\u00eds en Argentina, o Apostilla de La Haya.<\/span><\/li>\n<li style=\"font-weight: 400;\" aria-level=\"1\"><span style=\"font-weight: 400;\">Carta dirigida a la Comisi\u00f3n Acad\u00e9mica de la carrera, expresando las razones de inter\u00e9s en la Maestr\u00eda y el posible tema o campo de abordaje en la tesis, explicando sus motivaciones.<\/span><\/li>\n<\/ul>\n<p>[\/vc_column_text][vc_column_text]<\/p>\n<h3><strong>Calendario de postulaci\u00f3n y env\u00edo de documentaci\u00f3n (Beca Maestr\u00eda y Doctorado)<\/strong><\/h3>\n<p>[\/vc_column_text][vc_column_text css=\u00bb\u00bb]<span style=\"font-weight: 400;\">Las personas que completen el formulario de registro de solicitud en l\u00ednea recibir\u00e1n las indicaciones para continuar el proceso seg\u00fan el siguiente calendario:<\/span><\/p>\n<table>\n<tbody>\n<tr>\n<td><b>Requisito<\/b><\/td>\n<td><b>Plazo<\/b><\/td>\n<\/tr>\n<tr>\n<td><span style=\"font-weight: 400;\">Registro de solicitud (formulario en l\u00ednea)<\/span><\/td>\n<td><span style=\"font-weight: 400;\">19 de julio<\/span><\/td>\n<\/tr>\n<tr>\n<td><span style=\"font-weight: 400;\">Env\u00edo de documendaci\u00f3n\u00a0<\/span><\/td>\n<td><span style=\"font-weight: 400;\">26 de julio<\/span><\/td>\n<\/tr>\n<tr>\n<td><span style=\"font-weight: 400;\">Comunicaci\u00f3n de resultados y solicitud de documentaci\u00f3n adicional<\/span><\/td>\n<td><span style=\"font-weight: 400;\">29 de julio \u2013 2 de agosto<\/span><\/td>\n<\/tr>\n<tr>\n<td><span style=\"font-weight: 400;\">Matriculaci\u00f3n<\/span><\/td>\n<td><span style=\"font-weight: 400;\">A partir de la comunicaci\u00f3n de resultados<\/span><\/td>\n<\/tr>\n<tr>\n<td><span style=\"font-weight: 400;\">Inicio de la vida acad\u00e9mica<\/span><\/td>\n<td><span style=\"font-weight: 400;\">Abril de 2025 <\/span><span style=\"font-weight: 400;\">(fechas exactas a ser confirmadas)<\/span><\/td>\n<\/tr>\n<\/tbody>\n<\/table>\n<p><b>Nota:<\/b><span style=\"font-weight: 400;\">\u00a0La Direcci\u00f3n de Posgrado de la Universidad Gast\u00f3n Dachary realizar\u00e1 el proceso de admisi\u00f3n, previo an\u00e1lisis de la documentaci\u00f3n de los postulantes.<\/span>[\/vc_column_text][\/vc_column][\/vc_row][vc_row][vc_column][vc_btn title=\u00bbAPLIQUE AQU\u00cd\u00bb shape=\u00bbsquare\u00bb color=\u00bbiohe-orange\u00bb align=\u00bbcenter\u00bb link=\u00bburl:https%3A%2F%2Fdocs.google.com%2Fforms%2Fd%2Fe%2F1FAIpQLScSCC8eBctLn1MRuV56OLWNorFanYyapFAKDIu_gqmzLVm0DQ%2Fviewform%3Fusp%3Dsf_link%20|target:_blank\u00bb][\/vc_column][\/vc_row]<\/p>\n<\/div>","protected":false},"excerpt":{"rendered":"<p>[vc_row][vc_column][vc_custom_heading text=\u00bbPrograma Conjunto de Becas OUI\u00bb font_container=\u00bbtag:h1|text_align:left\u00bb use_theme_fonts=\u00bbyes\u00bb][vc_custom_heading text=\u00bbConvocatoria Becas Conjuntas Universidad Gast\u00f3n Dachary &#8211; Organizaci\u00f3n Universitaria Interamericana\u00bb use_theme_fonts=\u00bbyes\u00bb][\/vc_column][\/vc_row][vc_row][vc_column][vc_column_text css=\u00bb\u00bb]La [&hellip;]<\/p>\n","protected":false},"author":4,"featured_media":0,"parent":0,"menu_order":0,"comment_status":"closed","ping_status":"closed","template":"","meta":{"_acf_changed":false,"_monsterinsights_skip_tracking":false,"_monsterinsights_sitenote_active":false,"_monsterinsights_sitenote_note":"","_monsterinsights_sitenote_category":0,"footnotes":""},"class_list":["post-15987","page","type-page","status-publish","hentry"],"acf":[],"aioseo_notices":[],"_links":{"self":[{"href":"https:\/\/oui-iohe.org\/es\/wp-json\/wp\/v2\/pages\/15987","targetHints":{"allow":["GET"]}}],"collection":[{"href":"https:\/\/oui-iohe.org\/es\/wp-json\/wp\/v2\/pages"}],"about":[{"href":"https:\/\/oui-iohe.org\/es\/wp-json\/wp\/v2\/types\/page"}],"author":[{"embeddable":true,"href":"https:\/\/oui-iohe.org\/es\/wp-json\/wp\/v2\/users\/4"}],"replies":[{"embeddable":true,"href":"https:\/\/oui-iohe.org\/es\/wp-json\/wp\/v2\/comments?post=15987"}],"version-history":[{"count":7,"href":"https:\/\/oui-iohe.org\/es\/wp-json\/wp\/v2\/pages\/15987\/revisions"}],"predecessor-version":[{"id":16061,"href":"https:\/\/oui-iohe.org\/es\/wp-json\/wp\/v2\/pages\/15987\/revisions\/16061"}],"wp:attachment":[{"href":"https:\/\/oui-iohe.org\/es\/wp-json\/wp\/v2\/media?parent=15987"}],"curies":[{"name":"wp","href":"https:\/\/api.w.org\/{rel}","templated":true}]}}