{"id":1622,"date":"2018-11-29T15:53:20","date_gmt":"2018-11-29T20:53:20","guid":{"rendered":"http:\/\/www.oui-iohe.org\/emulies\/"},"modified":"2022-02-17T16:34:49","modified_gmt":"2022-02-17T21:34:49","slug":"emulies","status":"publish","type":"page","link":"https:\/\/oui-iohe.org\/es\/emulies\/","title":{"rendered":"EMULIES"},"content":{"rendered":"<div class=\"wpb-content-wrapper\"><p>[vc_row][vc_column][vc_custom_heading source=\u00bbpost_title\u00bb font_container=\u00bbtag:h1|text_align:left\u00bb use_theme_fonts=\u00bbyes\u00bb][\/vc_column][\/vc_row][vc_row][vc_column width=\u00bb1\/3&#8243;][vc_single_image image=\u00bb1226&#8243; img_size=\u00bblarge\u00bb alignment=\u00bbcenter\u00bb][\/vc_column][vc_column width=\u00bb2\/3&#8243;][vc_custom_heading text=\u00bbHistoria\u00bb use_theme_fonts=\u00bbyes\u00bb][vc_column_text]El <strong>Espacio de Mujeres L\u00edderes de Instituciones de Educaci\u00f3n Superior de las Am\u00e9ricas (EMULIES)<\/strong> se cre\u00f3 en el marco de la Organizaci\u00f3n Universitaria Interamericana (OUI-IOHE) en el 2011 como un espacio de reflexi\u00f3n e intercambio formado por mujeres l\u00edderes de las Instituciones de Educaci\u00f3n Superior (IES).<\/p>\n<p>Desde su creaci\u00f3n, ha trabajado con la finalidad de fomentar la investigaci\u00f3n, fortalecer el desarrollo de capacidades a partir de la formaci\u00f3n, promover la cooperaci\u00f3n y el intercambio, e impulsar la difusi\u00f3n y comunicaci\u00f3n alrededor de las mujeres que ocupan puestos de liderazgo y toma de decisiones en las IES de la regi\u00f3n.<\/p>\n<p>EMULIES comenz\u00f3 a crecer y a fortalecerse, convocando a rectoras, vicerrectoras, decanas, jefas, directoras y otras l\u00edderes, para que compartan sus experiencias y dificultades relacionadas al g\u00e9nero, la toma de decisiones y el acceso al poder en las IES. Por la importancia de fomentar el liderazgo de las mujeres en las IES, el 25 de noviembre del 2016 se aprob\u00f3 la formaci\u00f3n de EMULIES como el cuarto programa de la OUI-IOHE.[\/vc_column_text][\/vc_column][\/vc_row][vc_row full_width=\u00bbstretch_row\u00bb css=\u00bb.vc_custom_1542744654565{padding-top: 20px !important;background-color: #f1f1f1 !important;}\u00bb][vc_column][vc_column_text]En la actualidad la OUI continua fomentando el liderazgo femenino en las IES de las Am\u00e9ricas a partir de los siguientes objetivos estrat\u00e9gicos:<\/p>\n<ul>\n<li>Contribuir al fortalecimiento del liderazgo y la participaci\u00f3n de las mujeres en la toma de decisiones en la Educaci\u00f3n Superior;<\/li>\n<li>Promover la construcci\u00f3n de IES crecientemente democr\u00e1ticas, inclusivas y socialmente responsables;<\/li>\n<li>Proveer informaci\u00f3n rigurosa y actualizada acerca de la situaci\u00f3n de las mujeres en las IES;<\/li>\n<li>Incidir en las pol\u00edticas de la educaci\u00f3n superior que favorezcan la equidad de g\u00e9nero.<\/li>\n<\/ul>\n<p>[\/vc_column_text][vc_column_text]Desde el primer evento en el 2011 hasta la fecha, EMULIES ha realizado diversas actividades convocando a m\u00e1s de 1000 mujeres l\u00edderes de 200 instituciones de educaci\u00f3n superior de 40 pa\u00edses de Am\u00e9rica y el mundo, a trav\u00e9s de sus tres ejes de trabajo:[\/vc_column_text][\/vc_column][\/vc_row][vc_row full_width=\u00bbstretch_row\u00bb css=\u00bb.vc_custom_1542744817691{margin-top: -20px !important;background-color: #f1f1f1 !important;}\u00bb][vc_column width=\u00bb1\/3&#8243;][vc_separator color=\u00bbiohe-orange\u00bb border_width=\u00bb6&#8243;][vc_custom_heading text=\u00bbInstitucionalizaci\u00f3n\u00bb font_container=\u00bbtag:h4|text_align:left\u00bb use_theme_fonts=\u00bbyes\u00bb css=\u00bb.vc_custom_1543526179712{margin-bottom: 20px !important;}\u00bb][vc_column_text el_class=\u00bbfw-medium\u00bb]5 Encuentros de toda la regi\u00f3n americana; 16 eventos acad\u00e9micos; Campa\u00f1a \u201cVisibilizando a las Mujeres L\u00edderes de EMULIES\u201d[\/vc_column_text][\/vc_column][vc_column width=\u00bb1\/3&#8243;][vc_separator color=\u00bbiohe-orange\u00bb border_width=\u00bb6&#8243;][vc_custom_heading text=\u00bbPromoci\u00f3n de la Investigaci\u00f3n y Sistemas de Informaci\u00f3n\u00bb font_container=\u00bbtag:h4|text_align:left\u00bb use_theme_fonts=\u00bbyes\u00bb css=\u00bb.vc_custom_1543526197545{margin-bottom: 20px !important;}\u00bb][vc_column_text el_class=\u00bbfw-medium\u00bb]Desarrollo y creaci\u00f3n del Observatorio de la Igualdad de G\u00e9nero y Liderazgo de las Mujeres en las Instituciones de Educaci\u00f3n Superior de Am\u00e9rica Latina y El Caribe; Investigaciones sobre g\u00e9nero y liderazgo en educaci\u00f3n superior; Repositorio digital de textos.[\/vc_column_text][\/vc_column][vc_column width=\u00bb1\/3&#8243;][vc_separator color=\u00bbiohe-orange\u00bb border_width=\u00bb6&#8243;][vc_custom_heading text=\u00bbFormaci\u00f3n y Fortalecimiento de Capacidades\u00bb font_container=\u00bbtag:h4|text_align:left\u00bb use_theme_fonts=\u00bbyes\u00bb css=\u00bb.vc_custom_1543526213479{margin-bottom: 20px !important;}\u00bb][vc_column_text el_class=\u00bbfw-medium\u00bb]3 ediciones del Diploma \u201cG\u00e9nero y Liderazgo en Universidades\u201d; 1 Formaci\u00f3n en Mentoring[\/vc_column_text][\/vc_column][\/vc_row][vc_row][vc_column][vc_btn title=\u00bbConsulte nuestra oferta formativa\u00bb style=\u00bbflat\u00bb shape=\u00bbsquare\u00bb color=\u00bbiohe-orange\u00bb align=\u00bbcenter\u00bb link=\u00bburl:https%3A%2F%2Foui-iohe.org%2Fes%2Foferta-formativa%2F||target:%20_blank|\u00bb][\/vc_column][\/vc_row]<\/p>\n<\/div>","protected":false},"excerpt":{"rendered":"<p>[vc_row][vc_column][vc_custom_heading source=\u00bbpost_title\u00bb font_container=\u00bbtag:h1|text_align:left\u00bb use_theme_fonts=\u00bbyes\u00bb][\/vc_column][\/vc_row][vc_row][vc_column width=\u00bb1\/3&#8243;][vc_single_image image=\u00bb1226&#8243; img_size=\u00bblarge\u00bb alignment=\u00bbcenter\u00bb][\/vc_column][vc_column width=\u00bb2\/3&#8243;][vc_custom_heading text=\u00bbHistoria\u00bb use_theme_fonts=\u00bbyes\u00bb][vc_column_text]El Espacio de Mujeres L\u00edderes de Instituciones de Educaci\u00f3n Superior [&hellip;]<\/p>\n","protected":false},"author":4,"featured_media":1611,"parent":0,"menu_order":0,"comment_status":"closed","ping_status":"closed","template":"","meta":{"_acf_changed":false,"_monsterinsights_skip_tracking":false,"_monsterinsights_sitenote_active":false,"_monsterinsights_sitenote_note":"","_monsterinsights_sitenote_category":0,"footnotes":""},"class_list":["post-1622","page","type-page","status-publish","has-post-thumbnail","hentry"],"acf":[],"aioseo_notices":[],"_links":{"self":[{"href":"https:\/\/oui-iohe.org\/es\/wp-json\/wp\/v2\/pages\/1622","targetHints":{"allow":["GET"]}}],"collection":[{"href":"https:\/\/oui-iohe.org\/es\/wp-json\/wp\/v2\/pages"}],"about":[{"href":"https:\/\/oui-iohe.org\/es\/wp-json\/wp\/v2\/types\/page"}],"author":[{"embeddable":true,"href":"https:\/\/oui-iohe.org\/es\/wp-json\/wp\/v2\/users\/4"}],"replies":[{"embeddable":true,"href":"https:\/\/oui-iohe.org\/es\/wp-json\/wp\/v2\/comments?post=1622"}],"version-history":[{"count":13,"href":"https:\/\/oui-iohe.org\/es\/wp-json\/wp\/v2\/pages\/1622\/revisions"}],"predecessor-version":[{"id":10321,"href":"https:\/\/oui-iohe.org\/es\/wp-json\/wp\/v2\/pages\/1622\/revisions\/10321"}],"wp:featuredmedia":[{"embeddable":true,"href":"https:\/\/oui-iohe.org\/es\/wp-json\/wp\/v2\/media\/1611"}],"wp:attachment":[{"href":"https:\/\/oui-iohe.org\/es\/wp-json\/wp\/v2\/media?parent=1622"}],"curies":[{"name":"wp","href":"https:\/\/api.w.org\/{rel}","templated":true}]}}