{"id":16235,"date":"2024-07-02T14:58:00","date_gmt":"2024-07-02T18:58:00","guid":{"rendered":"https:\/\/oui-iohe.org\/?page_id=16235"},"modified":"2024-07-24T10:11:56","modified_gmt":"2024-07-24T14:11:56","slug":"caei-usa-2023","status":"publish","type":"page","link":"https:\/\/oui-iohe.org\/es\/caei-usa-2023\/","title":{"rendered":"CAEI ESTADOS UNIDOS 2023"},"content":{"rendered":"<div class=\"wpb-content-wrapper\"><p>[vc_row][vc_column][vc_custom_heading text=\u00bbCAEI ESTADOS UNIDOS &#8211; 2023&#8243; font_container=\u00bbtag:h2|text_align:left|color:%23b12028&#8243; use_theme_fonts=\u00bbyes\u00bb css=\u00bb\u00bb][\/vc_column][\/vc_row][vc_row][vc_column width=\u00bb1\/3&#8243;][vc_single_image image=\u00bb13307&#8243; img_size=\u00bblarge\u00bb css=\u00bb\u00bb][\/vc_column][vc_column width=\u00bb2\/3&#8243;][vc_custom_heading text=\u00bbPresentaci\u00f3n\u00bb font_container=\u00bbtag:h2|text_align:left|color:%23b12028&#8243; use_theme_fonts=\u00bbyes\u00bb css=\u00bb\u00bb][vc_column_text css=\u00bb\u00bb]La octava edici\u00f3n del Congreso de las Am\u00e9ricas sobre Educaci\u00f3n Internacional (CAEI) se llev\u00f3 a cabo del 6 al 8 de noviembre de 2023 en modalidad presencial. Teniendo por tem\u00e1tica central: \u2018El futuro es ahora\u2019.[\/vc_column_text][vc_video link=\u00bbhttps:\/\/www.youtube.com\/watch?v=xkntF2jSj2s\u00bb el_width=\u00bb80&#8243; css=\u00bb\u00bb][vc_column_text css=\u00bb\u00bb]La din\u00e1mica comunidad interamericana que construye las bases de esta innovadora iniciativa se estructura alrededor de l\u00edderes gubernamentales, dirigentes y gestores de universidades, acad\u00e9micos e investigadores, directores de relaciones internacionales y organizaciones universitarias a nivel nacional, regional, interamericano e internacional, lo que ha permitido contar con:<\/p>\n<ul>\n<li aria-level=\"1\">7.281 participantes<\/li>\n<\/ul>\n<ul>\n<li aria-level=\"1\">39 asociaciones miembros del CAEI<\/li>\n<\/ul>\n<ul>\n<li aria-level=\"1\">1.100 +\u00a0 conferencistas<\/li>\n<\/ul>\n<ul>\n<li aria-level=\"1\">286 actividades acad\u00e9micas<\/li>\n<\/ul>\n<ul>\n<li aria-level=\"1\">1 .700 + instituciones y organizaciones por edici\u00f3n<\/li>\n<\/ul>\n<ul>\n<li aria-level=\"1\">60 + pa\u00edses<\/li>\n<li aria-level=\"1\">5 continentes<\/li>\n<\/ul>\n<p>[\/vc_column_text][vc_toggle title=\u00bbConferencistas\u00bb style=\u00bbround_outline\u00bb color=\u00bbgreen\u00bb size=\u00bblg\u00bb css=\u00bb\u00bb]Con su tema principal, El futuro es ahora, CAIE-2023 invit\u00f3 a las instituciones de educaci\u00f3n superior (IES) y a los profesionales de la educaci\u00f3n internacional a observar m\u00e1s de cerca los desaf\u00edos de nuestra realidad pospand\u00e9mica, la necesidad urgente de abordar el cambio clim\u00e1tico, los problemas sociales y econ\u00f3micos de los flujos migratorios que tienen lugar en nuestro continente y otras regiones del mundo, y ver la oportunidad de aplicar la creatividad y el ingenio de nuestro sector para promover la investigaci\u00f3n y las colaboraciones acad\u00e9micas regionales, nacionales e internacionales, desarrollar el talento global y educar a los expertos profesionales mientras avanzamos en soluciones innovadoras para la agenda internacional de desarrollo sostenible.<\/p>\n<p><a href=\"https:\/\/caie-caei.org\/conferencistas-2023\/\">Conozca aqu\u00ed los conferencistas del CAEI 2023<\/a>[\/vc_toggle][vc_toggle title=\u00bbPrograma Acad\u00e9mico\u00bb style=\u00bbround_outline\u00bb color=\u00bbgreen\u00bb size=\u00bblg\u00bb css=\u00bb\u00bb]<a href=\"https:\/\/caie-caei.org\/info-appel-a-propositions-2023es\/\">Vea aqu\u00ed el programa con las sesiones plenarias y los paneles de expertos<\/a>[\/vc_toggle][vc_toggle title=\u00bbExpositores\u00bb style=\u00bbround_outline\u00bb color=\u00bbgreen\u00bb size=\u00bblg\u00bb css=\u00bb\u00bb]En la octava edici\u00f3n del CAEI, participaron activamente 34 Instituciones del \u00e1mbito educativo, gubernamental, privado e internacional, y fueron 26 las que formaron parte de la Expo CAEI-2023. Entre ellas se encuentran EduCanada, Quebec, The Forum, Altissia, SofiaU, TIEC, iCENT APP, Turnitin, CSN, UNLV, Education USA y China Education Association for International (CEAIE), entre muchas otras.<\/p>\n<p>Todas estas Instituciones pudieron interactuar con 700 participantes que asistieron durante los tres d\u00edas del evento y representaron a 31 pa\u00edses.<\/p>\n<p><a href=\"https:\/\/caie-caei.org\/patrocinios-y-expositores\/\">Conozca m\u00e1s de nuestros expositores y patrocinadores aqu\u00ed.<\/a>[\/vc_toggle][\/vc_column][\/vc_row][vc_row][vc_column][vc_empty_space][\/vc_column][\/vc_row][vc_row][vc_column][vc_custom_heading text=\u00bbWebinarios 2023&#8243; use_theme_fonts=\u00bbyes\u00bb css=\u00bb\u00bb][vc_column_text css=\u00bb\u00bb]El Congreso de las Am\u00e9ricas sobre Educaci\u00f3n Internacional (CAEI) ofrece una serie de webinarios en cada edici\u00f3n e invita a toda la comunidad de educaci\u00f3n superior, as\u00ed como a representantes de los sectores p\u00fablico, privado y de la sociedad civil a participar en diversas conversaciones sobre la innovaci\u00f3n y la internacionalizaci\u00f3n de la educaci\u00f3n superior.[\/vc_column_text][vc_text_separator title=\u00bbCAEI\/CIGL Launch Webinar\u00bb css=\u00bb\u00bb][vc_video link=\u00bbhttps:\/\/www.youtube.com\/watch?v=UnfEV2elmdM&amp;t=673s\u00bb el_width=\u00bb70&#8243; align=\u00bbcenter\u00bb css=\u00bb\u00bb][vc_column_text css=\u00bb\u00bb]<span style=\"font-weight: 400;\">DATE: <\/span><span style=\"font-weight: 400;\">May 25, Thursday, 1pm EST (1hr)<\/span><\/p>\n<p><span style=\"font-weight: 400;\">Translation: English \/ Spanish<\/span><\/p>\n<p>&nbsp;<\/p>\n<table>\n<tbody>\n<tr>\n<td><span style=\"font-weight: 400;\">TITLE:\u00a0<\/span><\/p>\n<p><span style=\"font-weight: 400;\">Futures of Internationalization: Perspectives and Practice.<\/span><\/p>\n<p><span style=\"font-weight: 400;\">DESCRIPTION:\u00a0<\/span><\/p>\n<p><span style=\"font-weight: 400;\">With this session we open a conversation about the future of international education, new perspectives and best practices to prepare our students and future professionals for the demands of a changing world.\u00a0<\/span><\/p>\n<p><span style=\"font-weight: 400;\">Speakers: <\/span><\/p>\n<p><span style=\"font-weight: 400;\">David Julien, Executive Director, OUI-IOHE and CAEI-2023, Canada<\/span><\/p>\n<p><span style=\"font-weight: 400;\">Melissa Torres, President &amp; CEO, The Forum on Education Abroad, USA<\/span><\/p>\n<p><span style=\"font-weight: 400;\">Sheyla Salazar, Director, International Programs, Universidad de Piura and RediPer\u00fa, Peru<\/span><\/p>\n<p><span style=\"font-weight: 400;\">Rebecca L. Bellinger, Executive Director, Center for Global Business, University of Maryland, Robert H. Smith School of Business, USA<\/span><\/p>\n<p><span style=\"font-weight: 400;\">Luis Kauachi, Senior Manager, CAEI-2023<\/span><\/td>\n<\/tr>\n<tr>\n<td><span style=\"font-weight: 400;\">TITULO:<\/span><\/p>\n<p><span style=\"font-weight: 400;\">Futuros de la Internacionalizaci\u00f3n: Perspectivas y Pr\u00e1ctica.<\/span><\/p>\n<p><span style=\"font-weight: 400;\">DESCRIPCI\u00d3N:\u00a0<\/span><\/p>\n<p><span style=\"font-weight: 400;\">Con esta sesi\u00f3n abrimos una conversaci\u00f3n sobre el futuro de la educaci\u00f3n internacional, nuevas perspectivas y mejores pr\u00e1cticas para la preparaci\u00f3n de nuestros estudiantes y futuros profesionales para los retos de un mundo en transformaci\u00f3n.<\/span><\/p>\n<p><span style=\"font-weight: 400;\">Conferencistas:\u00a0<\/span><\/p>\n<p><span style=\"font-weight: 400;\">David Julien, Secretario General Ejecutivo, OUI-IOHE y CAEI-2023<\/span><\/p>\n<p><span style=\"font-weight: 400;\">Melissa Torres, Presidente y CEO, The Forum on Education Abroad<\/span><\/p>\n<p><span style=\"font-weight: 400;\">Sheyla Salazar, Directora, Programas Internacionales, Universidad de Piura y RediPer\u00fa, Per\u00fa<\/span><\/p>\n<p><span style=\"font-weight: 400;\">Rebecca L. Bellinger, Directora Ejecutiva, <\/span><i><span style=\"font-weight: 400;\">Center for Global Business, University of Maryland, Robert H. Smith School of Business<\/span><\/i><span style=\"font-weight: 400;\">, EUA<\/span><\/p>\n<p><span style=\"font-weight: 400;\">Luis Kauachi, Responsable Principal, CAEI-2023<\/span><\/td>\n<\/tr>\n<\/tbody>\n<\/table>\n<p>[\/vc_column_text][\/vc_column][\/vc_row]<\/p>\n<\/div>","protected":false},"excerpt":{"rendered":"<p>[vc_row][vc_column][vc_custom_heading text=\u00bbCAEI ESTADOS UNIDOS &#8211; 2023&#8243; font_container=\u00bbtag:h2|text_align:left|color:%23b12028&#8243; use_theme_fonts=\u00bbyes\u00bb css=\u00bb\u00bb][\/vc_column][\/vc_row][vc_row][vc_column width=\u00bb1\/3&#8243;][vc_single_image image=\u00bb13307&#8243; img_size=\u00bblarge\u00bb css=\u00bb\u00bb][\/vc_column][vc_column width=\u00bb2\/3&#8243;][vc_custom_heading text=\u00bbPresentaci\u00f3n\u00bb font_container=\u00bbtag:h2|text_align:left|color:%23b12028&#8243; use_theme_fonts=\u00bbyes\u00bb css=\u00bb\u00bb][vc_column_text css=\u00bb\u00bb]La octava [&hellip;]<\/p>\n","protected":false},"author":4,"featured_media":0,"parent":0,"menu_order":0,"comment_status":"closed","ping_status":"closed","template":"","meta":{"_acf_changed":false,"_monsterinsights_skip_tracking":false,"_monsterinsights_sitenote_active":false,"_monsterinsights_sitenote_note":"","_monsterinsights_sitenote_category":0,"footnotes":""},"class_list":["post-16235","page","type-page","status-publish","hentry"],"acf":[],"aioseo_notices":[],"_links":{"self":[{"href":"https:\/\/oui-iohe.org\/es\/wp-json\/wp\/v2\/pages\/16235","targetHints":{"allow":["GET"]}}],"collection":[{"href":"https:\/\/oui-iohe.org\/es\/wp-json\/wp\/v2\/pages"}],"about":[{"href":"https:\/\/oui-iohe.org\/es\/wp-json\/wp\/v2\/types\/page"}],"author":[{"embeddable":true,"href":"https:\/\/oui-iohe.org\/es\/wp-json\/wp\/v2\/users\/4"}],"replies":[{"embeddable":true,"href":"https:\/\/oui-iohe.org\/es\/wp-json\/wp\/v2\/comments?post=16235"}],"version-history":[{"count":7,"href":"https:\/\/oui-iohe.org\/es\/wp-json\/wp\/v2\/pages\/16235\/revisions"}],"predecessor-version":[{"id":16410,"href":"https:\/\/oui-iohe.org\/es\/wp-json\/wp\/v2\/pages\/16235\/revisions\/16410"}],"wp:attachment":[{"href":"https:\/\/oui-iohe.org\/es\/wp-json\/wp\/v2\/media?parent=16235"}],"curies":[{"name":"wp","href":"https:\/\/api.w.org\/{rel}","templated":true}]}}