{"id":1635,"date":"2018-11-29T16:20:39","date_gmt":"2018-11-29T21:20:39","guid":{"rendered":"http:\/\/www.oui-iohe.org\/?page_id=1635"},"modified":"2022-02-17T16:33:18","modified_gmt":"2022-02-17T21:33:18","slug":"eiestec","status":"publish","type":"page","link":"https:\/\/oui-iohe.org\/es\/eiestec\/","title":{"rendered":"EIESTEC"},"content":{"rendered":"<div class=\"wpb-content-wrapper\"><p>[vc_row][vc_column][vc_custom_heading source=\u00bbpost_title\u00bb font_container=\u00bbtag:h1|text_align:left\u00bb use_theme_fonts=\u00bbyes\u00bb][\/vc_column][\/vc_row][vc_row][vc_column width=\u00bb1\/3&#8243;][vc_single_image image=\u00bb1916&#8243; img_size=\u00bblarge\u00bb alignment=\u00bbcenter\u00bb][\/vc_column][vc_column width=\u00bb2\/3&#8243;][vc_custom_heading text=\u00bbHistoria\u00bb use_theme_fonts=\u00bbyes\u00bb][vc_column_text]El <strong>Espacio interamericano de Educaci\u00f3n Superior T\u00e9cnica y Tecnol\u00f3gica (EIESTEC)<\/strong> nace en el a\u00f1o 2014, como resultado del primer encuentro organizado por la Organizaci\u00f3n Universitaria Interamericana (OUI) que tiene como prop\u00f3sito fortalecer la formaci\u00f3n, investigaci\u00f3n e innovaci\u00f3n de las carreras cortas de las Instituciones de Educaci\u00f3n Superior (IES) t\u00e9cnicas y tecnol\u00f3gicas de las Am\u00e9ricas. Este programa permitio que las IES compartieran experiencias con la finalidad de crear una red de comunicaci\u00f3n, integraci\u00f3n y desarrollo adaptada a sus propias caracter\u00edsticas.<\/p>\n<p>Es despu\u00e9s de una serie de cuatro reuniones anuales que movilizan este sector que la OUI formalmente adopta el EIESTEC como su \u00faltimo programa en 2018.[\/vc_column_text][\/vc_column][\/vc_row][vc_row full_width=\u00bbstretch_row\u00bb css=\u00bb.vc_custom_1542744654565{padding-top: 20px !important;background-color: #f1f1f1 !important;}\u00bb][vc_column][vc_column_text]En la actualidad la OUI continua siendo el espacio de integraci\u00f3n por excelencia que promueve la formaci\u00f3n, investigaci\u00f3n e innovaci\u00f3n de las Instituciones de Educaci\u00f3n Superior t\u00e9cnicas y tecnol\u00f3gicas de las Am\u00e9ricas, a trav\u00e9s de los ejes que est\u00e1n definidos de la siguiente manera:<\/p>\n<ul>\n<li><strong>Integraci\u00f3n:<\/strong> espacio para facilitar la colaboraci\u00f3n institucional, identificaci\u00f3n de buenas pr\u00e1cticas y aprovechamiento de experiencias consolidadas<\/li>\n<li><strong>Formaci\u00f3n:<\/strong> para ofrecer oportunidades de desarrollo profesional a docentes y directivos de la educaci\u00f3n t\u00e9cnica y tecnol\u00f3gica<\/li>\n<li><strong>Investigaci\u00f3n:<\/strong> para conocer m\u00e1s acerca de la oferta educativa en el Sector y promover la investigaci\u00f3n aplicada<\/li>\n<\/ul>\n<p>[\/vc_column_text][\/vc_column][\/vc_row][vc_row full_width=\u00bbstretch_row\u00bb css=\u00bb.vc_custom_1542744817691{margin-top: -20px !important;background-color: #f1f1f1 !important;}\u00bb][vc_column][vc_separator color=\u00bbiohe-orange\u00bb border_width=\u00bb6&#8243;][vc_custom_heading text=\u00bbEncuentros EIESTEC\u00bb font_container=\u00bbtag:h4|text_align:left\u00bb use_theme_fonts=\u00bbyes\u00bb css=\u00bb.vc_custom_1543526919041{margin-bottom: 20px !important;}\u00bb][vc_column_text el_class=\u00bbfw-medium\u00bb]Atendiendo el primer eje de <em>Integraci\u00f3n<\/em>, la OUI ha creado el Encuentro EIESTEC que se celebra cada a\u00f1o en colaboraci\u00f3n con instituciones y organismos de educaci\u00f3n superior y se ha consolidado como el espacio de encuentro por excelencia de las Am\u00e9ricas dedicado al sector las Instituciones de Educaci\u00f3n Superior T\u00e9cnicas y Tecnol\u00f3gicas (IESTyT).<\/p>\n<p>Los participantes de los Encuentros EIESTEC son parte de un evento donde participan en conferencias magistrales, paneles tem\u00e1ticos, mesas de trabajo y presentaci\u00f3n de mejores pr\u00e1cticas y experiencias exitosas de gran inter\u00e9s y relevancia para las IESTyT de las Am\u00e9ricas.[\/vc_column_text][\/vc_column][\/vc_row][vc_row full_width=\u00bbstretch_row\u00bb css=\u00bb.vc_custom_1542744897386{background-color: #f1f1f1 !important;}\u00bb][vc_column][vc_separator color=\u00bbiohe-orange\u00bb border_width=\u00bb6&#8243;][vc_custom_heading text=\u00bbDiplomado EIESTEC \u00bb font_container=\u00bbtag:h4|text_align:left\u00bb use_theme_fonts=\u00bbyes\u00bb css=\u00bb.vc_custom_1543526936808{margin-bottom: 20px !important;}\u00bb][vc_column_text el_class=\u00bbfw-medium\u00bb]Con el fin de ofrecer programas de capacitaci\u00f3n adaptados a los IESTYT, el EIESTEC realiz\u00f3 un an\u00e1lisis de necesidades de capacitaci\u00f3n de estas para desarrollar y ofrecer un producto de formaci\u00f3n en l\u00ednea a los miembros ya en 2019.[\/vc_column_text][\/vc_column][\/vc_row][vc_row][vc_column][vc_btn title=\u00bbConsulte nuestra oferta formativa\u00bb style=\u00bbflat\u00bb shape=\u00bbsquare\u00bb color=\u00bbiohe-orange\u00bb size=\u00bblg\u00bb align=\u00bbcenter\u00bb link=\u00bburl:https%3A%2F%2Foui-iohe.org%2Fes%2Foferta-formativa%2F||target:%20_blank|\u00bb][\/vc_column][\/vc_row]<\/p>\n<\/div>","protected":false},"excerpt":{"rendered":"<p>[vc_row][vc_column][vc_custom_heading source=\u00bbpost_title\u00bb font_container=\u00bbtag:h1|text_align:left\u00bb use_theme_fonts=\u00bbyes\u00bb][\/vc_column][\/vc_row][vc_row][vc_column width=\u00bb1\/3&#8243;][vc_single_image image=\u00bb1916&#8243; img_size=\u00bblarge\u00bb alignment=\u00bbcenter\u00bb][\/vc_column][vc_column width=\u00bb2\/3&#8243;][vc_custom_heading text=\u00bbHistoria\u00bb use_theme_fonts=\u00bbyes\u00bb][vc_column_text]El Espacio interamericano de Educaci\u00f3n Superior T\u00e9cnica y Tecnol\u00f3gica (EIESTEC) [&hellip;]<\/p>\n","protected":false},"author":4,"featured_media":1894,"parent":0,"menu_order":0,"comment_status":"closed","ping_status":"closed","template":"","meta":{"_acf_changed":false,"_monsterinsights_skip_tracking":false,"_monsterinsights_sitenote_active":false,"_monsterinsights_sitenote_note":"","_monsterinsights_sitenote_category":0,"footnotes":""},"class_list":["post-1635","page","type-page","status-publish","has-post-thumbnail","hentry"],"acf":[],"aioseo_notices":[],"_links":{"self":[{"href":"https:\/\/oui-iohe.org\/es\/wp-json\/wp\/v2\/pages\/1635","targetHints":{"allow":["GET"]}}],"collection":[{"href":"https:\/\/oui-iohe.org\/es\/wp-json\/wp\/v2\/pages"}],"about":[{"href":"https:\/\/oui-iohe.org\/es\/wp-json\/wp\/v2\/types\/page"}],"author":[{"embeddable":true,"href":"https:\/\/oui-iohe.org\/es\/wp-json\/wp\/v2\/users\/4"}],"replies":[{"embeddable":true,"href":"https:\/\/oui-iohe.org\/es\/wp-json\/wp\/v2\/comments?post=1635"}],"version-history":[{"count":16,"href":"https:\/\/oui-iohe.org\/es\/wp-json\/wp\/v2\/pages\/1635\/revisions"}],"predecessor-version":[{"id":10406,"href":"https:\/\/oui-iohe.org\/es\/wp-json\/wp\/v2\/pages\/1635\/revisions\/10406"}],"wp:featuredmedia":[{"embeddable":true,"href":"https:\/\/oui-iohe.org\/es\/wp-json\/wp\/v2\/media\/1894"}],"wp:attachment":[{"href":"https:\/\/oui-iohe.org\/es\/wp-json\/wp\/v2\/media?parent=1635"}],"curies":[{"name":"wp","href":"https:\/\/api.w.org\/{rel}","templated":true}]}}