{"id":16497,"date":"2024-08-08T19:16:17","date_gmt":"2024-08-08T23:16:17","guid":{"rendered":"https:\/\/oui-iohe.org\/?page_id=16497"},"modified":"2026-01-28T08:22:35","modified_gmt":"2026-01-28T13:22:35","slug":"aula-colaborativa-oui","status":"publish","type":"page","link":"https:\/\/oui-iohe.org\/es\/aula-colaborativa-oui\/","title":{"rendered":"Aula Colaborativa OUI"},"content":{"rendered":"<div class=\"wpb-content-wrapper\"><p>[vc_row][vc_column][vc_custom_heading source=\u00bbpost_title\u00bb font_container=\u00bbtag:h1|text_align:left\u00bb use_theme_fonts=\u00bbyes\u00bb][\/vc_column][\/vc_row][vc_row full_width=\u00bbstretch_row\u00bb css=\u00bb.vc_custom_1724879493976{background-color: #f1f1f1 !important;}\u00bb][vc_column][vc_column_text css=\u00bb\u00bb]La Organizaci\u00f3n Universitaria Interamericana (OUI) respondiendo a sus Objetivos Estrat\u00e9gicos, que buscan ampliar los servicios a sus miembros, ha establecido este espacio de vinculaci\u00f3n interinstitucional para la implementaci\u00f3n de iniciativas de formaci\u00f3n con toda su membres\u00eda a trav\u00e9s del Aula Colaborativa OUI.<br \/>\nEste espacio de difusi\u00f3n est\u00e1 desarrollado para que las instituciones miembro de la OUI puedan compartir y promover su oferta formativa en educaci\u00f3n continua, aumentando la visibilidad y alcance de sus acciones de formaci\u00f3n, contribuyendo a una din\u00e1mica de relacionamiento interamericano sobre las siguientes l\u00edneas:<br \/>\n1. Equidad e inclusi\u00f3n<br \/>\n2. Investigaci\u00f3n<br \/>\n3. Liderazgo<br \/>\n4. Innovaci\u00f3n educativa<br \/>\n5. Internacionalizaci\u00f3n<br \/>\n6. Objetivos de Desarrollo Sostenible (ODS)[\/vc_column_text][\/vc_column][\/vc_row][vc_row][vc_column][vc_toggle title=\u00bbObjetivo\u00bb style=\u00bbround_outline\u00bb color=\u00bbgreen\u00bb size=\u00bblg\u00bb css=\u00bb\u00bb]Contar con un espacio de promoci\u00f3n y difusi\u00f3n de oferta formativa externa de educaci\u00f3n continua, que fortalezca, facilite y ampl\u00ede el acceso a diferentes l\u00edneas de formaci\u00f3n ofrecidas en colaboraci\u00f3n con las instituciones miembros de la OUI.[\/vc_toggle][vc_toggle title=\u00bbDirigido a\u00bb style=\u00bbround_outline\u00bb color=\u00bbgreen\u00bb size=\u00bblg\u00bb css=\u00bb\u00bb]Los miembros OUI que tengan su membres\u00eda activa y espec\u00edficamente a las \u00e1reas de formaci\u00f3n continua de las instituciones de educaci\u00f3n superior.[\/vc_toggle][vc_toggle title=\u00bbTipos de actividades virtuales y presenciales\u00bb style=\u00bbround_outline\u00bb color=\u00bbgreen\u00bb size=\u00bblg\u00bb css=\u00bb\u00bb]<\/p>\n<ul>\n<li>Cursos completos de m\u00e1ximo seis semanas.<\/li>\n<li>M\u00f3dulos de cursos de m\u00e1ximo cuatro semanas.<\/li>\n<li>Seminarios de un d\u00eda m\u00e1ximo con actividades sincr\u00f3nicas y asincr\u00f3nicas.<\/li>\n<li>Talleres de hasta tres d\u00edas para el desarrollo de competencias y uso de herramientas espec\u00edficas.<\/li>\n<\/ul>\n<p>*La duraci\u00f3n de las actividades mencionadas es aproximada y\u00a0cualquier\u00a0variaci\u00f3n\u00a0puede\u00a0discutirse\u00a0con\u00a0la\u00a0Direcci\u00f3n\u00a0Acad\u00e9mica\u00a0OUI[\/vc_toggle][\/vc_column][\/vc_row][vc_row][vc_column][vc_separator color=\u00bbiohe-orange\u00bb border_width=\u00bb6&#8243; css=\u00bb\u00bb][vc_custom_heading text=\u00bbOferta\u00bb use_theme_fonts=\u00bbyes\u00bb css=\u00bb\u00bb][vc_column_text css=\u00bb\u00bb]<strong>Compartimos las siguientes posibilidades de formaci\u00f3n:<\/strong>[\/vc_column_text][\/vc_column][\/vc_row][vc_row][vc_column width=\u00bb1\/2&#8243;][vc_single_image image=\u00bb20032&#8243; img_size=\u00bbmedium\u00bb css=\u00bb\u00bb][vc_btn title=\u00bbOferta Aula Colaborativa\u00bb style=\u00bbflat\u00bb shape=\u00bbsquare\u00bb color=\u00bbiohe-orange\u00bb size=\u00bblg\u00bb align=\u00bbleft\u00bb css=\u00bb\u00bb link=\u00bburl:https%3A%2F%2Foui-iohe.org%2Fes%2Foferta-aula-colaborativa-oui%2F|target:_blank\u00bb][\/vc_column][vc_column width=\u00bb1\/2&#8243;][vc_single_image image=\u00bb20025&#8243; img_size=\u00bbmedium\u00bb css=\u00bb\u00bb][vc_btn title=\u00bbOferta Colaborativa ODS\u00bb style=\u00bbflat\u00bb shape=\u00bbsquare\u00bb color=\u00bbiohe-orange\u00bb size=\u00bblg\u00bb align=\u00bbleft\u00bb css=\u00bb\u00bb link=\u00bburl:https%3A%2F%2Foui-iohe.org%2Fes%2Foferta-colaborativa-oui-ods%2F|target:_blank\u00bb][\/vc_column][\/vc_row][vc_row][vc_column][vc_separator color=\u00bbiohe-orange\u00bb border_width=\u00bb6&#8243; css=\u00bb\u00bb][vc_toggle title=\u00bbRequisitos y Proceso de incorporaci\u00f3n al Aula Colaborativa OUI\u00bb style=\u00bbround_outline\u00bb color=\u00bbgreen\u00bb size=\u00bblg\u00bb css=\u00bb\u00bb]<strong>Requisitos:<\/strong><\/p>\n<ul>\n<li>Ser miembro OUI y estar al d\u00eda con sus obligaciones.<\/li>\n<li>Cumplir con las caracter\u00edsticas de un curso virtual\/presencial: contenidos relevantes y actualizados, puede ser un curso nuevo o que ya est\u00e9 operando, autogestionado o con tutor, gratuito o con costo, etc.<\/li>\n<li>Deber\u00e1 haber una revisi\u00f3n de contenidos por parte de la Direcci\u00f3n Acad\u00e9mica OUI.<\/li>\n<li>El curso debe estar enfocado en alguna de las l\u00edneas de formaci\u00f3n continua mencionadas.<\/li>\n<li>Contar con el tiempo de duraci\u00f3n establecido m\u00e1ximo (en general, pero puede haber excepciones de duraci\u00f3n).<\/li>\n<li>Cubrir los requisitos t\u00e9cnicos y tecnol\u00f3gicos de la operaci\u00f3n del curso.<\/li>\n<\/ul>\n<p><strong>Proceso de incorporaci\u00f3n:<\/strong><\/p>\n<ol>\n<li><a href=\"https:\/\/docs.google.com\/forms\/d\/e\/1FAIpQLSfPuHmeD9hr4gyajs4OlL5rcivXCu4vGDkIPyR4LbRMlAG7OA\/viewform?usp=sharing\">Completar el formulario de registro<\/a>\u00a0con toda la informaci\u00f3n requerida sobre la actividad que se desea integrar al Aula Colaborativa OUI.<\/li>\n<li>Es importante especificar dentro del formulario el correo de contacto directo con el \u00e1rea encargada de la formaci\u00f3n educativa que se quiere promocionar.<\/li>\n<li>Ser\u00e1 necesario una primera reuni\u00f3n para especificar los detalles del Aula Colaborativa.<\/li>\n<li>Firmar el compromiso \u00a0de participaci\u00f3n.<\/li>\n<li>Enviar las piezas gr\u00e1ficas con las especificaciones y la informaci\u00f3n requerida sobre la formaci\u00f3n educativa.<\/li>\n<\/ol>\n<p>[\/vc_toggle][\/vc_column][\/vc_row][vc_row][vc_column][vc_empty_space][vc_column_text css=\u00bb\u00bb]La Organizaci\u00f3n Universitaria Interamericana (OUI) informa que los cursos ofrecidos a trav\u00e9s de nuestro servicio Aula Colaborativa OUI\u00a0corresponden a acciones de formaci\u00f3n continua de las instituciones miembros de la OUI, las cuales asumen la responsabilidad del total de los procesos que intervienen en el desarrollo de la actividad. Cualquier duda o aclaraci\u00f3n, deber\u00e1 ser direccionada \u00fanica y exclusivamente a la Instituci\u00f3n de Educaci\u00f3n Superior que ofrece el servicio. De la misma forma el procedimiento\u00a0para las inscripciones, desarrollo, uso de plataforma, dudas acad\u00e9micas y entrega de certificados se debe coordinar directamente con la instituci\u00f3n ofertante.[\/vc_column_text][\/vc_column][\/vc_row][vc_row full_width=\u00bbstretch_row\u00bb css=\u00bb.vc_custom_1724883647799{background-color: #f1f1f1 !important;}\u00bb][vc_column width=\u00bb1\/2&#8243;][vc_single_image image=\u00bb1245&#8243; img_size=\u00bblarge\u00bb css=\u00bb\u00bb][\/vc_column][vc_column width=\u00bb1\/2&#8243;][vc_custom_heading text=\u00bbDudas o informaci\u00f3n adicional\u00bb use_theme_fonts=\u00bbyes\u00bb css=\u00bb\u00bb][vc_column_text css=\u00bb\u00bb]<a href=\"mailto:cursos@oui-iohe.org\">cursos@oui-iohe.org<\/a><\/p>\n<p>Asunto: \u00abInformaci\u00f3n Aula Colaborativa OUI\u00bb.[\/vc_column_text][\/vc_column][\/vc_row]<\/p>\n<\/div>","protected":false},"excerpt":{"rendered":"<p>[vc_row][vc_column][vc_custom_heading source=\u00bbpost_title\u00bb font_container=\u00bbtag:h1|text_align:left\u00bb use_theme_fonts=\u00bbyes\u00bb][\/vc_column][\/vc_row][vc_row full_width=\u00bbstretch_row\u00bb css=\u00bb.vc_custom_1724879493976{background-color: #f1f1f1 !important;}\u00bb][vc_column][vc_column_text css=\u00bb\u00bb]La Organizaci\u00f3n Universitaria Interamericana (OUI) respondiendo a sus Objetivos Estrat\u00e9gicos, que buscan [&hellip;]<\/p>\n","protected":false},"author":4,"featured_media":0,"parent":0,"menu_order":0,"comment_status":"closed","ping_status":"closed","template":"","meta":{"_acf_changed":false,"_monsterinsights_skip_tracking":false,"_monsterinsights_sitenote_active":false,"_monsterinsights_sitenote_note":"","_monsterinsights_sitenote_category":0,"footnotes":""},"class_list":["post-16497","page","type-page","status-publish","hentry"],"acf":[],"aioseo_notices":[],"_links":{"self":[{"href":"https:\/\/oui-iohe.org\/es\/wp-json\/wp\/v2\/pages\/16497","targetHints":{"allow":["GET"]}}],"collection":[{"href":"https:\/\/oui-iohe.org\/es\/wp-json\/wp\/v2\/pages"}],"about":[{"href":"https:\/\/oui-iohe.org\/es\/wp-json\/wp\/v2\/types\/page"}],"author":[{"embeddable":true,"href":"https:\/\/oui-iohe.org\/es\/wp-json\/wp\/v2\/users\/4"}],"replies":[{"embeddable":true,"href":"https:\/\/oui-iohe.org\/es\/wp-json\/wp\/v2\/comments?post=16497"}],"version-history":[{"count":71,"href":"https:\/\/oui-iohe.org\/es\/wp-json\/wp\/v2\/pages\/16497\/revisions"}],"predecessor-version":[{"id":20108,"href":"https:\/\/oui-iohe.org\/es\/wp-json\/wp\/v2\/pages\/16497\/revisions\/20108"}],"wp:attachment":[{"href":"https:\/\/oui-iohe.org\/es\/wp-json\/wp\/v2\/media?parent=16497"}],"curies":[{"name":"wp","href":"https:\/\/api.w.org\/{rel}","templated":true}]}}