{"id":16817,"date":"2024-09-26T14:02:27","date_gmt":"2024-09-26T18:02:27","guid":{"rendered":"https:\/\/oui-iohe.org\/?page_id=16817"},"modified":"2026-04-07T12:19:18","modified_gmt":"2026-04-07T16:19:18","slug":"miembros-oui","status":"publish","type":"page","link":"https:\/\/oui-iohe.org\/es\/miembros-oui\/","title":{"rendered":"Miembros de la OUI"},"content":{"rendered":"<div class=\"wpb-content-wrapper\"><p>[vc_row css=\u00bb.vc_custom_1542747685564{margin-bottom: 35px !important;}\u00bb][vc_column][vc_custom_heading text=\u00bbMiembros de la OUI\u00bb font_container=\u00bbtag:h1|text_align:left\u00bb use_theme_fonts=\u00bbyes\u00bb css=\u00bb\u00bb][\/vc_column][\/vc_row][vc_row][vc_column width=\u00bb1\/2&#8243; offset=\u00bbvc_hidden-xs\u00bb][membre_pays_map][\/vc_column][vc_column width=\u00bb1\/2&#8243;][vc_custom_heading text=\u00bb+ 400&#8243; font_container=\u00bbtag:h2|font_size:60px|text_align:center|color:%236fa317|line_height:60px\u00bb google_fonts=\u00bbfont_family:Roboto%3A100%2C100italic%2C300%2C300italic%2Cregular%2Citalic%2C500%2C500italic%2C700%2C700italic%2C900%2C900italic|font_style:900%20bold%20regular%3A900%3Anormal\u00bb css=\u00bb.vc_custom_1737669882519{margin-bottom: 0px !important;}\u00bb el_class=\u00bbno-accent\u00bb][vc_custom_heading text=\u00bbMIEMBROS\u00bb font_container=\u00bbtag:h3|text_align:center|color:%236fa317|line_height:30pxdd\u00bb use_theme_fonts=\u00bbyes\u00bb css=\u00bb\u00bb][vc_separator color=\u00bbiohe-orange\u00bb border_width=\u00bb6&#8243;][vc_custom_heading text=\u00bb9&#8243; font_container=\u00bbtag:h2|font_size:60px|text_align:center|color:%236fa317|line_height:60px\u00bb use_theme_fonts=\u00bbyes\u00bb css=\u00bb.vc_custom_1542747273374{margin-bottom: 0px !important;}\u00bb el_class=\u00bbno-accent\u00bb][vc_custom_heading text=\u00bbREGIONES\u00bb font_container=\u00bbtag:h3|text_align:center|color:%236fa317|line_height:30px\u00bb use_theme_fonts=\u00bbyes\u00bb css=\u00bb.vc_custom_1727374169697{margin-bottom: 15px !important;}\u00bb][membres-regions position=\u00bbvertical\u00bb][vc_separator color=\u00bbiohe-orange\u00bb border_width=\u00bb6&#8243;][vc_custom_heading text=\u00bb28&#8243; font_container=\u00bbtag:h2|font_size:60px|text_align:center|color:%236fa317|line_height:60px\u00bb use_theme_fonts=\u00bbyes\u00bb css=\u00bb.vc_custom_1542747282135{margin-bottom: 0px !important;}\u00bb el_class=\u00bbno-accent\u00bb][vc_custom_heading text=\u00bbPA\u00cdSES DE AM\u00c9RICA\u00bb font_container=\u00bbtag:h3|text_align:center|color:%236fa317|line_height:30px\u00bb use_theme_fonts=\u00bbyes\u00bb css=\u00bb\u00bb][\/vc_column][vc_column width=\u00bb1\/2&#8243; offset=\u00bbvc_hidden-lg vc_hidden-md vc_hidden-sm\u00bb css=\u00bb.vc_custom_1542748095294{margin-top: 35px !important;}\u00bb][membre_pays_map][\/vc_column][\/vc_row][vc_row][vc_column el_id=\u00bbfiltresRegions\u00bb][vc_empty_space height=\u00bb41px\u00bb][\/vc_column][\/vc_row][vc_row full_width=\u00bbstretch_row\u00bb css=\u00bb.vc_custom_1543244818465{background-color: #f1f1f1 !important;}\u00bb][vc_column css=\u00bb.vc_custom_1543248422894{padding-top: 0px !important;padding-bottom: 0px !important;}\u00bb][membres-regions position=\u00bbhorizontal\u00bb][\/vc_column][\/vc_row][vc_row css=\u00bb.vc_custom_1543251053748{margin-bottom: 60px !important;}\u00bb][vc_column css=\u00bb.vc_custom_1543250618470{padding-top: 0px !important;}\u00bb][membres-pays][\/vc_column][\/vc_row][vc_row][vc_column][vc_tta_accordion style=\u00bbflat\u00bb shape=\u00bbsquare\u00bb color=\u00bbiohe-orange\u00bb gap=\u00bb35&#8243; c_icon=\u00bbchevron\u00bb c_position=\u00bbright\u00bb active_section=\u00bb999&#8243; no_fill=\u00bbtrue\u00bb collapsible_all=\u00bbtrue\u00bb][vc_tta_section title=\u00bb\u00bfde qu\u00e9 forma su instituci\u00f3n puede beneficiarse siendo miembro de la oui?\u00bb tab_id=\u00bbinstitucion\u00bb][vc_column_text css=\u00bb\u00bb]<\/p>\n<p class=\"p1\"><span class=\"s1\">Como miembro de la\u00a0OUI, su instituci\u00f3n puede beneficiarse de las siguientes oportunidades:<\/span><\/p>\n<ul>\n<li class=\"p1\"><span class=\"s1\">Unirse a\u00a0<b>un foro de reflexi\u00f3n orientado a la acci\u00f3n<\/b>\u00a0desempe\u00f1ando un papel esencial en la construcci\u00f3n y el desarrollo de sociedades justas, equitativas y estables;<\/span><\/li>\n<li class=\"p1\"><span class=\"s1\">Formar parte de\u00a0<b>una organizaci\u00f3n internacional reconocida<\/b>, que es la \u00fanica con perspectiva interamericana;<\/span><\/li>\n<li class=\"p1\"><span class=\"s1\">Contribuir\u00a0a la\u00a0<b>creaci\u00f3n de espacios comunes de educaci\u00f3n superior<\/b>\u00a0en las Am\u00e9ricas;<\/span><\/li>\n<li class=\"p1\"><span class=\"s1\">Participar en nuestros numerosos\u00a0<b>eventos acad\u00e9micos interamericanos<\/b>\u00a0organizados anualmente a trav\u00e9s de las Am\u00e9ricas y en nuestras misiones universitarias en el extranjero;<\/span><\/li>\n<li>Acceso gratuito al\u00a0<strong>Espacio de Movilidad Virtual en la Educaci\u00f3n Superior (eMOVIES)<\/strong>;<\/li>\n<li class=\"p1\"><span class=\"s1\">Tener acceso a una\u00a0<b>variedad de productos y servicios acad\u00e9micos;<\/b><\/span><\/li>\n<li class=\"p1\"><span class=\"s1\">Unirse a\u00a0cientos de miembros de la\u00a0OUI\u00a0que est\u00e1n participando en nuestras\u00a0<b>numerosas actividades<\/b>\u00a0ofrecidas en\u00a0Internacionalizaci\u00f3n:<\/span>\n<ul>\n<li class=\"p1\"><span class=\"s1\"><b>Congreso de las Am\u00e9ricas sobre Educaci\u00f3n Internacional<\/b>\u00a0(CAEI): un espacio com\u00fan de educaci\u00f3n superior en las Am\u00e9ricas<\/span><\/li>\n<li class=\"p1\"><span class=\"s1\"><b>Premio Interamericano en Modelos Educativos Innovadores en Educaci\u00f3n Superior<\/b>\u00a0(Premio MEIN): crear puentes entre el ambiente universitario, las diferentes comunidades y los sectores industriales;<\/span><\/li>\n<li class=\"p1\"><span class=\"s1\"><b>Congreso internacional de Conocimiento e innovaci\u00f3n<\/b>\u00a0(ciKi) : promover el desarrollo metodol\u00f3gico y conceptual, as\u00ed como la pr\u00e1ctica en la gesti\u00f3n del conocimiento, el capital intelectual y la gesti\u00f3n de la innovaci\u00f3n.<\/span><\/li>\n<\/ul>\n<\/li>\n<li><span class=\"s1\">Aprovechar nuestras numerosas<b>\u00a0plataformas virtuales<\/b>, tales como: el portal de la\u00a0OUI\u00a0y otros sitios que ofrecen cursos con contenidos acad\u00e9micos esenciales, relevantes para los miembros de nuestra organizaci\u00f3n.<\/span><\/li>\n<\/ul>\n<p>[\/vc_column_text][\/vc_tta_section][vc_tta_section title=\u00bbCriterios de admisi\u00f3n de la membres\u00eda y costo\u00bb tab_id=\u00bbcriteres-adhesion\u00bb][vc_column_text css=\u00bb\u00bb]<strong>Categor\u00edas de Membres\u00eda<\/strong><\/p>\n<p>Existen dos categor\u00edas de miembros de la OUI:<\/p>\n<ul>\n<li><strong>Miembros regulares de la Organizaci\u00f3n:<\/strong> Universidades, centros de investigaci\u00f3n e instituciones de educaci\u00f3n superior de las Am\u00e9ricas, reconocidas por las leyes respectivas de sus pa\u00edses que ofrecen un m\u00ednimo de tres programas de pregrado y han producido al menos dos generaciones de graduados. Los miembros regulares tienen derecho a participar y votar en la Asamblea General, as\u00ed como formar parte de las instancias administrativas.<\/li>\n<\/ul>\n<p>&nbsp;<\/p>\n<ul>\n<li><strong>Miembros asociados:<\/strong> Las asociaciones, federaciones, otros organismos de educaci\u00f3n superior an\u00e1logos, entidades gubernamentales, p\u00fablicas, filantr\u00f3picas y privadas entre otras, de car\u00e1cter nacional, regional o internacional, legalmente reconocidos, y que cumplan los requisitos de los Estatutos de la OUI. Los miembros asociados pueden participar en la Asamblea General, pero no pueden votar ni ocupar puestos en la Organizaci\u00f3n.<\/li>\n<\/ul>\n<p>En ambos casos ser\u00e1n representados por sus mandatarios\u00a0legales.<\/p>\n<p>&nbsp;<\/p>\n<h4 class=\"p1\"><span class=\"s1\">Procedimiento de adhesi\u00f3n<\/span><\/h4>\n<p class=\"p1\"><span class=\"s1\">Para ser miembro de la Organizaci\u00f3n, los pasos a seguir son:<\/span><\/p>\n<ul class=\"ul1\">\n<li class=\"li1\"><b><\/b><span class=\"s1\">Presentar una solicitud escrita a la Secretar\u00eda General de la Organizaci\u00f3n (<a href=\"mailto:sec.general@oui-iohe.org\"><span class=\"s4\">sec.general@oui-iohe.org<\/span><\/a>);<\/span><b><\/b><\/li>\n<li class=\"li1\"><span class=\"s1\">Demostrar que su instituci\u00f3n est\u00e1 legalmente constituida de acuerdo con las leyes de su pa\u00eds, adjuntando la documentaci\u00f3n necesaria;<\/span><b><\/b><\/li>\n<li class=\"li1\"><span class=\"s1\">Demostrar que sus normas concuerdan con los estatutos de la Organizaci\u00f3n;<\/span><b><\/b><\/li>\n<li class=\"li1\"><span class=\"s1\">Desarrollar al menos tres programas acad\u00e9micos formales en cualquiera de los distintos niveles de educaci\u00f3n superior, equivalentes a los que la UNESCO reconoce como de educaci\u00f3n terciaria;<\/span><b><\/b><\/li>\n<li class=\"li1\"><span class=\"s1\">Disponer de planes de desarrollo institucional y procesos de autoevaluaci\u00f3n y evaluaci\u00f3n externa.<\/span><\/li>\n<\/ul>\n<p>&nbsp;<\/p>\n<h4 class=\"p1\"><span class=\"s1\">Costo 2026<\/span><\/h4>\n<ul class=\"ul1\">\n<li class=\"li1\"><b><\/b><span class=\"s1\"><b>Miembros regulares:<\/b><\/span>\n<ul class=\"ul1\">\n<li class=\"li1\"><span class=\"s1\">Menos de 5 000 estudiantes: US$ 1380<\/span><\/li>\n<li class=\"li1\"><span class=\"s1\">Entre 5 000 y 9 999 estudiantes: US$ 1865<\/span><\/li>\n<li class=\"li1\"><span class=\"s1\">Entre 10 000 y 19 999 estudiantes: US$ 2195<\/span><\/li>\n<li class=\"li1\"><span class=\"s1\">M\u00e1s de 20 000 estudiantes: US$ 2650<\/span><\/li>\n<li><span class=\"s1\">Centros de investigaci\u00f3n: US$ 820<\/span><\/li>\n<\/ul>\n<\/li>\n<\/ul>\n<p>&nbsp;<\/p>\n<ul class=\"ul1\">\n<li class=\"li1\"><span class=\"s1\"><b>Miembros asociados<\/b>:<\/span>\n<ul>\n<li class=\"li1\"><span class=\"s1\">Asociaciones, federaciones y otros organismos de Educaci\u00f3n Superior, de car\u00e1cter regional, nacional o internacional: Exentos<\/span><\/li>\n<\/ul>\n<\/li>\n<\/ul>\n<p>&nbsp;<\/p>\n<p class=\"p1\"><span class=\"s1\">Cuota de incorporaci\u00f3n para nuevas membres\u00edas: US$ 550<\/span><\/p>\n<p class=\"p1\"><span class=\"s1\">Los miembros deben pagar cada a\u00f1o su cuota de membres\u00eda.<\/span><\/p>\n<p class=\"p1\"><span class=\"s1\">La cuota debe ser pagada en divisas US D\u00f3lares en la Secretar\u00eda General de la\u00a0OUI, situada en Quebec, Canad\u00e1. La Junta Directiva es la \u00fanica que puede, por excepci\u00f3n, modificar esta regla.<\/span><\/p>\n<p>Asimismo, la cuota anual de membres\u00eda se incrementa un 3% anual de acuerdo a lo aprobado por la XXXVII Asamblea General de miembros de la OUI, realizada el 10 de octubre de 2017 en Montreal, Canad\u00e1.<\/p>\n<p class=\"p1\"><span class=\"s1\">Pueden participar en las actividades de la\u00a0OUI\u00a0solamente aquellos miembros que est\u00e9n en regla con el pago de sus cuotas.<\/span><\/p>\n<p>&nbsp;<\/p>\n<p>*La SGE se reserva la facultad de realizar un incremento al monto de la cuota anual de membres\u00eda a las instituciones que est\u00e9n sometidas a un impuesto nacional con el fin de garantizar que la suma recibida corresponda al costo real de la cuota de membres\u00eda.[\/vc_column_text][\/vc_tta_section][vc_tta_section title=\u00bbSolicitud de adhesi\u00f3n\u00bb tab_id=\u00bbsolicitud-adhesion\u00bb][vc_row_inner][vc_column_inner][vc_column_text css=\u00bb\u00bb]Aqu\u00ed puede descargar el formulario de adhesi\u00f3n correspondiente a su organizaci\u00f3n, completarlo y enviarlo a la Secretar\u00eda General de la OUI:\u00a0<a href=\"mailto:sec.general@oui-iohe.org\">sec.general@oui-iohe.org<\/a><\/p>\n<p class=\"p1\"><span class=\"s1\">Tener en cuenta que todas las solicitudes de adhesi\u00f3n ser\u00e1n revisadas por la Secretar\u00eda General Ejecutiva, la Vicepresidencia Regional y la Junta Directiva. Los solicitantes ser\u00e1n informados en un plazo de 30 d\u00edas sobre el estado de su solicitud de adhesi\u00f3n. La Asamblea General ratifica el ingreso de nuevos miembros cada a\u00f1o.<\/span><\/p>\n<p>[\/vc_column_text][\/vc_column_inner][\/vc_row_inner][vc_row_inner][vc_column_inner width=\u00bb1\/2&#8243;][vc_column_text css=\u00bb\u00bb]<\/p>\n<h4 style=\"text-align: center;\">Miembros regulares<\/h4>\n<p style=\"text-align: center;\">Para las universidades, las instituciones de educaci\u00f3n superior y los los centros de investigaci\u00f3n de las Am\u00e9ricas.<\/p>\n<p>[\/vc_column_text][\/vc_column_inner][vc_column_inner width=\u00bb1\/2&#8243;][vc_column_text css=\u00bb\u00bb]<\/p>\n<h4 style=\"text-align: center;\">Miembros Asociados<\/h4>\n<p style=\"text-align: center;\">Para las asociaciones, federaciones y otros organismos de educaci\u00f3n superior de car\u00e1cter nacional, regional o internacional de las Am\u00e9ricas.<\/p>\n<p>[\/vc_column_text][\/vc_column_inner][\/vc_row_inner][vc_row_inner][vc_column_inner width=\u00bb1\/2&#8243;][vc_btn title=\u00bbDescargar el formulario para miembros regulares\u00bb style=\u00bbflat\u00bb shape=\u00bbsquare\u00bb color=\u00bbiohe-orange\u00bb align=\u00bbcenter\u00bb css=\u00bb\u00bb link=\u00bburl:https%3A%2F%2Foui-iohe.org%2Fes%2Fform_adhes-2%2F|target:_blank\u00bb][\/vc_column_inner][vc_column_inner width=\u00bb1\/2&#8243;][vc_btn title=\u00bbDescargar el formulario para miembros asociados\u00bb style=\u00bbflat\u00bb shape=\u00bbsquare\u00bb color=\u00bbiohe-orange\u00bb align=\u00bbcenter\u00bb css=\u00bb\u00bb link=\u00bburl:https%3A%2F%2Foui-iohe.org%2Fes%2Fform_adhesasoc%2F|target:_blank\u00bb][\/vc_column_inner][\/vc_row_inner][\/vc_tta_section][\/vc_tta_accordion][\/vc_column][\/vc_row]<\/p>\n<\/div>","protected":false},"excerpt":{"rendered":"<p>[vc_row css=\u00bb.vc_custom_1542747685564{margin-bottom: 35px !important;}\u00bb][vc_column][vc_custom_heading text=\u00bbMiembros de la OUI\u00bb font_container=\u00bbtag:h1|text_align:left\u00bb use_theme_fonts=\u00bbyes\u00bb css=\u00bb\u00bb][\/vc_column][\/vc_row][vc_row][vc_column width=\u00bb1\/2&#8243; offset=\u00bbvc_hidden-xs\u00bb][membre_pays_map][\/vc_column][vc_column width=\u00bb1\/2&#8243;][vc_custom_heading text=\u00bb+ 400&#8243; font_container=\u00bbtag:h2|font_size:60px|text_align:center|color:%236fa317|line_height:60px\u00bb google_fonts=\u00bbfont_family:Roboto%3A100%2C100italic%2C300%2C300italic%2Cregular%2Citalic%2C500%2C500italic%2C700%2C700italic%2C900%2C900italic|font_style:900%20bold%20regular%3A900%3Anormal\u00bb css=\u00bb.vc_custom_1737669882519{margin-bottom: 0px [&hellip;]<\/p>\n","protected":false},"author":7,"featured_media":1267,"parent":0,"menu_order":0,"comment_status":"closed","ping_status":"closed","template":"page-membres.php","meta":{"_acf_changed":false,"_monsterinsights_skip_tracking":false,"_monsterinsights_sitenote_active":false,"_monsterinsights_sitenote_note":"","_monsterinsights_sitenote_category":0,"footnotes":""},"class_list":["post-16817","page","type-page","status-publish","has-post-thumbnail","hentry"],"acf":[],"aioseo_notices":[],"_links":{"self":[{"href":"https:\/\/oui-iohe.org\/es\/wp-json\/wp\/v2\/pages\/16817","targetHints":{"allow":["GET"]}}],"collection":[{"href":"https:\/\/oui-iohe.org\/es\/wp-json\/wp\/v2\/pages"}],"about":[{"href":"https:\/\/oui-iohe.org\/es\/wp-json\/wp\/v2\/types\/page"}],"author":[{"embeddable":true,"href":"https:\/\/oui-iohe.org\/es\/wp-json\/wp\/v2\/users\/7"}],"replies":[{"embeddable":true,"href":"https:\/\/oui-iohe.org\/es\/wp-json\/wp\/v2\/comments?post=16817"}],"version-history":[{"count":45,"href":"https:\/\/oui-iohe.org\/es\/wp-json\/wp\/v2\/pages\/16817\/revisions"}],"predecessor-version":[{"id":20932,"href":"https:\/\/oui-iohe.org\/es\/wp-json\/wp\/v2\/pages\/16817\/revisions\/20932"}],"wp:featuredmedia":[{"embeddable":true,"href":"https:\/\/oui-iohe.org\/es\/wp-json\/wp\/v2\/media\/1267"}],"wp:attachment":[{"href":"https:\/\/oui-iohe.org\/es\/wp-json\/wp\/v2\/media?parent=16817"}],"curies":[{"name":"wp","href":"https:\/\/api.w.org\/{rel}","templated":true}]}}