{"id":17655,"date":"2024-11-13T21:35:12","date_gmt":"2024-11-14T02:35:12","guid":{"rendered":"https:\/\/oui-iohe.org\/?page_id=17655"},"modified":"2024-11-25T14:26:00","modified_gmt":"2024-11-25T19:26:00","slug":"convocatoria-becas-posgrados-investigacion-tec-monterrey","status":"publish","type":"page","link":"https:\/\/oui-iohe.org\/es\/convocatoria-becas-posgrados-investigacion-tec-monterrey\/","title":{"rendered":"Convocatoria Becas de Posgrados enfocados en Investigaci\u00f3n en el Tecnol\u00f3gico de Monterrey"},"content":{"rendered":"<div class=\"wpb-content-wrapper\"><p>[vc_row][vc_column][vc_custom_heading text=\u00bbPrograma Conjunto de Becas OUI\u00bb font_container=\u00bbtag:h1|text_align:left\u00bb use_theme_fonts=\u00bbyes\u00bb][vc_custom_heading text=\u00bbConvocatoria Becas Conjuntas Tecnol\u00f3gico de Monterrey &#8211; Organizaci\u00f3n Universitaria Interamericana\u00bb use_theme_fonts=\u00bbyes\u00bb css=\u00bb\u00bb][\/vc_column][\/vc_row][vc_row][vc_column][vc_column_text css=\u00bb\u00bb]<span style=\"font-weight: 400;\">El <\/span><b>Tecnol\u00f3gico de Monterrey<\/b><span style=\"font-weight: 400;\">, M\u00e9xico, y la <\/span><b>Organizaci\u00f3n Universitaria Interamericana (OUI)<\/b><span style=\"font-weight: 400;\"> ofrecen a la membres\u00eda regular activa de la OUI que est\u00e9 al d\u00eda con sus obligaciones estatutarias, <\/span><b>becas completas de estudio presencial en posgrados enfocados en investigaci\u00f3n <\/b><span style=\"font-weight: 400;\">para el segundo semestre de 2025, dirigidas a docentes, investigadores y directivos de instituciones de educaci\u00f3n superior <\/span><a href=\"https:\/\/oui-iohe.org\/es\/miembros-oui\/\"><span style=\"font-weight: 400;\">miembro regular y activo de la OUI<\/span><\/a><span style=\"font-weight: 400;\">.<\/span><\/p>\n<p><span style=\"font-weight: 400;\">El programa tiene como objetivo vincular a los futuros estudiantes en la investigaci\u00f3n y la generaci\u00f3n inter y transdisciplinar de conocimiento de valor p\u00fablico, a trav\u00e9s de la vinculaci\u00f3n estrat\u00e9gica del estudiante en los ecosistemas social, p\u00fablico y productivo, para potenciar el talento cient\u00edfico que transforme positivamente a la sociedad y el mundo.<\/span><\/p>\n<h3><b>Beneficios de la beca<\/b><\/h3>\n<ul>\n<li style=\"font-weight: 400;\" aria-level=\"1\"><span style=\"font-weight: 400;\">La beca consiste en la exenci\u00f3n del 100% del pago de colegiatura sin NING\u00daN COMPROMISO DE RETRIBUCI\u00d3N POSTERIOR por parte del beneficiario. Es decir, el Tecnol\u00f3gico de Monterrey absorbe el total de inversi\u00f3n en la colegiatura, seg\u00fan el programa que se elija.<\/span><\/li>\n<li style=\"font-weight: 400;\" aria-level=\"1\"><span style=\"font-weight: 400;\">El beneficiario debe cubrir los costos adicionales de traslado, manutenci\u00f3n, seguros y otros.<\/span><\/li>\n<li style=\"font-weight: 400;\" aria-level=\"1\"><span style=\"font-weight: 400;\">Los estudios de posgrado se realizar\u00e1n en modalidad presencial y en Espa\u00f1ol.<\/span><\/li>\n<\/ul>\n<p>[\/vc_column_text][vc_column_text]<\/p>\n<h3><strong>Oferta Acad\u00e9mica<\/strong><\/h3>\n<p>[\/vc_column_text][vc_column_text css=\u00bb\u00bb]<b>ESCUELA DE INGENIER\u00cdA Y CIENCIAS<\/b><span style=\"font-weight: 400;\"> (una beca en el programa de su predilecci\u00f3n)<\/span><\/p>\n<ul>\n<li style=\"font-weight: 400;\" aria-level=\"1\"><span style=\"font-weight: 400;\">Doctorado en Biotecnolog\u00eda.<\/span><\/li>\n<\/ul>\n<ul>\n<li style=\"font-weight: 400;\" aria-level=\"1\"><span style=\"font-weight: 400;\">Doctorado en Ciencias Computacionales.<\/span><\/li>\n<\/ul>\n<ul>\n<li style=\"font-weight: 400;\" aria-level=\"1\"><span style=\"font-weight: 400;\">Doctorado en Ciencias de la Ingenier\u00eda.<\/span><\/li>\n<\/ul>\n<ul>\n<li style=\"font-weight: 400;\" aria-level=\"1\"><span style=\"font-weight: 400;\">Doctorado en Nanotecnolog\u00eda.<\/span><\/li>\n<\/ul>\n<p><b>ESCUELA DE HUMANIDADES Y EDUCACI\u00d3N<\/b><span style=\"font-weight: 400;\"> (una beca en el programa de su predilecci\u00f3n)<\/span><\/p>\n<ul>\n<li style=\"font-weight: 400;\" aria-level=\"1\"><span style=\"font-weight: 400;\">Maestr\u00eda en Estudios Human\u00edsticos.<\/span><\/li>\n<\/ul>\n<ul>\n<li style=\"font-weight: 400;\" aria-level=\"1\"><span style=\"font-weight: 400;\">Doctorado en Estudios Human\u00edsticos.<\/span><\/li>\n<\/ul>\n<ul>\n<li style=\"font-weight: 400;\" aria-level=\"1\"><span style=\"font-weight: 400;\">Doctorado en Innovaci\u00f3n Educativa.<\/span><\/li>\n<\/ul>\n<p>[\/vc_column_text][vc_column_text]<\/p>\n<h3><strong>Requisitos de aplicaci\u00f3n<\/strong><\/h3>\n<p>[\/vc_column_text][vc_column_text css=\u00bb\u00bb]<\/p>\n<ul>\n<li style=\"font-weight: 400;\" aria-level=\"1\"><span style=\"font-weight: 400;\">Pertenecer a una instituci\u00f3n de educaci\u00f3n superior miembro regular y activa de la OUI-IOHE al d\u00eda con sus obligaciones estatutarias.<\/span><\/li>\n<li style=\"font-weight: 400;\" aria-level=\"1\"><span style=\"font-weight: 400;\">Para el programa de Maestr\u00eda, poseer grado de licenciatura, pregrado o subgrado completado.<\/span><\/li>\n<li style=\"font-weight: 400;\" aria-level=\"1\"><span style=\"font-weight: 400;\">Para los programas de Doctorado, poseer un grado a nivel de Maestr\u00eda completado.<\/span><\/li>\n<li style=\"font-weight: 400;\" aria-level=\"1\"><span style=\"font-weight: 400;\">Contar con un promedio acumulado en los estudios del nivel anterior, igual o superior a 90\/100 (o su equivalencia en promedio seg\u00fan el pa\u00eds de procedencia del candidato).<\/span><\/li>\n<li style=\"font-weight: 400;\" aria-level=\"1\"><span style=\"font-weight: 400;\">Carta de apoyo institucional firmada desde la Rector\u00eda de la instituci\u00f3n de procedencia, en la cual se confirme la capacidad del candidato y el apoyo de su instituci\u00f3n para que este pueda cubrir los costos adicionales durante su periodo de estudios. De preferencia que cuente con una comisi\u00f3n de estudios o cualquier figura que se emplee en su instituci\u00f3n.<\/span><\/li>\n<li style=\"font-weight: 400;\" aria-level=\"1\"><span style=\"font-weight: 400;\">Los candidatos precalificados ser\u00e1n sometidos a un proceso adicional con el Tecnol\u00f3gico de Monterrey para evaluar su expediente, el cual podr\u00e1 incluir un examen de admisi\u00f3n aprobatorio, entrevistas y solicitud de documentaci\u00f3n adicional (Certificado de estudios, Cartas de recomendaci\u00f3n, Carta de motivaci\u00f3n para cursar el programa, entre otros).<\/span><\/li>\n<li style=\"font-weight: 400;\" aria-level=\"1\"><span style=\"font-weight: 400;\">Contar con la admisi\u00f3n al programa de posgrado cient\u00edfico.<\/span><\/li>\n<li style=\"font-weight: 400;\" aria-level=\"1\"><span style=\"font-weight: 400;\">Firmar la carta compromiso de asignaci\u00f3n de beca institucional para programas cient\u00edficos, con el objetivo de cumplir con los requisitos de conservaci\u00f3n de la beca otorgada.<\/span><\/li>\n<\/ul>\n<p>[\/vc_column_text][vc_column_text css=\u00bb\u00bb]<\/p>\n<h3><b>Calendario de postulaci\u00f3n<\/b><\/h3>\n<p>[\/vc_column_text][vc_column_text css=\u00bb\u00bb]<span style=\"font-weight: 400;\">Las personas que completen el formulario de registro de solicitud en l\u00ednea y cumplan con los requisitos b\u00e1sicos recibir\u00e1n las indicaciones para continuar el proceso seg\u00fan el siguiente calendario:<\/span><\/p>\n<table>\n<tbody>\n<tr>\n<td><b>Requisito<\/b><\/td>\n<td><b>Plazo<\/b><\/td>\n<\/tr>\n<tr>\n<td><span style=\"font-weight: 400;\">Registro de solicitud (formulario en l\u00ednea)<\/span><\/td>\n<td><span style=\"font-weight: 400;\">31 de enero<\/span><\/td>\n<\/tr>\n<tr>\n<td><span style=\"font-weight: 400;\">Selecci\u00f3n de candidatos precualificados<\/span><\/td>\n<td><span style=\"font-weight: 400;\">14 de febrero<\/span><\/td>\n<\/tr>\n<tr>\n<td><span style=\"font-weight: 400;\">Evaluaci\u00f3n de expedientes y selecci\u00f3n de candidatos<\/span><\/td>\n<td><span style=\"font-weight: 400;\">30 de abril<\/span><\/td>\n<\/tr>\n<tr>\n<td><span style=\"font-weight: 400;\">Inicio de clases para programas semestrales<\/span><\/td>\n<td><span style=\"font-weight: 400;\">Agosto<\/span><\/td>\n<\/tr>\n<tr>\n<td><span style=\"font-weight: 400;\">Inicio de clases para programas trimestrales<\/span><\/td>\n<td><span style=\"font-weight: 400;\">Septiembre<\/span><\/td>\n<\/tr>\n<\/tbody>\n<\/table>\n<p>[\/vc_column_text][\/vc_column][\/vc_row][vc_row][vc_column][vc_btn title=\u00bbAPLIQUE AQU\u00cd\u00bb shape=\u00bbsquare\u00bb color=\u00bbiohe-orange\u00bb align=\u00bbcenter\u00bb css=\u00bb\u00bb link=\u00bburl:https%3A%2F%2Fdocs.google.com%2Fforms%2Fd%2Fe%2F1FAIpQLSck37ReJjuUoY4_EAZfinfntfGRFFH1m8J5yz_TjR22kS7zHQ%2Fviewform%3Fusp%3Dsf_link|target:_blank\u00bb][\/vc_column][\/vc_row]<\/p>\n<\/div>","protected":false},"excerpt":{"rendered":"<p>[vc_row][vc_column][vc_custom_heading text=\u00bbPrograma Conjunto de Becas OUI\u00bb font_container=\u00bbtag:h1|text_align:left\u00bb use_theme_fonts=\u00bbyes\u00bb][vc_custom_heading text=\u00bbConvocatoria Becas Conjuntas Tecnol\u00f3gico de Monterrey &#8211; Organizaci\u00f3n Universitaria Interamericana\u00bb use_theme_fonts=\u00bbyes\u00bb css=\u00bb\u00bb][\/vc_column][\/vc_row][vc_row][vc_column][vc_column_text [&hellip;]<\/p>\n","protected":false},"author":4,"featured_media":0,"parent":0,"menu_order":0,"comment_status":"closed","ping_status":"closed","template":"","meta":{"_acf_changed":false,"_monsterinsights_skip_tracking":false,"_monsterinsights_sitenote_active":false,"_monsterinsights_sitenote_note":"","_monsterinsights_sitenote_category":0,"footnotes":""},"class_list":["post-17655","page","type-page","status-publish","hentry"],"acf":[],"aioseo_notices":[],"_links":{"self":[{"href":"https:\/\/oui-iohe.org\/es\/wp-json\/wp\/v2\/pages\/17655","targetHints":{"allow":["GET"]}}],"collection":[{"href":"https:\/\/oui-iohe.org\/es\/wp-json\/wp\/v2\/pages"}],"about":[{"href":"https:\/\/oui-iohe.org\/es\/wp-json\/wp\/v2\/types\/page"}],"author":[{"embeddable":true,"href":"https:\/\/oui-iohe.org\/es\/wp-json\/wp\/v2\/users\/4"}],"replies":[{"embeddable":true,"href":"https:\/\/oui-iohe.org\/es\/wp-json\/wp\/v2\/comments?post=17655"}],"version-history":[{"count":7,"href":"https:\/\/oui-iohe.org\/es\/wp-json\/wp\/v2\/pages\/17655\/revisions"}],"predecessor-version":[{"id":17666,"href":"https:\/\/oui-iohe.org\/es\/wp-json\/wp\/v2\/pages\/17655\/revisions\/17666"}],"wp:attachment":[{"href":"https:\/\/oui-iohe.org\/es\/wp-json\/wp\/v2\/media?parent=17655"}],"curies":[{"name":"wp","href":"https:\/\/api.w.org\/{rel}","templated":true}]}}