{"id":18139,"date":"2025-02-24T17:34:20","date_gmt":"2025-02-24T22:34:20","guid":{"rendered":"https:\/\/oui-iohe.org\/?page_id=18139"},"modified":"2025-03-12T16:16:27","modified_gmt":"2025-03-12T20:16:27","slug":"expansion-e-innovacion-en-la-educacion-digital","status":"publish","type":"page","link":"https:\/\/oui-iohe.org\/es\/expansion-e-innovacion-en-la-educacion-digital\/","title":{"rendered":"Expansi\u00f3n e Innovaci\u00f3n en la Educaci\u00f3n Digital"},"content":{"rendered":"<div class=\"wpb-content-wrapper\"><p>[vc_row][vc_column][vc_custom_heading text=\u00bbE-XPAND &#8211; Expansi\u00f3n e Innovaci\u00f3n en la Educaci\u00f3n Digital\u00bb use_theme_fonts=\u00bbyes\u00bb css=\u00bb\u00bb][\/vc_column][\/vc_row][vc_row][vc_column][vc_column_text css=\u00bb\u00bb]<\/p>\n<h3><b>Generando<\/b> <b>oportunidades<\/b><b> con la <\/b><b>educaci\u00f3n<\/b><b> superior virtual o <\/b><b>h\u00edbrida<\/b><\/h3>\n<p>[\/vc_column_text][vc_column_text css=\u00bb\u00bb]<em>Acelerando tu Instituci\u00f3n para el \u00e9xito en el Mundo Digital<\/em><\/p>\n<p>La <b>Organizaci\u00f3n <\/b><b>Universitaria<\/b> <b>Interamericana<\/b><b> (<\/b><b>OU<\/b><b>I<\/b><b>)<\/b> juega un papel fundamental en el escenario educativo de la region, apoyando a las\u00a0 Instituciones de Educaci\u00f3n Superior (IES) a enfrentar los grandes desaf\u00edos que plantean problem\u00e1ticas como la globalizaci\u00f3n, la tecnolog\u00eda, la inteligencia artificial y la creciente competencia en educaci\u00f3n superior.<\/p>\n<p>Con el fin de impulsar el progreso, la OUI ofrece servicios de asesor\u00eda y acompa\u00f1amiento que asisten a las IES en la creaci\u00f3n e implementaci\u00f3n de estrategias para <b>generar<\/b> <b>oportunidades<\/b> <b>en<\/b> <b>el<\/b> <b>aprendizaje<\/b><b> virtual e <\/b><b>h\u00edbrido<\/b>. Nuestra meta es fortalecer a las instituciones para que crezcan, innoven y se destaquen, bas\u00e1ndonos en cuatro pilares esenciales para el desarrollo de estas \u00e1reas: <b>Producto<\/b><b>, <\/b><b>Tecnolog\u00eda<\/b><b> y Marketing.<\/b>[\/vc_column_text][vc_column_text css=\u00bb\u00bb]<\/p>\n<h3><b>\u00bf<\/b><b>C\u00f3mo<\/b> <b>hacer<\/b> <b>el<\/b> <b>cambio<\/b><b>?<\/b><\/h3>\n<p>[\/vc_column_text][vc_column_text css=\u00bb\u00bb]Con el respaldo de un equipo de expertos internacionales con amplia trayectoria en el desarrollo y administraci\u00f3n de programas de educaci\u00f3n virtual e h\u00edbrida y universidades virtuales, la OUI se encuentra en una posici\u00f3n privilegiada para llevar a su instituci\u00f3n a alcanzar nuevos niveles de excelencia.<\/p>\n<p>El servicio de asesor\u00eda est\u00e1 concebido para posicionar estrat\u00e9gicamente a la IES mediante:<\/p>\n<p>La asesor\u00eda est\u00e1 enfocada en posicionar estrategicamente a la IES a trav\u00e9s de:<\/p>\n<ul>\n<li>Definici\u00f3n de indicadores de \u00e9xito<\/li>\n<li>Desarrollo de gestores y equipos<\/li>\n<li>Reposicionamiento institucional<\/li>\n<li>Aumento de la participaci\u00f3n de mercado<\/li>\n<li>Expansi\u00f3n de la base de estudiantes<\/li>\n<li>Dominio de plataformas digitales<\/li>\n<li>Estrategias de marketing digital<\/li>\n<li>Incremento de ingresos<\/li>\n<li>Optimizaci\u00f3n del modelo educativo<\/li>\n<\/ul>\n<p>[\/vc_column_text][\/vc_column][\/vc_row][vc_row][vc_column][vc_tta_accordion style=\u00bbflat\u00bb shape=\u00bbsquare\u00bb color=\u00bbiohe-orange\u00bb gap=\u00bb35&#8243; c_icon=\u00bbchevron\u00bb c_position=\u00bbright\u00bb active_section=\u00bb9999&#8243; no_fill=\u00bbtrue\u00bb collapsible_all=\u00bbtrue\u00bb][vc_tta_section title=\u00bbNuestro servicio es fortalecer tu IES\u00bb tab_id=\u00bb1740439621983-7564c97c-4557&#8243;][vc_column_text css=\u00bb\u00bb]<\/p>\n<table>\n<tbody>\n<tr>\n<td width=\"208\"><strong>PRODUCTO<\/strong><\/td>\n<td width=\"208\"><strong>TECNOLOG\u00cdA<\/strong><\/td>\n<td width=\"208\"><strong>MARKETING<\/strong><\/td>\n<\/tr>\n<tr>\n<td width=\"208\">Es fundamental adaptar los programas de educaci\u00f3n a las exigencias del mercado, garantizando que el contenido sea pertinente, actualizado y accesible para atraer a estudiantes que buscan una formaci\u00f3n s\u00f3lida alineada con las necesidades globales.<\/td>\n<td width=\"208\">La selecci\u00f3n de tecnolog\u00edas apropiadas para la creaci\u00f3n de programas y servicios digitales, en los que las plataformas digitales y la inteligencia artificial potencian la eficacia de la ense\u00f1anza, la experiencia del aprendizaje y promueven la colaboraci\u00f3n.<\/p>\n<p>Invertir en sistemas \u00e1giles e interactivos que garanticen contenido de alta calidad y soporte continuo.<\/td>\n<td width=\"208\">Posicionar estrat\u00e9gicamente los programas en el entorno digital a trav\u00e9s de herramientas de marketing e inteligencia de datos.<\/p>\n<p>Desarrollar acciones de marketing digital segmentadas y campa\u00f1as de participaci\u00f3n para garantizar que lleguen al p\u00fablico meta.<\/td>\n<\/tr>\n<\/tbody>\n<\/table>\n<p>[\/vc_column_text][\/vc_tta_section][vc_tta_section title=\u00bbFactores diferenciales para este fortalecimiento\u00bb tab_id=\u00bb1740439621992-002530e2-ea34&#8243;][vc_column_text css=\u00bb\u00bb]<\/p>\n<table>\n<tbody>\n<tr>\n<td width=\"312\"><strong>1<\/strong><\/p>\n<p><strong>Conocimiento profundo <\/strong>de la implementaci\u00f3n de operaciones de educaci\u00f3n superior virtual en Brasil, Am\u00e9rica Latina, el Caribe y Europa.<\/td>\n<td width=\"312\"><strong>4<\/strong><\/p>\n<p>Desarrollo de un <strong>plan de trabajo <\/strong>para solucionar las necesidades de educaci\u00f3n virtual o hibrida identificadas.<\/p>\n<p>&nbsp;<\/td>\n<\/tr>\n<tr>\n<td width=\"312\"><strong>2<\/strong><\/p>\n<p><strong>Escucha estrat\u00e9gica: <\/strong>Conversaciones con socios, rectores, directivos, profesores y estudiantes.<\/td>\n<td width=\"312\"><strong>5<\/strong><\/p>\n<p><b>Poner<\/b> <b>en<\/b> <b>marcha<\/b> el plan de trabajo, consolid\u00e1ndolo en las operaciones diarias de la IES.<\/td>\n<\/tr>\n<tr>\n<td width=\"312\"><strong>3<\/strong><\/p>\n<p><b>Diagn\u00f3stico<\/b><b> integral: <\/b><\/p>\n<p>Recopilaci\u00f3n de informaci\u00f3n sobre el mercado y las oportunidades, plan estrat\u00e9gico y alineamiento.<\/td>\n<td width=\"312\"><strong>6<\/strong><\/p>\n<p><b>Transferencia<\/b><b> de <\/b><b>conocimientos<\/b> especializados a trav\u00e9s de mentor\u00eda de equipo, con el prop\u00f3sito de supervisar indicadores y resultados obtenidos.<\/td>\n<\/tr>\n<\/tbody>\n<\/table>\n<p>[\/vc_column_text][\/vc_tta_section][\/vc_tta_accordion][\/vc_column][\/vc_row][vc_row][vc_column][vc_tta_accordion style=\u00bbflat\u00bb shape=\u00bbsquare\u00bb color=\u00bbiohe-orange\u00bb gap=\u00bb35&#8243; c_icon=\u00bbchevron\u00bb c_position=\u00bbright\u00bb active_section=\u00bb9999&#8243; no_fill=\u00bbtrue\u00bb collapsible_all=\u00bbtrue\u00bb][vc_tta_section title=\u00bbUn proceso en 4 etapas que brinda orientaci\u00f3n y apoyo\u00bb tab_id=\u00bb1740440887433-4d4c2463-0ed1&#8243;][vc_column_text css=\u00bb\u00bb]Gracias a los servicios de asesor\u00eda, se obtiene la definici\u00f3n, implementaci\u00f3n y evaluaci\u00f3n de estrategias, as\u00ed como mentor\u00eda con transferencia de conocimientos, garantizando acciones fundamentadas en la planificaci\u00f3n y el seguimiento de indicadores.<\/p>\n<p>Esta pr\u00e1ctica asegura la efectividad de las medidas implementadas y permite ajustes estrat\u00e9gicos, tales como:<\/p>\n<ul>\n<li>Mejorar la calidad de los programas<\/li>\n<li>Reducir las tasas de deserci\u00f3n<\/li>\n<li>Aumentar la satisfacci\u00f3n de los estudiantes<\/li>\n<li>Innovar el aprendizaje<\/li>\n<li>Reducir los costos operativos<\/li>\n<li>Incrementar los ingresos<\/li>\n<li>Desarrollar estrategias de marketing digital efectivas<\/li>\n<\/ul>\n<p>\u00a1Unamos fuerzas para convertir los retos en oportunidades y lograr el \u00e9xito que buscamos!<\/p>\n<p>&nbsp;<\/p>\n<p><img loading=\"lazy\" decoding=\"async\" class=\"alignnone wp-image-18169\" src=\"https:\/\/oui-iohe.org\/wp-content\/uploads\/2025\/02\/4etapas-266x300.jpg\" alt=\"\" width=\"491\" height=\"554\" srcset=\"https:\/\/oui-iohe.org\/wp-content\/uploads\/2025\/02\/4etapas-266x300.jpg 266w, https:\/\/oui-iohe.org\/wp-content\/uploads\/2025\/02\/4etapas-907x1024.jpg 907w, https:\/\/oui-iohe.org\/wp-content\/uploads\/2025\/02\/4etapas-768x867.jpg 768w, https:\/\/oui-iohe.org\/wp-content\/uploads\/2025\/02\/4etapas.jpg 947w\" sizes=\"auto, (max-width: 491px) 100vw, 491px\" \/>[\/vc_column_text][\/vc_tta_section][\/vc_tta_accordion][\/vc_column][\/vc_row][vc_row][vc_column][vc_tta_accordion style=\u00bbflat\u00bb shape=\u00bbsquare\u00bb color=\u00bbiohe-orange\u00bb gap=\u00bb35&#8243; c_icon=\u00bbchevron\u00bb c_position=\u00bbright\u00bb active_section=\u00bb9999&#8243; no_fill=\u00bbtrue\u00bb collapsible_all=\u00bbtrue\u00bb][vc_tta_section title=\u00bbLAS 4 ETAPAS DE LA ASESOR\u00cdA\u00bb tab_id=\u00bb1740592236307-800d8bc6-9248&#8243;][vc_column_text css=\u00bb\u00bb]<\/p>\n<table>\n<tbody>\n<tr>\n<td width=\"156\"><strong>1.<\/strong><\/p>\n<p><strong>ESCUCHA ESTRAT\u00c9GICA<\/strong><\/td>\n<td width=\"156\"><strong>2.<\/strong><\/p>\n<p><strong>DIAGN\u00d3STICO INTEGRAL<\/strong><\/td>\n<td width=\"156\"><strong>3.<\/strong><\/p>\n<p><strong>DEFINICI\u00d3N DEL PLAN TRABAJO<\/strong><\/td>\n<td width=\"156\"><strong>4.<\/strong><\/p>\n<p><strong>IMPLEMENTACI\u00d3N Y SEGUIMIENTO<\/strong><\/td>\n<\/tr>\n<tr>\n<td width=\"156\">Conversaciones abiertas y productivas con socios, rectores, directores, profesores y estudiantes. Este enfoque colaborativo nos permite entender profundamente las necesidades y perspectivas de todos los involucrados.<\/td>\n<td width=\"156\">Recopilaci\u00f3n de informaci\u00f3n sobre los indicadores institucionales que est\u00e1n impactando en la operaci\u00f3n, en la calidad del aprendizaje, en los costos y en el aumento de la base de nuevos estudiantes.<\/p>\n<p>&nbsp;<\/td>\n<td width=\"156\">Desarrollo de un plan de trabajo estrat\u00e9gico que garantice la alineaci\u00f3n de esfuerzos y recursos de la IES para maximizar los resultados de sus programas de educaci\u00f3n virtual.<\/p>\n<p>&nbsp;<\/td>\n<td width=\"156\">Integraci\u00f3n del plan de trabajo en la din\u00e1mica de la IES, asegurando que las acciones planificadas se vuelvan parte de las funciones diarias, cultivando una cultura de excelencia y adaptaci\u00f3n continua para la innovaci\u00f3n.<\/td>\n<\/tr>\n<\/tbody>\n<\/table>\n<p>[\/vc_column_text][\/vc_tta_section][\/vc_tta_accordion][\/vc_column][\/vc_row][vc_row][vc_column][vc_tta_accordion style=\u00bbflat\u00bb shape=\u00bbsquare\u00bb color=\u00bbiohe-orange\u00bb gap=\u00bb35&#8243; c_icon=\u00bbchevron\u00bb c_position=\u00bbright\u00bb active_section=\u00bb9999&#8243; no_fill=\u00bbtrue\u00bb collapsible_all=\u00bbtrue\u00bb][vc_tta_section title=\u00bbPRINCIPALES INDICADORES PARA GENERAR OPORTUNIDADES CON LA EDUCACION VIRTUAL O HIBRIDA\u00bb tab_id=\u00bb1740442530650-c510c6df-8d1b\u00bb][vc_single_image image=\u00bb18224&#8243; img_size=\u00bbfull\u00bb css=\u00bb\u00bb][\/vc_tta_section][vc_tta_section title=\u00bbBENEFICIOS QUE RECIBE LA INSTITUCI\u00d3N\u00bb tab_id=\u00bb1740442552226-a5f7cf68-9213&#8243;][vc_single_image image=\u00bb18173&#8243; img_size=\u00bblarge\u00bb css=\u00bb\u00bb][\/vc_tta_section][vc_tta_section title=\u00bbCRONOGRAMA &amp; ETAPAS\u00bb tab_id=\u00bb1740442858189-fa00065a-8928&#8243;][vc_single_image image=\u00bb18157&#8243; img_size=\u00bbfull\u00bb css=\u00bb\u00bb][\/vc_tta_section][\/vc_tta_accordion][\/vc_column][\/vc_row][vc_row][vc_column][vc_tta_accordion style=\u00bbflat\u00bb shape=\u00bbsquare\u00bb color=\u00bbiohe-orange\u00bb gap=\u00bb35&#8243; c_icon=\u00bbchevron\u00bb c_position=\u00bbright\u00bb active_section=\u00bb9999&#8243; no_fill=\u00bbtrue\u00bb collapsible_all=\u00bbtrue\u00bb][vc_tta_section title=\u00bbRESULTADOS DEL SERVICIO\u00bb tab_id=\u00bb1740443676062-06001ce8-0025&#8243;][vc_column_text css=\u00bb\u00bb]<\/p>\n<table>\n<tbody>\n<tr>\n<td width=\"208\">\n<p style=\"text-align: center;\"><strong>1<\/strong><\/p>\n<p style=\"text-align: center;\"><strong>ENFOQUE EN EL VALOR: RESULTADOS TANGIBLES PARA LAS IES<\/strong><\/p>\n<\/td>\n<td style=\"text-align: center;\" width=\"208\"><strong>2<\/strong><\/p>\n<p><strong>DIFERENCIACI\u00d3N: SOLUCIONES \u00daNICAS Y EXCLUSIVAS<\/strong><\/td>\n<td width=\"208\">\n<p style=\"text-align: center;\"><strong>3<\/strong><\/p>\n<p style=\"text-align: center;\"><strong>ESTRUCTURA ACADEMICA MODULAR Y FLEXIBLE<\/strong><\/p>\n<\/td>\n<\/tr>\n<tr>\n<td width=\"208\">\n<p style=\"text-align: center;\"><strong>4<\/strong><\/p>\n<p style=\"text-align: center;\"><strong>ENFOQUE EN IMPACTO ECON\u00d3MICO Y SOSTENIBILIDAD<\/strong><\/p>\n<\/td>\n<td style=\"text-align: center;\" width=\"208\"><strong>5<\/strong><\/p>\n<p><b>REORIENTACI\u00d3N DE LA ESTRATEGIA DE\u00a0 MARKETING<\/b><\/td>\n<td width=\"208\">\n<p style=\"text-align: center;\"><strong>6<\/strong><\/p>\n<p style=\"text-align: center;\"><strong>NUEVAS ESTRAT\u00c9GIAS DE VENTAS<\/strong><\/p>\n<\/td>\n<\/tr>\n<\/tbody>\n<\/table>\n<p>[\/vc_column_text][\/vc_tta_section][\/vc_tta_accordion][\/vc_column][\/vc_row][vc_row][vc_column][vc_tta_accordion style=\u00bbflat\u00bb shape=\u00bbsquare\u00bb color=\u00bbiohe-orange\u00bb gap=\u00bb35&#8243; c_icon=\u00bbchevron\u00bb c_position=\u00bbright\u00bb active_section=\u00bb9999&#8243; no_fill=\u00bbtrue\u00bb collapsible_all=\u00bbtrue\u00bb][vc_tta_section title=\u00bb\u00bfPor qu\u00e9 elegir el servicio de la OUI?\u00bb tab_id=\u00bb1740599471543-6b6e721f-b599&#8243;][vc_column_text css=\u00bb\u00bb]<\/p>\n<table>\n<tbody>\n<tr>\n<td width=\"312\"><strong>Servicio Personalizado<\/strong><\/p>\n<p>La IES es la protagonista del proceso, conoce su realidad, su cultura organizacional y el entorno en el que se inserta. A partir del an\u00e1lisis de las necesidades de la instituci\u00f3n, se construye la \u00absoluci\u00f3n\u00bb, la cual puede abarcar procesos de formaci\u00f3n, desarrollo o ajustes en la IES. La intervenci\u00f3n siempre promueve una transformaci\u00f3n participativa<b>.<\/b><\/td>\n<td width=\"312\"><strong>Valor a\u00f1adido<\/strong><\/p>\n<p><strong>\u00a0<\/strong>La OUI agrega valor al proceso institucional al movilizar el conocimiento existente, articul\u00e1ndolo con nuevos conocimientos y utilizando metodolog\u00edas y herramientas aplicables al contexto de cada IES.<\/td>\n<\/tr>\n<tr>\n<td width=\"312\"><strong>Identidad \u00fanica<\/strong><\/p>\n<p>Cada Instituci\u00f3n tiene su rol en la regi\u00f3n donde se localiza porque conoce la econom\u00eda y las habilidades necesarias que traer\u00e1n empleabilidad a sus egresados y aporte al desarrollo social. Esta ventaja distintiva es la piedra angular de una marca s\u00f3lida y no debe ser socavada por soluciones gen\u00e9ricas prefabricadas.<\/td>\n<td width=\"312\"><strong>Equipos empoderados <\/strong><\/p>\n<p>El secreto del \u00e9xito est\u00e1 en elegir buenos socios y el profesorado y los equipos son fundamentales en este camino. La OUI te ayudar\u00e1 a formar tus equipos dentro del plan establecido.<\/td>\n<\/tr>\n<tr>\n<td width=\"312\"><strong>Idoneidad del contenido<\/strong><\/p>\n<p>Cada IES es \u00fanica, tiene su propio estilo y valores, por lo cual la soluci\u00f3n de contenidos debe adaptarse a cada situaci\u00f3n.<\/td>\n<td width=\"312\"><strong>Compromiso con los resultados <\/strong><strong>\u200b<\/strong><\/p>\n<p>Durante todo el proceso de consultor\u00eda, la OUI estar\u00e1 junto con el equipo, vibrando con los resultados y encontrando soluciones para mejorar lo que sea necesario.<\/td>\n<\/tr>\n<\/tbody>\n<\/table>\n<p>[\/vc_column_text][\/vc_tta_section][\/vc_tta_accordion][\/vc_column][\/vc_row][vc_row][vc_column][vc_tta_accordion style=\u00bbflat\u00bb shape=\u00bbsquare\u00bb color=\u00bbiohe-orange\u00bb gap=\u00bb35&#8243; c_icon=\u00bbchevron\u00bb c_position=\u00bbright\u00bb active_section=\u00bb9999&#8243; no_fill=\u00bbtrue\u00bb collapsible_all=\u00bbtrue\u00bb][vc_tta_section title=\u00bbEQUIPO\u00bb tab_id=\u00bb1740444122761-5ca4a058-e7fa\u00bb][vc_single_image image=\u00bb18162&#8243; img_size=\u00bbfull\u00bb css=\u00bb\u00bb][\/vc_tta_section][\/vc_tta_accordion][\/vc_column][\/vc_row][vc_row][vc_column][vc_tta_accordion style=\u00bbflat\u00bb shape=\u00bbsquare\u00bb color=\u00bbiohe-orange\u00bb gap=\u00bb35&#8243; c_icon=\u00bbchevron\u00bb c_position=\u00bbright\u00bb active_section=\u00bb9999&#8243; no_fill=\u00bbtrue\u00bb collapsible_all=\u00bbtrue\u00bb][vc_tta_section title=\u00bbMaterial Adicional\u00bb tab_id=\u00bb1741809984946-e7cafa6d-f703&#8243;][vc_column_text css=\u00bb\u00bb]<\/p>\n<ul>\n<li><a href=\"https:\/\/oui-iohe.org\/wp-content\/uploads\/2025\/03\/Presentacion_Servicio_E-EXPAND.pdf\">Presentaci\u00f3n del servicio<\/a><\/li>\n<li><a href=\"https:\/\/oui-iohe.org\/wp-content\/uploads\/2025\/03\/Presentacion_Tendencias-Educacion-Virtual-LATAM.pdf\">Perspectivas sobre el desarrollo y tendencias de la educaci\u00f3n virtual en LATAM<\/a><\/li>\n<\/ul>\n<p>[\/vc_column_text][\/vc_tta_section][\/vc_tta_accordion][\/vc_column][\/vc_row]<\/p>\n<\/div>","protected":false},"excerpt":{"rendered":"<p>[vc_row][vc_column][vc_custom_heading text=\u00bbE-XPAND &#8211; Expansi\u00f3n e Innovaci\u00f3n en la Educaci\u00f3n Digital\u00bb use_theme_fonts=\u00bbyes\u00bb css=\u00bb\u00bb][\/vc_column][\/vc_row][vc_row][vc_column][vc_column_text css=\u00bb\u00bb] Generando oportunidades con la educaci\u00f3n superior virtual [&hellip;]<\/p>\n","protected":false},"author":4,"featured_media":0,"parent":0,"menu_order":0,"comment_status":"closed","ping_status":"closed","template":"","meta":{"_acf_changed":false,"_monsterinsights_skip_tracking":false,"_monsterinsights_sitenote_active":false,"_monsterinsights_sitenote_note":"","_monsterinsights_sitenote_category":0,"footnotes":""},"class_list":["post-18139","page","type-page","status-publish","hentry"],"acf":[],"aioseo_notices":[],"_links":{"self":[{"href":"https:\/\/oui-iohe.org\/es\/wp-json\/wp\/v2\/pages\/18139","targetHints":{"allow":["GET"]}}],"collection":[{"href":"https:\/\/oui-iohe.org\/es\/wp-json\/wp\/v2\/pages"}],"about":[{"href":"https:\/\/oui-iohe.org\/es\/wp-json\/wp\/v2\/types\/page"}],"author":[{"embeddable":true,"href":"https:\/\/oui-iohe.org\/es\/wp-json\/wp\/v2\/users\/4"}],"replies":[{"embeddable":true,"href":"https:\/\/oui-iohe.org\/es\/wp-json\/wp\/v2\/comments?post=18139"}],"version-history":[{"count":32,"href":"https:\/\/oui-iohe.org\/es\/wp-json\/wp\/v2\/pages\/18139\/revisions"}],"predecessor-version":[{"id":18342,"href":"https:\/\/oui-iohe.org\/es\/wp-json\/wp\/v2\/pages\/18139\/revisions\/18342"}],"wp:attachment":[{"href":"https:\/\/oui-iohe.org\/es\/wp-json\/wp\/v2\/media?parent=18139"}],"curies":[{"name":"wp","href":"https:\/\/api.w.org\/{rel}","templated":true}]}}