{"id":18753,"date":"2025-07-31T13:29:42","date_gmt":"2025-07-31T17:29:42","guid":{"rendered":"https:\/\/oui-iohe.org\/?page_id=18753"},"modified":"2025-11-19T14:49:35","modified_gmt":"2025-11-19T19:49:35","slug":"programa-de-movilidad-estudiantil-emovies","status":"publish","type":"page","link":"https:\/\/oui-iohe.org\/es\/programa-de-movilidad-estudiantil-emovies\/","title":{"rendered":"Programa de Movilidad Estudiantil eMOVIES"},"content":{"rendered":"<div class=\"wpb-content-wrapper\"><p>[vc_row][vc_column][vc_custom_heading source=\u00bbpost_title\u00bb font_container=\u00bbtag:h1|text_align:left\u00bb use_theme_fonts=\u00bbyes\u00bb][\/vc_column][\/vc_row][vc_row][vc_column width=\u00bb1\/3&#8243;][vc_single_image image=\u00bb18764&#8243; img_size=\u00bblarge\u00bb alignment=\u00bbcenter\u00bb css=\u00bb\u00bb][\/vc_column][vc_column width=\u00bb2\/3&#8243;][vc_column_text css=\u00bb\u00bb]<span style=\"font-weight: 400;\">El Programa de Movilidad Estudiantil del <\/span><b>Espacio de Movilidad Virtual en Educaci\u00f3n Superior (eMOVIES)<\/b><span style=\"font-weight: 400;\"> es una iniciativa liderada por la <\/span><b>Organizaci\u00f3n Universitaria Interamericana (OUI)<\/b><span style=\"font-weight: 400;\">, que ofrece a las instituciones de educaci\u00f3n superior (IES) una visi\u00f3n alternativa a los modelos de movilidad tradicional en educaci\u00f3n superior, permitiendo a los y las estudiantes la oportunidad de cursar materias en\u00a0 modalidad virtual o a distancia ofrecidas por otras instituciones miembro de la OUI.<\/span>[\/vc_column_text][\/vc_column][\/vc_row][vc_row][vc_column][vc_column_text css=\u00bb\u00bb]<\/p>\n<h4><b>\u00bfQu\u00e9 es el Programa de Movilidad Estudiantil?<\/b><\/h4>\n<p>[\/vc_column_text][vc_column_text css=\u00bb\u00bb]<span style=\"font-weight: 400;\">Este programa permite a estudiantes de diferentes instituciones y pa\u00edses realizar movilidad acad\u00e9mica virtual. A trav\u00e9s del mismo, los estudiantes pueden inscribirse en cursos o asignaturas ofrecidas en modalidad virtual por instituciones socias en otros pa\u00edses que contribuyen a su formaci\u00f3n, sin necesidad de desplazarse.<\/span><\/p>\n<p><span style=\"font-weight: 400;\">Este modelo de movilidad virtual promueve la internacionalizaci\u00f3n en casa y el intercambio cultural y acad\u00e9mico entre las instituciones participantes, las cuales establecen sus propios requisitos para recibir a los estudiantes, bas\u00e1ndose en principios de colaboraci\u00f3n y reciprocidad, brindando una experiencia acad\u00e9mica, profesional y cultural enriquecedora que impulsa su desarrollo integral.<\/span>[\/vc_column_text][vc_btn title=\u00bb\u00bfC\u00f3mo navegar en la plataforma?\u00bb style=\u00bbflat\u00bb shape=\u00bbsquare\u00bb color=\u00bbiohe-orange\u00bb size=\u00bblg\u00bb align=\u00bbleft\u00bb css=\u00bb\u00bb link=\u00bburl:https%3A%2F%2Fwww.youtube.com%2Fwatch%3Fv%3DU-Dno_pQq2Q\u00bb][\/vc_column][\/vc_row][vc_row][vc_column][vc_custom_heading text=\u00bbRequisitos para participar en el Programa\u00bb use_theme_fonts=\u00bbyes\u00bb css=\u00bb\u00bb][vc_column_text css=\u00bb\u00bb]<\/p>\n<ul>\n<li style=\"font-weight: 400;\" aria-level=\"1\"><span style=\"font-weight: 400;\">Ser estudiante regular en una IES socia de eMOVIES.<\/span><\/li>\n<li style=\"font-weight: 400;\" aria-level=\"1\"><span style=\"font-weight: 400;\">Consultar la oferta acad\u00e9mica disponible en la plataforma de eMOVIES.<\/span><\/li>\n<li style=\"font-weight: 400;\" aria-level=\"1\"><span style=\"font-weight: 400;\">Cumplir con los lineamientos de la instituci\u00f3n receptora para el desarrollo del curso.<\/span><\/li>\n<li style=\"font-weight: 400;\" aria-level=\"1\"><span style=\"font-weight: 400;\">Cumplir con los requisitos espec\u00edficos y prerrequisitos de cada asignatura.<\/span><\/li>\n<li style=\"font-weight: 400;\" aria-level=\"1\"><span style=\"font-weight: 400;\">Coordinar la solicitud de movilidad a trav\u00e9s de la oficina de relaciones internacionales o movilidad acad\u00e9mica de la instituci\u00f3n de origen.<\/span><\/li>\n<li style=\"font-weight: 400;\" aria-level=\"1\"><span style=\"font-weight: 400;\">Completar y enviar la postulaci\u00f3n con la documentaci\u00f3n requerida antes de la fecha l\u00edmite.<\/span><\/li>\n<\/ul>\n<p>[\/vc_column_text][\/vc_column][\/vc_row][vc_row][vc_column][vc_custom_heading text=\u00bbCaracter\u00edsticas del Programa\u00bb use_theme_fonts=\u00bbyes\u00bb css=\u00bb\u00bb][vc_column_text css=\u00bb\u00bb]<\/p>\n<ul>\n<li><strong>Modalidad<\/strong>: 100% virtual<\/li>\n<li><strong>Duraci\u00f3n<\/strong>: Seg\u00fan el calendario acad\u00e9mico de la instituci\u00f3n anfitriona y la duraci\u00f3n del curso.<\/li>\n<li><strong>Reconocimiento<\/strong>: Las IES se comprometen a facilitar el reconocimiento de cr\u00e9ditos acad\u00e9micos a los estudiantes en movilidad, conforme sus normas.<\/li>\n<li><strong>Idiomas<\/strong>: Los cursos se ofrecen en espa\u00f1ol, ingl\u00e9s, franc\u00e9s y portugu\u00e9s.<\/li>\n<li><strong>Sin costo adicional<\/strong>: El programa no genera costos adicionales para los estudiantes participantes ni para las IES que env\u00edan. La participaci\u00f3n en eMOVIES no tiene ning\u00fan costo para las IES miembro de la OUI, las cuales firman un protocolo de adhesi\u00f3n para formalizar su participaci\u00f3n en el programa.<\/li>\n<\/ul>\n<p>[\/vc_column_text][\/vc_column][\/vc_row][vc_row][vc_column][vc_custom_heading text=\u00bb\u00bfC\u00f3mo vamos con el Programa de Movilidad Estudiantil eMOVIES?\u00bb use_theme_fonts=\u00bbyes\u00bb css=\u00bb\u00bb][vc_column_text css=\u00bb\u00bb]<span style=\"font-weight: 400;\">Durante sus 7 a\u00f1os de operaci\u00f3n, eMOVIES reporta un total de 14,622 movilidades. En 2025, las movilidades se incrementaron un 12% respecto del a\u00f1o inmediatamente anterior, lo cual demuestra que este espacio contin\u00faa siendo una importante alternativa de movilidad entre instituciones y comunidades acad\u00e9micas miembro de la OUI-IOHE.<\/span><\/p>\n<p><span style=\"font-weight: 400;\">En 2025, Colombia, Per\u00fa, M\u00e9xico y Argentina fueron los pa\u00edses con mayor actividad, representando el 74% de todas las movilidades tanto entrantes como salientes.<\/span><\/p>\n<p><span style=\"font-weight: 400;\">Se destaca la importante participaci\u00f3n de mujeres en este espacio, la cual representa un 68% del total de movilidades.<\/span>[\/vc_column_text][vc_single_image image=\u00bb19566&#8243; img_size=\u00bblarge\u00bb css=\u00bb\u00bb][vc_single_image image=\u00bb19570&#8243; img_size=\u00bblarge\u00bb css=\u00bb\u00bb][\/vc_column][\/vc_row][vc_row css=\u00bb.vc_custom_1701459290173{padding-top: 20px !important;background-color: #ffffff !important;}\u00bb][vc_column][vc_custom_heading text=\u00bbTestimonios\u00bb use_theme_fonts=\u00bbyes\u00bb css=\u00bb.vc_custom_1701733175740{background-color: #ffffff !important;}\u00bb][vc_column_text css=\u00bb.vc_custom_1763581791183{background-color: #ffffff !important;}\u00bb]Historias positivas de quienes son parte de eMOVIES:<\/p>\n<p>*Subt\u00edtulos disponibles.[\/vc_column_text][\/vc_column][\/vc_row][vc_row css=\u00bb.vc_custom_1701458943356{padding-top: 20px !important;background-color: #ffffff !important;}\u00bb][vc_column width=\u00bb1\/2&#8243;][vc_video link=\u00bbhttps:\/\/youtu.be\/87HmnFqRGgI\u00bb el_width=\u00bb70&#8243;][vc_video link=\u00bbhttps:\/\/youtu.be\/IOWTG54ZI7Q\u00bb el_width=\u00bb70&#8243;][vc_video link=\u00bbhttps:\/\/youtu.be\/Ibn2K25t9DE\u00bb el_width=\u00bb70&#8243;][\/vc_column][vc_column width=\u00bb1\/2&#8243;][vc_video link=\u00bbhttps:\/\/youtu.be\/ogwgk-RY5nA\u00bb el_width=\u00bb70&#8243;][vc_video link=\u00bbhttps:\/\/youtu.be\/3QSLitA7TIo\u00bb el_width=\u00bb70&#8243;][vc_video link=\u00bbhttps:\/\/youtu.be\/6SQwle9-7yU\u00bb el_width=\u00bb70&#8243;][\/vc_column][\/vc_row][vc_row full_width=\u00bbstretch_row\u00bb css=\u00bb.vc_custom_1701458893196{background-color: #f1f1f1 !important;}\u00bb][vc_column][vc_column_text css=\u00bb\u00bb]<span style=\"font-weight: 400;\">Cont\u00e1ctanos para m\u00e1s informaci\u00f3n.<\/span>[\/vc_column_text][\/vc_column][\/vc_row][vc_row css=\u00bb.vc_custom_1542745076628{margin-top: 35px !important;}\u00bb][vc_column width=\u00bb1\/2&#8243;][vc_single_image image=\u00bb1245&#8243; img_size=\u00bblarge\u00bb alignment=\u00bbcenter\u00bb][\/vc_column][vc_column width=\u00bb1\/2&#8243;][vc_custom_heading text=\u00bbContacto\u00bb use_theme_fonts=\u00bbyes\u00bb][vc_column_text]<a href=\"mailto:emovies@oui-iohe.org\">emovies@oui-iohe.org<\/a>[\/vc_column_text][\/vc_column][\/vc_row][vc_row][vc_column][vc_btn title=\u00bbVisita la Plataforma\u00bb style=\u00bbflat\u00bb shape=\u00bbsquare\u00bb color=\u00bbiohe-orange\u00bb size=\u00bblg\u00bb align=\u00bbcenter\u00bb css=\u00bb\u00bb link=\u00bburl:https%3A%2F%2Femovies.oui-iohe.org%2Fmovilidad-vitual%2F\u00bb][\/vc_column][\/vc_row]<\/p>\n<\/div>","protected":false},"excerpt":{"rendered":"<p>[vc_row][vc_column][vc_custom_heading source=\u00bbpost_title\u00bb font_container=\u00bbtag:h1|text_align:left\u00bb use_theme_fonts=\u00bbyes\u00bb][\/vc_column][\/vc_row][vc_row][vc_column width=\u00bb1\/3&#8243;][vc_single_image image=\u00bb18764&#8243; img_size=\u00bblarge\u00bb alignment=\u00bbcenter\u00bb css=\u00bb\u00bb][\/vc_column][vc_column width=\u00bb2\/3&#8243;][vc_column_text css=\u00bb\u00bb]El Programa de Movilidad Estudiantil del Espacio de Movilidad Virtual [&hellip;]<\/p>\n","protected":false},"author":4,"featured_media":5645,"parent":0,"menu_order":0,"comment_status":"closed","ping_status":"closed","template":"","meta":{"_acf_changed":false,"_monsterinsights_skip_tracking":false,"_monsterinsights_sitenote_active":false,"_monsterinsights_sitenote_note":"","_monsterinsights_sitenote_category":0,"footnotes":""},"class_list":["post-18753","page","type-page","status-publish","has-post-thumbnail","hentry"],"acf":[],"aioseo_notices":[],"_links":{"self":[{"href":"https:\/\/oui-iohe.org\/es\/wp-json\/wp\/v2\/pages\/18753","targetHints":{"allow":["GET"]}}],"collection":[{"href":"https:\/\/oui-iohe.org\/es\/wp-json\/wp\/v2\/pages"}],"about":[{"href":"https:\/\/oui-iohe.org\/es\/wp-json\/wp\/v2\/types\/page"}],"author":[{"embeddable":true,"href":"https:\/\/oui-iohe.org\/es\/wp-json\/wp\/v2\/users\/4"}],"replies":[{"embeddable":true,"href":"https:\/\/oui-iohe.org\/es\/wp-json\/wp\/v2\/comments?post=18753"}],"version-history":[{"count":9,"href":"https:\/\/oui-iohe.org\/es\/wp-json\/wp\/v2\/pages\/18753\/revisions"}],"predecessor-version":[{"id":18770,"href":"https:\/\/oui-iohe.org\/es\/wp-json\/wp\/v2\/pages\/18753\/revisions\/18770"}],"wp:featuredmedia":[{"embeddable":true,"href":"https:\/\/oui-iohe.org\/es\/wp-json\/wp\/v2\/media\/5645"}],"wp:attachment":[{"href":"https:\/\/oui-iohe.org\/es\/wp-json\/wp\/v2\/media?parent=18753"}],"curies":[{"name":"wp","href":"https:\/\/api.w.org\/{rel}","templated":true}]}}