{"id":18774,"date":"2025-07-31T15:37:07","date_gmt":"2025-07-31T19:37:07","guid":{"rendered":"https:\/\/oui-iohe.org\/?page_id=18774"},"modified":"2025-11-19T15:17:40","modified_gmt":"2025-11-19T20:17:40","slug":"programa-coil-emovies","status":"publish","type":"page","link":"https:\/\/oui-iohe.org\/es\/programa-coil-emovies\/","title":{"rendered":"Programa COIL eMOVIES"},"content":{"rendered":"<div class=\"wpb-content-wrapper\"><p>[vc_row][vc_column][vc_custom_heading source=\u00bbpost_title\u00bb font_container=\u00bbtag:h1|text_align:left\u00bb use_theme_fonts=\u00bbyes\u00bb][\/vc_column][\/vc_row][vc_row][vc_column width=\u00bb1\/3&#8243;][vc_single_image image=\u00bb18781&#8243; img_size=\u00bblarge\u00bb alignment=\u00bbcenter\u00bb css=\u00bb\u00bb][\/vc_column][vc_column width=\u00bb2\/3&#8243;][vc_column_text css=\u00bb\u00bb]<span style=\"font-weight: 400;\"><strong>COIL<\/strong> (<em>Collaborative Online International Learning<\/em>) es una <\/span><b>metodolog\u00eda educativa <\/b><span style=\"font-weight: 400;\">que permite a docentes de diferentes instituciones y pa\u00edses colaborar en el dise\u00f1o de experiencias de aprendizaje interculturales e interdisciplinarias para sus estudiantes. A trav\u00e9s de este enfoque, los docentes trabajan en el desarrollo de un syllabus conjunto que involucra a sus estudiantes en proyectos colaborativos en los cuales pueden tener una experiencia intercultural significativa.<\/span>[\/vc_column_text][\/vc_column][\/vc_row][vc_row][vc_column][vc_btn title=\u00bbSaber M\u00e1s sobre COIL\u00bb style=\u00bbflat\u00bb shape=\u00bbsquare\u00bb color=\u00bbiohe-orange\u00bb size=\u00bblg\u00bb align=\u00bbleft\u00bb css=\u00bb\u00bb link=\u00bburl:https%3A%2F%2Fonline.suny.edu%2Fintrotocoil%2Fque-es-coil%2F\u00bb][\/vc_column][\/vc_row][vc_row][vc_column][vc_column_text css=\u00bb\u00bb]<\/p>\n<h4><b>\u00bfQu\u00e9 es el programa <\/b><span style=\"font-weight: 400;\"><strong>COIL-eMOVIES<\/strong>? <\/span><\/h4>\n<p>[\/vc_column_text][vc_column_text css=\u00bb\u00bb]<span style=\"font-weight: 400;\"><strong>COIL-eMOVIES<\/strong> es un programa de la OUI que fomenta la colaboraci\u00f3n internacional entre profesores de sus instituciones miembro para dise\u00f1ar de manera conjunta experiencias educativas que conecten a sus estudiantes en actividades de aprendizaje colaborativo e intercultural, apoyados por la plataforma eMOVIES.<\/span><\/p>\n<p><span style=\"font-weight: 400;\">La plataforma eMOVIES provee un espacio de encuentro para la b\u00fasqueda de cursos disponibles para aplicar la metodolog\u00eda COIL, encontrar pares acad\u00e9micos y desarrollar capacidades para dise\u00f1ar, planificar y poner en marcha intervenciones educativas en ambientes COIL.\u00a0<\/span><\/p>\n<p><span style=\"font-weight: 400;\">Con este enfoque, se busca impulsar la aplicaci\u00f3n de metodolog\u00edas colaborativas en la pr\u00e1ctica docente, promoviendo la internacionalizaci\u00f3n del curr\u00edculo y enriqueciendo la experiencia educativa mediante la colaboraci\u00f3n en l\u00ednea entre docentes de diversas disciplinas y pa\u00edses.<\/span>[\/vc_column_text][\/vc_column][\/vc_row][vc_row][vc_column][vc_btn title=\u00bbBrochure informativo\u00bb style=\u00bbflat\u00bb shape=\u00bbsquare\u00bb color=\u00bbiohe-orange\u00bb size=\u00bblg\u00bb align=\u00bbleft\u00bb css=\u00bb\u00bb link=\u00bburl:https%3A%2F%2Femovies.oui-iohe.org%2Fwp-content%2Fuploads%2F2024%2F10%2Fbrochure-programa-coil-emovies-new.pdf\u00bb][\/vc_column][\/vc_row][vc_row][vc_column][vc_btn title=\u00bbTutorial para docentes que deseen participar en el Programa COIL-eMOVIES\u00bb style=\u00bbflat\u00bb shape=\u00bbsquare\u00bb color=\u00bbiohe-orange\u00bb size=\u00bblg\u00bb align=\u00bbleft\u00bb css=\u00bb\u00bb link=\u00bburl:https%3A%2F%2Femovies.oui-iohe.org%2Fwp-content%2Fuploads%2F2024%2F10%2Ftutorial-programa-coil-emovies-actualizada.pdf\u00bb][\/vc_column][\/vc_row][vc_row][vc_column][vc_custom_heading text=\u00bb\u00bfC\u00f3mo participar en COIL-eMOVIES?\u00bb use_theme_fonts=\u00bbyes\u00bb css=\u00bb\u00bb][vc_column_text css=\u00bb\u00bb]<span style=\"font-weight: 400;\">Los docentes interesados deben registrarse en la plataforma eMOVIES para poder publicar sus cursos con los cuales quieren realizar una experiencia COIL y conectar con otros docentes internacionales.<\/span><\/p>\n<p><span style=\"font-weight: 400;\">La IES del docente debe tambi\u00e9n estar registrada en la plataforma. Recuerde que eMOVIES es un servicio de la OUI que no tiene ning\u00fan costo para su membres\u00eda.<\/span>[\/vc_column_text][\/vc_column][\/vc_row][vc_row][vc_column][vc_custom_heading text=\u00bb\u00bfC\u00f3mo encontrar pares acad\u00e9micos para colaborar?\u00bb use_theme_fonts=\u00bbyes\u00bb css=\u00bb\u00bb][vc_column_text css=\u00bb\u00bb]<span style=\"font-weight: 400;\">A trav\u00e9s de la plataforma eMOVIES, los docentes pueden buscar y conectar con otros colegas internacionales interesados en desarrollar experiencias COIL. Se pueden realizar b\u00fasquedas seg\u00fan diferentes criterios como instituci\u00f3n, pa\u00eds, campo disciplinario e idioma.<\/span><\/p>\n<p><span style=\"font-weight: 400;\">Para iniciar una colaboraci\u00f3n, los docentes deben completar un formulario con su informaci\u00f3n y los detalles del curso para establecer contacto con otros docentes y comenzar a trabajar en un syllabus conjunto.<\/span>[\/vc_column_text][\/vc_column][\/vc_row][vc_row][vc_column width=\u00bb1\/2&#8243;][vc_btn title=\u00bbVer Video Tutorial: C\u00f3mo publicar cursos para una experiencia COIL\u00bb style=\u00bbflat\u00bb shape=\u00bbsquare\u00bb color=\u00bbiohe-orange\u00bb size=\u00bblg\u00bb align=\u00bbleft\u00bb css=\u00bb\u00bb link=\u00bburl:https%3A%2F%2Fwww.youtube.com%2Fwatch%3Fv%3D4nEZYI0Vb2g\u00bb][\/vc_column][vc_column width=\u00bb1\/2&#8243;][vc_btn title=\u00bbVer Video Tutorial B\u00fasqueda de Cursos y Contacto entre pares\u00bb style=\u00bbflat\u00bb shape=\u00bbsquare\u00bb color=\u00bbiohe-orange\u00bb size=\u00bblg\u00bb align=\u00bbleft\u00bb css=\u00bb\u00bb link=\u00bburl:https%3A%2F%2Fwww.youtube.com%2Fwatch%3Fv%3DDrnNxPXXHgg\u00bb][\/vc_column][\/vc_row][vc_row][vc_column][vc_custom_heading text=\u00bb\u00bfNecesitas acompa\u00f1amiento personalizado?\u00bb use_theme_fonts=\u00bbyes\u00bb css=\u00bb\u00bb][vc_column_text css=\u00bb\u00bb]<span style=\"font-weight: 400;\">Las instituciones que deseen una orientaci\u00f3n y acompa\u00f1amiento individualizado a sus profesores en el proceso de dise\u00f1o, implementaci\u00f3n y evaluaci\u00f3n de una intervenci\u00f3n educativa con metodolog\u00eda COIL pueden obtener la asesor\u00eda y coaching con expertos de la OUI especializados en metodolog\u00eda COIL. El servicio provee un promedio de 10 horas de asesor\u00eda y acompa\u00f1amiento personalizados para dise\u00f1ar e implementar el syllabus conjunto, mediante encuentros sincr\u00f3nicos en modalidad virtual.\u00a0<\/span>[\/vc_column_text][\/vc_column][\/vc_row][vc_row][vc_column][vc_custom_heading text=\u00bb\u00bfC\u00f3mo vamos con el Programa COIL-eMOVIES?\u00bb use_theme_fonts=\u00bbyes\u00bb css=\u00bb\u00bb][vc_column_text css=\u00bb\u00bb]<b>M\u00e1s de 310 docentes registrados<\/b><span style=\"font-weight: 400;\"> de <\/span><b>11 pa\u00edses<\/b><span style=\"font-weight: 400;\">: Argentina, Bolivia, Brasil, Chile, Colombia, Ecuador, El Salvador, M\u00e9xico, Panam\u00e1, Paraguay, Per\u00fa.<\/span><span style=\"font-weight: 400;\"><br \/>\n<\/span><b>56 cursos publicados<\/b><span style=\"font-weight: 400;\">, en <\/span><b>3 idiomas<\/b><span style=\"font-weight: 400;\">: Espa\u00f1ol, Ingl\u00e9s, Portugu\u00e9s.<\/span><span style=\"font-weight: 400;\"><br \/>\n<\/span><b>M\u00e1s de 20 campos disciplinarios<\/b><span style=\"font-weight: 400;\">: Ciencias sociales y Humanidades, Ingenier\u00edas, Negocios Internacionales, Idiomas, Derecho, entre otros.<\/span><\/p>\n<p><span style=\"font-weight: 400;\">Cont\u00e1ctanos para m\u00e1s informaci\u00f3n acerca del proceso de adhesi\u00f3n.<\/span><\/p>\n<p><a href=\"https:\/\/emovies.oui-iohe.org\/registrate-docente\/\"><span style=\"font-weight: 400;\">Solicita tu registro ahora<\/span><\/a>[\/vc_column_text][\/vc_column][\/vc_row][vc_row css=\u00bb.vc_custom_1542745076628{margin-top: 35px !important;}\u00bb][vc_column width=\u00bb1\/2&#8243;][vc_single_image image=\u00bb1245&#8243; img_size=\u00bblarge\u00bb alignment=\u00bbcenter\u00bb][\/vc_column][vc_column width=\u00bb1\/2&#8243;][vc_custom_heading text=\u00bbContacto\u00bb use_theme_fonts=\u00bbyes\u00bb][vc_column_text]<a href=\"mailto:emovies@oui-iohe.org\">emovies@oui-iohe.org<\/a>[\/vc_column_text][\/vc_column][\/vc_row][vc_row][vc_column][vc_btn title=\u00bbVisita la Plataforma\u00bb style=\u00bbflat\u00bb shape=\u00bbsquare\u00bb color=\u00bbiohe-orange\u00bb size=\u00bblg\u00bb align=\u00bbcenter\u00bb css=\u00bb\u00bb link=\u00bburl:https%3A%2F%2Femovies.oui-iohe.org%2Fprograma-coil%2F\u00bb][\/vc_column][\/vc_row]<\/p>\n<\/div>","protected":false},"excerpt":{"rendered":"<p>[vc_row][vc_column][vc_custom_heading source=\u00bbpost_title\u00bb font_container=\u00bbtag:h1|text_align:left\u00bb use_theme_fonts=\u00bbyes\u00bb][\/vc_column][\/vc_row][vc_row][vc_column width=\u00bb1\/3&#8243;][vc_single_image image=\u00bb18781&#8243; img_size=\u00bblarge\u00bb alignment=\u00bbcenter\u00bb css=\u00bb\u00bb][\/vc_column][vc_column width=\u00bb2\/3&#8243;][vc_column_text css=\u00bb\u00bb]COIL (Collaborative Online International Learning) es una metodolog\u00eda educativa que [&hellip;]<\/p>\n","protected":false},"author":4,"featured_media":5645,"parent":0,"menu_order":0,"comment_status":"closed","ping_status":"closed","template":"","meta":{"_acf_changed":false,"_monsterinsights_skip_tracking":false,"_monsterinsights_sitenote_active":false,"_monsterinsights_sitenote_note":"","_monsterinsights_sitenote_category":0,"footnotes":""},"class_list":["post-18774","page","type-page","status-publish","has-post-thumbnail","hentry"],"acf":[],"aioseo_notices":[],"_links":{"self":[{"href":"https:\/\/oui-iohe.org\/es\/wp-json\/wp\/v2\/pages\/18774","targetHints":{"allow":["GET"]}}],"collection":[{"href":"https:\/\/oui-iohe.org\/es\/wp-json\/wp\/v2\/pages"}],"about":[{"href":"https:\/\/oui-iohe.org\/es\/wp-json\/wp\/v2\/types\/page"}],"author":[{"embeddable":true,"href":"https:\/\/oui-iohe.org\/es\/wp-json\/wp\/v2\/users\/4"}],"replies":[{"embeddable":true,"href":"https:\/\/oui-iohe.org\/es\/wp-json\/wp\/v2\/comments?post=18774"}],"version-history":[{"count":12,"href":"https:\/\/oui-iohe.org\/es\/wp-json\/wp\/v2\/pages\/18774\/revisions"}],"predecessor-version":[{"id":18786,"href":"https:\/\/oui-iohe.org\/es\/wp-json\/wp\/v2\/pages\/18774\/revisions\/18786"}],"wp:featuredmedia":[{"embeddable":true,"href":"https:\/\/oui-iohe.org\/es\/wp-json\/wp\/v2\/media\/5645"}],"wp:attachment":[{"href":"https:\/\/oui-iohe.org\/es\/wp-json\/wp\/v2\/media?parent=18774"}],"curies":[{"name":"wp","href":"https:\/\/api.w.org\/{rel}","templated":true}]}}