{"id":18886,"date":"2025-08-12T16:36:45","date_gmt":"2025-08-12T20:36:45","guid":{"rendered":"https:\/\/oui-iohe.org\/?page_id=18886"},"modified":"2025-08-14T01:14:06","modified_gmt":"2025-08-14T05:14:06","slug":"convocatoria-para-la-oferta-colaborativa-de-actividades-formativas-sobre-los-objetivos-de-desarrollo-sostenible-ods","status":"publish","type":"page","link":"https:\/\/oui-iohe.org\/es\/convocatoria-para-la-oferta-colaborativa-de-actividades-formativas-sobre-los-objetivos-de-desarrollo-sostenible-ods\/","title":{"rendered":"Convocatoria para la oferta colaborativa de actividades formativas sobre los Objetivos de Desarrollo Sostenible (ODS)"},"content":{"rendered":"<div class=\"wpb-content-wrapper\"><p>[vc_row][vc_column][vc_custom_heading source=\u00bbpost_title\u00bb use_theme_fonts=\u00bbyes\u00bb css=\u00bb\u00bb][\/vc_column][\/vc_row][vc_row][vc_column][vc_column_text css=\u00bb\u00bb]<\/p>\n<h3><strong>1. Presentaci\u00f3n<\/strong><\/h3>\n<p>En su plan estrat\u00e9gico 2023-2030, la OUI incorpor\u00f3 como uno de sus objetivos el apoyo a las IES en el cumplimiento de sus metas vinculadas a los Objetivos de Desarrollo Sostenible (ODS). Este compromiso se centra en tres \u00e1reas clave:<\/p>\n<ul>\n<li>Promover actividades formativas y de investigaci\u00f3n colaborativas sobre prioridades comunes.<\/li>\n<li>Desarrollar iniciativas regionales para avanzar en los ODS.<\/li>\n<li>Generar espacios de reflexi\u00f3n sobre el rol fundamental de la educaci\u00f3n superior en la implementaci\u00f3n de los ODS.<\/li>\n<\/ul>\n<p>En el marco de la Asamblea General de la OUI celebrada en octubre de 2024, los miembros ratificaron la creaci\u00f3n de un proyecto estrat\u00e9gico sobre los Objetivos de Desarrollo Sostenible, mediante el cual la Organizaci\u00f3n ha asumido los siguientes compromisos fundamentales:<\/p>\n<ul>\n<li>Fortalecer las capacidades de las IES para el logro de los ODS, incluyendo un diagn\u00f3stico de necesidades de formaci\u00f3n, realizado en abril de 2025.<\/li>\n<li>Lanzar una convocatoria abierta para <strong>programas de formaci\u00f3n<\/strong> enfocados en los ODS.<\/li>\n<li>Difundir oportunidades de formaci\u00f3n en temas prioritarios para los ODS a trav\u00e9s de su <em>Aula Colaborativa<\/em>.<\/li>\n<\/ul>\n<p>En este contexto, la OUI invita a todos sus miembros a compartir actividades de formaci\u00f3n que:<\/p>\n<ul>\n<li><strong>Aborden <\/strong>las necesidades m\u00e1s urgentes de capacitaci\u00f3n en ODS de las IES.<\/li>\n<li><strong>Sean <\/strong>programas probados (cursos\/talleres) listos para implementarse.<\/li>\n<li><strong>Obtengan <\/strong>visibilidad en toda la red de la OUI.<\/li>\n<li><strong>Fomenten <\/strong>la colaboraci\u00f3n interinstitucional.<\/li>\n<\/ul>\n<p>Las IES podr\u00e1n postular programas existentes que cubran las brechas de capacidad identificadas. Las propuestas seleccionadas se difundir\u00e1n a trav\u00e9s de los canales de comunicaci\u00f3n de la OUI.<\/p>\n<p>\u00bfPor qu\u00e9 participar?<\/p>\n<ul>\n<li><strong>Potenciar <\/strong>las contribuciones de su instituci\u00f3n a los ODS.<\/li>\n<li><strong>Conectarse <\/strong>con m\u00e1s de 400 IES en las Am\u00e9ricas.<\/li>\n<li><strong>Fortalecer <\/strong>el impacto regional mediante el aprendizaje compartido.<\/li>\n<\/ul>\n<p><strong><em>Fecha l\u00edmite:<\/em><\/strong> 28 de septiembre de 2025, a las 23:59 hora del este (UTC -4).[\/vc_column_text][vc_column_text css=\u00bb\u00bb]<\/p>\n<h3><strong>2. Alcance de la convocatoria<\/strong><\/h3>\n<p>Consecuente con la misi\u00f3n de la OUI de contribuir al fortalecimiento de las IES construyendo espacios de cooperaci\u00f3n educativa en articulaci\u00f3n con sus miembros y otros aliados estrat\u00e9gicos, la convocatoria tiene tres objetivos principales:<\/p>\n<ul>\n<li><strong>Apoyar el desarrollo de capacidades<\/strong> en sus instituciones miembro para contribuir al logro de los Objetivos de Desarrollo Sostenible (ODS).<\/li>\n<li><strong>Impulsar la difusi\u00f3n y el acceso<\/strong> de actividades formativas sobre los ODS en temas de inter\u00e9s com\u00fan.<\/li>\n<li><strong>Estimular la colaboraci\u00f3n<\/strong> entre sus miembros compartiendo actividades de formaci\u00f3n que favorezcan el intercambio de enfoques y experiencias para el alcance de los ODS.<\/li>\n<\/ul>\n<p>[\/vc_column_text][vc_column_text css=\u00bb\u00bb]<\/p>\n<h3><strong>3. Elegibilidad<\/strong><\/h3>\n<p><strong>3.1<\/strong> La convocatoria est\u00e1 abierta a todas las IES miembro regular de la OUI<a href=\"#_ftn1\" name=\"_ftnref1\"><sup>[1]<\/sup><\/a>.<\/p>\n<p><strong>3.2<\/strong> Las actividades de formaci\u00f3n deber\u00e1n dar respuesta a alguno de los requerimientos de formaci\u00f3n identificados en la consulta realizada por la OUI sobre las necesidades de capacitaci\u00f3n para apoyar el logro de los ODS, a saber:<\/p>\n<ul>\n<li>Estrategias para integrar los ODS en la instituci\u00f3n.<\/li>\n<li>Innovaci\u00f3n en sostenibilidad en la educaci\u00f3n superior.<\/li>\n<li>Dise\u00f1o, evaluaci\u00f3n y monitoreo de indicadores de progreso de los ODS.<\/li>\n<li>Responsabilidad social universitaria.<\/li>\n<li>Liderazgo \u00e9tico y gobernanza para el desarrollo sostenible.<\/li>\n<li>Gesti\u00f3n financiera para proyectos de sostenibilidad.<\/li>\n<li>Estrategias y herramientas de comunicaci\u00f3n para la sostenibilidad.<\/li>\n<li>Gesti\u00f3n del cambio para implementar la sostenibilidad.<\/li>\n<\/ul>\n<p><strong>3.3<\/strong> Las actividades de formaci\u00f3n pueden ser en modalidad virtual, presencial o h\u00edbrida, en alguna de las siguientes categor\u00edas:<\/p>\n<ul>\n<li>Cursos o m\u00f3dulos<\/li>\n<li>Seminarios o talleres<\/li>\n<\/ul>\n<p><strong>\u00a0<\/strong><strong>3.4<\/strong> Criterio de experiencia:<\/p>\n<ul>\n<li>Las actividades de formaci\u00f3n deben haber sido ofrecidas al menos una vez con anterioridad a la candidatura.<\/li>\n<li>No se aceptan actividades que est\u00e9n en proceso de dise\u00f1o o que todav\u00eda no hayan sido ofrecidas.<\/li>\n<\/ul>\n<p><strong>\u00a0<\/strong><strong>3.5<\/strong> Las actividades de formaci\u00f3n pueden impartirse en cualquiera de los cuatro idiomas oficiales de la OUI: espa\u00f1ol, portugu\u00e9s, franc\u00e9s o ingl\u00e9s.<\/p>\n<p><strong>3.6<\/strong> Los \u00a0cursos o actividades formativas podr\u00e1n ser gratuitos o con alg\u00fan costo de inversi\u00f3n. En el caso de actividades pagas se espera que tengan una tarifa preferencial para las instituciones miembro de la OUI.<\/p>\n<p><strong>3.7 <\/strong>La inscripci\u00f3n e impartici\u00f3n de las actividades de formaci\u00f3n se realizar\u00e1 mediante los canales habituales de la instituci\u00f3n ofertante.<\/p>\n<p><strong>3.8<\/strong> La OUI coordinar\u00e1 la difusi\u00f3n y comunicaci\u00f3n de toda la oferta formativa seleccionada.<\/p>\n<p><a href=\"#_ftnref1\" name=\"_ftn1\">[1]<\/a> Para saber si su IES es miembro de la OUI puede consultar en: <a href=\"https:\/\/oui-iohe.org\/es\/miembros-oui\/\">https:\/\/oui-iohe.org\/es\/miembros-oui\/<\/a>[\/vc_column_text][vc_column_text css=\u00bb\u00bb]<\/p>\n<h3><strong>4. Proceso de aplicaci\u00f3n<\/strong><\/h3>\n<p>La convocatoria se realizar\u00e1 en dos etapas:<\/p>\n<p><strong>\u00a0<\/strong><strong>4.1 Env\u00edo de la descripci\u00f3n de la actividad formativa (Etapa 1)<\/strong><\/p>\n<p>Durante esta etapa se seleccionar\u00e1n las actividades que respondan a las necesidades y tem\u00e1ticas de capacitaci\u00f3n identificadas:<\/p>\n<ul>\n<li>Las IES interesadas deber\u00e1n presentar la descripci\u00f3n de la actividad de formaci\u00f3n mediante el formulario en l\u00ednea que figura a continuaci\u00f3n e incluir la siguiente informaci\u00f3n:\n<ul>\n<li>Nombre de la actividad;<\/li>\n<li>Calendario de realizaci\u00f3n de la actividad<\/li>\n<li>Resultados u objetivos de aprendizaje previstos;<\/li>\n<li>Competencias desarrolladas;<\/li>\n<li>Problem\u00e1tica espec\u00edfica de los ODS que aborda;<\/li>\n<li>Aportes al avance de los ODS.<\/li>\n<\/ul>\n<\/li>\n<\/ul>\n<p>La aplicaci\u00f3n debe enviarse a la OUI completando debidamente este formulario electr\u00f3nico hasta el <strong>28 de septiembre a las 11:59 pm EST (UTC &#8211; 4 hrs):<\/strong><\/p>\n<p><a href=\"https:\/\/docs.google.com\/forms\/d\/e\/1FAIpQLSfhxpob3yq6YGkqjZcJbL5JhRI3fHaMNtCjc6ik_R-MrX2BCQ\/viewform\">https:\/\/docs.google.com\/forms\/d\/e\/1FAIpQLSfhxpob3yq6YGkqjZcJbL5JhRI3fHaMNtCjc6ik_R-MrX2BCQ\/viewform<\/a><\/p>\n<p>Las propuestas recibidas despu\u00e9s de esta fecha l\u00edmite no ser\u00e1n aceptadas.<\/p>\n<p><strong>4.2 Publicaci\u00f3n de las actividades formativas (Etapa 2)<\/strong><\/p>\n<p>Durante esta etapa se escoger\u00e1 un n\u00famero selecto de actividades formativas que ser\u00e1n publicadas y promocionadas por la OUI entre toda su membres\u00eda:<\/p>\n<ul>\n<li>Las IES ofertantes deber\u00e1n completar la informaci\u00f3n requerida de las actividades formativas.<\/li>\n<li>La OUI publicar\u00e1 y promocionar\u00e1 dichas actividades, a trav\u00e9s de sus diferentes plataformas y medios de comunicaci\u00f3n.<\/li>\n<li>Las actividades formativas deber\u00e1n iniciar a m\u00e1s tardar durante el primer trimestre de 2026.<\/li>\n<\/ul>\n<p>[\/vc_column_text][vc_column_text css=\u00bb\u00bb]<\/p>\n<h3><strong>5. Requisitos institucionales<\/strong><\/h3>\n<ul>\n<li>Las propuestas podr\u00e1n ser presentadas por una IES miembro de la OUI o por un equipo de trabajo (la instituci\u00f3n solicitante principal debe ser miembro de la OUI). Se aceptan m\u00faltiples postulaciones por instituci\u00f3n.<\/li>\n<li>Las aplicaciones deben ser enviadas electr\u00f3nicamente por personal directivo, acad\u00e9mico o docente de una \u00cdES miembro de la OUI.<\/li>\n<li>Las IES que apliquen deben estar al d\u00eda con las obligaciones de membres\u00eda de la OUI, seg\u00fan lo establecido en el Art\u00edculo 12 de su Declaraci\u00f3n de Principios y Estatutos.<\/li>\n<\/ul>\n<p>[\/vc_column_text][vc_column_text css=\u00bb\u00bb]<\/p>\n<h3><strong>6. Calendario de la convocatoria<\/strong><\/h3>\n<p>El proceso de convocatoria se realizar\u00e1 seg\u00fan el siguiente calendario:<strong>\u00a0<\/strong><\/p>\n<table width=\"607\">\n<tbody>\n<tr>\n<td width=\"361\"><strong>Actividad<\/strong><\/td>\n<td width=\"247\"><strong>Plazo<\/strong><\/td>\n<\/tr>\n<tr>\n<td width=\"361\">Env\u00edo de res\u00famenes<\/td>\n<td width=\"247\">28 de septiembre 2025<\/td>\n<\/tr>\n<tr>\n<td width=\"361\">Selecci\u00f3n de res\u00famenes<\/td>\n<td width=\"247\">10 de octubre 2025<\/td>\n<\/tr>\n<tr>\n<td width=\"361\">Lanzamiento de las actividades<\/td>\n<td width=\"247\">A m\u00e1s tardar durante el primer trismestre 2026<\/td>\n<\/tr>\n<\/tbody>\n<\/table>\n<p>[\/vc_column_text][vc_column_text css=\u00bb\u00bb]Preguntas o informaci\u00f3n: <a href=\"mailto:cursos@oui-iohe.org\">cursos@oui-iohe.org<\/a>[\/vc_column_text][\/vc_column][\/vc_row]<\/p>\n<\/div>","protected":false},"excerpt":{"rendered":"<p>[vc_row][vc_column][vc_custom_heading source=\u00bbpost_title\u00bb use_theme_fonts=\u00bbyes\u00bb css=\u00bb\u00bb][\/vc_column][\/vc_row][vc_row][vc_column][vc_column_text css=\u00bb\u00bb] 1. Presentaci\u00f3n En su plan estrat\u00e9gico 2023-2030, la OUI incorpor\u00f3 como uno de sus objetivos [&hellip;]<\/p>\n","protected":false},"author":4,"featured_media":0,"parent":0,"menu_order":0,"comment_status":"closed","ping_status":"closed","template":"","meta":{"_acf_changed":false,"_monsterinsights_skip_tracking":false,"_monsterinsights_sitenote_active":false,"_monsterinsights_sitenote_note":"","_monsterinsights_sitenote_category":0,"footnotes":""},"class_list":["post-18886","page","type-page","status-publish","hentry"],"acf":[],"aioseo_notices":[],"_links":{"self":[{"href":"https:\/\/oui-iohe.org\/es\/wp-json\/wp\/v2\/pages\/18886","targetHints":{"allow":["GET"]}}],"collection":[{"href":"https:\/\/oui-iohe.org\/es\/wp-json\/wp\/v2\/pages"}],"about":[{"href":"https:\/\/oui-iohe.org\/es\/wp-json\/wp\/v2\/types\/page"}],"author":[{"embeddable":true,"href":"https:\/\/oui-iohe.org\/es\/wp-json\/wp\/v2\/users\/4"}],"replies":[{"embeddable":true,"href":"https:\/\/oui-iohe.org\/es\/wp-json\/wp\/v2\/comments?post=18886"}],"version-history":[{"count":12,"href":"https:\/\/oui-iohe.org\/es\/wp-json\/wp\/v2\/pages\/18886\/revisions"}],"predecessor-version":[{"id":18937,"href":"https:\/\/oui-iohe.org\/es\/wp-json\/wp\/v2\/pages\/18886\/revisions\/18937"}],"wp:attachment":[{"href":"https:\/\/oui-iohe.org\/es\/wp-json\/wp\/v2\/media?parent=18886"}],"curies":[{"name":"wp","href":"https:\/\/api.w.org\/{rel}","templated":true}]}}