{"id":19453,"date":"2025-11-06T21:59:40","date_gmt":"2025-11-07T02:59:40","guid":{"rendered":"https:\/\/oui-iohe.org\/?page_id=19453"},"modified":"2026-02-25T11:28:43","modified_gmt":"2026-02-25T16:28:43","slug":"mooc-emovies-curso-introduccion-al-aprendizaje-coil","status":"publish","type":"page","link":"https:\/\/oui-iohe.org\/es\/mooc-emovies-curso-introduccion-al-aprendizaje-coil\/","title":{"rendered":"MOOC-eMOVIES Curso Introducci\u00f3n al Aprendizaje Colaborativo Internacional en L\u00ednea (COIL)"},"content":{"rendered":"<div class=\"wpb-content-wrapper\"><p>[vc_row][vc_column][vc_custom_heading text=\u00bbMOOC-eMOVIES Curso Introducci\u00f3n al Aprendizaje Colaborativo Internacional en L\u00ednea (COIL)\u00bb font_container=\u00bbtag:h1|text_align:left\u00bb use_theme_fonts=\u00bbyes\u00bb css=\u00bb\u00bb][\/vc_column][\/vc_row][vc_row full_width=\u00bbstretch_row\u00bb css=\u00bb.vc_custom_1637381155429{background-color: #f1f1f1 !important;}\u00bb][vc_column][vc_column_text css=\u00bb\u00bb]<span style=\"font-weight: 400;\">En la actualidad, la internacionalizaci\u00f3n se ha consolidado como un eje estrat\u00e9gico en la educaci\u00f3n superior, ya que permite formar profesionales capaces de desenvolverse en entornos diversos, interconectados y en constante transformaci\u00f3n. M\u00e1s all\u00e1 de la movilidad f\u00edsica, la internacionalizaci\u00f3n del curr\u00edculo busca generar experiencias acad\u00e9micas que fortalezcan la perspectiva global, el respeto intercultural y la colaboraci\u00f3n entre pares de diferentes pa\u00edses.<\/span><\/p>\n<p><span style=\"font-weight: 400;\">En este marco, el Aprendizaje Colaborativo Internacional en L\u00ednea (COIL) se presenta como una metodolog\u00eda innovadora que conecta a docentes y estudiantes de distintas regiones del mundo para desarrollar proyectos conjuntos en entornos virtuales. Este enfoque promueve competencias internacionales, interculturales y digitales, esenciales para una educaci\u00f3n superior alineada con las demandas de un mundo globalizado.<\/span><\/p>\n<p><span style=\"font-weight: 400;\">Este curso ofrece un recorrido por los aspectos conceptuales, metodol\u00f3gicos y t\u00e9cnicos del modelo COIL. A lo largo de cuatro semanas, y en un formato 100 % autogestivo, los participantes acceder\u00e1n a materiales did\u00e1cticos, lecturas, videos y actividades pr\u00e1cticas que les permitir\u00e1n comprender el modelo COIL y explorar su aplicaci\u00f3n en sus propias asignaturas.<\/span>[\/vc_column_text][\/vc_column][\/vc_row][vc_row][vc_column width=\u00bb1\/2&#8243;][vc_custom_heading text=\u00bbObjetivo\u00bb use_theme_fonts=\u00bbyes\u00bb][vc_column_text css=\u00bb\u00bb]<span style=\"font-weight: 400;\">Conocer los principales conceptos y etapas del modelo de Aprendizaje Colaborativo Internacional en L\u00ednea (COIL), identificando sus beneficios, retos y posibilidades de aplicaci\u00f3n en la educaci\u00f3n superior, para proponer una intervenci\u00f3n educativa viable.<\/span>[\/vc_column_text][\/vc_column][vc_column width=\u00bb1\/2&#8243;][vc_custom_heading text=\u00bbDirigido a\u00bb use_theme_fonts=\u00bbyes\u00bb][vc_column_text css=\u00bb\u00bb]<span style=\"font-weight: 400;\">Docentes universitarios\u00a0 de instituciones miembros de la OUI.<\/span>[\/vc_column_text][\/vc_column][\/vc_row][vc_row][vc_column][vc_custom_heading text=\u00bbPerfil de egreso\u00bb use_theme_fonts=\u00bbyes\u00bb css=\u00bb\u00bb][vc_column_text css=\u00bb\u00bb]<span style=\"font-weight: 400;\">Al concluir el curso, el participante:<\/span><\/p>\n<ul>\n<li style=\"font-weight: 400;\" aria-level=\"1\"><span style=\"font-weight: 400;\">Reconocer\u00e1 la importancia de la internacionalizaci\u00f3n del curr\u00edculo y el papel del COIL como estrategia innovadora.<\/span><\/li>\n<li style=\"font-weight: 400;\" aria-level=\"1\"><span style=\"font-weight: 400;\">Identificar\u00e1 los elementos y beneficios clave del COIL como estrategia innovadora.<\/span><\/li>\n<li style=\"font-weight: 400;\" aria-level=\"1\"><span style=\"font-weight: 400;\">Comprender las etapas del modelo COIL para integrarlas de manera efectiva en la experiencia de aula.<\/span><\/li>\n<\/ul>\n<p>[\/vc_column_text][\/vc_column][\/vc_row][vc_row][vc_column][vc_separator color=\u00bbiohe-orange\u00bb border_width=\u00bb6&#8243;][\/vc_column][\/vc_row][vc_row][vc_column width=\u00bb1\/2&#8243;][vc_toggle title=\u00bbContenidos\u00bb style=\u00bbround_outline\u00bb color=\u00bbgreen\u00bb size=\u00bblg\u00bb css=\u00bb\u00bb]<\/p>\n<ul>\n<li><span style=\"font-weight: 400;\">Unidad 1. La internacionalizaci\u00f3n del curr\u00edculo en la Educaci\u00f3n Superior<\/span><\/li>\n<li>Unidad 2. Fundamentos del Aprendizaje Colaborativo Internacional en L\u00ednea (COIL)<\/li>\n<li>Unidad 3. Etapas del dise\u00f1o COIL<\/li>\n<\/ul>\n<p>[\/vc_toggle][vc_toggle title=\u00bbDuraci\u00f3n\u00bb style=\u00bbround_outline\u00bb color=\u00bbgreen\u00bb size=\u00bblg\u00bb css=\u00bb\u00bb]<strong>Curso:<\/strong><\/p>\n<p>5 de marzo a 26 de marzo de 2026<\/p>\n<ul>\n<li>4 semanas<\/li>\n<\/ul>\n<p>[\/vc_toggle][\/vc_column][vc_column width=\u00bb1\/2&#8243;][vc_toggle title=\u00bbModalidad\u00bb style=\u00bbround_outline\u00bb color=\u00bbgreen\u00bb size=\u00bblg\u00bb css=\u00bb\u00bb]Virtual, self-paced[\/vc_toggle][\/vc_column][\/vc_row][vc_row][vc_column][vc_btn title=\u00bbInscripci\u00f3n al curso\u00bb style=\u00bbflat\u00bb shape=\u00bbsquare\u00bb color=\u00bbiohe-orange\u00bb css=\u00bb\u00bb link=\u00bburl:https%3A%2F%2Fdocs.google.com%2Fforms%2Fd%2Fe%2F1FAIpQLSfiHGtTwndAwhqkSAGKVfDhwKD_2scxpLQcrj3dYaXsiA7ofQ%2Fviewform%3Fusp%3Ddialog\u00bb][vc_column_text css=\u00bb\u00bb]<span lang=\"ES\">Cierre de Inscripciones: 20 de febrero <span style=\"font-weight: 400;\">2026<\/span><\/span>[\/vc_column_text][vc_column_text css=\u00bb\u00bb]Cupos limitados[\/vc_column_text][\/vc_column][\/vc_row][vc_row][vc_column][vc_column_text css=\u00bb\u00bb]* Este curso es totalmente gratuito.<\/p>\n<p>* Para la asignaci\u00f3n de los cupos disponibles se tendr\u00e1 en cuenta el cumplimiento de los derechos y deberes de los miembros seg\u00fan los\u00a0<a href=\"https:\/\/oui-iohe.org\/wp-content\/uploads\/2020\/08\/Estatutos-OUI_ESP.pdf\" target=\"_blank\" rel=\"noopener\" data-saferedirecturl=\"https:\/\/www.google.com\/url?q=https:\/\/oui-iohe.org\/wp-content\/uploads\/2020\/08\/Estatutos-OUI_ESP.pdf&amp;source=gmail&amp;ust=1772120315030000&amp;usg=AOvVaw0MwPhvnBS7Bv1N8yInTT3C\">estatutos<\/a>\u00a0de la Organizaci\u00f3n Universitaria Interamericana.[\/vc_column_text][\/vc_column][\/vc_row][vc_row full_width=\u00bbstretch_row\u00bb css=\u00bb.vc_custom_1637381754432{background-color: #f1f1f1 !important;}\u00bb][vc_column width=\u00bb1\/2&#8243;][vc_single_image image=\u00bb1245&#8243; img_size=\u00bblarge\u00bb][\/vc_column][vc_column width=\u00bb1\/2&#8243;][vc_custom_heading text=\u00bbContacto\u00bb use_theme_fonts=\u00bbyes\u00bb][vc_column_text]<a href=\"mailto:academia@oui-iohe.org\">academia@oui-iohe.org<\/a>[\/vc_column_text][\/vc_column][\/vc_row]<\/p>\n<\/div>","protected":false},"excerpt":{"rendered":"<p>[vc_row][vc_column][vc_custom_heading text=\u00bbMOOC-eMOVIES Curso Introducci\u00f3n al Aprendizaje Colaborativo Internacional en L\u00ednea (COIL)\u00bb font_container=\u00bbtag:h1|text_align:left\u00bb use_theme_fonts=\u00bbyes\u00bb css=\u00bb\u00bb][\/vc_column][\/vc_row][vc_row full_width=\u00bbstretch_row\u00bb css=\u00bb.vc_custom_1637381155429{background-color: #f1f1f1 !important;}\u00bb][vc_column][vc_column_text css=\u00bb\u00bb]En la [&hellip;]<\/p>\n","protected":false},"author":4,"featured_media":19475,"parent":0,"menu_order":0,"comment_status":"closed","ping_status":"closed","template":"","meta":{"_acf_changed":false,"_monsterinsights_skip_tracking":false,"_monsterinsights_sitenote_active":false,"_monsterinsights_sitenote_note":"","_monsterinsights_sitenote_category":0,"footnotes":""},"class_list":["post-19453","page","type-page","status-publish","has-post-thumbnail","hentry"],"acf":[],"aioseo_notices":[],"_links":{"self":[{"href":"https:\/\/oui-iohe.org\/es\/wp-json\/wp\/v2\/pages\/19453","targetHints":{"allow":["GET"]}}],"collection":[{"href":"https:\/\/oui-iohe.org\/es\/wp-json\/wp\/v2\/pages"}],"about":[{"href":"https:\/\/oui-iohe.org\/es\/wp-json\/wp\/v2\/types\/page"}],"author":[{"embeddable":true,"href":"https:\/\/oui-iohe.org\/es\/wp-json\/wp\/v2\/users\/4"}],"replies":[{"embeddable":true,"href":"https:\/\/oui-iohe.org\/es\/wp-json\/wp\/v2\/comments?post=19453"}],"version-history":[{"count":6,"href":"https:\/\/oui-iohe.org\/es\/wp-json\/wp\/v2\/pages\/19453\/revisions"}],"predecessor-version":[{"id":20587,"href":"https:\/\/oui-iohe.org\/es\/wp-json\/wp\/v2\/pages\/19453\/revisions\/20587"}],"wp:featuredmedia":[{"embeddable":true,"href":"https:\/\/oui-iohe.org\/es\/wp-json\/wp\/v2\/media\/19475"}],"wp:attachment":[{"href":"https:\/\/oui-iohe.org\/es\/wp-json\/wp\/v2\/media?parent=19453"}],"curies":[{"name":"wp","href":"https:\/\/api.w.org\/{rel}","templated":true}]}}