{"id":19500,"date":"2025-11-07T14:54:03","date_gmt":"2025-11-07T19:54:03","guid":{"rendered":"https:\/\/oui-iohe.org\/?page_id=19500"},"modified":"2026-04-13T16:46:15","modified_gmt":"2026-04-13T20:46:15","slug":"convocatoria-curso-diseno-y-planificacion-coil","status":"publish","type":"page","link":"https:\/\/oui-iohe.org\/es\/convocatoria-curso-diseno-y-planificacion-coil\/","title":{"rendered":"Convocatoria Curso \u201cDise\u00f1o y planificaci\u00f3n para la implementaci\u00f3n de intervenciones educativas en ambientes COIL\u201d"},"content":{"rendered":"<div class=\"wpb-content-wrapper\"><p>[vc_row][vc_column][vc_custom_heading text=\u00bbPrograma de Becas OUI 2026&#8243; font_container=\u00bbtag:h1|text_align:left\u00bb use_theme_fonts=\u00bbyes\u00bb css=\u00bb\u00bb][vc_custom_heading text=\u00bbCurso \u201cDise\u00f1o y planificaci\u00f3n para la implementaci\u00f3n de intervenciones educativas en ambientes COIL\u201d\u00bb use_theme_fonts=\u00bbyes\u00bb css=\u00bb\u00bb][vc_column_text css=\u00bb\u00bb]<\/p>\n<ul>\n<li><b><b>Fecha de Apertura:<\/b><\/b>11 de noviembre de 2025<\/li>\n<li><b>Fecha de Cierre: <\/b>22 de abril de 2026<\/li>\n<li><b>Fecha l\u00edmite recepci\u00f3n de Documentos: <\/b>22 de abril de 2026<\/li>\n<\/ul>\n<p>[\/vc_column_text][vc_separator][vc_column_text]<\/p>\n<ul>\n<li><strong>Destinatarios de las Becas: <\/strong><\/li>\n<\/ul>\n<p>Personal directivo, acad\u00e9mico y administrativo de las instituciones de educaci\u00f3n superior miembros <span style=\"font-weight: 400;\">regulares y activos <\/span>de la OUI, que pertenezcan al \u00e1rea relacionada con la tem\u00e1tica del curso y cuya formaci\u00f3n impacte directamente en el cargo que desempe\u00f1a en la IES miembro.[\/vc_column_text][vc_column_text css=\u00bb\u00bb]<\/p>\n<ul>\n<li><strong>Criterios de elegibilidad seg\u00fan tipo de beca:<\/strong><\/li>\n<\/ul>\n<table>\n<tbody>\n<tr>\n<td width=\"294\">\n<p style=\"text-align: center;\"><strong>Beca Solidaridad OUI<\/strong><\/p>\n<\/td>\n<td width=\"294\">\n<p style=\"text-align: center;\"><strong>Beca Fidelidad OUI<\/strong><\/p>\n<\/td>\n<\/tr>\n<tr>\n<td width=\"294\">\n<ul>\n<li>Ser nacional o residente permanente de alguno de los siguientes pa\u00edses: Argentina, Bolivia, Cuba, El Salvador,\u00a0 Guatemala, Hait\u00ed, Honduras, Nicaragua y Venezuela.<\/li>\n<\/ul>\n<\/td>\n<td width=\"294\">\n<ul>\n<li>Beca disponible para aspirantes de Instituciones miembros que tienen una participaci\u00f3n activa en la OUI.<\/li>\n<\/ul>\n<\/td>\n<\/tr>\n<tr>\n<td width=\"294\">\n<ul>\n<li>Pertenecer a una IES miembro de la OUI.<\/li>\n<\/ul>\n<\/td>\n<td width=\"294\">\n<ul>\n<li>Pertenecer a una instituci\u00f3n que tenga una participaci\u00f3n activa en la OUI.<\/li>\n<\/ul>\n<\/td>\n<\/tr>\n<tr>\n<td width=\"294\">\n<ul>\n<li>Estar en funciones en una IES\u00a0 miembro de la OUI<\/li>\n<\/ul>\n<\/td>\n<td width=\"294\">\n<ul>\n<li>Estar en funciones en una IES\u00a0 miembro de la OUI<\/li>\n<\/ul>\n<\/td>\n<\/tr>\n<tr>\n<td width=\"294\">\n<ul>\n<li>Contar con el respaldo de su IES, a trav\u00e9s de una recomendaci\u00f3n de directa de Rector\u00eda o la Oficina de <em>Relaciones.<\/em><\/li>\n<\/ul>\n<\/td>\n<td width=\"294\">\n<ul>\n<li>Contar con el respaldo de su IES, a trav\u00e9s de una recomendaci\u00f3n de directa de Rector\u00eda o la Oficina de <em>Relaciones.<\/em><\/li>\n<\/ul>\n<\/td>\n<\/tr>\n<tr>\n<td width=\"294\"><em>Beca completa, se otorga el 100% del costo del curso, sin embargo se aplicar\u00e1\u00a0 un fee de 100 USD por gastos administrativos.<\/em><\/td>\n<td width=\"294\"><em>Media beca que representa una reducci\u00f3n\u00a0 del 50% del costo general del curso.<\/em><\/td>\n<\/tr>\n<tr>\n<td style=\"text-align: center;\" colspan=\"2\" width=\"589\"><em>(*) Se tomar\u00e1 en cuenta el cumplimiento de los derechos y deberes de los miembros<\/em>.<\/td>\n<\/tr>\n<\/tbody>\n<\/table>\n<p>[\/vc_column_text][vc_column_text css=\u00bb\u00bb]<\/p>\n<ul>\n<li aria-level=\"1\"><b>Requisitos para presentar postulaci\u00f3n:<\/b><\/li>\n<\/ul>\n<p>&nbsp;<\/p>\n<ol>\n<li style=\"font-weight: 400;\" aria-level=\"1\"><b>Carta de recomendaci\u00f3n: <\/b><span style=\"font-weight: 400;\">Emitida por la Rector\u00eda o la Direcci\u00f3n de Relaciones Internacionales de su instituci\u00f3n.\u00a0<\/span><\/li>\n<li style=\"font-weight: 400;\" aria-level=\"1\"><b>Copia de su Identificaci\u00f3n emitida por su IES: <\/b><span style=\"font-weight: 400;\">Credencial o ID equivalente que ampare la relaci\u00f3n contractual con la IES a la que pertenece.\u00a0<\/span><\/li>\n<li style=\"font-weight: 400;\" aria-level=\"1\"><span style=\"font-weight: 400;\">Completar y enviar el <\/span><a href=\"https:\/\/docs.google.com\/forms\/d\/e\/1FAIpQLSfBLawhkFwC-5WKLdzQ6m8USgxTWwwxC_qL-3qwn5mQbLAKbg\/viewform?usp=publish-editor\"><b>Formulario de Aplicaci\u00f3n<\/b><\/a><span style=\"font-weight: 400;\"> debidamente integrado.<\/span><\/li>\n<\/ol>\n<p>&nbsp;<\/p>\n<ul>\n<li aria-level=\"1\"><b>Sobre la recepci\u00f3n de postulaciones.<\/b><\/li>\n<\/ul>\n<p>&nbsp;<\/p>\n<p><span style=\"font-weight: 400;\">Los expedientes completos ser\u00e1n recibidos hasta el <b>22 de abril de 2026<\/b><\/span>\u00a0<b>a las 23:59 hora de Montreal<\/b><span style=\"font-weight: 400;\">,\u00a0 a trav\u00e9s del formulario en l\u00ednea.<\/span><\/p>\n<p><span style=\"font-weight: 400;\">Antes de completar el formulario, aseg\u00farese de tener preparados los documentos requeridos (su carta de recomendaci\u00f3n y la copia de su identificaci\u00f3n en formato PDF).<\/span><\/p>\n<p><span style=\"font-weight: 400;\">Los expedientes incompletos no ser\u00e1n procesados.<\/span><\/p>\n<p><span style=\"font-weight: 400;\">Una vez realizada la solicitud con la totalidad de los requisitos exigidos, las candidaturas ser\u00e1n evaluadas por el Comit\u00e9 de Asignaci\u00f3n de Becas OUI para seleccionar a los mejores candidatos. La decisi\u00f3n ser\u00e1 comunicada por correo electr\u00f3nico al postulante y a sus autoridades universitarias el d\u00eda <b>23 de abril de 2026<\/b><\/span><strong>. <\/strong><\/p>\n<p><span style=\"font-weight: 400;\">Los resultados estar\u00e1n disponibles en el sitio<\/span> <span style=\"font-weight: 400;\">www.oui-iohe.org<\/span><span style=\"font-weight: 400;\"> a partir del<\/span><b> 27 de abril de 2026<\/b><span style=\"font-weight: 400;\">.<\/span><\/p>\n<p>&nbsp;<\/p>\n<p><a href=\"https:\/\/oui-iohe.org\/es\/becas-oui\/\"><span style=\"font-weight: 400;\">M\u00e1s informaci\u00f3n<\/span><\/a><span style=\"font-weight: 400;\"> sobre el Programa de Becas OUI<\/span>[\/vc_column_text][\/vc_column][\/vc_row][vc_row][vc_column][\/vc_column][\/vc_row]<\/p>\n<\/div>","protected":false},"excerpt":{"rendered":"<p>[vc_row][vc_column][vc_custom_heading text=\u00bbPrograma de Becas OUI 2026&#8243; font_container=\u00bbtag:h1|text_align:left\u00bb use_theme_fonts=\u00bbyes\u00bb css=\u00bb\u00bb][vc_custom_heading text=\u00bbCurso \u201cDise\u00f1o y planificaci\u00f3n para la implementaci\u00f3n de intervenciones educativas en [&hellip;]<\/p>\n","protected":false},"author":4,"featured_media":0,"parent":0,"menu_order":0,"comment_status":"closed","ping_status":"closed","template":"","meta":{"_acf_changed":false,"_monsterinsights_skip_tracking":false,"_monsterinsights_sitenote_active":false,"_monsterinsights_sitenote_note":"","_monsterinsights_sitenote_category":0,"footnotes":""},"class_list":["post-19500","page","type-page","status-publish","hentry"],"acf":[],"aioseo_notices":[],"_links":{"self":[{"href":"https:\/\/oui-iohe.org\/es\/wp-json\/wp\/v2\/pages\/19500","targetHints":{"allow":["GET"]}}],"collection":[{"href":"https:\/\/oui-iohe.org\/es\/wp-json\/wp\/v2\/pages"}],"about":[{"href":"https:\/\/oui-iohe.org\/es\/wp-json\/wp\/v2\/types\/page"}],"author":[{"embeddable":true,"href":"https:\/\/oui-iohe.org\/es\/wp-json\/wp\/v2\/users\/4"}],"replies":[{"embeddable":true,"href":"https:\/\/oui-iohe.org\/es\/wp-json\/wp\/v2\/comments?post=19500"}],"version-history":[{"count":3,"href":"https:\/\/oui-iohe.org\/es\/wp-json\/wp\/v2\/pages\/19500\/revisions"}],"predecessor-version":[{"id":20971,"href":"https:\/\/oui-iohe.org\/es\/wp-json\/wp\/v2\/pages\/19500\/revisions\/20971"}],"wp:attachment":[{"href":"https:\/\/oui-iohe.org\/es\/wp-json\/wp\/v2\/media?parent=19500"}],"curies":[{"name":"wp","href":"https:\/\/api.w.org\/{rel}","templated":true}]}}