{"id":19853,"date":"2026-01-24T18:21:32","date_gmt":"2026-01-24T23:21:32","guid":{"rendered":"https:\/\/oui-iohe.org\/?page_id=19853"},"modified":"2026-04-10T12:59:46","modified_gmt":"2026-04-10T16:59:46","slug":"curso-gestion-estrategica-de-la-sostenibilidad-en-la-educacion-superior","status":"publish","type":"page","link":"https:\/\/oui-iohe.org\/es\/curso-gestion-estrategica-de-la-sostenibilidad-en-la-educacion-superior\/","title":{"rendered":"Gesti\u00f3n estrat\u00e9gica de la sostenibilidad en la educaci\u00f3n superior"},"content":{"rendered":"<div class=\"wpb-content-wrapper\"><p>[vc_row][vc_column][vc_custom_heading text=\u00bbCurso \u201cGesti\u00f3n estrat\u00e9gica de la sostenibilidad en la educaci\u00f3n superior\u201d\u00bb font_container=\u00bbtag:h1|text_align:left\u00bb use_theme_fonts=\u00bbyes\u00bb css=\u00bb\u00bb][\/vc_column][\/vc_row][vc_row full_width=\u00bbstretch_row\u00bb css=\u00bb.vc_custom_1637381155429{background-color: #f1f1f1 !important;}\u00bb][vc_column][vc_column_text css=\u00bb\u00bb]La sostenibilidad se ha posicionado como un eje estrat\u00e9gico fundamental para el presente y el futuro de la educaci\u00f3n superior, en tanto responde a los desaf\u00edos globales vinculados al desarrollo sostenible y a la responsabilidad social de las instituciones universitarias.<\/p>\n<p>El curso <em>Gesti\u00f3n estrat\u00e9gica de la sostenibilidad en la educaci\u00f3n superior<\/em> est\u00e1 orientado al desarrollo de competencias de liderazgo estrat\u00e9gico en los equipos directivos de las instituciones de educaci\u00f3n superior, con el fin de favorecer la integraci\u00f3n transversal de la sostenibilidad en la gesti\u00f3n institucional, la docencia, la investigaci\u00f3n y la vinculaci\u00f3n con el entorno. A lo largo de cuatro m\u00f3dulos, las y los participantes analizar\u00e1n el papel del liderazgo y la gobernanza sostenible, examinar\u00e1n enfoques y estrategias para la incorporaci\u00f3n de la sostenibilidad en los procesos acad\u00e9micos y misionales, y fortalecer\u00e1n capacidades para la formulaci\u00f3n y gesti\u00f3n de proyectos con enfoque de sostenibilidad.<\/p>\n<p>El curso culmina con el dise\u00f1o de una estrategia institucional orientada a atender problem\u00e1ticas reales de la educaci\u00f3n superior, promoviendo la innovaci\u00f3n, la mejora continua y el compromiso de las instituciones con los principios del desarrollo sostenible[\/vc_column_text][\/vc_column][\/vc_row][vc_row][vc_column width=\u00bb1\/2&#8243;][vc_custom_heading text=\u00bbObjetivo\u00bb use_theme_fonts=\u00bbyes\u00bb][vc_column_text css=\u00bb\u00bb]Desarrollar competencias de liderazgo estrat\u00e9gico en los equipos directivos de las instituciones de educaci\u00f3n superior para integrar la sostenibilidad de manera transversal en la gesti\u00f3n, docencia, investigaci\u00f3n y vinculaci\u00f3n de sus instituciones.[\/vc_column_text][\/vc_column][vc_column width=\u00bb1\/2&#8243;][vc_custom_heading text=\u00bbDirigido a\u00bb use_theme_fonts=\u00bbyes\u00bb][vc_column_text css=\u00bb\u00bb]Equipos directivos y altos administrativos de las IES[\/vc_column_text][\/vc_column][\/vc_row][vc_row][vc_column][vc_custom_heading text=\u00bbPerfil de egreso\u00bb use_theme_fonts=\u00bbyes\u00bb css=\u00bb\u00bb][vc_column_text css=\u00bb\u00bb]Al\u00a0 finalizar el cursos los participantes ser\u00e1n capaces de:<\/p>\n<ul>\n<li>Aplicar principios de liderazgo sostenible para impulsar la transformaci\u00f3n de sus instituciones hacia modelos de educaci\u00f3n superior m\u00e1s sostenibles.<\/li>\n<li>Desarrollar e implementar marcos de gobernanza y gesti\u00f3n que permitan integrar la sostenibilidad de manera estrat\u00e9gica y operativa en todas las funciones universitarias.<\/li>\n<\/ul>\n<p>[\/vc_column_text][\/vc_column][\/vc_row][vc_row][vc_column][vc_separator color=\u00bbiohe-orange\u00bb border_width=\u00bb6&#8243;][\/vc_column][\/vc_row][vc_row][vc_column width=\u00bb1\/2&#8243;][vc_toggle title=\u00bbContenidos\u00bb style=\u00bbround_outline\u00bb color=\u00bbgreen\u00bb size=\u00bblg\u00bb css=\u00bb\u00bb]<strong>M\u00f3dulo 1: El liderazgo y gesti\u00f3n sostenible en la educaci\u00f3n superior <\/strong><\/p>\n<ul>\n<li>Unidad 1. Liderazgo y gobernanza para la sostenibilidad<\/li>\n<li>Unidad 2. Estrategia, planificaci\u00f3n y gesti\u00f3n del cambio<\/li>\n<\/ul>\n<p><strong>M\u00f3dulo 2: La integraci\u00f3n de la sostenibilidad en los ecosistemas de la educaci\u00f3n superior<\/strong><\/p>\n<ul>\n<li>Unidad 1. La sostenibilidad en la educaci\u00f3n y la investigaci\u00f3n<\/li>\n<li>Unidad 2. La sostenibilidad en la vinculaci\u00f3n y la gesti\u00f3n de la educaci\u00f3n superior<\/li>\n<\/ul>\n<p><strong>M\u00f3dulo 3: La gesti\u00f3n de proyectos de sostenibilidad<\/strong><\/p>\n<ul>\n<li>Unidad 1. Dise\u00f1o y gesti\u00f3n de proyectos de sostenibilidad<\/li>\n<li>Unidad 2.\u00a0 Medici\u00f3n, evaluaci\u00f3n y uso de resultados para la gesti\u00f3n de la sostenibilidad<\/li>\n<\/ul>\n<p><strong>M\u00f3dulo 4: Dise\u00f1o del proyecto virtual\/presencial<\/strong><\/p>\n<ul>\n<li>Desarrollo de una Estrategia de sostenibilidad para Instituciones de Educaci\u00f3n Superior<\/li>\n<\/ul>\n<p>[\/vc_toggle][vc_toggle title=\u00bbDuraci\u00f3n\u00bb style=\u00bbround_outline\u00bb color=\u00bbgreen\u00bb size=\u00bblg\u00bb css=\u00bb\u00bb]11 de mayo a 24 de junio de 2026<\/p>\n<ul>\n<li>6 semanas curso +2 semanas asesor\u00eda individual.<\/li>\n<\/ul>\n<p>[\/vc_toggle][\/vc_column][vc_column width=\u00bb1\/2&#8243;][vc_toggle title=\u00bbConferencias\u00bb style=\u00bbround_outline\u00bb color=\u00bbgreen\u00bb size=\u00bblg\u00bb css=\u00bb\u00bb]<strong>Conferencia magistral de apertura<\/strong><\/p>\n<div><strong><em>\u00abUniversidades que transforman: educaci\u00f3n superior y ODS\u00bb.<\/em><\/strong><\/div>\n<p>13 de mayo a las 11:00 am Montreal (EDT)<\/p>\n<p><b> <img loading=\"lazy\" decoding=\"async\" class=\"alignnone wp-image-18584\" src=\"https:\/\/oui-iohe.org\/wp-content\/uploads\/2025\/05\/1.-Victoria-Galan-MurosBN2.jpg\" alt=\"\" width=\"115\" height=\"160\" \/><\/b><\/p>\n<p><b>Victoria Gal\u00e1n-Muros PhD\u00a0<\/b><\/p>\n<div><\/div>\n<p><b>CEO Innovative Futures Institute y Experta en Educaci\u00f3n Superior para la Comisi\u00f3n Europea<\/b><\/p>\n<div role=\"presentation\">Destacada analista, investigadora y asesora de educaci\u00f3n superior que ha trabajado en m\u00e1s de 50 pa\u00edses. Coautora de 125 informes t\u00e9cnicos y m\u00e1s de 70 publicaciones acad\u00e9micas, ha sido invitada como docente en 12 universidades, capacitadora de ejecutivos en 26 pa\u00edses y ponente en m\u00e1s de 180 eventos.<\/div>\n<div role=\"presentation\">Actualmente es experta para la Comisi\u00f3n Europea, CEO en Innovative Futures Institute, y asesora senior de varias firmas consultoras internacionales. Recientemente, ha sido directora de investigaci\u00f3n y an\u00e1lisis en el Instituto Internacional de la UNESCO para la educaci\u00f3n superior (Paris), y antes de esto directora de investigaci\u00f3n en Global Institute on Innovation Districts (Nueva York), analista en la OCDE (Paris), consultora asociada senior en Technopolis Group (Londres), asesora de Santander Universidades (Madrid) y directora de pol\u00edticas en la University &#8211; Industry Innovation Network (Amsterdam), entre otros cargos.<\/div>\n<div role=\"presentation\"><\/div>\n<div role=\"presentation\">Tiene dos licenciaturas por la Universidad de Granada, una maestr\u00eda por la London School of Economics (Londres) y un doctorado en vinculaci\u00f3n universitaria por la Vrije Universiteit (Amsterdam).<\/div>\n<p>[\/vc_toggle][vc_toggle title=\u00bbEquipo docente\u00bb style=\u00bbround_outline\u00bb color=\u00bbgreen\u00bb size=\u00bblg\u00bb css=\u00bb\u00bb]<strong>\u00a0<img loading=\"lazy\" decoding=\"async\" class=\"alignnone wp-image-18584\" src=\"https:\/\/oui-iohe.org\/wp-content\/uploads\/2025\/05\/1.-Victoria-Galan-MurosBN2.jpg\" alt=\"\" width=\"146\" height=\"204\" \/><\/strong><\/p>\n<p><strong>Dra. Victoria Gal\u00e1n-Muros (Espa\u00f1a)<\/strong><\/p>\n<p><strong>Dise\u00f1adora de contenidos<\/strong><\/p>\n<p>Doctora en Cooperaci\u00f3n Universidad-Empresa por la Universidad Libre de Amsterdam, m\u00e1ster en Metodolog\u00edas de Investigaci\u00f3n Social por la London School of Economics y licenciada en Administraci\u00f3n de Empresas e Investigaci\u00f3n de Mercados por la Universidad de Granada.<\/p>\n<p>Reconocida experta en educaci\u00f3n superior que ha trabajado internacionalmente conectando a los actores de la cu\u00e1druple h\u00e9lice durante m\u00e1s de 15 a\u00f1os en m\u00e1s de 50 pa\u00edses. Victoria se especializa en pol\u00edtica, gesti\u00f3n, innovaci\u00f3n y vinculaci\u00f3n de educaci\u00f3n superior, habilidades del futuro as\u00ed como universidad y desarrollo.<\/p>\n<p>Es coautora de m\u00e1s de 60 publicaciones acad\u00e9micas y m\u00e1s de 120 informes t\u00e9cnicos\/de consultor\u00eda para la Comisi\u00f3n Europea, la OCDE, la UNESCO, la OEI, el DAAD, gobiernos y universidades de todo el mundo. Ha sido profesora invitada en 15 universidades de cuatro continentes, ponente en m\u00e1s de 170 eventos y dise\u00f1adora e impartidora de capacitaci\u00f3n ejecutiva en m\u00e1s de 30 pa\u00edses.<\/p>\n<p>Anteriormente, fue analista de pol\u00edticas en la OCDE (Par\u00eds), consultora asociada s\u00e9nior en Technopolis Group UK (Londres), directora de investigaci\u00f3n del Global Institute on Innovation Districts (Nueva York), directora de pol\u00edticas p\u00fablicas de University-Industry Innovation Network (\u00c1msterdam); as\u00ed como co- fundadora y CEO de Innovative Futures Institute, entre otros cargos. Actualmente, es la Directora de Investigaci\u00f3n y An\u00e1lisis del Instituto Internacional de Educaci\u00f3n Superior de la UNESCO y experta para la Comisi\u00f3n Europea (Bruselas)<\/p>\n<p>&#8212;<\/p>\n<p><strong><img loading=\"lazy\" decoding=\"async\" class=\"alignnone size-full wp-image-9225\" src=\"https:\/\/oui-iohe.org\/wp-content\/uploads\/2021\/07\/Gonzalo-Leonardo-Izquierdo.png\" alt=\"\" width=\"204\" height=\"204\" srcset=\"https:\/\/oui-iohe.org\/wp-content\/uploads\/2021\/07\/Gonzalo-Leonardo-Izquierdo.png 204w, https:\/\/oui-iohe.org\/wp-content\/uploads\/2021\/07\/Gonzalo-Leonardo-Izquierdo-150x150.png 150w\" sizes=\"auto, (max-width: 204px) 100vw, 204px\" \/><\/strong><\/p>\n<p><strong>Gonzalo Leonardo Izquierdo <\/strong><b> (<\/b><strong>Ecuador<\/strong><b>)<\/b><\/p>\n<p><b>Tutor acad\u00e9mico<\/b><\/p>\n<p>Doctor en Ciencias Ambientales y Menci\u00f3n Desarrollo Sostenible por la Universidad T\u00e9cnica de Dresden (Alemania), Especialista en Macroeconom\u00eda por la Pontificia Universidad Cat\u00f3lica de Chile, Especialista en Gesti\u00f3n Universitaria por la Organizaci\u00f3n de Estados Iberoamericanos (Espa\u00f1a), Especialista en Gesti\u00f3n del Talento Humano (INDEG-UTPL) y Economista por la Universidad T\u00e9cnica Particular de Loja (Ecuador).<\/p>\n<p>Ha sido profesor e investigador universitario durante 13 a\u00f1os, en programas de grado y posgrado, con experiencia en las \u00e1reas de econom\u00eda, desarrollo sostenible, desarrollo rural, innovaci\u00f3n hacia la sostenibilidad, econom\u00eda circular, medio ambiente, gesti\u00f3n del conocimiento y desarrollo.<\/p>\n<p>Actualmente es Decano del \u00c1rea de Econom\u00eda y Empresa de la UTPL donde se desarrolla en el cargo desde el a\u00f1o 2015. Adem\u00e1s, es Titular de la C\u00e1tedra UNESCO de Desarrollo Sostenible (www.catedraunescods.org) para la regi\u00f3n.[\/vc_toggle][vc_toggle title=\u00bbInversi\u00f3n\u00bb style=\u00bbround_outline\u00bb color=\u00bbgreen\u00bb size=\u00bblg\u00bb css=\u00bb\u00bb]<\/p>\n<table width=\"0\">\n<tbody>\n<tr>\n<td width=\"153\"><strong>INSCRIPCI\u00d3N CURSO<\/strong><\/td>\n<td width=\"100\"><strong>Particular<\/strong><\/td>\n<td width=\"100\"><strong>Miembro OUI<\/strong><\/td>\n<\/tr>\n<tr>\n<td width=\"153\">Un participante<\/td>\n<td width=\"100\">525 USD<\/td>\n<td width=\"100\">420 USD<\/td>\n<\/tr>\n<tr>\n<td width=\"153\">Participante adicional<\/td>\n<td width=\"100\">446 USD<\/td>\n<td width=\"100\">357 USD<\/td>\n<\/tr>\n<\/tbody>\n<\/table>\n<p>[\/vc_toggle][\/vc_column][\/vc_row][vc_row css=\u00bb.vc_custom_1774553619584{background-color: #F1F1F1 !important;}\u00bb][vc_column][vc_column_text css=\u00bb\u00bb]<strong>Esta edici\u00f3n del Curso \u00abGesti\u00f3n Estrat\u00e9gica de la Sostenibilidad en la Educaci\u00f3n Superior\u00bb est\u00e1 dirigida exclusivamente a la membres\u00eda de la OUI.<\/strong><\/p>\n<p><strong>Se otorgar\u00e1n becas equivalentes al 100 % del costo del curso a los postulantes que resulten seleccionados.<\/strong>[\/vc_column_text][\/vc_column][\/vc_row][vc_row][vc_column][vc_btn title=\u00bbInscripci\u00f3n al curso\u00bb style=\u00bbflat\u00bb shape=\u00bbsquare\u00bb color=\u00bbiohe-orange\u00bb css=\u00bb\u00bb link=\u00bburl:%20https%3A%2F%2Fdocs.google.com%2Fforms%2Fd%2Fe%2F1FAIpQLScgajbzwPYvWBMzZ0R2tVXK4-Bnvf0-8o4k-DG4vhYuQoIGCA%2Fviewform%3Fusp%3Dsharing%26ouid%3D117956951006701233761&#8243;][vc_column_text css=\u00bb\u00bb]<span lang=\"ES\">Cierre de Inscripciones: 24 de abril <span style=\"font-weight: 400;\">de 2026<\/span><\/span>[\/vc_column_text][\/vc_column][\/vc_row][vc_row][vc_column][vc_separator color=\u00bbiohe-orange\u00bb border_width=\u00bb6&#8243;][\/vc_column][\/vc_row][vc_row][vc_column][vc_column_text]*Este curso certifica la adquisici\u00f3n de las competencias mediante una <a href=\"https:\/\/oui-iohe.org\/es\/insignia\/\"><strong>Insignia Digital<\/strong> <strong>Acreditta<\/strong><\/a>[\/vc_column_text][vc_column_text css=\u00bb\u00bb]<a href=\"https:\/\/oui-iohe.org\/es\/events\/curso-gestion-estrategica-sostenibilidad-educacion-superior\/\">Clic aqu\u00ed<\/a> para guardar este evento en su calendario[\/vc_column_text][\/vc_column][\/vc_row][vc_row full_width=\u00bbstretch_row\u00bb css=\u00bb.vc_custom_1637381754432{background-color: #f1f1f1 !important;}\u00bb][vc_column width=\u00bb1\/2&#8243;][vc_single_image image=\u00bb1245&#8243; img_size=\u00bblarge\u00bb][\/vc_column][vc_column width=\u00bb1\/2&#8243;][vc_custom_heading text=\u00bbContacto\u00bb use_theme_fonts=\u00bbyes\u00bb][vc_column_text]<a href=\"mailto:academia@oui-iohe.org\">academia@oui-iohe.org<\/a>[\/vc_column_text][\/vc_column][\/vc_row]<\/p>\n<\/div>","protected":false},"excerpt":{"rendered":"<p>[vc_row][vc_column][vc_custom_heading text=\u00bbCurso \u201cGesti\u00f3n estrat\u00e9gica de la sostenibilidad en la educaci\u00f3n superior\u201d\u00bb font_container=\u00bbtag:h1|text_align:left\u00bb use_theme_fonts=\u00bbyes\u00bb css=\u00bb\u00bb][\/vc_column][\/vc_row][vc_row full_width=\u00bbstretch_row\u00bb css=\u00bb.vc_custom_1637381155429{background-color: #f1f1f1 !important;}\u00bb][vc_column][vc_column_text css=\u00bb\u00bb]La sostenibilidad [&hellip;]<\/p>\n","protected":false},"author":4,"featured_media":20753,"parent":0,"menu_order":0,"comment_status":"closed","ping_status":"closed","template":"","meta":{"_acf_changed":false,"_monsterinsights_skip_tracking":false,"_monsterinsights_sitenote_active":false,"_monsterinsights_sitenote_note":"","_monsterinsights_sitenote_category":0,"footnotes":""},"class_list":["post-19853","page","type-page","status-publish","has-post-thumbnail","hentry"],"acf":[],"aioseo_notices":[],"_links":{"self":[{"href":"https:\/\/oui-iohe.org\/es\/wp-json\/wp\/v2\/pages\/19853","targetHints":{"allow":["GET"]}}],"collection":[{"href":"https:\/\/oui-iohe.org\/es\/wp-json\/wp\/v2\/pages"}],"about":[{"href":"https:\/\/oui-iohe.org\/es\/wp-json\/wp\/v2\/types\/page"}],"author":[{"embeddable":true,"href":"https:\/\/oui-iohe.org\/es\/wp-json\/wp\/v2\/users\/4"}],"replies":[{"embeddable":true,"href":"https:\/\/oui-iohe.org\/es\/wp-json\/wp\/v2\/comments?post=19853"}],"version-history":[{"count":12,"href":"https:\/\/oui-iohe.org\/es\/wp-json\/wp\/v2\/pages\/19853\/revisions"}],"predecessor-version":[{"id":20966,"href":"https:\/\/oui-iohe.org\/es\/wp-json\/wp\/v2\/pages\/19853\/revisions\/20966"}],"wp:featuredmedia":[{"embeddable":true,"href":"https:\/\/oui-iohe.org\/es\/wp-json\/wp\/v2\/media\/20753"}],"wp:attachment":[{"href":"https:\/\/oui-iohe.org\/es\/wp-json\/wp\/v2\/media?parent=19853"}],"curies":[{"name":"wp","href":"https:\/\/api.w.org\/{rel}","templated":true}]}}