{"id":20091,"date":"2026-01-28T03:36:50","date_gmt":"2026-01-28T08:36:50","guid":{"rendered":"https:\/\/oui-iohe.org\/?page_id=20091"},"modified":"2026-04-09T20:22:16","modified_gmt":"2026-04-10T00:22:16","slug":"oferta-aula-colaborativa-oui","status":"publish","type":"page","link":"https:\/\/oui-iohe.org\/es\/oferta-aula-colaborativa-oui\/","title":{"rendered":"Oferta Aula Colaborativa OUI"},"content":{"rendered":"<div class=\"wpb-content-wrapper\"><p>[vc_row][vc_column][vc_custom_heading source=\u00bbpost_title\u00bb font_container=\u00bbtag:h1|text_align:left\u00bb use_theme_fonts=\u00bbyes\u00bb][\/vc_column][\/vc_row][vc_row][vc_column][vc_tta_accordion style=\u00bbflat\u00bb shape=\u00bbsquare\u00bb color=\u00bbiohe-orange\u00bb gap=\u00bb35&#8243; c_icon=\u00bbchevron\u00bb c_position=\u00bbright\u00bb active_section=\u00bb9999&#8243; no_fill=\u00bbtrue\u00bb collapsible_all=\u00bbtrue\u00bb][vc_tta_section title=\u00bbDiscover French with the University of Ottawa\u00bb tab_id=\u00bb1734133844588-98a79b3f-f4f7&#8243;][vc_column_text css=\u00bb\u00bb]<\/p>\n<h3><\/h3>\n<h3><img loading=\"lazy\" decoding=\"async\" class=\"alignnone wp-image-20957\" src=\"https:\/\/oui-iohe.org\/wp-content\/uploads\/2026\/04\/ILOB-OLBI.png\" alt=\"\" width=\"298\" height=\"117\" \/><\/h3>\n<h3><strong>Official Languages and Bilingualism Institute, University of Ottawa<\/strong><\/h3>\n<h3>Objective:<\/h3>\n<ul>\n<li>Explore French language and culture with a free online beginner course you can complete at your own pace, wherever you are.<\/li>\n<\/ul>\n<h3>Intended for:<\/h3>\n<p><span style=\"font-weight: 400;\">Adults interested in learning French &#8211; A1 to A2 level of language proficiency\u00a0<\/span><\/p>\n<h3>Course load:<\/h3>\n<p><span style=\"font-weight: 400;\">15-20 hours<\/span><\/p>\n<h3>Format:<\/h3>\n<p>Online, free<\/p>\n<h3>Date:<\/h3>\n<p>Ongoing<\/p>\n<h3>Cost:<\/h3>\n<p>Free of charge.[\/vc_column_text][vc_btn title=\u00bbRegistration link\u00bb style=\u00bbflat\u00bb shape=\u00bbsquare\u00bb color=\u00bbiohe-orange\u00bb size=\u00bblg\u00bb align=\u00bbright\u00bb css=\u00bb\u00bb link=\u00bburl:https%3A%2F%2Fwww.uottawa.ca%2Fabout-us%2Fofficial-languages-bilingualism-institute%2Fcentre-language-learning%2Fdiscover-french|target:_blank\u00bb][\/vc_tta_section][\/vc_tta_accordion][\/vc_column][\/vc_row][vc_row][vc_column][vc_tta_accordion style=\u00bbflat\u00bb shape=\u00bbsquare\u00bb color=\u00bbiohe-orange\u00bb gap=\u00bb35&#8243; c_icon=\u00bbchevron\u00bb c_position=\u00bbright\u00bb active_section=\u00bb9999&#8243; no_fill=\u00bbtrue\u00bb collapsible_all=\u00bbtrue\u00bb][vc_tta_section title=\u00bbCurso Portugu\u00eas para estrangeiros\u00bb tab_id=\u00bb1775779965826-96c14405-31dd\u00bb][vc_column_text css=\u00bb\u00bb]<\/p>\n<h3><\/h3>\n<h3><img loading=\"lazy\" decoding=\"async\" class=\"alignnone size-medium wp-image-17191\" src=\"https:\/\/oui-iohe.org\/wp-content\/uploads\/2024\/10\/LOGO_UNO_CHAPECO_HORIZONTAL_AZUL-300x117.png\" alt=\"\" width=\"300\" height=\"117\" srcset=\"https:\/\/oui-iohe.org\/wp-content\/uploads\/2024\/10\/LOGO_UNO_CHAPECO_HORIZONTAL_AZUL-300x117.png 300w, https:\/\/oui-iohe.org\/wp-content\/uploads\/2024\/10\/LOGO_UNO_CHAPECO_HORIZONTAL_AZUL.png 386w\" sizes=\"auto, (max-width: 300px) 100vw, 300px\" \/><\/h3>\n<h3>Universidade Comunit\u00e1ria da Regi\u00e3o de Chapec\u00f3 (Unochapec\u00f3)<\/h3>\n<h3>Objetivos:<\/h3>\n<ul>\n<li>Presentar estructuras gramaticales, vocabulario y los usos m\u00e1s comunes del idioma portugu\u00e9s para hablantes de otros idiomas.<\/li>\n<\/ul>\n<h3>Dirigido a:<\/h3>\n<p>Cualquier persona interesada en aprender portugu\u00e9s.<\/p>\n<h3>Carga horaria:<\/h3>\n<p>20 horas<\/p>\n<h3>Modalidad:<\/h3>\n<p>Virtual.<\/p>\n<h3>Disponible hasta:<\/h3>\n<p>31 de diciembre de 2026.<\/p>\n<h3>Inversi\u00f3n:<\/h3>\n<p>Sin costo.[\/vc_column_text][vc_btn title=\u00bbM\u00e1s informaci\u00f3n e inscripci\u00f3n\u00bb style=\u00bbflat\u00bb shape=\u00bbsquare\u00bb color=\u00bbiohe-orange\u00bb size=\u00bblg\u00bb align=\u00bbright\u00bb css=\u00bb\u00bb link=\u00bburl:https%3A%2F%2Feventos.unochapeco.edu.br%2Fportuguesparaestrangeiros-633453%2F|target:_blank\u00bb][\/vc_tta_section][\/vc_tta_accordion][\/vc_column][\/vc_row][vc_row][vc_column][vc_tta_accordion style=\u00bbflat\u00bb shape=\u00bbsquare\u00bb color=\u00bbiohe-orange\u00bb gap=\u00bb35&#8243; c_icon=\u00bbchevron\u00bb c_position=\u00bbright\u00bb active_section=\u00bb9999&#8243; no_fill=\u00bbtrue\u00bb collapsible_all=\u00bbtrue\u00bb][vc_tta_section title=\u00bbMOOC | English Medium Instruction\u00bb tab_id=\u00bb1729293548108-9a0f5b76-8c2d\u00bb][vc_column_text css=\u00bb\u00bb]<\/p>\n<h3><img loading=\"lazy\" decoding=\"async\" class=\"alignnone wp-image-20378\" src=\"https:\/\/oui-iohe.org\/wp-content\/uploads\/2026\/01\/LOGO-AREANDINA-VERDE-alta-calidad-1.png\" alt=\"\" width=\"352\" height=\"80\" \/><\/h3>\n<h3>Fundaci\u00f3n Universitaria del \u00c1rea Andina<\/h3>\n<h3>Objetivos:<\/h3>\n<ul>\n<li>En este MOOC el participante conocer\u00e1 un poco mejor la metodolog\u00eda EMI (<em>English Medium Instruction<\/em>), se familiarizar\u00e1 con algunos aspectos afectivos importantes para crear un entorno de aprendizaje emocionalmente favorable y se sentir\u00e1 m\u00e1s c\u00f3modo desde la planificaci\u00f3n de las clases hasta el proceso de feedback conociendo y siendo capaz de ense\u00f1ar en un entorno mediado por la lengua inglesa.<\/li>\n<\/ul>\n<h3>Dirigido a:<\/h3>\n<p>Docentes vinculados a Instituciones de Educaci\u00f3n Superior miembros de la OUI.<\/p>\n<h3>Carga horaria:<\/h3>\n<p>48 horas<\/p>\n<h3>Modalidad:<\/h3>\n<p>Virtual.<\/p>\n<h3>Disponible hasta:<\/h3>\n<p>2 de marzo al 30 de mayo de 2026<\/p>\n<h3>Inversi\u00f3n:<\/h3>\n<p>Sin costo.[\/vc_column_text][vc_btn title=\u00bbM\u00e1s informaci\u00f3n e inscripci\u00f3n\u00bb style=\u00bbflat\u00bb shape=\u00bbsquare\u00bb color=\u00bbiohe-orange\u00bb size=\u00bblg\u00bb align=\u00bbright\u00bb css=\u00bb\u00bb link=\u00bburl:https%3A%2F%2Fmooc.areandina.edu.co%2Fcursos%2Fenglish-medium-instruction%2Fdetalles|target:_blank\u00bb][\/vc_tta_section][\/vc_tta_accordion][\/vc_column][\/vc_row][vc_row][vc_column][vc_separator color=\u00bbiohe-orange\u00bb border_width=\u00bb6&#8243; css=\u00bb\u00bb][\/vc_column][\/vc_row][vc_row][vc_column][vc_empty_space][vc_column_text css=\u00bb\u00bb]La Organizaci\u00f3n Universitaria Interamericana (OUI) informa que los cursos ofrecidos a trav\u00e9s de nuestro servicio Aula Colaborativa OUI\u00a0corresponden a acciones de formaci\u00f3n continua de las instituciones miembros de la OUI, las cuales asumen la responsabilidad del total de los procesos que intervienen en el desarrollo de la actividad. Cualquier duda o aclaraci\u00f3n, deber\u00e1 ser direccionada \u00fanica y exclusivamente a la Instituci\u00f3n de Educaci\u00f3n Superior que ofrece el servicio. De la misma forma el procedimiento\u00a0para las inscripciones, desarrollo, uso de plataforma, dudas acad\u00e9micas y entrega de certificados se debe coordinar directamente con la instituci\u00f3n ofertante.[\/vc_column_text][\/vc_column][\/vc_row][vc_row full_width=\u00bbstretch_row\u00bb css=\u00bb.vc_custom_1724883647799{background-color: #f1f1f1 !important;}\u00bb][vc_column width=\u00bb1\/2&#8243;][vc_single_image image=\u00bb1245&#8243; img_size=\u00bblarge\u00bb css=\u00bb\u00bb][\/vc_column][vc_column width=\u00bb1\/2&#8243;][vc_custom_heading text=\u00bbDudas o informaci\u00f3n adicional\u00bb use_theme_fonts=\u00bbyes\u00bb css=\u00bb\u00bb][vc_column_text css=\u00bb\u00bb]<a href=\"mailto:cursos@oui-iohe.org\">cursos@oui-iohe.org<\/a><\/p>\n<p>Asunto: \u00abInformaci\u00f3n Aula Colaborativa OUI\u00bb.[\/vc_column_text][\/vc_column][\/vc_row]<\/p>\n<\/div>","protected":false},"excerpt":{"rendered":"<p>[vc_row][vc_column][vc_custom_heading source=\u00bbpost_title\u00bb font_container=\u00bbtag:h1|text_align:left\u00bb use_theme_fonts=\u00bbyes\u00bb][\/vc_column][\/vc_row][vc_row][vc_column][vc_tta_accordion style=\u00bbflat\u00bb shape=\u00bbsquare\u00bb color=\u00bbiohe-orange\u00bb gap=\u00bb35&#8243; c_icon=\u00bbchevron\u00bb c_position=\u00bbright\u00bb active_section=\u00bb9999&#8243; no_fill=\u00bbtrue\u00bb collapsible_all=\u00bbtrue\u00bb][vc_tta_section title=\u00bbDiscover French with the University of Ottawa\u00bb [&hellip;]<\/p>\n","protected":false},"author":4,"featured_media":0,"parent":0,"menu_order":0,"comment_status":"closed","ping_status":"closed","template":"","meta":{"_acf_changed":false,"_monsterinsights_skip_tracking":false,"_monsterinsights_sitenote_active":false,"_monsterinsights_sitenote_note":"","_monsterinsights_sitenote_category":0,"footnotes":""},"class_list":["post-20091","page","type-page","status-publish","hentry"],"acf":[],"aioseo_notices":[],"_links":{"self":[{"href":"https:\/\/oui-iohe.org\/es\/wp-json\/wp\/v2\/pages\/20091","targetHints":{"allow":["GET"]}}],"collection":[{"href":"https:\/\/oui-iohe.org\/es\/wp-json\/wp\/v2\/pages"}],"about":[{"href":"https:\/\/oui-iohe.org\/es\/wp-json\/wp\/v2\/types\/page"}],"author":[{"embeddable":true,"href":"https:\/\/oui-iohe.org\/es\/wp-json\/wp\/v2\/users\/4"}],"replies":[{"embeddable":true,"href":"https:\/\/oui-iohe.org\/es\/wp-json\/wp\/v2\/comments?post=20091"}],"version-history":[{"count":7,"href":"https:\/\/oui-iohe.org\/es\/wp-json\/wp\/v2\/pages\/20091\/revisions"}],"predecessor-version":[{"id":20961,"href":"https:\/\/oui-iohe.org\/es\/wp-json\/wp\/v2\/pages\/20091\/revisions\/20961"}],"wp:attachment":[{"href":"https:\/\/oui-iohe.org\/es\/wp-json\/wp\/v2\/media?parent=20091"}],"curies":[{"name":"wp","href":"https:\/\/api.w.org\/{rel}","templated":true}]}}