{"id":20876,"date":"2026-04-03T14:09:25","date_gmt":"2026-04-03T18:09:25","guid":{"rendered":"https:\/\/oui-iohe.org\/?page_id=20876"},"modified":"2026-04-09T14:45:01","modified_gmt":"2026-04-09T18:45:01","slug":"pasantia-iglu","status":"publish","type":"page","link":"https:\/\/oui-iohe.org\/es\/pasantia-iglu\/","title":{"rendered":"Pasant\u00eda IGLU"},"content":{"rendered":"<div class=\"wpb-content-wrapper\"><p>[vc_row][vc_column][vc_custom_heading source=\u00bbpost_title\u00bb font_container=\u00bbtag:h1|text_align:left\u00bb use_theme_fonts=\u00bbyes\u00bb][\/vc_column][\/vc_row][vc_row][vc_column][vc_column_text css=\u00bb\u00bb]<\/p>\n<h3>\u201cSinergias entre la Universidad y el Territorio: liderazgo, emprendimiento e innovaci\u00f3n en acci\u00f3n\u201d<\/h3>\n<h4>Quebec, Canad\u00e1 | 21 al 25 septiembre 2026<\/h4>\n<p>[\/vc_column_text][\/vc_column][\/vc_row][vc_row full_width=\u00bbstretch_row\u00bb css=\u00bb.vc_custom_1775239430323{background-color: #F1F1F1 !important;}\u00bb][vc_column][vc_column_text css=\u00bb\u00bb]La <strong>Pasant\u00eda IGLU Canad\u00e1 2026,<\/strong> se llevar\u00e1 a cabo en la Provincia de Quebec, del 21 al 25 de septiembre de 2026, teniendo como anfitri\u00f3n a la Vicepresidencia OUI de Canad\u00e1 en la Universit\u00e9 du Qu\u00e9bec \u00e0 Trois-Rivi\u00e8res (UQTR). As\u00ed como la colaboraci\u00f3n como sedes a la Universit\u00e9 de M\u00f3ntreal, McGill University y la \u00c9cole de Technologie Superior \u00c9TS.<\/p>\n<p>Bajo el tema \u201cSinergias entre la Universidad y el Territorio: liderazgo, emprendimiento e innovaci\u00f3n en acci\u00f3n\u201d, esta experiencia propone una inmersi\u00f3n \u00fanica en modelos de universidades territorialmente integradas, capaces de generar impacto a trav\u00e9s de la innovaci\u00f3n, el liderazgo y de alianzas estrat\u00e9gicas.[\/vc_column_text][\/vc_column][\/vc_row][vc_row][vc_column width=\u00bb1\/2&#8243;][vc_column_text css=\u00bb\u00bb]<\/p>\n<h4><b>Dirigido a<\/b><\/h4>\n<ul>\n<li>L\u00edderes acad\u00e9micos, directivos universitarios y profesionales interesados en fortalecer sus capacidades en gesti\u00f3n e innovaci\u00f3n en educaci\u00f3n superior.<\/li>\n<\/ul>\n<p>[\/vc_column_text][vc_column_text css=\u00bb\u00bb]<\/p>\n<h4><b>Requisitos<\/b><\/h4>\n<ul>\n<li>Egresados IGLU activos en funciones directivas<\/li>\n<li>Contar con proyectos relacionados con el tema en su\u00a0 instituci\u00f3n<\/li>\n<li>Dominio del idioma Ingl\u00e9s<\/li>\n<\/ul>\n<p>[\/vc_column_text][\/vc_column][vc_column width=\u00bb1\/2&#8243;][vc_column_text css=\u00bb\u00bb]<\/p>\n<h4><b>Aspectos destacados del programa <\/b><\/h4>\n<ul>\n<li>Experiencia intensiva de una semana con enfoque pr\u00e1ctico e internacional<\/li>\n<li>Visitas institucionales y acad\u00e9micas en Montreal, Trois-Rivi\u00e8res y Drummondville<\/li>\n<li>Talleres estrat\u00e9gicos sobre liderazgo, pol\u00edticas p\u00fablicas e innovaci\u00f3n<\/li>\n<li>Interacci\u00f3n con actores clave: universidades, industria y gobierno<\/li>\n<li>Espacios de networking y generaci\u00f3n de alianzas internacionales<\/li>\n<li>Reflexi\u00f3n sobre diplomacia acad\u00e9mica y cooperaci\u00f3n global<\/li>\n<\/ul>\n<p>[\/vc_column_text][\/vc_column][\/vc_row][vc_row][vc_column width=\u00bb1\/2&#8243;][vc_column_text css=\u00bb\u00bb]<\/p>\n<h4><b>Inscripciones<\/b><\/h4>\n<ul>\n<li>Del 3 de abril al 15 de junio<\/li>\n<\/ul>\n<p>[\/vc_column_text][\/vc_column][vc_column width=\u00bb1\/2&#8243;][vc_empty_space][vc_column_text css=\u00bb\u00bb]<\/p>\n<h4><b>Cupo limitado a 25 personas <\/b><\/h4>\n<p>[\/vc_column_text][\/vc_column][\/vc_row][vc_row][vc_column][vc_column_text css=\u00bb\u00bb]<\/p>\n<h4><b>Inversi\u00f3n <\/b><\/h4>\n<p><b>$ 1.900 USD<\/b><\/p>\n<p>Incluye:<\/p>\n<ul>\n<li>Programa acad\u00e9mico<\/li>\n<li>Networking.<\/li>\n<li>Hospedaje<\/li>\n<li>Desayuno, comidas y cenas.<\/li>\n<li>Transporte a las instituciones y a los hoteles.<\/li>\n<\/ul>\n<p>[\/vc_column_text][vc_column_text css=\u00bb\u00bb]*\u00a0 La pasant\u00eda se desarrollar\u00e1 en ingl\u00e9s y franc\u00e9s.<br \/>\nPara algunas jornadas se ofrecer\u00e1 interpretaci\u00f3n simult\u00e1nea autom\u00e1tica.[\/vc_column_text][\/vc_column][\/vc_row][vc_row][vc_column][vc_tta_accordion style=\u00bbflat\u00bb shape=\u00bbsquare\u00bb color=\u00bbiohe-orange\u00bb gap=\u00bb35&#8243; c_icon=\u00bbchevron\u00bb c_position=\u00bbright\u00bb active_section=\u00bb9999&#8243; no_fill=\u00bbtrue\u00bb collapsible_all=\u00bbtrue\u00bb][vc_tta_section title=\u00bbPrograma acad\u00e9mico y cultural | Preliminar\u00bb tab_id=\u00bb1775674774789-32f624bd-283b\u00bb][vc_column_text css=\u00bb\u00bb]<\/p>\n<h5><strong>D\u00eda 1. Lunes 21 de septiembre de 2026<\/strong><\/h5>\n<p><strong>Descubriendo el sistema de educaci\u00f3n superior de Quebec<\/strong><\/p>\n<p>Universit\u00e9 de Montr\u00e9al y McGill University<\/p>\n<p>&nbsp;<\/p>\n<h5><strong>D\u00eda 2. Martes 22 de septiembre de 2026<\/strong><\/h5>\n<p><strong>Universidad e innovaci\u00f3n territorial<\/strong><\/p>\n<p>\u00c9cole de Technologie Sup\u00e9rieure (ETS) \/ Universit\u00e9 du Qu\u00e9bec \u00e0 Trois-Rivi\u00e8res<\/p>\n<p>&nbsp;<\/p>\n<h5><strong>D\u00eda 3. Mi\u00e9rcoles 23 de septiembre de 2026<\/strong><\/h5>\n<p><strong>Universidad como actor estrat\u00e9gico territorial<\/strong><\/p>\n<p>Universit\u00e9 du Qu\u00e9bec \u00e0 Trois-Rivi\u00e8res (CIPP y Pabell\u00f3n Marmen-Pellerin)<\/p>\n<p>&nbsp;<\/p>\n<h5><strong>D\u00eda 4. Jueves 24 de septiembre de 2026<\/strong><\/h5>\n<p><strong>Universidad, industria y transici\u00f3n energ\u00e9tica<\/strong><\/p>\n<p>Parque Industrial de B\u00e9cancour \/ CNIMI (Drummondville)<\/p>\n<p><strong>\u00a0<\/strong><\/p>\n<h5><strong>D\u00eda 5. Viernes 25 de septiembre de 2026 (Opcional) <\/strong><\/h5>\n<p><strong>Integraci\u00f3n cultural y cierre del programa<\/strong><\/p>\n<p>Lugar: Montreal (Mont Royal y espacios culturales)<\/p>\n<p>&nbsp;<\/p>\n<p><strong>Idioma:<\/strong> El programa requiere de los participantes un nivel indispensable de ingl\u00e9s B2 y conocimiento de franc\u00e9s (recomendable).[\/vc_column_text][\/vc_tta_section][\/vc_tta_accordion][\/vc_column][\/vc_row][vc_row][vc_column][vc_separator css=\u00bb\u00bb][\/vc_column][\/vc_row][vc_row][vc_column width=\u00bb1\/3&#8243;][vc_single_image image=\u00bb20881&#8243; img_size=\u00bblarge\u00bb alignment=\u00bbcenter\u00bb css=\u00bb\u00bb][\/vc_column][vc_column width=\u00bb2\/3&#8243;][vc_empty_space][\/vc_column][\/vc_row][vc_row][vc_column][vc_column_text css=\u00bb\u00bb]Universidades sedes:[\/vc_column_text][vc_single_image image=\u00bb20899&#8243; img_size=\u00bblarge\u00bb css=\u00bb\u00bb][\/vc_column][\/vc_row][vc_row full_width=\u00bbstretch_row\u00bb css=\u00bb.vc_custom_1775239223542{margin-top: 35px !important;background-color: #F1F1F1 !important;}\u00bb][vc_column width=\u00bb1\/2&#8243;][vc_single_image image=\u00bb1245&#8243; img_size=\u00bblarge\u00bb alignment=\u00bbcenter\u00bb][\/vc_column][vc_column width=\u00bb1\/2&#8243;][vc_custom_heading text=\u00bbContacto\u00bb use_theme_fonts=\u00bbyes\u00bb][vc_column_text css=\u00bb\u00bb]Para m\u00e1s informaci\u00f3n sobre el programa y proceso de participaci\u00f3n puede escribir al correo:<\/p>\n<p>iglu@oui-iohe.org[\/vc_column_text][\/vc_column][\/vc_row]<\/p>\n<\/div>","protected":false},"excerpt":{"rendered":"<p>[vc_row][vc_column][vc_custom_heading source=\u00bbpost_title\u00bb font_container=\u00bbtag:h1|text_align:left\u00bb use_theme_fonts=\u00bbyes\u00bb][\/vc_column][\/vc_row][vc_row][vc_column][vc_column_text css=\u00bb\u00bb] \u201cSinergias entre la Universidad y el Territorio: liderazgo, emprendimiento e innovaci\u00f3n en acci\u00f3n\u201d Quebec, Canad\u00e1 [&hellip;]<\/p>\n","protected":false},"author":4,"featured_media":0,"parent":0,"menu_order":0,"comment_status":"closed","ping_status":"closed","template":"","meta":{"_acf_changed":false,"_monsterinsights_skip_tracking":false,"_monsterinsights_sitenote_active":false,"_monsterinsights_sitenote_note":"","_monsterinsights_sitenote_category":0,"footnotes":""},"class_list":["post-20876","page","type-page","status-publish","hentry"],"acf":[],"aioseo_notices":[],"_links":{"self":[{"href":"https:\/\/oui-iohe.org\/es\/wp-json\/wp\/v2\/pages\/20876","targetHints":{"allow":["GET"]}}],"collection":[{"href":"https:\/\/oui-iohe.org\/es\/wp-json\/wp\/v2\/pages"}],"about":[{"href":"https:\/\/oui-iohe.org\/es\/wp-json\/wp\/v2\/types\/page"}],"author":[{"embeddable":true,"href":"https:\/\/oui-iohe.org\/es\/wp-json\/wp\/v2\/users\/4"}],"replies":[{"embeddable":true,"href":"https:\/\/oui-iohe.org\/es\/wp-json\/wp\/v2\/comments?post=20876"}],"version-history":[{"count":47,"href":"https:\/\/oui-iohe.org\/es\/wp-json\/wp\/v2\/pages\/20876\/revisions"}],"predecessor-version":[{"id":20954,"href":"https:\/\/oui-iohe.org\/es\/wp-json\/wp\/v2\/pages\/20876\/revisions\/20954"}],"wp:attachment":[{"href":"https:\/\/oui-iohe.org\/es\/wp-json\/wp\/v2\/media?parent=20876"}],"curies":[{"name":"wp","href":"https:\/\/api.w.org\/{rel}","templated":true}]}}