{"id":21172,"date":"2026-05-09T14:13:59","date_gmt":"2026-05-09T18:13:59","guid":{"rendered":"https:\/\/oui-iohe.org\/?page_id=21172"},"modified":"2026-05-09T14:17:59","modified_gmt":"2026-05-09T18:17:59","slug":"caei-costa-rica-2025","status":"publish","type":"page","link":"https:\/\/oui-iohe.org\/es\/caei-costa-rica-2025\/","title":{"rendered":"CAEI COSTA RICA 2025"},"content":{"rendered":"<div class=\"wpb-content-wrapper\"><p>[vc_row][vc_column][vc_custom_heading text=\u00bbCAEI COSTA RICA &#8211; 2025&#8243; font_container=\u00bbtag:h2|text_align:left|color:%23b12028&#8243; use_theme_fonts=\u00bbyes\u00bb css=\u00bb\u00bb][\/vc_column][\/vc_row][vc_row][vc_column width=\u00bb1\/3&#8243;][vc_single_image image=\u00bb16143&#8243; img_size=\u00bblarge\u00bb css=\u00bb\u00bb][\/vc_column][vc_column width=\u00bb2\/3&#8243;][vc_custom_heading text=\u00bbPresentaci\u00f3n\u00bb font_container=\u00bbtag:h2|text_align:left|color:%23b12028&#8243; use_theme_fonts=\u00bbyes\u00bb css=\u00bb\u00bb][vc_column_text css=\u00bb\u00bb]La novena edici\u00f3n del Congreso de las Am\u00e9ricas sobre Educaci\u00f3n Internacional (CAEI) se llev\u00f3 a cabo el 15, 16 y 17 de octubre de 2025 en San Jos\u00e9, Costa Rica, en modalidad presencial. Teniendo por tem\u00e1tica central: \u2018Transformando conocimiento en desarrollo\u2019.[\/vc_column_text][vc_video link=\u00bbhttps:\/\/youtu.be\/6CZgYdwdvrQ?si=FRO-cbKDaJLidNU1&#8243; el_width=\u00bb80&#8243; css=\u00bb\u00bb][vc_column_text css=\u00bb\u00bb]La din\u00e1mica comunidad interamericana que construye las bases de esta innovadora iniciativa se estructura alrededor de l\u00edderes gubernamentales, dirigentes y gestores de universidades, acad\u00e9micos e investigadores, directores de relaciones internacionales y organizaciones universitarias a nivel nacional, regional, interamericano e internacional, lo que ha permitido contar con:<\/p>\n<ul>\n<li aria-level=\"1\">7.281 participantes<\/li>\n<\/ul>\n<ul>\n<li aria-level=\"1\">39 asociaciones miembros del CAEI<\/li>\n<\/ul>\n<ul>\n<li aria-level=\"1\">1.100 +\u00a0 conferencistas<\/li>\n<\/ul>\n<ul>\n<li aria-level=\"1\">286 actividades acad\u00e9micas<\/li>\n<\/ul>\n<ul>\n<li aria-level=\"1\">1 .700 + instituciones y organizaciones por edici\u00f3n<\/li>\n<\/ul>\n<ul>\n<li aria-level=\"1\">60 + pa\u00edses<\/li>\n<li aria-level=\"1\">5 continentes<\/li>\n<\/ul>\n<p>[\/vc_column_text][vc_toggle title=\u00bbConferencistas\u00bb style=\u00bbround_outline\u00bb color=\u00bbgreen\u00bb size=\u00bblg\u00bb css=\u00bb\u00bb]El CAEI-2025 tuvo como tema central \u201cTransformando conocimiento en desarrollo\u201d, lo cual implica la transici\u00f3n del saber centralizado hacia la universalizaci\u00f3n de la ciencia como un elemento de transformaci\u00f3n social y desarrollo humano, que invita a la reconceptualizaci\u00f3n permanente de la educaci\u00f3n y la investigaci\u00f3n como generadoras de conocimiento y dinamizadoras de la innovaci\u00f3n conducente a sociedades m\u00e1s<br \/>\ninterculturales con desarrollo ambiental, econ\u00f3mico, pol\u00edtico, social, sostenible y sustentable.<\/p>\n<p><a href=\"https:\/\/caie-caei.org\/conferencistas-caei-2025\/\">Conozca aqu\u00ed los conferencistas del CAEI 2025<\/a>[\/vc_toggle][vc_toggle title=\u00bbPrograma Acad\u00e9mico\u00bb style=\u00bbround_outline\u00bb color=\u00bbgreen\u00bb size=\u00bblg\u00bb css=\u00bb\u00bb]CAEI-2025 Costa Rica convoc\u00f3 a instituciones de Educaci\u00f3n Superior (IES), profesionales en educaci\u00f3n internacional, personas acad\u00e9micas e investigadores, representantes del gobierno central y gobiernos locales as\u00ed como a la sociedad civil, a ser part\u00edcipes y presentar sus propuestas de sesiones considerando que cada uno de estos aportes representan, para el \u00e1mbito nacional e internacional, el avance hacia mejores pr\u00e1cticas educativas multi e interdisciplinares, sistemas de educaci\u00f3n m\u00e1s internacionalizados e inclusivos, as\u00ed como a la actualizaci\u00f3n y la colaboraci\u00f3n internacional e interinstitucional al tenor de las tendencias y desaf\u00edos en el contexto actual de la educaci\u00f3n superior.<\/p>\n<p>Las propuestas seleccionadas estuvieron conformadas por grupos de personas profesionales de diversos \u00e1mbitos acad\u00e9micos, profesionales, culturales y geogr\u00e1ficos favoreciendo la socializaci\u00f3n y transformaci\u00f3n de los conocimientos, para avanzar con una reflexi\u00f3n.<\/p>\n<p><a href=\"https:\/\/caie-caei.org\/info-appel-a-propositions-2023es\/\"><img loading=\"lazy\" decoding=\"async\" class=\"alignnone wp-image-21187 size-full\" src=\"https:\/\/oui-iohe.org\/wp-content\/uploads\/2026\/05\/ES-1-TEMAS.png\" alt=\"\" width=\"958\" height=\"540\" \/><\/a>[\/vc_toggle][vc_toggle title=\u00bbExpositores\u00bb style=\u00bbround_outline\u00bb color=\u00bbgreen\u00bb size=\u00bblg\u00bb css=\u00bb\u00bb]En la octava edici\u00f3n del CAEI, participaron activamente 34 Instituciones del \u00e1mbito educativo, gubernamental, privado e internacional, y fueron 26 las que formaron parte de la Expo CAEI-2023. Entre ellas se encuentran EduCanada, Quebec, The Forum, Altissia, SofiaU, TIEC, iCENT APP, Turnitin, CSN, UNLV, Education USA y China Education Association for International (CEAIE), entre muchas otras.<\/p>\n<p>Todas estas Instituciones pudieron interactuar con 700 participantes que asistieron durante los tres d\u00edas del evento y representaron a 31 pa\u00edses.<\/p>\n<p><a href=\"https:\/\/caie-caei.org\/patrocinios-y-expositores\/\">Conozca m\u00e1s de nuestros expositores y patrocinadores aqu\u00ed.<\/a>[\/vc_toggle][\/vc_column][\/vc_row][vc_row][vc_column][vc_empty_space][\/vc_column][\/vc_row][vc_row][vc_column][vc_custom_heading text=\u00bbVideos CAEI 2025&#8243; use_theme_fonts=\u00bbyes\u00bb css=\u00bb\u00bb][vc_column_text css=\u00bb\u00bb]El Congreso de las Am\u00e9ricas sobre Educaci\u00f3n Internacional (CAEI) invita a toda la comunidad de educaci\u00f3n superior, as\u00ed como a representantes de los sectores p\u00fablico, privado y de la sociedad civil a participar en diversas conversaciones sobre la innovaci\u00f3n y la internacionalizaci\u00f3n de la educaci\u00f3n superior.[\/vc_column_text][vc_text_separator title=\u00bbCAEI 2025 | D\u00eda 2 desde Costa Rica\u00bb css=\u00bb\u00bb][vc_video link=\u00bbhttps:\/\/youtu.be\/IPkHYLdhedc?si=2UAUradvutqNAG-P\u00bb el_width=\u00bb70&#8243; align=\u00bbcenter\u00bb css=\u00bb\u00bb][vc_text_separator title=\u00bbCAEI 2025 | D\u00eda 1 desde Costa Rica\u00bb css=\u00bb\u00bb][vc_video link=\u00bbhttps:\/\/youtu.be\/f3WxJRGp16w?si=xE0kiBhQWOOY5ULv\u00bb el_width=\u00bb70&#8243; align=\u00bbcenter\u00bb css=\u00bb\u00bb][vc_text_separator title=\u00bbWebinario &#8211; Lanzamiento CAEI 2025&#8243; css=\u00bb\u00bb][vc_video link=\u00bbhttps:\/\/www.youtube.com\/live\/EHeetOeX9LU?si=czBGkm4aRWgf6Nj7&#8243; el_width=\u00bb70&#8243; align=\u00bbcenter\u00bb css=\u00bb\u00bb][vc_text_separator title=\u00bbEsencial Costa Rica\u00bb css=\u00bb\u00bb][vc_video link=\u00bbhttps:\/\/youtu.be\/HfzwdiyzX_M?si=iik7CSMplrJ1UT3k\u00bb el_width=\u00bb70&#8243; align=\u00bbcenter\u00bb css=\u00bb\u00bb][vc_text_separator title=\u00bbSee you in Costa Rica &#8211; CAEI 2025&#8243; css=\u00bb\u00bb][vc_video link=\u00bbhttps:\/\/youtu.be\/RxGI0wbEvB8?si=xIbFMgJm27AreP1o\u00bb el_width=\u00bb70&#8243; align=\u00bbcenter\u00bb css=\u00bb\u00bb][\/vc_column][\/vc_row]<\/p>\n<\/div>","protected":false},"excerpt":{"rendered":"<p>[vc_row][vc_column][vc_custom_heading text=\u00bbCAEI COSTA RICA &#8211; 2025&#8243; font_container=\u00bbtag:h2|text_align:left|color:%23b12028&#8243; use_theme_fonts=\u00bbyes\u00bb css=\u00bb\u00bb][\/vc_column][\/vc_row][vc_row][vc_column width=\u00bb1\/3&#8243;][vc_single_image image=\u00bb16143&#8243; img_size=\u00bblarge\u00bb css=\u00bb\u00bb][\/vc_column][vc_column width=\u00bb2\/3&#8243;][vc_custom_heading text=\u00bbPresentaci\u00f3n\u00bb font_container=\u00bbtag:h2|text_align:left|color:%23b12028&#8243; use_theme_fonts=\u00bbyes\u00bb css=\u00bb\u00bb][vc_column_text css=\u00bb\u00bb]La novena [&hellip;]<\/p>\n","protected":false},"author":4,"featured_media":0,"parent":0,"menu_order":0,"comment_status":"closed","ping_status":"closed","template":"","meta":{"_acf_changed":false,"_monsterinsights_skip_tracking":false,"_monsterinsights_sitenote_active":false,"_monsterinsights_sitenote_note":"","_monsterinsights_sitenote_category":0,"footnotes":""},"class_list":["post-21172","page","type-page","status-publish","hentry"],"acf":[],"aioseo_notices":[],"_links":{"self":[{"href":"https:\/\/oui-iohe.org\/es\/wp-json\/wp\/v2\/pages\/21172","targetHints":{"allow":["GET"]}}],"collection":[{"href":"https:\/\/oui-iohe.org\/es\/wp-json\/wp\/v2\/pages"}],"about":[{"href":"https:\/\/oui-iohe.org\/es\/wp-json\/wp\/v2\/types\/page"}],"author":[{"embeddable":true,"href":"https:\/\/oui-iohe.org\/es\/wp-json\/wp\/v2\/users\/4"}],"replies":[{"embeddable":true,"href":"https:\/\/oui-iohe.org\/es\/wp-json\/wp\/v2\/comments?post=21172"}],"version-history":[{"count":3,"href":"https:\/\/oui-iohe.org\/es\/wp-json\/wp\/v2\/pages\/21172\/revisions"}],"predecessor-version":[{"id":21191,"href":"https:\/\/oui-iohe.org\/es\/wp-json\/wp\/v2\/pages\/21172\/revisions\/21191"}],"wp:attachment":[{"href":"https:\/\/oui-iohe.org\/es\/wp-json\/wp\/v2\/media?parent=21172"}],"curies":[{"name":"wp","href":"https:\/\/api.w.org\/{rel}","templated":true}]}}