{"id":2853,"date":"2019-01-24T15:49:46","date_gmt":"2019-01-24T20:49:46","guid":{"rendered":"https:\/\/oui-iohe.org\/caei-caie\/"},"modified":"2026-05-09T19:09:37","modified_gmt":"2026-05-09T23:09:37","slug":"caei-caie","status":"publish","type":"page","link":"https:\/\/oui-iohe.org\/es\/caei-caie\/","title":{"rendered":"CAEI"},"content":{"rendered":"<div class=\"wpb-content-wrapper\"><p>[vc_row][vc_column][vc_custom_heading source=\u00bbpost_title\u00bb font_container=\u00bbtag:h1|text_align:left|color:%23b12028&#8243; use_theme_fonts=\u00bbyes\u00bb][\/vc_column][\/vc_row][vc_row][vc_column width=\u00bb1\/3&#8243;][vc_single_image image=\u00bb358&#8243; img_size=\u00bblarge\u00bb alignment=\u00bbcenter\u00bb onclick=\u00bbcustom_link\u00bb img_link_target=\u00bb_blank\u00bb link=\u00bbhttps:\/\/caie-caei.org\/fr\/\u00bb][\/vc_column][vc_column width=\u00bb2\/3&#8243;][vc_custom_heading text=\u00bb\u00bf Qu\u00e9 es el CAEI ?\u00bb use_theme_fonts=\u00bbyes\u00bb][vc_column_text]Actuando como Secretar\u00eda Ejecutiva del <strong>Congreso de las Am\u00e9ricas sobre Educaci\u00f3n Internacional (CAEI)<\/strong>, la OUI se ha asociado con una treintena de organizaciones internacionales e instituciones de educaci\u00f3n superior para organizar el \u00fanico congreso internacional de este tipo.<\/p>\n<p>El\u00a0Congreso de las Am\u00e9ricas sobre Educaci\u00f3n International (CAEI)\u00a0es el foro continental de excelencia que re\u00fane a los principales actores y tomadores de decisiones vinculados con la internacionalizaci\u00f3n de la educaci\u00f3n superior en las Am\u00e9ricas para fortalecer contactos, intercambiar experiencias y trazar el futuro de la cooperaci\u00f3n acad\u00e9mica en la regi\u00f3n.<\/p>\n<p>El\u00a0<strong>CAEI<\/strong>\u00a0se organiza cada dos a\u00f1os en un pa\u00eds anfitri\u00f3n diferente en alianza con instituciones y organismos de educaci\u00f3n superior de tipo nacional, regional e internacional, ofreciendo una plataforma desde la cual se den a conocer los desaf\u00edos y tendencias emergentes, as\u00ed como las buenas pr\u00e1cticas relacionadas con la educaci\u00f3n internacional en el continente.[\/vc_column_text][vc_single_image image=\u00bb21114&#8243; img_size=\u00bblarge\u00bb css=\u00bb\u00bb][vc_empty_space height=\u00bb10PX\u00bb][vc_empty_space height=\u00bb10PX\u00bb][vc_custom_heading text=\u00bbCAEI Guadalajara, M\u00e9xico, 2027&#8243; use_theme_fonts=\u00bbyes\u00bb css=\u00bb\u00bb][vc_column_text css=\u00bb\u00bb]<strong>COMPARTIREMOS LA TEM\u00c1TICA MUY PRONTO<\/strong><\/p>\n<p>10a edici\u00f3n del Congreso de las Am\u00e9ricas sobre Educaci\u00f3n Internacional (CAEI)<\/p>\n<p><strong>Octubre 27, 28 &amp; 29 &#8211; 2027, Guadalajara, M\u00e9xico.<\/strong>[\/vc_column_text][\/vc_column][\/vc_row][vc_row][vc_column width=\u00bb1\/3&#8243;][\/vc_column][vc_column width=\u00bb1\/3&#8243;][vc_btn title=\u00bbSABER M\u00c1S\u00bb style=\u00bbflat\u00bb shape=\u00bbsquare\u00bb color=\u00bbiohe-orange\u00bb align=\u00bbcenter\u00bb css=\u00bb\u00bb link=\u00bburl:https%3A%2F%2Fcaie-caei.org%2F|||\u00bb][\/vc_column][vc_column width=\u00bb1\/3&#8243;][\/vc_column][\/vc_row][vc_row full_width=\u00bbstretch_row\u00bb css=\u00bb.vc_custom_1542744654565{padding-top: 20px !important;background-color: #f1f1f1 !important;}\u00bb][vc_column][vc_video link=\u00bbhttps:\/\/youtu.be\/6CZgYdwdvrQ?si=J_yn7toL37Jk1tAD\u00bb el_width=\u00bb80&#8243; align=\u00bbcenter\u00bb css=\u00bb\u00bb][\/vc_column][\/vc_row][vc_row full_width=\u00bbstretch_row\u00bb css=\u00bb.vc_custom_1542744654565{padding-top: 20px !important;background-color: #f1f1f1 !important;}\u00bb][vc_column][vc_custom_heading text=\u00bbEdiciones anteriores\u00bb use_theme_fonts=\u00bbyes\u00bb][\/vc_column][\/vc_row][vc_row full_width=\u00bbstretch_row\u00bb css=\u00bb.vc_custom_1542744817691{margin-top: -20px !important;background-color: #f1f1f1 !important;}\u00bb][vc_column width=\u00bb1\/2&#8243;][vc_single_image image=\u00bb21135&#8243; img_size=\u00bblarge\u00bb alignment=\u00bbcenter\u00bb css=\u00bb\u00bb][\/vc_column][vc_column width=\u00bb1\/2&#8243;][vc_custom_heading text=\u00bbCAEI COSTA RICA 2025&#8243; font_container=\u00bbtag:h4|text_align:left|color:%23b12028&#8243; use_theme_fonts=\u00bbyes\u00bb css=\u00bb.vc_custom_1778341883540{margin-bottom: 20px !important;}\u00bb][vc_btn title=\u00bbCAEI COSTA RICA 2025&#8243; style=\u00bbflat\u00bb shape=\u00bbsquare\u00bb color=\u00bbiohe-orange\u00bb size=\u00bblg\u00bb align=\u00bbleft\u00bb css=\u00bb\u00bb link=\u00bburl:https%3A%2F%2Foui-iohe.org%2Fes%2Fcaei-costa-rica-2025%2F|target:_blank\u00bb][vc_custom_heading text=\u00bbCAEI ESTADOS UNIDOS 2023&#8243; font_container=\u00bbtag:h4|text_align:left|color:%23b12028&#8243; use_theme_fonts=\u00bbyes\u00bb css=\u00bb.vc_custom_1718988786025{margin-bottom: 20px !important;}\u00bb][vc_btn title=\u00bbCAEI ESTADOS UNIDOS 2023&#8243; style=\u00bbflat\u00bb shape=\u00bbsquare\u00bb color=\u00bbiohe-orange\u00bb size=\u00bblg\u00bb align=\u00bbleft\u00bb css=\u00bb\u00bb link=\u00bburl:https%3A%2F%2Foui-iohe.org%2Fes%2Fcaei-usa-2023%2F\u00bb][vc_custom_heading text=\u00bbCAEI CHILE 2021&#8243; font_container=\u00bbtag:h4|text_align:left|color:%23b12028&#8243; use_theme_fonts=\u00bbyes\u00bb css=\u00bb.vc_custom_1674059958333{margin-bottom: 20px !important;}\u00bb][vc_btn title=\u00bbCAEI CHILE 2021&#8243; style=\u00bbflat\u00bb shape=\u00bbsquare\u00bb color=\u00bbiohe-orange\u00bb size=\u00bblg\u00bb align=\u00bbleft\u00bb link=\u00bburl:https%3A%2F%2Foui-iohe.org%2Fes%2Fcaei-chile-2021%2F|||\u00bb][vc_custom_heading text=\u00bbCAEI COLOMBIA 2019&#8243; font_container=\u00bbtag:h4|text_align:left|color:%23b12028&#8243; use_theme_fonts=\u00bbyes\u00bb css=\u00bb.vc_custom_1605201179944{margin-bottom: 20px !important;}\u00bb][vc_btn title=\u00bbCAEI COLOMBIA 2019&#8243; style=\u00bbflat\u00bb shape=\u00bbsquare\u00bb color=\u00bbiohe-orange\u00bb size=\u00bblg\u00bb align=\u00bbleft\u00bb link=\u00bburl:%20https%3A%2F%2Foui-iohe.org%2Fes%2Fcaei-colombia-2019%2F|||\u00bb][vc_custom_heading text=\u00bbCAEI CANAD\u00c1 2017&#8243; font_container=\u00bbtag:h4|text_align:left|color:%23b12028&#8243; use_theme_fonts=\u00bbyes\u00bb css=\u00bb.vc_custom_1548428886034{margin-bottom: 20px !important;}\u00bb][vc_btn title=\u00bbCAEI CANAD\u00c1 2017&#8243; style=\u00bbflat\u00bb shape=\u00bbsquare\u00bb color=\u00bbiohe-orange\u00bb size=\u00bblg\u00bb align=\u00bbleft\u00bb link=\u00bburl:https%3A%2F%2Foui-iohe.org%2Fes%2Fcaei-canada-2017%2F|||\u00bb][vc_custom_heading text=\u00bbCAEI ECUADOR 2015&#8243; font_container=\u00bbtag:h4|text_align:left|color:%23b12028&#8243; use_theme_fonts=\u00bbyes\u00bb css=\u00bb.vc_custom_1548428905921{margin-bottom: 20px !important;}\u00bb][vc_btn title=\u00bbCAEI ECUADOR 2015&#8243; style=\u00bbflat\u00bb shape=\u00bbsquare\u00bb color=\u00bbiohe-orange\u00bb size=\u00bblg\u00bb align=\u00bbleft\u00bb link=\u00bburl:https%3A%2F%2Foui-iohe.org%2Fes%2Fcaei-ecuador-2015%2F|||\u00bb][vc_custom_heading text=\u00bbCAEI M\u00c9XICO 2013&#8243; font_container=\u00bbtag:h4|text_align:left|color:%23b12028&#8243; use_theme_fonts=\u00bbyes\u00bb css=\u00bb.vc_custom_1548428922435{margin-bottom: 20px !important;}\u00bb][vc_btn title=\u00bbCAEI M\u00c9XICO 2013&#8243; style=\u00bbflat\u00bb shape=\u00bbsquare\u00bb color=\u00bbiohe-orange\u00bb size=\u00bblg\u00bb align=\u00bbleft\u00bb link=\u00bburl:https%3A%2F%2Foui-iohe.org%2Fes%2Fcaei-mexico-2013%2F||target:%20_blank|\u00bb][vc_custom_heading text=\u00bbCAEI BRASIL 2012&#8243; font_container=\u00bbtag:h4|text_align:left|color:%23b12028&#8243; use_theme_fonts=\u00bbyes\u00bb css=\u00bb.vc_custom_1548428937883{margin-bottom: 20px !important;}\u00bb][vc_btn title=\u00bbCAEI BRASIL 2012&#8243; style=\u00bbflat\u00bb shape=\u00bbsquare\u00bb color=\u00bbiohe-orange\u00bb size=\u00bblg\u00bb align=\u00bbleft\u00bb link=\u00bburl:https%3A%2F%2Foui-iohe.org%2Fes%2Fcaie-brasil-2012%2F||target:%20_blank|\u00bb][vc_custom_heading text=\u00bbCAEI CANAD\u00c1 2010&#8243; font_container=\u00bbtag:h4|text_align:left|color:%23b12028&#8243; use_theme_fonts=\u00bbyes\u00bb css=\u00bb.vc_custom_1548428952570{margin-bottom: 20px !important;}\u00bb][vc_btn title=\u00bbCAEI CANAD\u00c1 2010&#8243; style=\u00bbflat\u00bb shape=\u00bbsquare\u00bb color=\u00bbiohe-orange\u00bb size=\u00bblg\u00bb align=\u00bbleft\u00bb link=\u00bburl:https%3A%2F%2Foui-iohe.org%2Fwp-content%2Fuploads%2F2019%2F02%2FCAEI-2010-Programme-2010_EN.pdf||target:%20_blank|\u00bb][\/vc_column][\/vc_row][vc_row css=\u00bb.vc_custom_1542745076628{margin-top: 35px !important;}\u00bb][vc_column width=\u00bb1\/2&#8243;][vc_single_image image=\u00bb1245&#8243; img_size=\u00bblarge\u00bb alignment=\u00bbcenter\u00bb][\/vc_column][vc_column width=\u00bb1\/2&#8243;][vc_custom_heading text=\u00bbContacto\u00bb use_theme_fonts=\u00bbyes\u00bb][vc_column_text css=\u00bb\u00bb]<strong>Congreso de las Am\u00e9ricas sobre la Educaci\u00f3n Internacional<\/strong><br \/>\n7077 Avenue du Parc, suite 2043<br \/>\nMontr\u00e9al, Qu\u00e9bec, Canada<br \/>\nH3N\u00a01X7<br \/>\n(+1) 514-343-2235<br \/>\ncaei@oui-iohe.org[\/vc_column_text][\/vc_column][\/vc_row][vc_row][vc_column][vc_btn title=\u00bbSitio Web\u00bb style=\u00bbflat\u00bb shape=\u00bbsquare\u00bb color=\u00bbiohe-orange\u00bb align=\u00bbcenter\u00bb link=\u00bburl:https%3A%2F%2Fcaie-caei.org%2F|||\u00bb][\/vc_column][\/vc_row]<\/p>\n<\/div>","protected":false},"excerpt":{"rendered":"<p>[vc_row][vc_column][vc_custom_heading source=\u00bbpost_title\u00bb font_container=\u00bbtag:h1|text_align:left|color:%23b12028&#8243; use_theme_fonts=\u00bbyes\u00bb][\/vc_column][\/vc_row][vc_row][vc_column width=\u00bb1\/3&#8243;][vc_single_image image=\u00bb358&#8243; img_size=\u00bblarge\u00bb alignment=\u00bbcenter\u00bb onclick=\u00bbcustom_link\u00bb img_link_target=\u00bb_blank\u00bb link=\u00bbhttps:\/\/caie-caei.org\/fr\/\u00bb][\/vc_column][vc_column width=\u00bb2\/3&#8243;][vc_custom_heading text=\u00bb\u00bf Qu\u00e9 es el CAEI ?\u00bb use_theme_fonts=\u00bbyes\u00bb][vc_column_text]Actuando como [&hellip;]<\/p>\n","protected":false},"author":4,"featured_media":21110,"parent":0,"menu_order":0,"comment_status":"closed","ping_status":"closed","template":"","meta":{"_acf_changed":false,"_monsterinsights_skip_tracking":false,"_monsterinsights_sitenote_active":false,"_monsterinsights_sitenote_note":"","_monsterinsights_sitenote_category":0,"footnotes":""},"class_list":["post-2853","page","type-page","status-publish","has-post-thumbnail","hentry"],"acf":[],"aioseo_notices":[],"_links":{"self":[{"href":"https:\/\/oui-iohe.org\/es\/wp-json\/wp\/v2\/pages\/2853","targetHints":{"allow":["GET"]}}],"collection":[{"href":"https:\/\/oui-iohe.org\/es\/wp-json\/wp\/v2\/pages"}],"about":[{"href":"https:\/\/oui-iohe.org\/es\/wp-json\/wp\/v2\/types\/page"}],"author":[{"embeddable":true,"href":"https:\/\/oui-iohe.org\/es\/wp-json\/wp\/v2\/users\/4"}],"replies":[{"embeddable":true,"href":"https:\/\/oui-iohe.org\/es\/wp-json\/wp\/v2\/comments?post=2853"}],"version-history":[{"count":55,"href":"https:\/\/oui-iohe.org\/es\/wp-json\/wp\/v2\/pages\/2853\/revisions"}],"predecessor-version":[{"id":21212,"href":"https:\/\/oui-iohe.org\/es\/wp-json\/wp\/v2\/pages\/2853\/revisions\/21212"}],"wp:featuredmedia":[{"embeddable":true,"href":"https:\/\/oui-iohe.org\/es\/wp-json\/wp\/v2\/media\/21110"}],"wp:attachment":[{"href":"https:\/\/oui-iohe.org\/es\/wp-json\/wp\/v2\/media?parent=2853"}],"curies":[{"name":"wp","href":"https:\/\/api.w.org\/{rel}","templated":true}]}}