{"id":3023,"date":"2019-02-19T09:39:33","date_gmt":"2019-02-19T14:39:33","guid":{"rendered":"https:\/\/oui-iohe.org\/?page_id=3023"},"modified":"2020-11-11T16:42:14","modified_gmt":"2020-11-11T21:42:14","slug":"caie-brasil-2012","status":"publish","type":"page","link":"https:\/\/oui-iohe.org\/es\/caie-brasil-2012\/","title":{"rendered":"CAEI BRASIL &#8211; 2012"},"content":{"rendered":"<div class=\"wpb-content-wrapper\"><p>[vc_row][vc_column][vc_custom_heading source=\u00bbpost_title\u00bb font_container=\u00bbtag:h2|text_align:left|color:%23b12028&#8243; use_theme_fonts=\u00bbyes\u00bb][\/vc_column][\/vc_row][vc_row][vc_column width=\u00bb1\/4&#8243;][vc_single_image image=\u00bb6197&#8243; img_size=\u00bblarge\u00bb alignment=\u00bbcenter\u00bb onclick=\u00bbcustom_link\u00bb img_link_target=\u00bb_blank\u00bb link=\u00bbhttps:\/\/caie-caei.org\/fr\/\u00bb][\/vc_column][vc_column width=\u00bb3\/4&#8243;][vc_custom_heading text=\u00bbPresentaci\u00f3n\u00bb use_theme_fonts=\u00bbyes\u00bb][vc_column_text]Despu\u00e9s del \u00e9xito inicial del la primera sesi\u00f3n del CAEI en Canad\u00e1, 2010, la segunda edici\u00f3n del CAEI fue celebrada en Rio de Janeiro, Brasil, del 25 al 28 de abril del 2012. El evento reuni\u00f3 a m\u00e1s de\u00a0<strong>615 participantes de 32 pa\u00edses de 4 continentes.<\/strong>M\u00e1s de\u00a0<strong>300 instituciones de Educaci\u00f3n Superior, 40 asociaciones universidades nacionales, regionales e internacionales y agencias gubernamentales de 8 pa\u00edses\u00a0<\/strong>se presentaron en el CAEI 2012.Entre los participantes se encontraronrectores y vicerrectores de m\u00faltiples universidades, consultores, directores de relaciones internacionales, profesores e investigadores, as\u00ed como ministros, altos funcionarios de oficinas gubernamentales y agentes del sector privado, entre otros.<\/p>\n<p>Entre las actividades m\u00e1s destacadas del CAEI 2012 se encontraron la Ceremonia Inaugural, con las intervenciones de\u00a0<strong>Amaro Henrique Pessoa Lins<\/strong>, Secretario de la Educaci\u00f3n Superior del Ministerio de Educaci\u00f3n Brasile\u00f1o;\u00a0<strong>Roberto de Souza Salles<\/strong>, Presidente de la Universidade Federal Fluminense y\u00a0<strong>Marcia Rubio Correa<\/strong>, Presidente de la Pontificia Universidad Cat\u00f3lica del Per\u00fa y Presidente de la OUI. El CAEI 2012 cont\u00f3 tambi\u00e9n con el privilegio de recibir a\u00a0<strong>su Excelencia, el honorable David Johnston<\/strong>, Gobernador General de Canad\u00e1;\u00a0<strong>Alvaro Toubes Prata<\/strong>, Secretario Nacional para el Desarrollo y la Innovaci\u00f3n Tecnol\u00f3gica de Brasil y\u00a0<strong>Carlos Fuentes<\/strong>, escritor e intelectual internacionalmente reconocido.[\/vc_column_text][\/vc_column][\/vc_row][vc_row][vc_column width=\u00bb1\/2&#8243;][vc_empty_space height=\u00bb20px\u00bb][vc_custom_heading text=\u00bbPrograma 2012&#8243; use_theme_fonts=\u00bbyes\u00bb][vc_column_text]El evento incluy\u00f3:<\/p>\n<ul>\n<li>Un debate plenario en Internacionalizaci\u00f3n y Movilidad;<\/li>\n<li>Una sesi\u00f3n plenaria sobre la Internacionalizaci\u00f3n de la Innovaci\u00f3n, Ciencia y Tecnolog\u00eda;<\/li>\n<li>21 talleres impartidos por representantes de alto nivel de Instituciones de Educaci\u00f3n Superior y organizaciones internacionales;<\/li>\n<li>50 sesiones paralelas presentadas por 150 acad\u00e9micos de las Am\u00e9ricas y otras regiones;<\/li>\n<li>Un evento de\u00a0<em>networking<\/em>organizado por el Foro de Asesor\u00edas de las Universidades Brasile\u00f1as para Asuntos Internacionales (FAUBAI);<\/li>\n<li>Una misi\u00f3n de 35 rectores de universidades canadienses, liderado por la Asociaci\u00f3n de Universidades y Colegios de Canad\u00e1 (AUCC);<\/li>\n<li>Un espacio de exhibici\u00f3n para las asociaciones e instituciones de Educaci\u00f3n Superior, as\u00ed como para los patrocinadores del CAEI Brasil 2012;<\/li>\n<li>Una serie de actividades culturales<\/li>\n<\/ul>\n<p>[\/vc_column_text][vc_empty_space height=\u00bb50px\u00bb][vc_btn title=\u00bbPrograma 2012&#8243; style=\u00bbflat\u00bb shape=\u00bbsquare\u00bb color=\u00bbiohe-orange\u00bb size=\u00bblg\u00bb align=\u00bbcenter\u00bb button_block=\u00bbtrue\u00bb link=\u00bburl:https%3A%2F%2Foui-iohe.org%2Fwp-content%2Fuploads%2F2019%2F02%2FCAEI-2012-Programme-2012_4-idiomas.pdf||target:%20_blank|\u00bb][\/vc_column][vc_column width=\u00bb1\/2&#8243;][vc_empty_space height=\u00bb20px\u00bb][vc_custom_heading text=\u00bbPatrocinadores 2012&#8243; use_theme_fonts=\u00bbyes\u00bb][vc_column_text]<\/p>\n<h4 style=\"text-align: center;\">Lista de los patrocinadores que apoyaron la edici\u00f3n<br \/>\nCAEI Brasil 2012<\/h4>\n<ul>\n<li>Ministerio de Relaciones Exteriores y Comercio internacional de Canad\u00e1 (DFAIT)<\/li>\n<li>Asociaci\u00f3n Mexicana para la Educaci\u00f3n Internacional (AMPEI), M\u00e9xico<\/li>\n<li>BMI Media, Reino Unido<\/li>\n<li>CALDO, Canad\u00e1<\/li>\n<li>Canadian Bureau for International Education (CBIE), Canad\u00e1<\/li>\n<li>The Chronicle of Higher Education, Estados Unidos<\/li>\n<li>Colombia Challenge Your Knowledge, Colombia<\/li>\n<li>\u00c9cole de technologie sup\u00e9rieure (\u00c9TS), Canad\u00e1<\/li>\n<li>EducationUSA, Estados Unidos<\/li>\n<li>Funda\u00e7\u00e3o de Amparo \u00e0 Pesquisa do Estado do Rio de Janeiro (FAPERJ), Brasil<\/li>\n<li>FPP EDU-Media, Brasil<\/li>\n<li>German Academic Exchange Service (DAAD), Alemania<\/li>\n<li>ICEF, Alemania<\/li>\n<li>Asociaci\u00f3n Internacional de Universidades (AIU), Francia<\/li>\n<li>Laurentian University, Canad\u00e1<\/li>\n<li>Ministerio de Relaciones Internacionais de Quebec (MRI), Canad\u00e1<\/li>\n<li>OUI-IOHE\/COLAM\/IGLU\/CAMPUS, Canad\u00e1<\/li>\n<li>Pontificia Universidad Cat\u00f3lica del Per\u00fa (PUCPR), Per\u00fa\u2022 Pontif\u00edcia Universidade Cat\u00f3lica do Paran\u00e1, Brasil<\/li>\n<li>Santander Universidades, Brasil<\/li>\n<li>Secretaria da Sa\u00fade do Estado do Paran\u00e1, Brasil<\/li>\n<li>Funda\u00e7\u00e3o UFF \/ Servi\u00e7o Brasileiro de Apoio \u00e0s Micro e Pequenas Empresas, Rio de Janeiro (SEBRAE-RJ), Brasil<\/li>\n<li>Universidad Aut\u00f3noma de Nuevo Le\u00f3n (UANL), M\u00e9xico<\/li>\n<li>Universidad Interamericana de Puerto Rico (UIPR), Estados Unidos<\/li>\n<li>Universidad T\u00e9cnica Particular de Loja (UTPL), Ecuador<\/li>\n<li>Universidad Veracruzana (UV), M\u00e9xico<\/li>\n<li>University of Queensland (UQ), Australia<\/li>\n<\/ul>\n<p>[\/vc_column_text][\/vc_column][\/vc_row][vc_row][vc_column][vc_empty_space height=\u00bb20px\u00bb][vc_custom_heading text=\u00bbWebinarios 2012&#8243; use_theme_fonts=\u00bbyes\u00bb][\/vc_column][\/vc_row][vc_row][vc_column width=\u00bb1\/2&#8243;][vc_text_separator title=\u00bbWEBINARIO #1 \u00bb border_width=\u00bb2&#8243;][vc_column_text]<strong>TIT\u00daLO<\/strong> : Indicadores de la Internacionalizaci\u00f3n de la Educaci\u00f3n Superior: \u00a1Mida las capacidades de su instituci\u00f3n!<\/p>\n<p><strong>CONFERENCISTA<\/strong> : Eva Egron-Polak,\u00a0<em>Association internationale des universit\u00e9s<\/em>[\/vc_column_text][vc_video link=\u00bbhttps:\/\/vimeo.com\/80015046&#8243; el_width=\u00bb80&#8243; align=\u00bbcenter\u00bb][vc_empty_space height=\u00bb25px\u00bb][vc_text_separator title=\u00bbWEBINARIO #3&#8243; border_width=\u00bb2&#8243;][vc_column_text]<strong>TIT\u00daLO :<\/strong> Internacionalizaci\u00f3n de la Educaci\u00f3n Superior en Brasil: Perspectivas del CAEI 2012<\/p>\n<p><strong>CONFERENCISTA <\/strong>: Dr. Sidney de Matos Mello,\u00a0<em>Universidade Federal Fluminense<\/em>[\/vc_column_text][vc_video link=\u00bbhttps:\/\/vimeo.com\/80073208&#8243; el_width=\u00bb80&#8243; align=\u00bbcenter\u00bb][vc_empty_space height=\u00bb20px\u00bb][vc_text_separator title=\u00bbWEBINARIO #5&#8243; border_width=\u00bb2&#8243;][vc_column_text]<strong>TIT\u00daLO<\/strong>\u00a0: Indicadores utilizados en la Internacionalizaci\u00f3n de la Educaci\u00f3n superior<\/p>\n<p><strong>CONFERENCISTA<\/strong> : Eva Egron-Polak,\u00a0<em>Association internationale des universit\u00e9s<\/em>[\/vc_column_text][vc_video link=\u00bbhttps:\/\/vimeo.com\/80075094&#8243; el_width=\u00bb80&#8243; align=\u00bbcenter\u00bb][vc_empty_space height=\u00bb20px\u00bb][\/vc_column][vc_column width=\u00bb1\/2&#8243;][vc_text_separator title=\u00bbWEBINARIO #2 \u00bb border_width=\u00bb2&#8243;][vc_column_text]<strong>TIT\u00daLO<\/strong> : La profesionalizaci\u00f3n de los ejecutivos universitarios en la Internacionalizaci\u00f3n de la Educaci\u00f3n Superior<\/p>\n<p><strong>CONFERENCISTA<\/strong> : Dr. Alan Boutet,\u00a0<em>Dalhousie University<\/em>[\/vc_column_text][vc_video link=\u00bbhttps:\/\/vimeo.com\/80071488&#8243; el_width=\u00bb80&#8243; align=\u00bbcenter\u00bb][vc_empty_space height=\u00bb50px\u00bb][vc_text_separator title=\u00bbWEBINARIO #4&#8243; border_width=\u00bb2&#8243;][vc_column_text]<strong>TIT\u00daLO<\/strong>\u00a0: La Internacionalizaci\u00f3n de la Educaci\u00f3n Superior en M\u00e9xico: El caso de la Universidad de Monterrey<\/p>\n<p><strong>CONFERENCISTA<\/strong> : Thomas Buntru,\u00a0<em>Universidad de Monterrey<\/em><\/p>\n<p>[\/vc_column_text][vc_video link=\u00bbhttps:\/\/vimeo.com\/80075094&#8243; el_width=\u00bb80&#8243; align=\u00bbcenter\u00bb][vc_empty_space height=\u00bb50px\u00bb][vc_text_separator title=\u00bbWEBINARIO #6&#8243; border_width=\u00bb2&#8243;][vc_column_text]<strong>TIT\u00daLO<\/strong>\u00a0: Internacionalizaci\u00f3n de la investigaci\u00f3n en Brasil \u2013 Oportunidades de cooperaci\u00f3n internacional<\/p>\n<p><strong>CONFERENCISTA<\/strong> : Leandro Tessler,\u00a0Universidade Estadual de Campinas[\/vc_column_text][vc_video link=\u00bbhttps:\/\/vimeo.com\/80081141&#8243; el_width=\u00bb80&#8243; align=\u00bbcenter\u00bb][vc_empty_space height=\u00bb20px\u00bb][\/vc_column][\/vc_row][vc_row][vc_column width=\u00bb1\/3&#8243;][\/vc_column][vc_column width=\u00bb1\/3&#8243;][vc_text_separator title=\u00bbWEBINARIO #7&#8243; border_width=\u00bb2&#8243;][vc_column_text]<strong>TIT\u00daLO<\/strong>\u00a0: Tendencias en la movilidad estudiantil en las Am\u00e9ricas: Retos y beneficios de la recolecci\u00f3n y la interpretaci\u00f3n de datos<\/p>\n<p><strong>CONFERENCISTAS <\/strong>:<br \/>\nRaisa Belyavina, Vicepresidente Adjunto, Instituto de Investigaci\u00f3n y Evaluaci\u00f3n de la Educaci\u00f3n Internacional (IIE)<\/p>\n<p>Rajika Bhandari, Ph.D.[\/vc_column_text][vc_empty_space height=\u00bb20px\u00bb][\/vc_column][vc_column width=\u00bb1\/3&#8243;][\/vc_column][\/vc_row]<\/p>\n<\/div>","protected":false},"excerpt":{"rendered":"<p>[vc_row][vc_column][vc_custom_heading source=\u00bbpost_title\u00bb font_container=\u00bbtag:h2|text_align:left|color:%23b12028&#8243; use_theme_fonts=\u00bbyes\u00bb][\/vc_column][\/vc_row][vc_row][vc_column width=\u00bb1\/4&#8243;][vc_single_image image=\u00bb6197&#8243; img_size=\u00bblarge\u00bb alignment=\u00bbcenter\u00bb onclick=\u00bbcustom_link\u00bb img_link_target=\u00bb_blank\u00bb link=\u00bbhttps:\/\/caie-caei.org\/fr\/\u00bb][\/vc_column][vc_column width=\u00bb3\/4&#8243;][vc_custom_heading text=\u00bbPresentaci\u00f3n\u00bb use_theme_fonts=\u00bbyes\u00bb][vc_column_text]Despu\u00e9s del \u00e9xito inicial del la primera [&hellip;]<\/p>\n","protected":false},"author":4,"featured_media":0,"parent":0,"menu_order":0,"comment_status":"closed","ping_status":"closed","template":"","meta":{"_acf_changed":false,"_monsterinsights_skip_tracking":false,"_monsterinsights_sitenote_active":false,"_monsterinsights_sitenote_note":"","_monsterinsights_sitenote_category":0,"footnotes":""},"class_list":["post-3023","page","type-page","status-publish","hentry"],"acf":[],"aioseo_notices":[],"_links":{"self":[{"href":"https:\/\/oui-iohe.org\/es\/wp-json\/wp\/v2\/pages\/3023","targetHints":{"allow":["GET"]}}],"collection":[{"href":"https:\/\/oui-iohe.org\/es\/wp-json\/wp\/v2\/pages"}],"about":[{"href":"https:\/\/oui-iohe.org\/es\/wp-json\/wp\/v2\/types\/page"}],"author":[{"embeddable":true,"href":"https:\/\/oui-iohe.org\/es\/wp-json\/wp\/v2\/users\/4"}],"replies":[{"embeddable":true,"href":"https:\/\/oui-iohe.org\/es\/wp-json\/wp\/v2\/comments?post=3023"}],"version-history":[{"count":8,"href":"https:\/\/oui-iohe.org\/es\/wp-json\/wp\/v2\/pages\/3023\/revisions"}],"predecessor-version":[{"id":6202,"href":"https:\/\/oui-iohe.org\/es\/wp-json\/wp\/v2\/pages\/3023\/revisions\/6202"}],"wp:attachment":[{"href":"https:\/\/oui-iohe.org\/es\/wp-json\/wp\/v2\/media?parent=3023"}],"curies":[{"name":"wp","href":"https:\/\/api.w.org\/{rel}","templated":true}]}}