{"id":3117,"date":"2019-02-19T16:40:37","date_gmt":"2019-02-19T21:40:37","guid":{"rendered":"https:\/\/oui-iohe.org\/?page_id=3117"},"modified":"2020-11-11T16:48:36","modified_gmt":"2020-11-11T21:48:36","slug":"caei-mexico-2013","status":"publish","type":"page","link":"https:\/\/oui-iohe.org\/es\/caei-mexico-2013\/","title":{"rendered":"CAEI M\u00c9XICO \u2013 2013"},"content":{"rendered":"<div class=\"wpb-content-wrapper\"><p>[vc_row][vc_column][vc_custom_heading source=\u00bbpost_title\u00bb font_container=\u00bbtag:h2|text_align:left|color:%23b12028&#8243; use_theme_fonts=\u00bbyes\u00bb][\/vc_column][\/vc_row][vc_row][vc_column width=\u00bb1\/4&#8243;][vc_single_image image=\u00bb6206&#8243; img_size=\u00bblarge\u00bb alignment=\u00bbcenter\u00bb onclick=\u00bbcustom_link\u00bb img_link_target=\u00bb_blank\u00bb link=\u00bbhttps:\/\/caie-caei.org\/fr\/\u00bb][\/vc_column][vc_column width=\u00bb3\/4&#8243;][vc_custom_heading text=\u00bbPresentaci\u00f3n\u00bb use_theme_fonts=\u00bbyes\u00bb][vc_column_text]La III edici\u00f3n del Congreso de las Am\u00e9ricas sobre Educaci\u00f3n Internacional, la cual se realiz\u00f3 del 16 al 18 de octubre en Monterrey, M\u00e9xico, ha sido todo un \u00e9xito, ya que\u00a0<strong>contamos con 824 participantes, de 31 pa\u00edses de los 5 continentes<\/strong>. Alrededor del tema \u201c<em>Movilidad del Conocimiento: Responsabilidades y Recursos<\/em>\u201d, se desarroll\u00f3 un programa acad\u00e9mico din\u00e1mico, de muy alto nivel y que invit\u00f3 a la reflexi\u00f3n. \u00a0<strong>Un total de 219 expertos internacionales participaron en 59 actividades acad\u00e9micas: el debate plenario, la entrevista plenaria, los talleres y las sesiones paralelas.\u00a0<\/strong>Estas cubrieron los temas de mayor inter\u00e9s y relevancia en la internacionalizaci\u00f3n de la educaci\u00f3n superior. Adem\u00e1s, las sesiones de networking tem\u00e1tico e institucional y el \u00e1rea de exhibici\u00f3n permitieron a los participantes realizar contactos estrat\u00e9gicos para sus IES.<\/p>\n<p>Durante los tres d\u00edas de duraci\u00f3n del congreso, conferencistas, expertos, representantes del sector p\u00fablico y filantr\u00f3pico, organizadores y participantes, trabajaron juntos para lograr objetivos compartidos en el marco de este espacio com\u00fan: identificar y discutir tendencias de relevancia en ES, intercambiar experiencias como miembros de la comunidad de la ES, aprender de pares provenientes de diferentes contextos culturales, sociales y acad\u00e9micos, as\u00ed como establecer alianzas interinstitucionales en las Am\u00e9ricas. Gracias a estos esfuerzos conjuntos se alcanzaron resultados concretos, como la firma de memorandos de cooperaci\u00f3n, la identificaci\u00f3n de retos a los cuales se enfrenta la comunidad, estrategias referentes a la implementaci\u00f3n de la internacionalizaci\u00f3n en la ES, creaci\u00f3n de consensos respecto a las rutas que deber\u00e1 explorar nuestra comunidad en el futuro y el compromiso de implementar estos resultados en las IES.[\/vc_column_text][\/vc_column][\/vc_row][vc_row][vc_column width=\u00bb1\/2&#8243;][vc_empty_space height=\u00bb20px\u00bb][vc_custom_heading text=\u00bbPrograma 2013&#8243; use_theme_fonts=\u00bbyes\u00bb][vc_column_text]El evento reuni\u00f3 a:<\/p>\n<ul>\n<li>824 participantes provenientes de 31 pa\u00edses de los cinco continentes;<\/li>\n<li>M\u00e1s de 340 Instituciones de Educaci\u00f3n Superior part\u00edcipes en el evento;<\/li>\n<li>53 asociaciones universitarias internacionales y representaciones gubernamentales interamericanas;<\/li>\n<li>158 mujeres l\u00edderes, provenientes de 77 IES de 20 pa\u00edses, dirigentes universitarias de alto nivel de las Am\u00e9ricas, part\u00edcipes del\u00a0<em>III Encuentro del Espacio de Mujeres L\u00edderes de la Educaci\u00f3n Superior (EMULIES)<\/em>;<\/li>\n<li>Sesiones plenarias dirigidas por altas autoridades pol\u00edticas y universitarias a nivel interamericano e internacional;<\/li>\n<li>11 talleres ofrecidos por organizaciones y expertos universitarios a nivel interamericano e internacional;<\/li>\n<li>43 sesiones paralelas impartidas por asociaciones universitarias e instituciones de educaci\u00f3n superior internacionales;<\/li>\n<li>220 conferencistas internacionales y profesionales en educaci\u00f3n superior;<\/li>\n<li>Dos sesiones de\u00a0<em>Networking<\/em>tem\u00e1tico organizado por la\u00a0<em>Asociaci\u00f3n Mexicana para la Educaci\u00f3n Internacional (AMPEI);<\/em><\/li>\n<li>Espacio de exhibici\u00f3n de asociaciones e instituciones de educaci\u00f3n superior, agencias gubernamentales y \u00a0entidades del sector privado, en calidad de patrocinadores oficiales del CAIE M\u00e9xico 2013;<\/li>\n<li>Actividades culturales representativas del patrimonio cultural de M\u00e9xico.<\/li>\n<\/ul>\n<p>[\/vc_column_text][vc_empty_space height=\u00bb50px\u00bb][\/vc_column][vc_column width=\u00bb1\/2&#8243;][vc_empty_space height=\u00bb20px\u00bb][vc_single_image image=\u00bb3335&#8243; img_size=\u00bblarge\u00bb alignment=\u00bbcenter\u00bb title=\u00bbR\u00e9sultados 2013&#8243;][vc_empty_space height=\u00bb70px\u00bb][vc_btn title=\u00bbPrograma 2013&#8243; style=\u00bbflat\u00bb shape=\u00bbsquare\u00bb color=\u00bbiohe-orange\u00bb size=\u00bblg\u00bb align=\u00bbcenter\u00bb button_block=\u00bbtrue\u00bb link=\u00bburl:https%3A%2F%2Foui-iohe.org%2Fwp-content%2Fuploads%2F2019%2F02%2FCAEI-2013-Programme-2013_4-idiomas.pdf||target:%20_blank|\u00bb][\/vc_column][\/vc_row][vc_row][vc_column][vc_custom_heading text=\u00bbPatrocinadores 2013&#8243; use_theme_fonts=\u00bbyes\u00bb][vc_column_text]El Congreso de las Am\u00e9ricas sobre Educaci\u00f3n Internacional (CAEI) agradece a las siguientes organizaciones por su generoso apoyo:<\/p>\n<ul>\n<li><a href=\"http:\/\/www.wes.org\/ca\/\">World Education Services<\/a><\/li>\n<li><a href=\"http:\/\/international.gc.ca\/\">Canada<\/a><\/li>\n<li><a href=\"http:\/\/www.uanl.mx\/\">Universidad Aut\u00f3noma de Nuevo Le\u00f3n<\/a><\/li>\n<li><a href=\"http:\/\/www.ampei.org.mx\/\">Asociaci\u00f3n Mexicana para la Educaci\u00f3n Internacional<\/a><\/li>\n<li><a href=\"http:\/\/colam.oui-iohe.org\/\">Colegio de las Am\u00e9ricas<\/a><\/li>\n<li><a href=\"http:\/\/www.caldo.ca\/\">CALDO<\/a><\/li>\n<li><a href=\"http:\/\/iglu.oui-iohe.org\/\">IGLU : Instituto de Gesti\u00f3n y Liderazgo Universitario<\/a><\/li>\n<li><a href=\"http:\/\/www.maplaceauquebec.ca\/\">\u00c9tudier au Qu\u00e9bec<\/a><\/li>\n<li><a href=\"http:\/\/www.pucp.edu.pe\/\">Pontificia Universidad Cat\u00f3lica del Per\u00fa<\/a><\/li>\n<li><a href=\"http:\/\/www.upch.edu.pe\/portal\/\">Universidad Peruana Cayetano Heredia<\/a><\/li>\n<li><a href=\"http:\/\/www.up.edu.pe\/default.aspx\">Universidad del Pac\u00edfico<\/a><\/li>\n<li><a href=\"http:\/\/www.britishcouncil.org\/\">British Council<\/a><\/li>\n<li><a href=\"http:\/\/www.conacyt.gob.mx\/\">CONACYT<\/a><\/li>\n<li><a href=\"http:\/\/www.ipn.mx\/\">Instituto Polit\u00e9cnico Nacional<\/a><\/li>\n<li><a href=\"http:\/\/www.nl.gob.mx\/?P=turismo\">Turismo Nuevo Le\u00f3n<\/a><\/li>\n<li><a href=\"http:\/\/thepienews.com\/\">The Pie News<\/a><\/li>\n<\/ul>\n<p>[\/vc_column_text][\/vc_column][\/vc_row][vc_row][vc_column][vc_empty_space height=\u00bb20px\u00bb][vc_custom_heading text=\u00bbEntrevistas de expertos 2013&#8243; use_theme_fonts=\u00bbyes\u00bb][\/vc_column][\/vc_row][vc_row][vc_column width=\u00bb1\/3&#8243;][vc_text_separator title=\u00bbENTREVISTA #1 \u00bb border_width=\u00bb2&#8243;][vc_column_text]<strong>CONFERENCISTA:\u00a0<\/strong>Jes\u00fas Ancer Rodr\u00edguez, Rector, Universidad Aut\u00f3noma de Nuevo Le\u00f3n, Presidente CAEI M\u00e9xico 2013, M\u00e9xico[\/vc_column_text][vc_video link=\u00bbhttps:\/\/vimeo.com\/85860169&#8243; el_width=\u00bb80&#8243; align=\u00bbcenter\u00bb][\/vc_column][vc_column width=\u00bb1\/3&#8243;][vc_text_separator title=\u00bbENTREVISTA #2 \u00bb border_width=\u00bb2&#8243;][vc_column_text]<strong>CONFERENCISTA:\u00a0 <\/strong>Yolox\u00f3chitl Bustamante Diez, Directora General del Instituto Polit\u00e9cnico Nacional (IPN), M\u00e9xico[\/vc_column_text][vc_video link=\u00bbhttps:\/\/vimeo.com\/86139082&#8243; el_width=\u00bb80&#8243; align=\u00bbcenter\u00bb][\/vc_column][vc_column width=\u00bb1\/3&#8243;][vc_text_separator title=\u00bbENTREVISTA #3&#8243; border_width=\u00bb2&#8243;][vc_column_text]<strong>CONFERENCISTA:\u00a0<\/strong>Alicia Cabrero Lobato, Presidenta, AMPEI, Universidad Aut\u00f3noma de San Luis Potos\u00ed, M\u00e9xico[\/vc_column_text][vc_video link=\u00bbhttps:\/\/vimeo.com\/86122231&#8243; el_width=\u00bb80&#8243; align=\u00bbcenter\u00bb][\/vc_column][\/vc_row][vc_row][vc_column width=\u00bb1\/3&#8243;][vc_text_separator title=\u00bbENTREVISTA #4&#8243; border_width=\u00bb2&#8243;][vc_column_text]<strong>CONFERENCISTA:\u00a0<\/strong> Allan Cahoon, Rector, Royal Roads University, Canad\u00e1[\/vc_column_text][vc_video link=\u00bbhttps:\/\/vimeo.com\/86369410&#8243; el_width=\u00bb80&#8243; align=\u00bbcenter\u00bb][\/vc_column][vc_column width=\u00bb1\/3&#8243;][vc_text_separator title=\u00bbENTREVISTA #5&#8243; border_width=\u00bb2&#8243;][vc_column_text]<strong>CONFERENCISTA:\u00a0<\/strong> Antonio Carvalho Suarez, Rector, Universidad Tecnol\u00f3gica Privada de Santa Cruz, Bolivia[\/vc_column_text][vc_video link=\u00bbhttps:\/\/vimeo.com\/86710616&#8243; el_width=\u00bb80&#8243; align=\u00bbcenter\u00bb][\/vc_column][vc_column width=\u00bb1\/3&#8243;][vc_text_separator title=\u00bbENTREVISTA #6&#8243; border_width=\u00bb2&#8243;][vc_column_text]<strong>CONFERENCISTA:\u00a0<\/strong> Jos\u00e9 Celso Freire, Director, FAUBAI,\u00a0Coordinador General,\u00a0RELARIES, Brasil[\/vc_column_text][vc_video link=\u00bbhttps:\/\/vimeo.com\/86359540&#8243; el_width=\u00bb80&#8243; align=\u00bbcenter\u00bb][\/vc_column][\/vc_row][vc_row][vc_column width=\u00bb1\/3&#8243;][vc_text_separator title=\u00bbENTREVISTA #7&#8243; border_width=\u00bb2&#8243;][vc_column_text]<strong>CONFERENCISTA:\u00a0<\/strong> Victoria Cruz, Directora de Relaciones Internacionales,\u00a0Universidad de la Sabana, Colombia[\/vc_column_text][vc_video link=\u00bbhttps:\/\/vimeo.com\/86120192&#8243; el_width=\u00bb80&#8243; align=\u00bbcenter\u00bb][\/vc_column][vc_column width=\u00bb1\/3&#8243;][vc_text_separator title=\u00bbENTREVISTA #8&#8243; border_width=\u00bb2&#8243;][vc_column_text]<strong>CONFERENCISTA:\u00a0<\/strong>Augustin Echeverria Santiago, Vicepresidente de Asuntos Acad\u00e9micos, Universidad Interamericana de Puerto Rico, Puerto Rico[\/vc_column_text][vc_video link=\u00bbhttps:\/\/vimeo.com\/86362642&#8243; el_width=\u00bb80&#8243; align=\u00bbcenter\u00bb][\/vc_column][vc_column width=\u00bb1\/3&#8243;][vc_text_separator title=\u00bbENTREVISTA #9&#8243; border_width=\u00bb2&#8243;][vc_column_text]<strong>CONFERENCISTA:\u00a0<\/strong> Guiselle Maria Garbanzo Vargas, Universidad de Costa Rica, Costa Rica[\/vc_column_text][vc_video link=\u00bbhttps:\/\/vimeo.com\/86707189&#8243; el_width=\u00bb80&#8243; align=\u00bbcenter\u00bb][\/vc_column][\/vc_row][vc_row][vc_column width=\u00bb1\/3&#8243;][vc_text_separator title=\u00bbENTREVISTA #10&#8243; border_width=\u00bb2&#8243;][vc_column_text]<strong>CONFERENCISTA:\u00a0<\/strong>Oscar Garrido, Rector, Universidad\u00a0de Los Lagos, Chile[\/vc_column_text][vc_video link=\u00bbhttps:\/\/vimeo.com\/86707190&#8243; el_width=\u00bb80&#8243; align=\u00bbcenter\u00bb][\/vc_column][vc_column width=\u00bb1\/3&#8243;][vc_text_separator title=\u00bbENTREVISTA #11&#8243; border_width=\u00bb2&#8243;][vc_column_text]<strong>CONFERENCISTA:\u00a0<\/strong> Pedro Henr\u00edquez<a href=\"https:\/\/vimeo.com\/86707190\">\u00a0<\/a>Guajardo, Director,\u00a0IESALC-UNESCO, Venezuela[\/vc_column_text][vc_video link=\u00bbhttps:\/\/vimeo.com\/86710618&#8243; el_width=\u00bb80&#8243; align=\u00bbcenter\u00bb][\/vc_column][vc_column width=\u00bb1\/3&#8243;][vc_text_separator title=\u00bbENTREVISTA #12&#8243; border_width=\u00bb2&#8243;][vc_column_text]<strong>CONFERENCISTA:\u00a0<\/strong> Alta Hooker, Rectora, URACCAN y Coordinadora, RUIICAY, Nicaragua[\/vc_column_text][vc_video link=\u00bbhttps:\/\/vimeo.com\/86710617&#8243; el_width=\u00bb80&#8243; align=\u00bbcenter\u00bb][\/vc_column][\/vc_row][vc_row][vc_column width=\u00bb1\/3&#8243;][vc_text_separator title=\u00bbENTREVISTA #13&#8243; border_width=\u00bb2&#8243;][vc_column_text]<strong>CONFERENCISTA:\u00a0<\/strong>John Hudzik, Ex Vicepresidente, Proyectos Estrat\u00e9gicos y Comunicaci\u00f3n Global,\u00a0Profesor, Michigan State University, EE-UU[\/vc_column_text][vc_video link=\u00bbhttps:\/\/vimeo.com\/86708400&#8243; el_width=\u00bb80&#8243; align=\u00bbcenter\u00bb][\/vc_column][vc_column width=\u00bb1\/3&#8243;][vc_text_separator title=\u00bbENTREVISTA #14&#8243; border_width=\u00bb2&#8243;][vc_column_text]<strong>CONFERENCISTA:\u00a0<\/strong> Jennifer Humphries, Vicepresidenta de miembros\u00a0y comunicaciones, CBIE, Canad\u00e1[\/vc_column_text][vc_video link=\u00bbhttps:\/\/vimeo.com\/86707184&#8243; el_width=\u00bb80&#8243; align=\u00bbcenter\u00bb][\/vc_column][vc_column width=\u00bb1\/3&#8243;][vc_text_separator title=\u00bbENTREVISTA #15&#8243; border_width=\u00bb2&#8243;][vc_column_text]<strong>CONFERENCISTA:\u00a0<\/strong> Natalia Jamarillo Majarres, Jefe Oficina de Cooperaci\u00f3n y Asuntos Internacionales, Ministro de la Educaci\u00f3n,\u00a0Colombia[\/vc_column_text][vc_video link=\u00bbhttps:\/\/vimeo.com\/86708402&#8243; el_width=\u00bb80&#8243; align=\u00bbcenter\u00bb][\/vc_column][\/vc_row][vc_row][vc_column width=\u00bb1\/3&#8243;][vc_text_separator title=\u00bbENTREVISTA #16&#8243; border_width=\u00bb2&#8243;][vc_column_text]<strong>CONFERENCISTA:\u00a0<\/strong>Norma Ang\u00e9lica Ju\u00e1rez Salomo, Directora de Desarrollo Internacional\u00a0y de la Cooperaci\u00f3n, Universidad\u00a0Aut\u00f3noma del Estado de Morelos\u00a0(UAEM), M\u00e9xico[\/vc_column_text][vc_video link=\u00bbhttps:\/\/vimeo.com\/85852224&#8243; el_width=\u00bb80&#8243; align=\u00bbcenter\u00bb][\/vc_column][vc_column width=\u00bb1\/3&#8243;][vc_text_separator title=\u00bbENTREVISTA #17&#8243; border_width=\u00bb2&#8243;][vc_column_text]<strong>CONFERENCISTA:\u00a0<\/strong>Nicole Lacasse, Vicerrectora Adjunta de\u00a0Estudios y Actividades\u00a0Internacionales,\u00a0Universit\u00e9 Laval, Canad\u00e1[\/vc_column_text][vc_video link=\u00bbhttps:\/\/vimeo.com\/85873597&#8243; el_width=\u00bb80&#8243; align=\u00bbcenter\u00bb][\/vc_column][vc_column width=\u00bb1\/3&#8243;][vc_text_separator title=\u00bbENTREVISTA #18&#8243; border_width=\u00bb2&#8243;][vc_column_text]<strong>CONFERENCISTA:\u00a0<\/strong>Guy Lefevbre, Decano, Faculdad de Derecho, Universit\u00e9 de Montr\u00e9al, Canad\u00e1[\/vc_column_text][vc_video link=\u00bbhttps:\/\/vimeo.com\/86706728&#8243; el_width=\u00bb80&#8243; align=\u00bbcenter\u00bb][\/vc_column][\/vc_row][vc_row][vc_column width=\u00bb1\/3&#8243;][vc_text_separator title=\u00bbENTREVISTA #19&#8243; border_width=\u00bb2&#8243;][vc_column_text]<strong>CONFERENCISTA:\u00a0<\/strong>Francisco Marmolejo, Coordinador de Educaci\u00f3n Superior,\u00a0Banco Mundial, EE-UU[\/vc_column_text][vc_video link=\u00bbhttps:\/\/vimeo.com\/86708404&#8243; el_width=\u00bb80&#8243; align=\u00bbcenter\u00bb][\/vc_column][vc_column width=\u00bb1\/3&#8243;][vc_text_separator title=\u00bbENTREVISTA #20&#8243; border_width=\u00bb2&#8243;][vc_column_text]<strong>CONFERENCISTA:\u00a0<\/strong>Mar\u00eda Teresa\u00a0Marshall, Directora Ejecutiva,\u00a0Consejo de Rectores de\u00a0Universidades Chilenas, Chile[\/vc_column_text][vc_video link=\u00bbhttps:\/\/vimeo.com\/86346044&#8243; el_width=\u00bb80&#8243; align=\u00bbcenter\u00bb][\/vc_column][vc_column width=\u00bb1\/3&#8243;][vc_text_separator title=\u00bbENTREVISTA #21&#8243; border_width=\u00bb2&#8243;][vc_column_text]<strong>CONFERENCISTA:\u00a0<\/strong>Sonia Marta Mora, Presidenta, SINAES,\u00a0Miembro de INQAAHE,\u00a0Coordinatora de\u00a0EMULIES, Costa Rica[\/vc_column_text][vc_video link=\u00bbhttps:\/\/vimeo.com\/86350608&#8243; el_width=\u00bb80&#8243; align=\u00bbcenter\u00bb][\/vc_column][\/vc_row][vc_row][vc_column width=\u00bb1\/3&#8243;][vc_text_separator title=\u00bbENTREVISTA #22&#8243; border_width=\u00bb2&#8243;][vc_column_text]<strong>CONFERENCISTA:\u00a0<\/strong>Sidney Luiz\u00a0de Matos Mello, Vicerrector, Universidade\u00a0Federal Fluminense, Brasil[\/vc_column_text][vc_video link=\u00bbhttps:\/\/vimeo.com\/86357605&#8243; el_width=\u00bb80&#8243; align=\u00bbcenter\u00bb][\/vc_column][vc_column width=\u00bb1\/3&#8243;][vc_text_separator title=\u00bbENTREVISTA #23&#8243; border_width=\u00bb2&#8243;][vc_column_text]<strong>CONFERENCISTA:\u00a0<\/strong>Pierre Noreau, Vicerrector de programaci\u00f3n y\u00a0desarrollo, Agence Universitaire\u00a0de la Francophonie (AUF), Canad\u00e1[\/vc_column_text][vc_video link=\u00bbhttps:\/\/vimeo.com\/86353872&#8243; el_width=\u00bb80&#8243; align=\u00bbcenter\u00bb][\/vc_column][vc_column width=\u00bb1\/3&#8243;][vc_text_separator title=\u00bbENTREVISTA #24&#8243; border_width=\u00bb2&#8243;][vc_column_text]<strong>CONFERENCISTA:\u00a0<\/strong>Ireneo Rojas Hern\u00e1ndez, Rector, Universidad Intercultural\u00a0Ind\u00edgena de Michoac\u00e1n, M\u00e9xico[\/vc_column_text][vc_video link=\u00bbhttps:\/\/vimeo.com\/86116615&#8243; el_width=\u00bb80&#8243; align=\u00bbcenter\u00bb][\/vc_column][\/vc_row][vc_row][vc_column width=\u00bb1\/3&#8243;][vc_text_separator title=\u00bbENTREVISTA #25&#8243; border_width=\u00bb2&#8243;][vc_column_text]<strong>CONFERENCISTA:\u00a0<\/strong>Roberto Salles, Rector,\u00a0Universidade Federal\u00a0Fluminense, Brasil[\/vc_column_text][vc_video link=\u00bbhttps:\/\/vimeo.com\/86708401&#8243; el_width=\u00bb80&#8243; align=\u00bbcenter\u00bb][\/vc_column][vc_column width=\u00bb1\/3&#8243;][vc_text_separator title=\u00bbENTREVISTA #26&#8243; border_width=\u00bb2&#8243;][vc_column_text]<strong>CONFERENCISTA:\u00a0<\/strong>Jamil Salmi, Experto en Educaci\u00f3n\u00a0Superior Internacional, Marruecos[\/vc_column_text][vc_video link=\u00bbhttps:\/\/vimeo.com\/86707185&#8243; el_width=\u00bb80&#8243; align=\u00bbcenter\u00bb][\/vc_column][vc_column width=\u00bb1\/3&#8243;][vc_text_separator title=\u00bbENTREVISTA #27&#8243; border_width=\u00bb2&#8243;][vc_column_text]<strong>CONFERENCISTA:\u00a0<\/strong>Mar\u00eda Dolores S\u00e1nchez Soler, Directora Adjunta\u00a0de Posgrado y Becas,\u00a0CONACYT, M\u00e9xico[\/vc_column_text][vc_video link=\u00bbhttps:\/\/vimeo.com\/86112565&#8243; el_width=\u00bb80&#8243; align=\u00bbcenter\u00bb][\/vc_column][\/vc_row][vc_row][vc_column width=\u00bb1\/3&#8243;][vc_text_separator title=\u00bbENTREVISTA #28&#8243; border_width=\u00bb2&#8243;][vc_column_text]<strong>CONFERENCISTA:\u00a0<\/strong>Donna Scarboro, Provost Asociado, Programas Internacionales, George Washington University, EE-UU[\/vc_column_text][vc_video link=\u00bbhttps:\/\/vimeo.com\/86710615&#8243; el_width=\u00bb80&#8243; align=\u00bbcenter\u00bb][\/vc_column][vc_column width=\u00bb1\/3&#8243;][vc_text_separator title=\u00bbENTREVISTA #29&#8243; border_width=\u00bb2&#8243;][vc_column_text]<strong>CONFERENCISTA:\u00a0<\/strong>Paulo Speller, Secretario de\u00a0Educaci\u00f3n Superio<em>r,<\/em>\u00a0Brasil[\/vc_column_text][vc_video link=\u00bbhttps:\/\/vimeo.com\/86708405&#8243; el_width=\u00bb80&#8243; align=\u00bbcenter\u00bb][\/vc_column][vc_column width=\u00bb1\/3&#8243;][vc_text_separator title=\u00bbENTREVISTA #30&#8243; border_width=\u00bb2&#8243;][vc_column_text]<strong>CONFERENCISTA:\u00a0<\/strong>Julio C\u00e9sar Theiler, Secretario de Relaciones\u00a0Internacionales, Universidad\u00a0Nacional del Litoral,\u00a0Ex- Coordinador General,\u00a0RELARIES, Argentina<em><br \/>\n<\/em>[\/vc_column_text][vc_video link=\u00bbhttps:\/\/vimeo.com\/85867924&#8243; el_width=\u00bb80&#8243; align=\u00bbcenter\u00bb][\/vc_column][\/vc_row][vc_row][vc_column width=\u00bb1\/3&#8243;][vc_text_separator title=\u00bbENTREVISTA #31&#8243; border_width=\u00bb2&#8243;][vc_column_text]<strong>CONFERENCISTA:\u00a0<\/strong>Vianne Timmons, Rectora,\u00a0University of Regina, Canad\u00e1[\/vc_column_text][vc_video link=\u00bbhttps:\/\/vimeo.com\/85864844&#8243; el_width=\u00bb80&#8243; align=\u00bbcenter\u00bb][\/vc_column][vc_column width=\u00bb1\/3&#8243;][vc_text_separator title=\u00bbENTREVISTA #32&#8243; border_width=\u00bb2&#8243;][vc_column_text]<strong>CONFERENCISTA:\u00a0<\/strong>Hans de Wit, Profesor de Internacionalizaci\u00f3n en Educaci\u00f3n Superior,\u00a0Centre for Applied Research in Economics and Management,\u00a0Amsterdam University of Applied Sciences,\u00a0Holanda[\/vc_column_text][vc_video link=\u00bbhttps:\/\/vimeo.com\/85871586&#8243; el_width=\u00bb80&#8243; align=\u00bbcenter\u00bb][\/vc_column][vc_column width=\u00bb1\/3&#8243;][vc_text_separator title=\u00bbENTREVISTA #33&#8243; border_width=\u00bb2&#8243;][vc_column_text]<strong>CONFERENCISTA:\u00a0<\/strong>Adel el Zaim, Director General de Relaciones Internacionale, Universit\u00e9 de Sherbrooke, Canad\u00e1[\/vc_column_text][vc_video link=\u00bbhttps:\/\/vimeo.com\/86707186&#8243; el_width=\u00bb80&#8243; align=\u00bbcenter\u00bb][\/vc_column][\/vc_row]<\/p>\n<\/div>","protected":false},"excerpt":{"rendered":"<p>[vc_row][vc_column][vc_custom_heading source=\u00bbpost_title\u00bb font_container=\u00bbtag:h2|text_align:left|color:%23b12028&#8243; use_theme_fonts=\u00bbyes\u00bb][\/vc_column][\/vc_row][vc_row][vc_column width=\u00bb1\/4&#8243;][vc_single_image image=\u00bb6206&#8243; img_size=\u00bblarge\u00bb alignment=\u00bbcenter\u00bb onclick=\u00bbcustom_link\u00bb img_link_target=\u00bb_blank\u00bb link=\u00bbhttps:\/\/caie-caei.org\/fr\/\u00bb][\/vc_column][vc_column width=\u00bb3\/4&#8243;][vc_custom_heading text=\u00bbPresentaci\u00f3n\u00bb use_theme_fonts=\u00bbyes\u00bb][vc_column_text]La III edici\u00f3n del Congreso de las [&hellip;]<\/p>\n","protected":false},"author":4,"featured_media":0,"parent":0,"menu_order":0,"comment_status":"closed","ping_status":"closed","template":"","meta":{"_acf_changed":false,"_monsterinsights_skip_tracking":false,"_monsterinsights_sitenote_active":false,"_monsterinsights_sitenote_note":"","_monsterinsights_sitenote_category":0,"footnotes":""},"class_list":["post-3117","page","type-page","status-publish","hentry"],"acf":[],"aioseo_notices":[],"_links":{"self":[{"href":"https:\/\/oui-iohe.org\/es\/wp-json\/wp\/v2\/pages\/3117","targetHints":{"allow":["GET"]}}],"collection":[{"href":"https:\/\/oui-iohe.org\/es\/wp-json\/wp\/v2\/pages"}],"about":[{"href":"https:\/\/oui-iohe.org\/es\/wp-json\/wp\/v2\/types\/page"}],"author":[{"embeddable":true,"href":"https:\/\/oui-iohe.org\/es\/wp-json\/wp\/v2\/users\/4"}],"replies":[{"embeddable":true,"href":"https:\/\/oui-iohe.org\/es\/wp-json\/wp\/v2\/comments?post=3117"}],"version-history":[{"count":8,"href":"https:\/\/oui-iohe.org\/es\/wp-json\/wp\/v2\/pages\/3117\/revisions"}],"predecessor-version":[{"id":6210,"href":"https:\/\/oui-iohe.org\/es\/wp-json\/wp\/v2\/pages\/3117\/revisions\/6210"}],"wp:attachment":[{"href":"https:\/\/oui-iohe.org\/es\/wp-json\/wp\/v2\/media?parent=3117"}],"curies":[{"name":"wp","href":"https:\/\/api.w.org\/{rel}","templated":true}]}}