{"id":3215,"date":"2019-02-21T10:04:28","date_gmt":"2019-02-21T15:04:28","guid":{"rendered":"https:\/\/oui-iohe.org\/?page_id=3215"},"modified":"2020-11-11T17:16:01","modified_gmt":"2020-11-11T22:16:01","slug":"caei-ecuador-2015","status":"publish","type":"page","link":"https:\/\/oui-iohe.org\/es\/caei-ecuador-2015\/","title":{"rendered":"CAEI ECUADOR \u2013 2015"},"content":{"rendered":"<div class=\"wpb-content-wrapper\"><p>[vc_row][vc_column][vc_custom_heading source=\u00bbpost_title\u00bb font_container=\u00bbtag:h2|text_align:left|color:%23b12028&#8243; use_theme_fonts=\u00bbyes\u00bb][\/vc_column][\/vc_row][vc_row][vc_column width=\u00bb1\/4&#8243;][vc_single_image image=\u00bb6211&#8243; img_size=\u00bblarge\u00bb alignment=\u00bbcenter\u00bb onclick=\u00bbcustom_link\u00bb img_link_target=\u00bb_blank\u00bb link=\u00bbhttps:\/\/caie-caei.org\/fr\/\u00bb][\/vc_column][vc_column width=\u00bb3\/4&#8243;][vc_custom_heading text=\u00bbPresentaci\u00f3n\u00bb use_theme_fonts=\u00bbyes\u00bb][vc_single_image image=\u00bb3255&#8243; img_size=\u00bblarge\u00bb alignment=\u00bbcenter\u00bb onclick=\u00bbimg_link_large\u00bb img_link_target=\u00bb_blank\u00bb][\/vc_column][\/vc_row][vc_row][vc_column][vc_empty_space height=\u00bb20px\u00bb][vc_custom_heading text=\u00bbPrograma 2015&#8243; use_theme_fonts=\u00bbyes\u00bb][\/vc_column][\/vc_row][vc_row][vc_column width=\u00bb1\/3&#8243;][vc_empty_space height=\u00bb20px\u00bb][vc_column_text]<\/p>\n<h4>I.\u00a0Conferencia Magistral<\/h4>\n<p>Construyendo la Internacionalizaci\u00f3n de la Educaci\u00f3n Superior desde la perspectiva de Innovaci\u00f3n, Ciencia y Tecnolog\u00eda[\/vc_column_text][\/vc_column][vc_column width=\u00bb1\/3&#8243;][vc_empty_space height=\u00bb20px\u00bb][vc_column_text]<\/p>\n<h4>II.\u00a0Sesi\u00f3n Plenaria Debate<\/h4>\n<p>Internacionalizaci\u00f3n de la Innovaci\u00f3n, Ciencia y Tecnolog\u00eda: construcci\u00f3n de una agenda interamericana[\/vc_column_text][\/vc_column][vc_column width=\u00bb1\/3&#8243;][vc_empty_space height=\u00bb20px\u00bb][vc_column_text]<\/p>\n<h4>III.\u00a0Sesi\u00f3n Plenaria Di\u00e1logo<\/h4>\n<p>Organismos internacionales y educaci\u00f3n superior en las Am\u00e9ricas[\/vc_column_text][\/vc_column][\/vc_row][vc_row][vc_column width=\u00bb1\/2&#8243;][vc_column_text]<\/p>\n<h4>IV.\u00a0Talleres<\/h4>\n<ol>\n<li>Estrategias de pol\u00edticas p\u00fablicas, cient\u00edficas y visi\u00f3n sist\u00e9mica de la innovaci\u00f3n, ciencia y tecnolog\u00eda<\/li>\n<li>Internacionalizaci\u00f3n en casa<\/li>\n<li>Especificidad de la internacionalizaci\u00f3n de facultades: Derecho<\/li>\n<li>Fuegos cruzados: tres proyectos innovadores<\/li>\n<li>Investigaci\u00f3n: perspectiva aplicada para la innovaci\u00f3n<\/li>\n<li>Internacionalizaci\u00f3n del curr\u00edculum: indicadores de internacionalizaci\u00f3n<\/li>\n<li>Department of Foreign Affairs, Tarde and Development Canada (DFATD)<\/li>\n<li>Internacionalizaci\u00f3n de instituciones T\u00e9cnicas y Tecnol\u00f3gicas<\/li>\n<li>Ambientes de innovaci\u00f3n: ciudades del conocimiento, parques tecnol\u00f3gicos, barrios de innovaci\u00f3n, etc.<\/li>\n<li>Internacionalizaci\u00f3n de la educaci\u00f3n superior como eje transversal<\/li>\n<li>Especificidad de la internacionalizaci\u00f3n de facultades: Ingenier\u00edas<\/li>\n<li>Internacionalizaci\u00f3n de la innovaci\u00f3n, ciencia y tecnolog\u00eda: una perspectiva desde Pa\u00edses Andinos<\/li>\n<li>La construcci\u00f3n de un espacio com\u00fan de educaci\u00f3n superior: innovaci\u00f3n para la integraci\u00f3n<\/li>\n<li>Relaciones universidad \u2013 sector productivo<\/li>\n<li>La internacionalizaci\u00f3n de las Universidades Comunitarias Brasile\u00f1as<\/li>\n<\/ol>\n<p>[\/vc_column_text][\/vc_column][vc_column width=\u00bb1\/2&#8243;][vc_column_text]<\/p>\n<h4>V.\u00a0Sesiones paralelas: Tem\u00e1ticas<\/h4>\n<ol>\n<li>Estrategias de pol\u00edticas p\u00fablicas, cient\u00edficas y visi\u00f3n sist\u00e9mica de la Innovaci\u00f3n Ciencia y Tecnolog\u00eda<\/li>\n<li>Investigaci\u00f3n: perspectiva aplicada para la innovaci\u00f3n<\/li>\n<li>Ambientes de innovaci\u00f3n: ciudades del conocimiento, parques tecnol\u00f3gicos, barrios de la innovaci\u00f3n, etc.<\/li>\n<li>Formaci\u00f3n en la investigaci\u00f3n, ciencia y tecnolog\u00eda para la innovaci\u00f3n<\/li>\n<li>Asociaci\u00f3n, v\u00ednculo Universidad-Sector productivo: nuevos modelos, nuevas tendencias y emprendedurismo<\/li>\n<li>Modelos, paradigmas, buenas pr\u00e1cticas e indicadores de la internacionalizaci\u00f3n en la educaci\u00f3n superior<\/li>\n<li>Internacionalizaci\u00f3n de la educaci\u00f3n como eje transversal<\/li>\n<li>Internacionalizaci\u00f3n en casa<\/li>\n<li>Internacionalizaci\u00f3n del curr\u00edculo<\/li>\n<li>Formaci\u00f3n para los gestores en internacionalizaci\u00f3n<\/li>\n<\/ol>\n<p>[\/vc_column_text][vc_empty_space height=\u00bb40px\u00bb][vc_btn title=\u00bbPrograma 2015&#8243; style=\u00bbflat\u00bb shape=\u00bbsquare\u00bb color=\u00bbiohe-orange\u00bb size=\u00bblg\u00bb align=\u00bbcenter\u00bb button_block=\u00bbtrue\u00bb link=\u00bburl:https%3A%2F%2Foui-iohe.org%2Fwp-content%2Fuploads%2F2019%2F02%2FCAEI-2015-Programme-2015_4-idiomas.pdf||target:%20_blank|\u00bb][\/vc_column][\/vc_row][vc_row][vc_column][vc_empty_space height=\u00bb50px\u00bb][vc_custom_heading text=\u00bbEntrevistas de expertos 2015&#8243; use_theme_fonts=\u00bbyes\u00bb][vc_empty_space height=\u00bb20px\u00bb][\/vc_column][\/vc_row][vc_row][vc_column width=\u00bb1\/3&#8243;][vc_text_separator title=\u00bbENTREVISTA #1&#8243; border_width=\u00bb2&#8243;][vc_column_text]<strong>CONFERENCISTA :\u00a0<\/strong>Dr.\u00a0<strong>Prof. Mauricio Horn<\/strong>,\u00a0<em>Consejo Interuniversitario Nacional<\/em>\u00a0(CIN)[\/vc_column_text][vc_video link=\u00bbhttps:\/\/youtu.be\/0uIsDRL9cC4&#8243; el_width=\u00bb80&#8243; align=\u00bbcenter\u00bb][\/vc_column][vc_column width=\u00bb1\/3&#8243;][vc_text_separator title=\u00bbENTREVISTA #2 \u00bb border_width=\u00bb2&#8243;][vc_column_text]<strong>CONFERENCISTA :\u00a0<\/strong>MBA.\u00a0<strong>St\u00e9phanie Dion<\/strong>, Direcci\u00f3n de relaciones internacionales,\u00a0<em>Universit\u00e9 de Montr\u00e9al<\/em>\u00a0(UdeM)[\/vc_column_text][vc_video link=\u00bbhttps:\/\/youtu.be\/aviWpH_G-o0&#8243; el_width=\u00bb80&#8243; align=\u00bbcenter\u00bb][\/vc_column][vc_column width=\u00bb1\/3&#8243;][vc_text_separator title=\u00bbENTREVISTA #3&#8243; border_width=\u00bb2&#8243;][vc_column_text]<strong>CONFERENCISTA :\u00a0<\/strong>Prof.\u00a0<strong>Sebasti\u00e3o Sal\u00e9sio Herdt<\/strong>,\u00a0<em>Universidade do Sul de Santa Catarina<\/em>\u00a0(UNISUL)[\/vc_column_text][vc_video link=\u00bbhttps:\/\/youtu.be\/n96HhZMPffg\u00bb el_width=\u00bb80&#8243; align=\u00bbcenter\u00bb][\/vc_column][\/vc_row][vc_row][vc_column width=\u00bb1\/3&#8243;][vc_text_separator title=\u00bbENTREVISTA #4&#8243; border_width=\u00bb2&#8243;][vc_column_text]<strong>CONFERENCISTA :\u00a0<\/strong>Dr.\u00a0<strong>Allan Cahoon<\/strong>, Royal Roads University (RRU) e Organiza\u00e7\u00e3o universit\u00e1ria interamericana (OUI &#8211; IOHE)[\/vc_column_text][vc_video link=\u00bbhttps:\/\/youtu.be\/UbsVqIabj9s\u00bb el_width=\u00bb80&#8243; align=\u00bbcenter\u00bb][\/vc_column][vc_column width=\u00bb1\/3&#8243;][vc_text_separator title=\u00bbENTREVISTA #5&#8243; border_width=\u00bb2&#8243;][vc_column_text]<strong>CONFERENCISTA :\u00a0<\/strong>Dra.\u00a0<strong>Darla Deardoff<\/strong>,\u00a0<em>Association of International Education Administrators<\/em>\u00a0(AIEA)[\/vc_column_text][vc_video link=\u00bbhttps:\/\/youtu.be\/OHhlYcMrf9s\u00bb el_width=\u00bb80&#8243; align=\u00bbcenter\u00bb][\/vc_column][vc_column width=\u00bb1\/3&#8243;][vc_text_separator title=\u00bbENTREVISTA #6&#8243; border_width=\u00bb2&#8243;][vc_column_text]<strong>CONFERENCISTA :\u00a0Fernando Daniels<\/strong>, Colegio de las\u00a0Am\u00e9ricas (COLAM &#8211; OUI)[\/vc_column_text][vc_video link=\u00bbhttps:\/\/youtu.be\/zVDcNb8Iwnk\u00bb el_width=\u00bb80&#8243; align=\u00bbcenter\u00bb][\/vc_column][\/vc_row][vc_row][vc_column width=\u00bb1\/3&#8243;][vc_text_separator title=\u00bbENTREVISTA #7&#8243; border_width=\u00bb2&#8243;][vc_column_text]<strong>CONFERENCISTA :\u00a0<\/strong>Dr.\u00a0<strong>Guy Lefebvre<\/strong>,\u00a0<em>Universit\u00e9 de Montr\u00e9al<\/em>\u00a0(UdeM)[\/vc_column_text][vc_video link=\u00bbhttps:\/\/youtu.be\/lVni_lG20jU\u00bb el_width=\u00bb80&#8243; align=\u00bbcenter\u00bb][\/vc_column][vc_column width=\u00bb1\/3&#8243;][vc_text_separator title=\u00bbENTREVISTA #8&#8243; border_width=\u00bb2&#8243;][vc_column_text]<strong>CONFERENCISTA :\u00a0<\/strong>Dra.\u00a0<strong>Jennifer Humphries<\/strong>, Canadian Bureau for International Education (CBIE)[\/vc_column_text][vc_video link=\u00bbhttps:\/\/youtu.be\/N_0TBNBhUo8&#8243; el_width=\u00bb80&#8243; align=\u00bbcenter\u00bb][\/vc_column][vc_column width=\u00bb1\/3&#8243;][vc_text_separator title=\u00bbENTREVISTA #9&#8243; border_width=\u00bb2&#8243;][vc_column_text]<strong>CONFERENCISTA :\u00a0<\/strong>Dra.\u00a0<strong>Jocelyne Gacel \u00c1vila,\u00a0<\/strong><em>Asociaci\u00f3n Mexicana para la Educaci\u00f3n Internacional<\/em>\u00a0(AMPEI)[\/vc_column_text][vc_video link=\u00bbhttps:\/\/youtu.be\/gVsDZAZZFZI\u00bb el_width=\u00bb80&#8243; align=\u00bbcenter\u00bb][\/vc_column][\/vc_row][vc_row][vc_column width=\u00bb1\/3&#8243;][vc_text_separator title=\u00bbENTREVISTA #10&#8243; border_width=\u00bb2&#8243;][vc_column_text]<strong>CONFERENCISTA :\u00a0<\/strong>Dr.\u00a0<strong>Maarouf Saad,\u00a0<\/strong><em>\u00c9cole de Technologie Sup\u00e9rieure<\/em>\u00a0(ETS)[\/vc_column_text][vc_video link=\u00bbhttps:\/\/youtu.be\/VSYgodgX8pA\u00bb el_width=\u00bb80&#8243; align=\u00bbcenter\u00bb][\/vc_column][vc_column width=\u00bb1\/3&#8243;][vc_text_separator title=\u00bbENTREVISTA #11&#8243; border_width=\u00bb2&#8243;][vc_column_text]<strong>CONFERENCISTA :\u00a0<\/strong>Dr.\u00a0<strong>Sean Manley Casimir<\/strong>,\u00a0<em>Consortium for North American Higher Education Collaboration<\/em>\u00a0(CONAHEC)[\/vc_column_text][vc_video link=\u00bbhttps:\/\/youtu.be\/nDIM4oyZ8-Q\u00bb el_width=\u00bb80&#8243; align=\u00bbcenter\u00bb][\/vc_column][vc_column width=\u00bb1\/3&#8243;][vc_text_separator title=\u00bbENTREVISTA #12&#8243; border_width=\u00bb2&#8243;][vc_column_text]<strong>CONFERENCISTA :\u00a0<\/strong>Dr.\u00a0<strong>Sidney Mello<\/strong>,\u00a0<em>Universidade Federal Fluminense<\/em>\u00a0(UFF)[\/vc_column_text][vc_video link=\u00bbhttps:\/\/youtu.be\/7TspK_f04FQ\u00bb el_width=\u00bb80&#8243; align=\u00bbcenter\u00bb][\/vc_column][\/vc_row][vc_row][vc_column width=\u00bb1\/3&#8243;][\/vc_column][vc_column width=\u00bb1\/3&#8243;][vc_text_separator title=\u00bbENTREVISTA #13&#8243; border_width=\u00bb2&#8243;][vc_column_text]<strong>CONFERENCISTA :\u00a0<\/strong>Dr.\u00a0<strong>Yves Beauchamp<\/strong>,\u00a0<em>Universit\u00e9 de Montr\u00e9al<\/em>\u00a0(UdeM)[\/vc_column_text][vc_video link=\u00bbhttps:\/\/youtu.be\/VxMh_yB4skY\u00bb el_width=\u00bb80&#8243; align=\u00bbcenter\u00bb][\/vc_column][vc_column width=\u00bb1\/3&#8243;][\/vc_column][\/vc_row]<\/p>\n<\/div>","protected":false},"excerpt":{"rendered":"<p>[vc_row][vc_column][vc_custom_heading source=\u00bbpost_title\u00bb font_container=\u00bbtag:h2|text_align:left|color:%23b12028&#8243; use_theme_fonts=\u00bbyes\u00bb][\/vc_column][\/vc_row][vc_row][vc_column width=\u00bb1\/4&#8243;][vc_single_image image=\u00bb6211&#8243; img_size=\u00bblarge\u00bb alignment=\u00bbcenter\u00bb onclick=\u00bbcustom_link\u00bb img_link_target=\u00bb_blank\u00bb link=\u00bbhttps:\/\/caie-caei.org\/fr\/\u00bb][\/vc_column][vc_column width=\u00bb3\/4&#8243;][vc_custom_heading text=\u00bbPresentaci\u00f3n\u00bb use_theme_fonts=\u00bbyes\u00bb][vc_single_image image=\u00bb3255&#8243; img_size=\u00bblarge\u00bb alignment=\u00bbcenter\u00bb onclick=\u00bbimg_link_large\u00bb img_link_target=\u00bb_blank\u00bb][\/vc_column][\/vc_row][vc_row][vc_column][vc_empty_space height=\u00bb20px\u00bb][vc_custom_heading [&hellip;]<\/p>\n","protected":false},"author":4,"featured_media":0,"parent":0,"menu_order":0,"comment_status":"closed","ping_status":"closed","template":"","meta":{"_acf_changed":false,"_monsterinsights_skip_tracking":false,"_monsterinsights_sitenote_active":false,"_monsterinsights_sitenote_note":"","_monsterinsights_sitenote_category":0,"footnotes":""},"class_list":["post-3215","page","type-page","status-publish","hentry"],"acf":[],"aioseo_notices":[],"_links":{"self":[{"href":"https:\/\/oui-iohe.org\/es\/wp-json\/wp\/v2\/pages\/3215","targetHints":{"allow":["GET"]}}],"collection":[{"href":"https:\/\/oui-iohe.org\/es\/wp-json\/wp\/v2\/pages"}],"about":[{"href":"https:\/\/oui-iohe.org\/es\/wp-json\/wp\/v2\/types\/page"}],"author":[{"embeddable":true,"href":"https:\/\/oui-iohe.org\/es\/wp-json\/wp\/v2\/users\/4"}],"replies":[{"embeddable":true,"href":"https:\/\/oui-iohe.org\/es\/wp-json\/wp\/v2\/comments?post=3215"}],"version-history":[{"count":4,"href":"https:\/\/oui-iohe.org\/es\/wp-json\/wp\/v2\/pages\/3215\/revisions"}],"predecessor-version":[{"id":6215,"href":"https:\/\/oui-iohe.org\/es\/wp-json\/wp\/v2\/pages\/3215\/revisions\/6215"}],"wp:attachment":[{"href":"https:\/\/oui-iohe.org\/es\/wp-json\/wp\/v2\/media?parent=3215"}],"curies":[{"name":"wp","href":"https:\/\/api.w.org\/{rel}","templated":true}]}}